{"id":385,"date":"2015-08-24T14:15:41","date_gmt":"2015-08-24T11:15:41","guid":{"rendered":"http:\/\/www.villemipubid.ee\/vana-villem\/?page_id=385"},"modified":"2026-05-01T10:41:31","modified_gmt":"2026-05-01T07:41:31","slug":"eripakkumised","status":"publish","type":"page","link":"https:\/\/www.villemipubid.ee\/vana-villem\/menuu\/eripakkumised\/","title":{"rendered":"Eripakkumised"},"content":{"rendered":"<h1>P\u00e4evapakkumised, E-R 11:00-15:00<\/h1>\n<table style=\"height: 51px\" width=\"1144\">\n<tbody>\n<tr>\n<td style=\"width: 241px\"><strong>P\u00e4evapraad<\/strong><\/td>\n<td style=\"width: 40px;text-align: center\"><strong>5.90<\/strong><\/td>\n<td style=\"width: 278px\"><\/td>\n<td style=\"width: 49px;text-align: center\"><\/td>\n<\/tr>\n<\/tbody>\n<\/table>\n<h1>Kuupakkumised:<\/h1>\n<table style=\"height: 341px\" width=\"1145\">\n<tbody>\n<tr>\n<td style=\"width: 241px\"><strong>XL Sandwich l\u00f5he ja krevetiskageniga<\/strong><\/td>\n<td style=\"width: 40px;text-align: center\"><strong>7.90<\/strong><\/td>\n<td style=\"width: 278px\"><strong>Kronenbourg Blanc\u00a0 \u00a05,0%\u00a0 \u00a0 \u00a0 3&#215;0,5l\u00a0 \u00a0 \u00a0 \u00a0 \u00a0 \u00a0 \u00a0 \u00a0 \u00a0 \u00a0 \u00a0 \u00a0 \u00a0 \u00a0 \u00a0 \u00a0 \u00a0 \u00a0 \u00a0<\/strong><\/td>\n<td style=\"width: 49px;text-align: center\"><strong>14.90<\/strong><\/td>\n<\/tr>\n<tr>\n<td style=\"width: 241px\"><strong>Salat l\u00f5heampsude ja Caesari tar-tar kastmega<\/strong><\/td>\n<td style=\"width: 40px;text-align: center\"><strong>7.90<\/strong><\/td>\n<td style=\"width: 278px\"><strong>Paul Mas Sauvignon Blanc 12,5%\u00a0 12cl<\/strong><\/p>\n<p>Rios Minho ,Porgutal<\/td>\n<td style=\"width: 49px;text-align: center\"><strong>3.40<\/strong><\/td>\n<\/tr>\n<tr>\n<td style=\"width: 241px\"><strong>Madalak\u00fcpsetatud pardirind veinikastmega <\/strong><\/td>\n<td style=\"width: 40px;text-align: center\"><strong>12.50<\/strong><\/td>\n<td style=\"width: 278px;text-align: left\"><strong>Chabiant Pomegranate 10%\u00a0 12cl<\/strong><\/td>\n<td style=\"width: 49px;text-align: center\"><strong>4.00<\/strong><\/td>\n<\/tr>\n<tr>\n<td style=\"width: 241px\"><strong>Panna Cotta vaarikakastme ja \u0161okoladitorbikuga<\/strong><\/td>\n<td style=\"width: 40px;text-align: center\"><strong>5.50<\/strong><\/td>\n<td style=\"width: 278px\"><strong>Gin Tonic Classic<\/strong><\/p>\n<p>Gordons\u00a0 6cl+Toonik +Sidrun<\/td>\n<td style=\"width: 49px;text-align: center\"><strong>8.00<\/strong><\/td>\n<\/tr>\n<tr>\n<td style=\"width: 241px\"><strong>VV Limoncello<\/strong><\/td>\n<td style=\"width: 40px;text-align: center\"><strong>4.00<\/strong><\/td>\n<td style=\"width: 278px\"><\/td>\n<td style=\"width: 49px;text-align: center\"><\/td>\n<\/tr>\n<tr>\n<td style=\"width: 241px\"><strong>Damm Coplot\u00a0 6,6%\u00a0 \u00a0 \u00a0 0,5l<\/strong><\/td>\n<td style=\"width: 40px;text-align: center\"><strong>5.90<\/strong><\/td>\n<td style=\"width: 278px\"><\/td>\n<td style=\"width: 49px;text-align: center\"><\/td>\n<\/tr>\n<\/tbody>\n<\/table>\n<p>&nbsp;<\/p>\n","protected":false},"excerpt":{"rendered":"<p>P\u00e4evapakkumised, E-R 11:00-15:00 P\u00e4evapraad 5.90 Kuupakkumised: XL Sandwich l\u00f5he ja krevetiskageniga 7.90 Kronenbourg Blanc\u00a0 \u00a05,0%\u00a0 \u00a0 \u00a0 3&#215;0,5l\u00a0 \u00a0 \u00a0 \u00a0 \u00a0 \u00a0 \u00a0 \u00a0 \u00a0 \u00a0 \u00a0 \u00a0 \u00a0 \u00a0 \u00a0 \u00a0 \u00a0 \u00a0 \u00a0 14.90 Salat l\u00f5heampsude ja &#8230;<\/p>\n","protected":false},"author":1,"featured_media":6072,"parent":11,"menu_order":0,"comment_status":"closed","ping_status":"closed","template":"soogimenuu.php","meta":[],"yoast_head":"<!-- This site is optimized with the Yoast SEO plugin v18.3 - https:\/\/yoast.com\/wordpress\/plugins\/seo\/ -->\n<title>Eripakkumised - Vana Villem<\/title>\n<meta name=\"robots\" content=\"index, follow, max-snippet:-1, max-image-preview:large, max-video-preview:-1\" \/>\n<link rel=\"canonical\" href=\"https:\/\/www.villemipubid.ee\/vana-villem\/menuu\/eripakkumised\/\" \/>\n<meta property=\"og:locale\" content=\"et_EE\" \/>\n<meta property=\"og:type\" content=\"article\" \/>\n<meta property=\"og:title\" content=\"Eripakkumised - Vana Villem\" \/>\n<meta property=\"og:description\" content=\"P\u00e4evapakkumised, E-R 11:00-15:00 P\u00e4evapraad 5.90 Kuupakkumised: XL Sandwich l\u00f5he ja krevetiskageniga 7.90 Kronenbourg Blanc\u00a0 \u00a05,0%\u00a0 \u00a0 \u00a0 3&#215;0,5l\u00a0 \u00a0 \u00a0 \u00a0 \u00a0 \u00a0 \u00a0 \u00a0 \u00a0 \u00a0 \u00a0 \u00a0 \u00a0 \u00a0 \u00a0 \u00a0 \u00a0 \u00a0 \u00a0 14.90 Salat l\u00f5heampsude ja ...\" \/>\n<meta property=\"og:url\" content=\"https:\/\/www.villemipubid.ee\/vana-villem\/menuu\/eripakkumised\/\" \/>\n<meta property=\"og:site_name\" content=\"Vana Villem\" \/>\n<meta property=\"article:modified_time\" content=\"2026-05-01T07:41:31+00:00\" \/>\n<meta property=\"og:image\" content=\"http:\/\/www.villemipubid.ee\/vana-villem\/wp-content\/uploads\/sites\/9\/2015\/05\/vanavillem_.jpg\" \/>\n\t<meta property=\"og:image:width\" content=\"1600\" \/>\n\t<meta property=\"og:image:height\" content=\"936\" \/>\n\t<meta property=\"og:image:type\" content=\"image\/jpeg\" \/>\n<meta name=\"twitter:card\" content=\"summary\" \/>\n<meta name=\"twitter:label1\" content=\"Est. reading time\" \/>\n\t<meta name=\"twitter:data1\" content=\"1 minut\" \/>\n<script type=\"application\/ld+json\" class=\"yoast-schema-graph\">{\"@context\":\"https:\/\/schema.org\",\"@graph\":[{\"@type\":\"WebSite\",\"@id\":\"https:\/\/www.villemipubid.ee\/vana-villem\/#website\",\"url\":\"https:\/\/www.villemipubid.ee\/vana-villem\/\",\"name\":\"Vana Villem\",\"description\":\"\",\"potentialAction\":[{\"@type\":\"SearchAction\",\"target\":{\"@type\":\"EntryPoint\",\"urlTemplate\":\"https:\/\/www.villemipubid.ee\/vana-villem\/?s={search_term_string}\"},\"query-input\":\"required name=search_term_string\"}],\"inLanguage\":\"et\"},{\"@type\":\"ImageObject\",\"@id\":\"https:\/\/www.villemipubid.ee\/vana-villem\/menuu\/eripakkumised\/#primaryimage\",\"inLanguage\":\"et\",\"url\":\"https:\/\/www.villemipubid.ee\/vana-villem\/wp-content\/uploads\/sites\/9\/2015\/05\/vanavillem_.jpg\",\"contentUrl\":\"https:\/\/www.villemipubid.ee\/vana-villem\/wp-content\/uploads\/sites\/9\/2015\/05\/vanavillem_.jpg\",\"width\":1600,\"height\":936},{\"@type\":\"WebPage\",\"@id\":\"https:\/\/www.villemipubid.ee\/vana-villem\/menuu\/eripakkumised\/#webpage\",\"url\":\"https:\/\/www.villemipubid.ee\/vana-villem\/menuu\/eripakkumised\/\",\"name\":\"Eripakkumised - Vana Villem\",\"isPartOf\":{\"@id\":\"https:\/\/www.villemipubid.ee\/vana-villem\/#website\"},\"primaryImageOfPage\":{\"@id\":\"https:\/\/www.villemipubid.ee\/vana-villem\/menuu\/eripakkumised\/#primaryimage\"},\"datePublished\":\"2015-08-24T11:15:41+00:00\",\"dateModified\":\"2026-05-01T07:41:31+00:00\",\"breadcrumb\":{\"@id\":\"https:\/\/www.villemipubid.ee\/vana-villem\/menuu\/eripakkumised\/#breadcrumb\"},\"inLanguage\":\"et\",\"potentialAction\":[{\"@type\":\"ReadAction\",\"target\":[\"https:\/\/www.villemipubid.ee\/vana-villem\/menuu\/eripakkumised\/\"]}]},{\"@type\":\"BreadcrumbList\",\"@id\":\"https:\/\/www.villemipubid.ee\/vana-villem\/menuu\/eripakkumised\/#breadcrumb\",\"itemListElement\":[{\"@type\":\"ListItem\",\"position\":1,\"name\":\"Home\",\"item\":\"https:\/\/www.villemipubid.ee\/vana-villem\/\"},{\"@type\":\"ListItem\",\"position\":2,\"name\":\"Men\u00fc\u00fc\",\"item\":\"https:\/\/www.villemipubid.ee\/vana-villem\/menuu\/\"},{\"@type\":\"ListItem\",\"position\":3,\"name\":\"Eripakkumised\"}]}]}<\/script>\n<!-- \/ Yoast SEO plugin. -->","yoast_head_json":{"title":"Eripakkumised - Vana Villem","robots":{"index":"index","follow":"follow","max-snippet":"max-snippet:-1","max-image-preview":"max-image-preview:large","max-video-preview":"max-video-preview:-1"},"canonical":"https:\/\/www.villemipubid.ee\/vana-villem\/menuu\/eripakkumised\/","og_locale":"et_EE","og_type":"article","og_title":"Eripakkumised - Vana Villem","og_description":"P\u00e4evapakkumised, E-R 11:00-15:00 P\u00e4evapraad 5.90 Kuupakkumised: XL Sandwich l\u00f5he ja krevetiskageniga 7.90 Kronenbourg Blanc\u00a0 \u00a05,0%\u00a0 \u00a0 \u00a0 3&#215;0,5l\u00a0 \u00a0 \u00a0 \u00a0 \u00a0 \u00a0 \u00a0 \u00a0 \u00a0 \u00a0 \u00a0 \u00a0 \u00a0 \u00a0 \u00a0 \u00a0 \u00a0 \u00a0 \u00a0 14.90 Salat l\u00f5heampsude ja ...","og_url":"https:\/\/www.villemipubid.ee\/vana-villem\/menuu\/eripakkumised\/","og_site_name":"Vana Villem","article_modified_time":"2026-05-01T07:41:31+00:00","og_image":[{"width":1600,"height":936,"url":"http:\/\/www.villemipubid.ee\/vana-villem\/wp-content\/uploads\/sites\/9\/2015\/05\/vanavillem_.jpg","type":"image\/jpeg"}],"twitter_card":"summary","twitter_misc":{"Est. reading time":"1 minut"},"schema":{"@context":"https:\/\/schema.org","@graph":[{"@type":"WebSite","@id":"https:\/\/www.villemipubid.ee\/vana-villem\/#website","url":"https:\/\/www.villemipubid.ee\/vana-villem\/","name":"Vana Villem","description":"","potentialAction":[{"@type":"SearchAction","target":{"@type":"EntryPoint","urlTemplate":"https:\/\/www.villemipubid.ee\/vana-villem\/?s={search_term_string}"},"query-input":"required name=search_term_string"}],"inLanguage":"et"},{"@type":"ImageObject","@id":"https:\/\/www.villemipubid.ee\/vana-villem\/menuu\/eripakkumised\/#primaryimage","inLanguage":"et","url":"https:\/\/www.villemipubid.ee\/vana-villem\/wp-content\/uploads\/sites\/9\/2015\/05\/vanavillem_.jpg","contentUrl":"https:\/\/www.villemipubid.ee\/vana-villem\/wp-content\/uploads\/sites\/9\/2015\/05\/vanavillem_.jpg","width":1600,"height":936},{"@type":"WebPage","@id":"https:\/\/www.villemipubid.ee\/vana-villem\/menuu\/eripakkumised\/#webpage","url":"https:\/\/www.villemipubid.ee\/vana-villem\/menuu\/eripakkumised\/","name":"Eripakkumised - Vana Villem","isPartOf":{"@id":"https:\/\/www.villemipubid.ee\/vana-villem\/#website"},"primaryImageOfPage":{"@id":"https:\/\/www.villemipubid.ee\/vana-villem\/menuu\/eripakkumised\/#primaryimage"},"datePublished":"2015-08-24T11:15:41+00:00","dateModified":"2026-05-01T07:41:31+00:00","breadcrumb":{"@id":"https:\/\/www.villemipubid.ee\/vana-villem\/menuu\/eripakkumised\/#breadcrumb"},"inLanguage":"et","potentialAction":[{"@type":"ReadAction","target":["https:\/\/www.villemipubid.ee\/vana-villem\/menuu\/eripakkumised\/"]}]},{"@type":"BreadcrumbList","@id":"https:\/\/www.villemipubid.ee\/vana-villem\/menuu\/eripakkumised\/#breadcrumb","itemListElement":[{"@type":"ListItem","position":1,"name":"Home","item":"https:\/\/www.villemipubid.ee\/vana-villem\/"},{"@type":"ListItem","position":2,"name":"Men\u00fc\u00fc","item":"https:\/\/www.villemipubid.ee\/vana-villem\/menuu\/"},{"@type":"ListItem","position":3,"name":"Eripakkumised"}]}]}},"_links":{"self":[{"href":"https:\/\/www.villemipubid.ee\/vana-villem\/wp-json\/wp\/v2\/pages\/385"}],"collection":[{"href":"https:\/\/www.villemipubid.ee\/vana-villem\/wp-json\/wp\/v2\/pages"}],"about":[{"href":"https:\/\/www.villemipubid.ee\/vana-villem\/wp-json\/wp\/v2\/types\/page"}],"author":[{"embeddable":true,"href":"https:\/\/www.villemipubid.ee\/vana-villem\/wp-json\/wp\/v2\/users\/1"}],"replies":[{"embeddable":true,"href":"https:\/\/www.villemipubid.ee\/vana-villem\/wp-json\/wp\/v2\/comments?post=385"}],"version-history":[{"count":229,"href":"https:\/\/www.villemipubid.ee\/vana-villem\/wp-json\/wp\/v2\/pages\/385\/revisions"}],"predecessor-version":[{"id":8075,"href":"https:\/\/www.villemipubid.ee\/vana-villem\/wp-json\/wp\/v2\/pages\/385\/revisions\/8075"}],"up":[{"embeddable":true,"href":"https:\/\/www.villemipubid.ee\/vana-villem\/wp-json\/wp\/v2\/pages\/11"}],"wp:featuredmedia":[{"embeddable":true,"href":"https:\/\/www.villemipubid.ee\/vana-villem\/wp-json\/wp\/v2\/media\/6072"}],"wp:attachment":[{"href":"https:\/\/www.villemipubid.ee\/vana-villem\/wp-json\/wp\/v2\/media?parent=385"}],"curies":[{"name":"wp","href":"https:\/\/api.w.org\/{rel}","templated":true}]}}