{"id":64,"date":"2015-06-03T12:17:34","date_gmt":"2015-06-03T09:17:34","guid":{"rendered":"http:\/\/www.villemipubid.ee\/sweet-rosie\/?page_id=64"},"modified":"2024-03-20T15:59:37","modified_gmt":"2024-03-20T13:59:37","slug":"ajalugu","status":"publish","type":"page","link":"https:\/\/www.villemipubid.ee\/sweet-rosie\/ajalugu\/","title":{"rendered":"Ajalugu"},"content":{"rendered":"<h2>Sweet Rosie lugu<\/h2>\n<p>Kui ma oma esimese pubi tegin, oli t\u00e4di Roosi ainukene, kes \u00fctles, et pole see siin midagi nii uhke ja lahe nagu su s\u00f5brad kiidavad. Pubis peab \u00f5ige melu olema!<\/p>\n<p>T\u00e4di Roosit tasus uskuda, sest tema oli \u00fcle elanud igasugused valitsused ja proovinud igatsugu ameteid. Oli Tema pargis lehti riisunud, koolimajas kokat\u00e4di olnud ja restoranis ettekandja. Uue vabariigi saabudes ka k\u00f5rges eas prostituudi ametit pidanud ning seej\u00e4rel l\u00fchikest aega k\u00f5ike m\u00fc\u00fcva uus\u00e4rimehe sekret\u00e4rina asju ajanud. Tema pidi ikka teadma. Kuid kust seda melu leida, see oli k\u00fcsimus?<\/p>\n<p>Esimestest reisis\u00e4\u00e4studest p\u00f5rutasin Egiptusesse, kus n\u00e4gin kuidas higised turistid p\u00fcramiide pildistasid ja imestasid, k\u00fcll on v\u00e4gev. Pariisis imestati ja pildistati \u00fchte torni, Petras koopaid pildistades ei suudetutki \u00e4ra imestada, aga mingit melu ma nende imede juures ei kohanud?<\/p>\n<p>Siis sattusin Dublinisse Temple Bari linnaossa, ja j\u00e4lle turistid pildistavad ja imestavad? Kuid seekord pildistasid nad inimesi, nende naeratavaid n\u00e4gusid, pildistasid seda kuidas inimesed olid suutnud unustada argimured ja elust r\u00f5\u00f5mu tunda. Nad pildistasid Melu! Mis kutsub inimesi niimoodi v\u00e4lja, mis paneb neid r\u00f5\u00f5mu tundma, mis on see, mis tekitab Melu \u2013 v\u00e4ga lihtne \u2013 see on Iiri pubi ehk Irish Pub!<\/p>\n<p>Tundke r\u00f5\u00f5mu P\u00e4rnakad ja P\u00e4rnu k\u00fclalised, n\u00fc\u00fcd on Irish Pub ka P\u00e4rnus, kus v\u00f5imalik m\u00f5nusasti aega veeta ja elust r\u00f5\u00f5mu tunda. Taskukohaste hindadega keha kinnitada ja klaase kokku l\u00fc\u00fca\u2026 ja kui te seal juhtute n\u00e4gema vilksamisi saalist l\u00e4bi astumas \u00fchte vanaprouat v\u00f5rksukkades, kelle kintsud on k\u00fcll pisut t\u00fcsedav\u00f5itu, kuid n\u00e4os s\u00e4rab nooruslik ja elur\u00f5\u00f5mus naeratus, siis teadke, et Tema ongi minu t\u00e4di Roosi ehk Sweet Rosie nagu teda \u00fcheksak\u00fcmnendate algul h\u00fc\u00fcti!<\/p>\n<p>Vana Villem<\/p>\n<p><iframe loading=\"lazy\" src=\"https:\/\/www.youtube.com\/embed\/t_-yWFr8moQ\" width=\"560\" height=\"315\" frameborder=\"0\" allowfullscreen=\"allowfullscreen\"><\/iframe><\/p>\n","protected":false},"excerpt":{"rendered":"<p>Sweet Rosie lugu Kui ma oma esimese pubi tegin, oli t\u00e4di Roosi ainukene, kes \u00fctles, et pole see siin midagi nii uhke ja lahe nagu su s\u00f5brad kiidavad. Pubis peab \u00f5ige melu olema! T\u00e4di Roosit tasus uskuda, sest tema oli &#8230;<\/p>\n","protected":false},"author":1,"featured_media":2341,"parent":0,"menu_order":1,"comment_status":"closed","ping_status":"closed","template":"","meta":[],"yoast_head":"<!-- This site is optimized with the Yoast SEO plugin v18.3 - https:\/\/yoast.com\/wordpress\/plugins\/seo\/ -->\n<title>Ajalugu - Sweet Rosie<\/title>\n<meta name=\"robots\" content=\"index, follow, max-snippet:-1, max-image-preview:large, max-video-preview:-1\" \/>\n<link rel=\"canonical\" href=\"https:\/\/www.villemipubid.ee\/sweet-rosie\/ajalugu\/\" \/>\n<meta property=\"og:locale\" content=\"et_EE\" \/>\n<meta property=\"og:type\" content=\"article\" \/>\n<meta property=\"og:title\" content=\"Ajalugu - Sweet Rosie\" \/>\n<meta property=\"og:description\" content=\"Sweet Rosie lugu Kui ma oma esimese pubi tegin, oli t\u00e4di Roosi ainukene, kes \u00fctles, et pole see siin midagi nii uhke ja lahe nagu su s\u00f5brad kiidavad. Pubis peab \u00f5ige melu olema! T\u00e4di Roosit tasus uskuda, sest tema oli ...\" \/>\n<meta property=\"og:url\" content=\"https:\/\/www.villemipubid.ee\/sweet-rosie\/ajalugu\/\" \/>\n<meta property=\"og:site_name\" content=\"Sweet Rosie\" \/>\n<meta property=\"article:modified_time\" content=\"2024-03-20T13:59:37+00:00\" \/>\n<meta property=\"og:image\" content=\"http:\/\/www.villemipubid.ee\/sweet-rosie\/wp-content\/uploads\/sites\/7\/2015\/05\/sweetrosie_.jpg\" \/>\n\t<meta property=\"og:image:width\" content=\"1600\" \/>\n\t<meta property=\"og:image:height\" content=\"936\" \/>\n\t<meta property=\"og:image:type\" content=\"image\/jpeg\" \/>\n<meta name=\"twitter:card\" content=\"summary\" \/>\n<meta name=\"twitter:label1\" content=\"Est. reading time\" \/>\n\t<meta name=\"twitter:data1\" content=\"2 minutit\" \/>\n<script type=\"application\/ld+json\" class=\"yoast-schema-graph\">{\"@context\":\"https:\/\/schema.org\",\"@graph\":[{\"@type\":\"WebSite\",\"@id\":\"https:\/\/www.villemipubid.ee\/sweet-rosie\/#website\",\"url\":\"https:\/\/www.villemipubid.ee\/sweet-rosie\/\",\"name\":\"Sweet Rosie\",\"description\":\"\",\"potentialAction\":[{\"@type\":\"SearchAction\",\"target\":{\"@type\":\"EntryPoint\",\"urlTemplate\":\"https:\/\/www.villemipubid.ee\/sweet-rosie\/?s={search_term_string}\"},\"query-input\":\"required name=search_term_string\"}],\"inLanguage\":\"et\"},{\"@type\":\"ImageObject\",\"@id\":\"https:\/\/www.villemipubid.ee\/sweet-rosie\/ajalugu\/#primaryimage\",\"inLanguage\":\"et\",\"url\":\"https:\/\/www.villemipubid.ee\/sweet-rosie\/wp-content\/uploads\/sites\/7\/2015\/05\/sweetrosie_.jpg\",\"contentUrl\":\"https:\/\/www.villemipubid.ee\/sweet-rosie\/wp-content\/uploads\/sites\/7\/2015\/05\/sweetrosie_.jpg\",\"width\":1600,\"height\":936},{\"@type\":\"WebPage\",\"@id\":\"https:\/\/www.villemipubid.ee\/sweet-rosie\/ajalugu\/#webpage\",\"url\":\"https:\/\/www.villemipubid.ee\/sweet-rosie\/ajalugu\/\",\"name\":\"Ajalugu - Sweet Rosie\",\"isPartOf\":{\"@id\":\"https:\/\/www.villemipubid.ee\/sweet-rosie\/#website\"},\"primaryImageOfPage\":{\"@id\":\"https:\/\/www.villemipubid.ee\/sweet-rosie\/ajalugu\/#primaryimage\"},\"datePublished\":\"2015-06-03T09:17:34+00:00\",\"dateModified\":\"2024-03-20T13:59:37+00:00\",\"breadcrumb\":{\"@id\":\"https:\/\/www.villemipubid.ee\/sweet-rosie\/ajalugu\/#breadcrumb\"},\"inLanguage\":\"et\",\"potentialAction\":[{\"@type\":\"ReadAction\",\"target\":[\"https:\/\/www.villemipubid.ee\/sweet-rosie\/ajalugu\/\"]}]},{\"@type\":\"BreadcrumbList\",\"@id\":\"https:\/\/www.villemipubid.ee\/sweet-rosie\/ajalugu\/#breadcrumb\",\"itemListElement\":[{\"@type\":\"ListItem\",\"position\":1,\"name\":\"Home\",\"item\":\"https:\/\/www.villemipubid.ee\/sweet-rosie\/\"},{\"@type\":\"ListItem\",\"position\":2,\"name\":\"Ajalugu\"}]}]}<\/script>\n<!-- \/ Yoast SEO plugin. -->","yoast_head_json":{"title":"Ajalugu - Sweet Rosie","robots":{"index":"index","follow":"follow","max-snippet":"max-snippet:-1","max-image-preview":"max-image-preview:large","max-video-preview":"max-video-preview:-1"},"canonical":"https:\/\/www.villemipubid.ee\/sweet-rosie\/ajalugu\/","og_locale":"et_EE","og_type":"article","og_title":"Ajalugu - Sweet Rosie","og_description":"Sweet Rosie lugu Kui ma oma esimese pubi tegin, oli t\u00e4di Roosi ainukene, kes \u00fctles, et pole see siin midagi nii uhke ja lahe nagu su s\u00f5brad kiidavad. Pubis peab \u00f5ige melu olema! T\u00e4di Roosit tasus uskuda, sest tema oli ...","og_url":"https:\/\/www.villemipubid.ee\/sweet-rosie\/ajalugu\/","og_site_name":"Sweet Rosie","article_modified_time":"2024-03-20T13:59:37+00:00","og_image":[{"width":1600,"height":936,"url":"http:\/\/www.villemipubid.ee\/sweet-rosie\/wp-content\/uploads\/sites\/7\/2015\/05\/sweetrosie_.jpg","type":"image\/jpeg"}],"twitter_card":"summary","twitter_misc":{"Est. reading time":"2 minutit"},"schema":{"@context":"https:\/\/schema.org","@graph":[{"@type":"WebSite","@id":"https:\/\/www.villemipubid.ee\/sweet-rosie\/#website","url":"https:\/\/www.villemipubid.ee\/sweet-rosie\/","name":"Sweet Rosie","description":"","potentialAction":[{"@type":"SearchAction","target":{"@type":"EntryPoint","urlTemplate":"https:\/\/www.villemipubid.ee\/sweet-rosie\/?s={search_term_string}"},"query-input":"required name=search_term_string"}],"inLanguage":"et"},{"@type":"ImageObject","@id":"https:\/\/www.villemipubid.ee\/sweet-rosie\/ajalugu\/#primaryimage","inLanguage":"et","url":"https:\/\/www.villemipubid.ee\/sweet-rosie\/wp-content\/uploads\/sites\/7\/2015\/05\/sweetrosie_.jpg","contentUrl":"https:\/\/www.villemipubid.ee\/sweet-rosie\/wp-content\/uploads\/sites\/7\/2015\/05\/sweetrosie_.jpg","width":1600,"height":936},{"@type":"WebPage","@id":"https:\/\/www.villemipubid.ee\/sweet-rosie\/ajalugu\/#webpage","url":"https:\/\/www.villemipubid.ee\/sweet-rosie\/ajalugu\/","name":"Ajalugu - Sweet Rosie","isPartOf":{"@id":"https:\/\/www.villemipubid.ee\/sweet-rosie\/#website"},"primaryImageOfPage":{"@id":"https:\/\/www.villemipubid.ee\/sweet-rosie\/ajalugu\/#primaryimage"},"datePublished":"2015-06-03T09:17:34+00:00","dateModified":"2024-03-20T13:59:37+00:00","breadcrumb":{"@id":"https:\/\/www.villemipubid.ee\/sweet-rosie\/ajalugu\/#breadcrumb"},"inLanguage":"et","potentialAction":[{"@type":"ReadAction","target":["https:\/\/www.villemipubid.ee\/sweet-rosie\/ajalugu\/"]}]},{"@type":"BreadcrumbList","@id":"https:\/\/www.villemipubid.ee\/sweet-rosie\/ajalugu\/#breadcrumb","itemListElement":[{"@type":"ListItem","position":1,"name":"Home","item":"https:\/\/www.villemipubid.ee\/sweet-rosie\/"},{"@type":"ListItem","position":2,"name":"Ajalugu"}]}]}},"_links":{"self":[{"href":"https:\/\/www.villemipubid.ee\/sweet-rosie\/wp-json\/wp\/v2\/pages\/64"}],"collection":[{"href":"https:\/\/www.villemipubid.ee\/sweet-rosie\/wp-json\/wp\/v2\/pages"}],"about":[{"href":"https:\/\/www.villemipubid.ee\/sweet-rosie\/wp-json\/wp\/v2\/types\/page"}],"author":[{"embeddable":true,"href":"https:\/\/www.villemipubid.ee\/sweet-rosie\/wp-json\/wp\/v2\/users\/1"}],"replies":[{"embeddable":true,"href":"https:\/\/www.villemipubid.ee\/sweet-rosie\/wp-json\/wp\/v2\/comments?post=64"}],"version-history":[{"count":3,"href":"https:\/\/www.villemipubid.ee\/sweet-rosie\/wp-json\/wp\/v2\/pages\/64\/revisions"}],"predecessor-version":[{"id":2323,"href":"https:\/\/www.villemipubid.ee\/sweet-rosie\/wp-json\/wp\/v2\/pages\/64\/revisions\/2323"}],"wp:featuredmedia":[{"embeddable":true,"href":"https:\/\/www.villemipubid.ee\/sweet-rosie\/wp-json\/wp\/v2\/media\/2341"}],"wp:attachment":[{"href":"https:\/\/www.villemipubid.ee\/sweet-rosie\/wp-json\/wp\/v2\/media?parent=64"}],"curies":[{"name":"wp","href":"https:\/\/api.w.org\/{rel}","templated":true}]}}