{"id":42,"date":"2015-05-28T13:21:50","date_gmt":"2015-05-28T10:21:50","guid":{"rendered":"http:\/\/www.villemipubid.ee\/sweet-rosie\/?page_id=42"},"modified":"2026-02-27T15:59:44","modified_gmt":"2026-02-27T13:59:44","slug":"toopakkumised","status":"publish","type":"page","link":"https:\/\/www.villemipubid.ee\/sweet-rosie\/toopakkumised\/","title":{"rendered":"T\u00f6\u00f6pakkumised"},"content":{"rendered":"<p>OTSIME MEESKONDA\u00a0 KOKKA<br \/>\nV\u00d5TA MEIEGA \u00dcHENDUST MEILIL magusrosie@gmail.com<br \/>\nV\u00d5I HELISTA T\u00d6\u00d6P\u00c4EVITI 8-16:30 TEL.56828240<\/p>\n<p><a href=\"http:\/\/www.villemipubid.ee\/sweet-rosie\/wp-content\/uploads\/sites\/7\/2026\/02\/Iiri-pubi-sweet-rosie.pdf\">Iiri pubi sweet rosie<\/a><\/p>\n","protected":false},"excerpt":{"rendered":"<p>OTSIME MEESKONDA\u00a0 KOKKA V\u00d5TA MEIEGA \u00dcHENDUST MEILIL magusrosie@gmail.com V\u00d5I HELISTA T\u00d6\u00d6P\u00c4EVITI 8-16:30 TEL.56828240 Iiri pubi sweet rosie<\/p>\n","protected":false},"author":1,"featured_media":37,"parent":0,"menu_order":7,"comment_status":"closed","ping_status":"closed","template":"","meta":[],"yoast_head":"<!-- This site is optimized with the Yoast SEO plugin v18.3 - https:\/\/yoast.com\/wordpress\/plugins\/seo\/ -->\n<title>T\u00f6\u00f6pakkumised - Sweet Rosie<\/title>\n<meta name=\"robots\" content=\"index, follow, max-snippet:-1, max-image-preview:large, max-video-preview:-1\" \/>\n<link rel=\"canonical\" href=\"https:\/\/www.villemipubid.ee\/sweet-rosie\/toopakkumised\/\" \/>\n<meta property=\"og:locale\" content=\"et_EE\" \/>\n<meta property=\"og:type\" content=\"article\" \/>\n<meta property=\"og:title\" content=\"T\u00f6\u00f6pakkumised - Sweet Rosie\" \/>\n<meta property=\"og:description\" content=\"OTSIME MEESKONDA\u00a0 KOKKA V\u00d5TA MEIEGA \u00dcHENDUST MEILIL magusrosie@gmail.com V\u00d5I HELISTA T\u00d6\u00d6P\u00c4EVITI 8-16:30 TEL.56828240 Iiri pubi sweet rosie\" \/>\n<meta property=\"og:url\" content=\"https:\/\/www.villemipubid.ee\/sweet-rosie\/toopakkumised\/\" \/>\n<meta property=\"og:site_name\" content=\"Sweet Rosie\" \/>\n<meta property=\"article:modified_time\" content=\"2026-02-27T13:59:44+00:00\" \/>\n<meta property=\"og:image\" content=\"http:\/\/www.villemipubid.ee\/sweet-rosie\/wp-content\/uploads\/sites\/7\/2015\/05\/monusvillem.jpg\" \/>\n\t<meta property=\"og:image:width\" content=\"1600\" \/>\n\t<meta property=\"og:image:height\" content=\"936\" \/>\n\t<meta property=\"og:image:type\" content=\"image\/jpeg\" \/>\n<meta name=\"twitter:card\" content=\"summary\" \/>\n<meta name=\"twitter:label1\" content=\"Est. reading time\" \/>\n\t<meta name=\"twitter:data1\" content=\"1 minut\" \/>\n<script type=\"application\/ld+json\" class=\"yoast-schema-graph\">{\"@context\":\"https:\/\/schema.org\",\"@graph\":[{\"@type\":\"WebSite\",\"@id\":\"https:\/\/www.villemipubid.ee\/sweet-rosie\/#website\",\"url\":\"https:\/\/www.villemipubid.ee\/sweet-rosie\/\",\"name\":\"Sweet Rosie\",\"description\":\"\",\"potentialAction\":[{\"@type\":\"SearchAction\",\"target\":{\"@type\":\"EntryPoint\",\"urlTemplate\":\"https:\/\/www.villemipubid.ee\/sweet-rosie\/?s={search_term_string}\"},\"query-input\":\"required name=search_term_string\"}],\"inLanguage\":\"et\"},{\"@type\":\"ImageObject\",\"@id\":\"https:\/\/www.villemipubid.ee\/sweet-rosie\/toopakkumised\/#primaryimage\",\"inLanguage\":\"et\",\"url\":\"https:\/\/www.villemipubid.ee\/sweet-rosie\/wp-content\/uploads\/sites\/7\/2015\/05\/monusvillem.jpg\",\"contentUrl\":\"https:\/\/www.villemipubid.ee\/sweet-rosie\/wp-content\/uploads\/sites\/7\/2015\/05\/monusvillem.jpg\",\"width\":1600,\"height\":936},{\"@type\":\"WebPage\",\"@id\":\"https:\/\/www.villemipubid.ee\/sweet-rosie\/toopakkumised\/#webpage\",\"url\":\"https:\/\/www.villemipubid.ee\/sweet-rosie\/toopakkumised\/\",\"name\":\"T\u00f6\u00f6pakkumised - Sweet Rosie\",\"isPartOf\":{\"@id\":\"https:\/\/www.villemipubid.ee\/sweet-rosie\/#website\"},\"primaryImageOfPage\":{\"@id\":\"https:\/\/www.villemipubid.ee\/sweet-rosie\/toopakkumised\/#primaryimage\"},\"datePublished\":\"2015-05-28T10:21:50+00:00\",\"dateModified\":\"2026-02-27T13:59:44+00:00\",\"breadcrumb\":{\"@id\":\"https:\/\/www.villemipubid.ee\/sweet-rosie\/toopakkumised\/#breadcrumb\"},\"inLanguage\":\"et\",\"potentialAction\":[{\"@type\":\"ReadAction\",\"target\":[\"https:\/\/www.villemipubid.ee\/sweet-rosie\/toopakkumised\/\"]}]},{\"@type\":\"BreadcrumbList\",\"@id\":\"https:\/\/www.villemipubid.ee\/sweet-rosie\/toopakkumised\/#breadcrumb\",\"itemListElement\":[{\"@type\":\"ListItem\",\"position\":1,\"name\":\"Home\",\"item\":\"https:\/\/www.villemipubid.ee\/sweet-rosie\/\"},{\"@type\":\"ListItem\",\"position\":2,\"name\":\"T\u00f6\u00f6pakkumised\"}]}]}<\/script>\n<!-- \/ Yoast SEO plugin. -->","yoast_head_json":{"title":"T\u00f6\u00f6pakkumised - Sweet Rosie","robots":{"index":"index","follow":"follow","max-snippet":"max-snippet:-1","max-image-preview":"max-image-preview:large","max-video-preview":"max-video-preview:-1"},"canonical":"https:\/\/www.villemipubid.ee\/sweet-rosie\/toopakkumised\/","og_locale":"et_EE","og_type":"article","og_title":"T\u00f6\u00f6pakkumised - Sweet Rosie","og_description":"OTSIME MEESKONDA\u00a0 KOKKA V\u00d5TA MEIEGA \u00dcHENDUST MEILIL magusrosie@gmail.com V\u00d5I HELISTA T\u00d6\u00d6P\u00c4EVITI 8-16:30 TEL.56828240 Iiri pubi sweet rosie","og_url":"https:\/\/www.villemipubid.ee\/sweet-rosie\/toopakkumised\/","og_site_name":"Sweet Rosie","article_modified_time":"2026-02-27T13:59:44+00:00","og_image":[{"width":1600,"height":936,"url":"http:\/\/www.villemipubid.ee\/sweet-rosie\/wp-content\/uploads\/sites\/7\/2015\/05\/monusvillem.jpg","type":"image\/jpeg"}],"twitter_card":"summary","twitter_misc":{"Est. reading time":"1 minut"},"schema":{"@context":"https:\/\/schema.org","@graph":[{"@type":"WebSite","@id":"https:\/\/www.villemipubid.ee\/sweet-rosie\/#website","url":"https:\/\/www.villemipubid.ee\/sweet-rosie\/","name":"Sweet Rosie","description":"","potentialAction":[{"@type":"SearchAction","target":{"@type":"EntryPoint","urlTemplate":"https:\/\/www.villemipubid.ee\/sweet-rosie\/?s={search_term_string}"},"query-input":"required name=search_term_string"}],"inLanguage":"et"},{"@type":"ImageObject","@id":"https:\/\/www.villemipubid.ee\/sweet-rosie\/toopakkumised\/#primaryimage","inLanguage":"et","url":"https:\/\/www.villemipubid.ee\/sweet-rosie\/wp-content\/uploads\/sites\/7\/2015\/05\/monusvillem.jpg","contentUrl":"https:\/\/www.villemipubid.ee\/sweet-rosie\/wp-content\/uploads\/sites\/7\/2015\/05\/monusvillem.jpg","width":1600,"height":936},{"@type":"WebPage","@id":"https:\/\/www.villemipubid.ee\/sweet-rosie\/toopakkumised\/#webpage","url":"https:\/\/www.villemipubid.ee\/sweet-rosie\/toopakkumised\/","name":"T\u00f6\u00f6pakkumised - Sweet Rosie","isPartOf":{"@id":"https:\/\/www.villemipubid.ee\/sweet-rosie\/#website"},"primaryImageOfPage":{"@id":"https:\/\/www.villemipubid.ee\/sweet-rosie\/toopakkumised\/#primaryimage"},"datePublished":"2015-05-28T10:21:50+00:00","dateModified":"2026-02-27T13:59:44+00:00","breadcrumb":{"@id":"https:\/\/www.villemipubid.ee\/sweet-rosie\/toopakkumised\/#breadcrumb"},"inLanguage":"et","potentialAction":[{"@type":"ReadAction","target":["https:\/\/www.villemipubid.ee\/sweet-rosie\/toopakkumised\/"]}]},{"@type":"BreadcrumbList","@id":"https:\/\/www.villemipubid.ee\/sweet-rosie\/toopakkumised\/#breadcrumb","itemListElement":[{"@type":"ListItem","position":1,"name":"Home","item":"https:\/\/www.villemipubid.ee\/sweet-rosie\/"},{"@type":"ListItem","position":2,"name":"T\u00f6\u00f6pakkumised"}]}]}},"_links":{"self":[{"href":"https:\/\/www.villemipubid.ee\/sweet-rosie\/wp-json\/wp\/v2\/pages\/42"}],"collection":[{"href":"https:\/\/www.villemipubid.ee\/sweet-rosie\/wp-json\/wp\/v2\/pages"}],"about":[{"href":"https:\/\/www.villemipubid.ee\/sweet-rosie\/wp-json\/wp\/v2\/types\/page"}],"author":[{"embeddable":true,"href":"https:\/\/www.villemipubid.ee\/sweet-rosie\/wp-json\/wp\/v2\/users\/1"}],"replies":[{"embeddable":true,"href":"https:\/\/www.villemipubid.ee\/sweet-rosie\/wp-json\/wp\/v2\/comments?post=42"}],"version-history":[{"count":26,"href":"https:\/\/www.villemipubid.ee\/sweet-rosie\/wp-json\/wp\/v2\/pages\/42\/revisions"}],"predecessor-version":[{"id":2718,"href":"https:\/\/www.villemipubid.ee\/sweet-rosie\/wp-json\/wp\/v2\/pages\/42\/revisions\/2718"}],"wp:featuredmedia":[{"embeddable":true,"href":"https:\/\/www.villemipubid.ee\/sweet-rosie\/wp-json\/wp\/v2\/media\/37"}],"wp:attachment":[{"href":"https:\/\/www.villemipubid.ee\/sweet-rosie\/wp-json\/wp\/v2\/media?parent=42"}],"curies":[{"name":"wp","href":"https:\/\/api.w.org\/{rel}","templated":true}]}}