{"id":339,"date":"2015-08-24T14:14:13","date_gmt":"2015-08-24T11:14:13","guid":{"rendered":"http:\/\/www.villemipubid.ee\/sweet-rosie\/?page_id=339"},"modified":"2026-05-01T09:14:24","modified_gmt":"2026-05-01T06:14:24","slug":"eripakkumised","status":"publish","type":"page","link":"https:\/\/www.villemipubid.ee\/sweet-rosie\/menuu\/eripakkumised\/","title":{"rendered":"Eripakkumised"},"content":{"rendered":"<h1>P\u00e4evapakkumine<\/h1>\n<table width=\"629\">\n<tbody>\n<tr>\n<td width=\"573\"><span style=\"color: #ff0000\">P\u00e4evapraad<\/span><\/td>\n<td width=\"56\">5,90<\/td>\n<\/tr>\n<tr>\n<td><\/td>\n<td><\/td>\n<\/tr>\n<\/tbody>\n<\/table>\n<h1>Mais soovitame<\/h1>\n<table width=\"648\">\n<tbody>\n<tr>\n<td style=\"width: 554px\">Kr\u00f5bedad kanaampsud Sriracha mayoga<\/td>\n<td style=\"width: 78px\">5,90<\/td>\n<\/tr>\n<tr>\n<td style=\"width: 554px\">Rebitud veisep\u00f5sk v\u00e4rskel salatil<\/td>\n<td style=\"width: 78px\">7,90<\/td>\n<\/tr>\n<tr>\n<td style=\"width: 554px\">Kuldne koha k\u00f6\u00f6giviljariisi ja v\u00f5ikastmega<\/td>\n<td style=\"width: 78px\">12,90<\/td>\n<\/tr>\n<tr>\n<td style=\"width: 554px\">Karamelline rullkook<\/td>\n<td style=\"width: 78px\">5,50<\/td>\n<\/tr>\n<tr>\n<td style=\"width: 554px\"><\/td>\n<td style=\"width: 78px\"><\/td>\n<\/tr>\n<tr>\n<td style=\"width: 554px\">Kronenbourg 1664 Blanc\u00a0 5,0%\u00a0 3 x 0,5 l<\/td>\n<td style=\"width: 78px\">14,90<\/td>\n<\/tr>\n<tr>\n<td style=\"width: 554px\">Damm Complot IPA\u00a0 6,6%\u00a0 \u00a0 \u00a00,5 l<\/td>\n<td style=\"width: 78px\">5,90<\/td>\n<\/tr>\n<tr>\n<td style=\"width: 554px\">Paul Mas Sauvignon Blanc\u00a0 \u00a012 cl<\/td>\n<td style=\"width: 78px\">3,90<\/td>\n<\/tr>\n<tr>\n<td style=\"width: 554px\">Gin Tonic Classic (Gordon`s 6cl+Toonik+Sidrun)<\/td>\n<td style=\"width: 78px\">8,00<\/td>\n<\/tr>\n<tr>\n<td style=\"width: 554px\"><\/td>\n<td style=\"width: 78px\"><\/td>\n<\/tr>\n<\/tbody>\n<\/table>\n<p>&nbsp;<\/p>\n<table width=\"573\">\n<tbody>\n<tr>\n<td width=\"509\">\n<h2>Peolaua pakkumine<\/h2>\n<\/td>\n<td width=\"64\"><\/td>\n<\/tr>\n<tr>\n<td><span style=\"color: #ff0000\">NB! Alates 01.06.26 &#8211; 15.08.26 ei saa pakkumisi tellida. Vabandame!<\/span><\/td>\n<td><\/td>\n<\/tr>\n<tr>\n<td>Heeringas hapukoore ja sibulaga 5le<\/td>\n<td>9,00 tk<\/td>\n<\/tr>\n<tr>\n<td>Rosolje\u00a0 1kg<\/td>\n<td>12,00 tk<\/td>\n<\/tr>\n<tr>\n<td>Kartulisalat\u00a0 1kg<\/td>\n<td>12,00 tk<\/td>\n<\/tr>\n<tr>\n<td>Juustuvaagen k\u00f6\u00f6gi- ja puuviljadega\u00a0 10-le<\/td>\n<td>32,00 tk<\/td>\n<\/tr>\n<tr>\n<td>(eesti-, kadaka suitsu-, cheddare-, d\u017eiugas-, emmentaler- ja sinihallitusjuust,<\/td>\n<td><\/td>\n<\/tr>\n<tr>\n<td>pirn, \u00f5un, ananass, porgand, paprika, v\u00e4rske kurk, viinamari, lillkapsas,apelsin, kiivi, oliivid ja tillikaste).<\/td>\n<td><\/td>\n<\/tr>\n<tr>\n<td><\/td>\n<td><\/td>\n<\/tr>\n<tr>\n<td>Lihavaagen\u00a0 10-le<\/td>\n<td>39,00 tk<\/td>\n<\/tr>\n<tr>\n<td>(Suitsutatud seakeel, singirullid, serrano sink, salaami, lava\u0161\u0161irullid singiga,<\/td>\n<td><\/td>\n<\/tr>\n<tr>\n<td>kanapasteeedi korvikesed, ungari pekk, r\u00f6stbiifi viilud, kanaampsud, kanarulaad,<\/td>\n<td><\/td>\n<\/tr>\n<tr>\n<td>searulaad, marineeritud kurk, k\u00fc\u00fcslaugukaste<\/td>\n<td><\/td>\n<\/tr>\n<tr>\n<td><span style=\"color: #ff0000\">NB! Peolaua tellimisel kohaldub ettemaksu kohustus.<\/span><\/td>\n<td><\/td>\n<\/tr>\n<tr>\n<td><span style=\"color: #ff0000\">Ettetellimise min. aeg 2 t\u00f6\u00f6p\u00e4eva<\/span><\/td>\n<td><\/td>\n<\/tr>\n<\/tbody>\n<\/table>\n<p>&nbsp;<\/p>\n","protected":false},"excerpt":{"rendered":"<p>P\u00e4evapakkumine P\u00e4evapraad 5,90 Mais soovitame Kr\u00f5bedad kanaampsud Sriracha mayoga 5,90 Rebitud veisep\u00f5sk v\u00e4rskel salatil 7,90 Kuldne koha k\u00f6\u00f6giviljariisi ja v\u00f5ikastmega 12,90 Karamelline rullkook 5,50 Kronenbourg 1664 Blanc\u00a0 5,0%\u00a0 3 x 0,5 l 14,90 Damm Complot IPA\u00a0 6,6%\u00a0 \u00a0 \u00a00,5 l &#8230;<\/p>\n","protected":false},"author":1,"featured_media":0,"parent":11,"menu_order":0,"comment_status":"closed","ping_status":"closed","template":"soogimenuu.php","meta":[],"yoast_head":"<!-- This site is optimized with the Yoast SEO plugin v18.3 - https:\/\/yoast.com\/wordpress\/plugins\/seo\/ -->\n<title>Eripakkumised - Sweet Rosie<\/title>\n<meta name=\"robots\" content=\"index, follow, max-snippet:-1, max-image-preview:large, max-video-preview:-1\" \/>\n<link rel=\"canonical\" href=\"https:\/\/www.villemipubid.ee\/sweet-rosie\/menuu\/eripakkumised\/\" \/>\n<meta property=\"og:locale\" content=\"et_EE\" \/>\n<meta property=\"og:type\" content=\"article\" \/>\n<meta property=\"og:title\" content=\"Eripakkumised - Sweet Rosie\" \/>\n<meta property=\"og:description\" content=\"P\u00e4evapakkumine P\u00e4evapraad 5,90 Mais soovitame Kr\u00f5bedad kanaampsud Sriracha mayoga 5,90 Rebitud veisep\u00f5sk v\u00e4rskel salatil 7,90 Kuldne koha k\u00f6\u00f6giviljariisi ja v\u00f5ikastmega 12,90 Karamelline rullkook 5,50 Kronenbourg 1664 Blanc\u00a0 5,0%\u00a0 3 x 0,5 l 14,90 Damm Complot IPA\u00a0 6,6%\u00a0 \u00a0 \u00a00,5 l ...\" \/>\n<meta property=\"og:url\" content=\"https:\/\/www.villemipubid.ee\/sweet-rosie\/menuu\/eripakkumised\/\" \/>\n<meta property=\"og:site_name\" content=\"Sweet Rosie\" \/>\n<meta property=\"article:modified_time\" content=\"2026-05-01T06:14:24+00:00\" \/>\n<meta name=\"twitter:card\" content=\"summary\" \/>\n<meta name=\"twitter:label1\" content=\"Est. reading time\" \/>\n\t<meta name=\"twitter:data1\" content=\"1 minut\" \/>\n<script type=\"application\/ld+json\" class=\"yoast-schema-graph\">{\"@context\":\"https:\/\/schema.org\",\"@graph\":[{\"@type\":\"WebSite\",\"@id\":\"https:\/\/www.villemipubid.ee\/sweet-rosie\/#website\",\"url\":\"https:\/\/www.villemipubid.ee\/sweet-rosie\/\",\"name\":\"Sweet Rosie\",\"description\":\"\",\"potentialAction\":[{\"@type\":\"SearchAction\",\"target\":{\"@type\":\"EntryPoint\",\"urlTemplate\":\"https:\/\/www.villemipubid.ee\/sweet-rosie\/?s={search_term_string}\"},\"query-input\":\"required name=search_term_string\"}],\"inLanguage\":\"et\"},{\"@type\":\"WebPage\",\"@id\":\"https:\/\/www.villemipubid.ee\/sweet-rosie\/menuu\/eripakkumised\/#webpage\",\"url\":\"https:\/\/www.villemipubid.ee\/sweet-rosie\/menuu\/eripakkumised\/\",\"name\":\"Eripakkumised - Sweet Rosie\",\"isPartOf\":{\"@id\":\"https:\/\/www.villemipubid.ee\/sweet-rosie\/#website\"},\"datePublished\":\"2015-08-24T11:14:13+00:00\",\"dateModified\":\"2026-05-01T06:14:24+00:00\",\"breadcrumb\":{\"@id\":\"https:\/\/www.villemipubid.ee\/sweet-rosie\/menuu\/eripakkumised\/#breadcrumb\"},\"inLanguage\":\"et\",\"potentialAction\":[{\"@type\":\"ReadAction\",\"target\":[\"https:\/\/www.villemipubid.ee\/sweet-rosie\/menuu\/eripakkumised\/\"]}]},{\"@type\":\"BreadcrumbList\",\"@id\":\"https:\/\/www.villemipubid.ee\/sweet-rosie\/menuu\/eripakkumised\/#breadcrumb\",\"itemListElement\":[{\"@type\":\"ListItem\",\"position\":1,\"name\":\"Home\",\"item\":\"https:\/\/www.villemipubid.ee\/sweet-rosie\/\"},{\"@type\":\"ListItem\",\"position\":2,\"name\":\"Men\u00fc\u00fc\",\"item\":\"https:\/\/www.villemipubid.ee\/sweet-rosie\/menuu\/\"},{\"@type\":\"ListItem\",\"position\":3,\"name\":\"Eripakkumised\"}]}]}<\/script>\n<!-- \/ Yoast SEO plugin. -->","yoast_head_json":{"title":"Eripakkumised - Sweet Rosie","robots":{"index":"index","follow":"follow","max-snippet":"max-snippet:-1","max-image-preview":"max-image-preview:large","max-video-preview":"max-video-preview:-1"},"canonical":"https:\/\/www.villemipubid.ee\/sweet-rosie\/menuu\/eripakkumised\/","og_locale":"et_EE","og_type":"article","og_title":"Eripakkumised - Sweet Rosie","og_description":"P\u00e4evapakkumine P\u00e4evapraad 5,90 Mais soovitame Kr\u00f5bedad kanaampsud Sriracha mayoga 5,90 Rebitud veisep\u00f5sk v\u00e4rskel salatil 7,90 Kuldne koha k\u00f6\u00f6giviljariisi ja v\u00f5ikastmega 12,90 Karamelline rullkook 5,50 Kronenbourg 1664 Blanc\u00a0 5,0%\u00a0 3 x 0,5 l 14,90 Damm Complot IPA\u00a0 6,6%\u00a0 \u00a0 \u00a00,5 l ...","og_url":"https:\/\/www.villemipubid.ee\/sweet-rosie\/menuu\/eripakkumised\/","og_site_name":"Sweet Rosie","article_modified_time":"2026-05-01T06:14:24+00:00","twitter_card":"summary","twitter_misc":{"Est. reading time":"1 minut"},"schema":{"@context":"https:\/\/schema.org","@graph":[{"@type":"WebSite","@id":"https:\/\/www.villemipubid.ee\/sweet-rosie\/#website","url":"https:\/\/www.villemipubid.ee\/sweet-rosie\/","name":"Sweet Rosie","description":"","potentialAction":[{"@type":"SearchAction","target":{"@type":"EntryPoint","urlTemplate":"https:\/\/www.villemipubid.ee\/sweet-rosie\/?s={search_term_string}"},"query-input":"required name=search_term_string"}],"inLanguage":"et"},{"@type":"WebPage","@id":"https:\/\/www.villemipubid.ee\/sweet-rosie\/menuu\/eripakkumised\/#webpage","url":"https:\/\/www.villemipubid.ee\/sweet-rosie\/menuu\/eripakkumised\/","name":"Eripakkumised - Sweet Rosie","isPartOf":{"@id":"https:\/\/www.villemipubid.ee\/sweet-rosie\/#website"},"datePublished":"2015-08-24T11:14:13+00:00","dateModified":"2026-05-01T06:14:24+00:00","breadcrumb":{"@id":"https:\/\/www.villemipubid.ee\/sweet-rosie\/menuu\/eripakkumised\/#breadcrumb"},"inLanguage":"et","potentialAction":[{"@type":"ReadAction","target":["https:\/\/www.villemipubid.ee\/sweet-rosie\/menuu\/eripakkumised\/"]}]},{"@type":"BreadcrumbList","@id":"https:\/\/www.villemipubid.ee\/sweet-rosie\/menuu\/eripakkumised\/#breadcrumb","itemListElement":[{"@type":"ListItem","position":1,"name":"Home","item":"https:\/\/www.villemipubid.ee\/sweet-rosie\/"},{"@type":"ListItem","position":2,"name":"Men\u00fc\u00fc","item":"https:\/\/www.villemipubid.ee\/sweet-rosie\/menuu\/"},{"@type":"ListItem","position":3,"name":"Eripakkumised"}]}]}},"_links":{"self":[{"href":"https:\/\/www.villemipubid.ee\/sweet-rosie\/wp-json\/wp\/v2\/pages\/339"}],"collection":[{"href":"https:\/\/www.villemipubid.ee\/sweet-rosie\/wp-json\/wp\/v2\/pages"}],"about":[{"href":"https:\/\/www.villemipubid.ee\/sweet-rosie\/wp-json\/wp\/v2\/types\/page"}],"author":[{"embeddable":true,"href":"https:\/\/www.villemipubid.ee\/sweet-rosie\/wp-json\/wp\/v2\/users\/1"}],"replies":[{"embeddable":true,"href":"https:\/\/www.villemipubid.ee\/sweet-rosie\/wp-json\/wp\/v2\/comments?post=339"}],"version-history":[{"count":260,"href":"https:\/\/www.villemipubid.ee\/sweet-rosie\/wp-json\/wp\/v2\/pages\/339\/revisions"}],"predecessor-version":[{"id":2744,"href":"https:\/\/www.villemipubid.ee\/sweet-rosie\/wp-json\/wp\/v2\/pages\/339\/revisions\/2744"}],"up":[{"embeddable":true,"href":"https:\/\/www.villemipubid.ee\/sweet-rosie\/wp-json\/wp\/v2\/pages\/11"}],"wp:attachment":[{"href":"https:\/\/www.villemipubid.ee\/sweet-rosie\/wp-json\/wp\/v2\/media?parent=339"}],"curies":[{"name":"wp","href":"https:\/\/api.w.org\/{rel}","templated":true}]}}