{"id":66,"date":"2015-05-29T10:59:24","date_gmt":"2015-05-29T07:59:24","guid":{"rendered":"http:\/\/www.villemipubid.ee\/inglise-pubi\/?page_id=66"},"modified":"2025-02-17T12:53:44","modified_gmt":"2025-02-17T10:53:44","slug":"ajalugu","status":"publish","type":"page","link":"https:\/\/www.villemipubid.ee\/scottish-house\/ajalugu\/","title":{"rendered":"Ajalugu"},"content":{"rendered":"<h2>Vana Villemi Pubi k\u00f5neleb iseendast<\/h2>\n<p>Seitsmendat pubi koondav Vana Villemi K\u00f5rtsid O\u00dc nimi on tuttav igale Eesti inimesele. Aastatega on k\u00f5rtsikett laienenud \u00fcle Eesti suurematesse linnadesse, j\u00e4\u00e4des k\u00f5igi nende aastate jooksul truuks oma p\u00f5him\u00f5ttele: pakkuda head s\u00f6\u00f6ki ja jooki taskukohaste hindadega.<\/p>\n<p>Meie tugevus on oma t\u00f5ekspidamistele, n\u00e4gemustele ja unistustele truuks j\u00e4\u00e4mine ning nende elluviimine. Iga k\u00f5rtsi oleme p\u00fc\u00fcdnud kujundada just sellisena, et sooviksime ka ise seal einestada ja \u00f5lut juua,<\/p>\n<p>Aastal 1995\u00a0alustatud tegevus koondab t\u00e4naseks \u00fchtsesse ketti j\u00e4rgmised pubid:<\/p>\n<ul>\n<li>Vana Villemi Pubi\u00a0(Tallinn)<\/li>\n<li>The Dubliner\u00a0(Tallinn)<\/li>\n<li>M\u00fcnchner (Tallinn)<\/li>\n<li>Sweet Rosie\u00a0(P\u00e4rnu)<\/li>\n<li>C.F Hahni\u00a0Pubi (P\u00e4rnu)<\/li>\n<li>Scottish House (Keila)<\/li>\n<li>M\u00f6nus Villem Pubi (Kuressaare)<\/li>\n<\/ul>\n<h2>Auhinnad ja tunnustused:<\/h2>\n<p>Auhinnatud aastast 1997:<\/p>\n<ul>\n<li>Aastal 1997 hinnati Ajaleht \u00c4rip\u00e4ev uuringute p\u00f5hjal Vana\u00a0Villemi Pubi Tallinna parimaks pubiks.<\/li>\n<li>Auhinnatud aastal 2005 \u201e H\u00f5belusikaga\u201c<\/li>\n<li>Aastatel 2005, 2006, 2007, 2008, 2009, 2010, 2011, 2012 ja 2013 tunnustati\u00a0\u201eKliendid Kiidavad\u201c diplomiga.<\/li>\n<li>Vana Villemi Pubi v\u00f5itis oktoober 2012 uhke\u00a0Saaremaa Vodka tiitli &#8211; &#8220;S\u00f5prade lemmik Tallinnas&#8221;<\/li>\n<\/ul>\n","protected":false},"excerpt":{"rendered":"<p>Vana Villemi Pubi k\u00f5neleb iseendast Seitsmendat pubi koondav Vana Villemi K\u00f5rtsid O\u00dc nimi on tuttav igale Eesti inimesele. Aastatega on k\u00f5rtsikett laienenud \u00fcle Eesti suurematesse linnadesse, j\u00e4\u00e4des k\u00f5igi nende aastate jooksul truuks oma p\u00f5him\u00f5ttele: pakkuda head s\u00f6\u00f6ki ja jooki taskukohaste &#8230;<\/p>\n","protected":false},"author":1,"featured_media":520,"parent":0,"menu_order":1,"comment_status":"closed","ping_status":"closed","template":"","meta":[],"yoast_head":"<!-- This site is optimized with the Yoast SEO plugin v18.3 - https:\/\/yoast.com\/wordpress\/plugins\/seo\/ -->\n<title>Ajalugu - Scottish House<\/title>\n<meta name=\"robots\" content=\"index, follow, max-snippet:-1, max-image-preview:large, max-video-preview:-1\" \/>\n<link rel=\"canonical\" href=\"https:\/\/www.villemipubid.ee\/scottish-house\/ajalugu\/\" \/>\n<meta property=\"og:locale\" content=\"et_EE\" \/>\n<meta property=\"og:type\" content=\"article\" \/>\n<meta property=\"og:title\" content=\"Ajalugu - Scottish House\" \/>\n<meta property=\"og:description\" content=\"Vana Villemi Pubi k\u00f5neleb iseendast Seitsmendat pubi koondav Vana Villemi K\u00f5rtsid O\u00dc nimi on tuttav igale Eesti inimesele. Aastatega on k\u00f5rtsikett laienenud \u00fcle Eesti suurematesse linnadesse, j\u00e4\u00e4des k\u00f5igi nende aastate jooksul truuks oma p\u00f5him\u00f5ttele: pakkuda head s\u00f6\u00f6ki ja jooki taskukohaste ...\" \/>\n<meta property=\"og:url\" content=\"https:\/\/www.villemipubid.ee\/scottish-house\/ajalugu\/\" \/>\n<meta property=\"og:site_name\" content=\"Scottish House\" \/>\n<meta property=\"article:modified_time\" content=\"2025-02-17T10:53:44+00:00\" \/>\n<meta property=\"og:image\" content=\"http:\/\/www.villemipubid.ee\/scottish-house\/wp-content\/uploads\/sites\/3\/2015\/05\/Scottish-House-25_preview.jpeg\" \/>\n\t<meta property=\"og:image:width\" content=\"1280\" \/>\n\t<meta property=\"og:image:height\" content=\"854\" \/>\n\t<meta property=\"og:image:type\" content=\"image\/jpeg\" \/>\n<meta name=\"twitter:card\" content=\"summary\" \/>\n<meta name=\"twitter:label1\" content=\"Est. reading time\" \/>\n\t<meta name=\"twitter:data1\" content=\"1 minut\" \/>\n<script type=\"application\/ld+json\" class=\"yoast-schema-graph\">{\"@context\":\"https:\/\/schema.org\",\"@graph\":[{\"@type\":\"WebSite\",\"@id\":\"https:\/\/www.villemipubid.ee\/scottish-house\/#website\",\"url\":\"https:\/\/www.villemipubid.ee\/scottish-house\/\",\"name\":\"Scottish House\",\"description\":\"\",\"potentialAction\":[{\"@type\":\"SearchAction\",\"target\":{\"@type\":\"EntryPoint\",\"urlTemplate\":\"https:\/\/www.villemipubid.ee\/scottish-house\/?s={search_term_string}\"},\"query-input\":\"required name=search_term_string\"}],\"inLanguage\":\"et\"},{\"@type\":\"ImageObject\",\"@id\":\"https:\/\/www.villemipubid.ee\/scottish-house\/ajalugu\/#primaryimage\",\"inLanguage\":\"et\",\"url\":\"https:\/\/www.villemipubid.ee\/scottish-house\/wp-content\/uploads\/sites\/3\/2015\/05\/Scottish-House-25_preview.jpeg\",\"contentUrl\":\"https:\/\/www.villemipubid.ee\/scottish-house\/wp-content\/uploads\/sites\/3\/2015\/05\/Scottish-House-25_preview.jpeg\",\"width\":1280,\"height\":854},{\"@type\":\"WebPage\",\"@id\":\"https:\/\/www.villemipubid.ee\/scottish-house\/ajalugu\/#webpage\",\"url\":\"https:\/\/www.villemipubid.ee\/scottish-house\/ajalugu\/\",\"name\":\"Ajalugu - Scottish House\",\"isPartOf\":{\"@id\":\"https:\/\/www.villemipubid.ee\/scottish-house\/#website\"},\"primaryImageOfPage\":{\"@id\":\"https:\/\/www.villemipubid.ee\/scottish-house\/ajalugu\/#primaryimage\"},\"datePublished\":\"2015-05-29T07:59:24+00:00\",\"dateModified\":\"2025-02-17T10:53:44+00:00\",\"breadcrumb\":{\"@id\":\"https:\/\/www.villemipubid.ee\/scottish-house\/ajalugu\/#breadcrumb\"},\"inLanguage\":\"et\",\"potentialAction\":[{\"@type\":\"ReadAction\",\"target\":[\"https:\/\/www.villemipubid.ee\/scottish-house\/ajalugu\/\"]}]},{\"@type\":\"BreadcrumbList\",\"@id\":\"https:\/\/www.villemipubid.ee\/scottish-house\/ajalugu\/#breadcrumb\",\"itemListElement\":[{\"@type\":\"ListItem\",\"position\":1,\"name\":\"Home\",\"item\":\"https:\/\/www.villemipubid.ee\/scottish-house\/\"},{\"@type\":\"ListItem\",\"position\":2,\"name\":\"Ajalugu\"}]}]}<\/script>\n<!-- \/ Yoast SEO plugin. -->","yoast_head_json":{"title":"Ajalugu - Scottish House","robots":{"index":"index","follow":"follow","max-snippet":"max-snippet:-1","max-image-preview":"max-image-preview:large","max-video-preview":"max-video-preview:-1"},"canonical":"https:\/\/www.villemipubid.ee\/scottish-house\/ajalugu\/","og_locale":"et_EE","og_type":"article","og_title":"Ajalugu - Scottish House","og_description":"Vana Villemi Pubi k\u00f5neleb iseendast Seitsmendat pubi koondav Vana Villemi K\u00f5rtsid O\u00dc nimi on tuttav igale Eesti inimesele. Aastatega on k\u00f5rtsikett laienenud \u00fcle Eesti suurematesse linnadesse, j\u00e4\u00e4des k\u00f5igi nende aastate jooksul truuks oma p\u00f5him\u00f5ttele: pakkuda head s\u00f6\u00f6ki ja jooki taskukohaste ...","og_url":"https:\/\/www.villemipubid.ee\/scottish-house\/ajalugu\/","og_site_name":"Scottish House","article_modified_time":"2025-02-17T10:53:44+00:00","og_image":[{"width":1280,"height":854,"url":"http:\/\/www.villemipubid.ee\/scottish-house\/wp-content\/uploads\/sites\/3\/2015\/05\/Scottish-House-25_preview.jpeg","type":"image\/jpeg"}],"twitter_card":"summary","twitter_misc":{"Est. reading time":"1 minut"},"schema":{"@context":"https:\/\/schema.org","@graph":[{"@type":"WebSite","@id":"https:\/\/www.villemipubid.ee\/scottish-house\/#website","url":"https:\/\/www.villemipubid.ee\/scottish-house\/","name":"Scottish House","description":"","potentialAction":[{"@type":"SearchAction","target":{"@type":"EntryPoint","urlTemplate":"https:\/\/www.villemipubid.ee\/scottish-house\/?s={search_term_string}"},"query-input":"required name=search_term_string"}],"inLanguage":"et"},{"@type":"ImageObject","@id":"https:\/\/www.villemipubid.ee\/scottish-house\/ajalugu\/#primaryimage","inLanguage":"et","url":"https:\/\/www.villemipubid.ee\/scottish-house\/wp-content\/uploads\/sites\/3\/2015\/05\/Scottish-House-25_preview.jpeg","contentUrl":"https:\/\/www.villemipubid.ee\/scottish-house\/wp-content\/uploads\/sites\/3\/2015\/05\/Scottish-House-25_preview.jpeg","width":1280,"height":854},{"@type":"WebPage","@id":"https:\/\/www.villemipubid.ee\/scottish-house\/ajalugu\/#webpage","url":"https:\/\/www.villemipubid.ee\/scottish-house\/ajalugu\/","name":"Ajalugu - Scottish House","isPartOf":{"@id":"https:\/\/www.villemipubid.ee\/scottish-house\/#website"},"primaryImageOfPage":{"@id":"https:\/\/www.villemipubid.ee\/scottish-house\/ajalugu\/#primaryimage"},"datePublished":"2015-05-29T07:59:24+00:00","dateModified":"2025-02-17T10:53:44+00:00","breadcrumb":{"@id":"https:\/\/www.villemipubid.ee\/scottish-house\/ajalugu\/#breadcrumb"},"inLanguage":"et","potentialAction":[{"@type":"ReadAction","target":["https:\/\/www.villemipubid.ee\/scottish-house\/ajalugu\/"]}]},{"@type":"BreadcrumbList","@id":"https:\/\/www.villemipubid.ee\/scottish-house\/ajalugu\/#breadcrumb","itemListElement":[{"@type":"ListItem","position":1,"name":"Home","item":"https:\/\/www.villemipubid.ee\/scottish-house\/"},{"@type":"ListItem","position":2,"name":"Ajalugu"}]}]}},"_links":{"self":[{"href":"https:\/\/www.villemipubid.ee\/scottish-house\/wp-json\/wp\/v2\/pages\/66"}],"collection":[{"href":"https:\/\/www.villemipubid.ee\/scottish-house\/wp-json\/wp\/v2\/pages"}],"about":[{"href":"https:\/\/www.villemipubid.ee\/scottish-house\/wp-json\/wp\/v2\/types\/page"}],"author":[{"embeddable":true,"href":"https:\/\/www.villemipubid.ee\/scottish-house\/wp-json\/wp\/v2\/users\/1"}],"replies":[{"embeddable":true,"href":"https:\/\/www.villemipubid.ee\/scottish-house\/wp-json\/wp\/v2\/comments?post=66"}],"version-history":[{"count":4,"href":"https:\/\/www.villemipubid.ee\/scottish-house\/wp-json\/wp\/v2\/pages\/66\/revisions"}],"predecessor-version":[{"id":2463,"href":"https:\/\/www.villemipubid.ee\/scottish-house\/wp-json\/wp\/v2\/pages\/66\/revisions\/2463"}],"wp:featuredmedia":[{"embeddable":true,"href":"https:\/\/www.villemipubid.ee\/scottish-house\/wp-json\/wp\/v2\/media\/520"}],"wp:attachment":[{"href":"https:\/\/www.villemipubid.ee\/scottish-house\/wp-json\/wp\/v2\/media?parent=66"}],"curies":[{"name":"wp","href":"https:\/\/api.w.org\/{rel}","templated":true}]}}