{"id":37,"date":"2015-05-28T10:35:42","date_gmt":"2015-05-28T07:35:42","guid":{"rendered":"http:\/\/www.villemipubid.ee\/inglise-pubi\/?page_id=37"},"modified":"2024-12-05T15:54:27","modified_gmt":"2024-12-05T13:54:27","slug":"uritused","status":"publish","type":"page","link":"https:\/\/www.villemipubid.ee\/scottish-house\/pildid\/uritused\/","title":{"rendered":"\u00dcritused"},"content":{"rendered":"<p><strong>Scottish House&#8217;i 2. korrusel asub privaatne peosaal, mis on ideaalne paik eriliste s\u00fcndmuste t\u00e4histamiseks.<\/strong> See hubane ja elegantne ruum pakub suurep\u00e4rase v\u00f5imaluse nautida eriline hetk oma valitud seltskonnaga. Kui soovite rohkem teavet v\u00f5i saada individuaalset pakkumist, palun v\u00f5tke meiega \u00fchendust aadressil: <strong><a rel=\"noopener\">scottishhouse.keila@gmail.com<\/a><\/strong>.<\/p>\n<p><a href=\"http:\/\/www.villemipubid.ee\/scottish-house\/wp-content\/uploads\/sites\/3\/2024\/12\/IMG_4577-scaled.jpeg\"><img loading=\"lazy\" class=\"alignnone size-medium wp-image-2401\" src=\"http:\/\/www.villemipubid.ee\/scottish-house\/wp-content\/uploads\/sites\/3\/2024\/12\/IMG_4577-800x600.jpeg\" alt=\"\" width=\"300\" height=\"225\" srcset=\"https:\/\/www.villemipubid.ee\/scottish-house\/wp-content\/uploads\/sites\/3\/2024\/12\/IMG_4577-800x600.jpeg 800w, https:\/\/www.villemipubid.ee\/scottish-house\/wp-content\/uploads\/sites\/3\/2024\/12\/IMG_4577-1280x960.jpeg 1280w, https:\/\/www.villemipubid.ee\/scottish-house\/wp-content\/uploads\/sites\/3\/2024\/12\/IMG_4577-150x113.jpeg 150w, https:\/\/www.villemipubid.ee\/scottish-house\/wp-content\/uploads\/sites\/3\/2024\/12\/IMG_4577-768x576.jpeg 768w, https:\/\/www.villemipubid.ee\/scottish-house\/wp-content\/uploads\/sites\/3\/2024\/12\/IMG_4577-1536x1152.jpeg 1536w, https:\/\/www.villemipubid.ee\/scottish-house\/wp-content\/uploads\/sites\/3\/2024\/12\/IMG_4577-2048x1536.jpeg 2048w, https:\/\/www.villemipubid.ee\/scottish-house\/wp-content\/uploads\/sites\/3\/2024\/12\/IMG_4577-480x360.jpeg 480w, https:\/\/www.villemipubid.ee\/scottish-house\/wp-content\/uploads\/sites\/3\/2024\/12\/IMG_4577-1920x1440.jpeg 1920w, https:\/\/www.villemipubid.ee\/scottish-house\/wp-content\/uploads\/sites\/3\/2024\/12\/IMG_4577-1180x885.jpeg 1180w, https:\/\/www.villemipubid.ee\/scottish-house\/wp-content\/uploads\/sites\/3\/2024\/12\/IMG_4577-300x225.jpeg 300w, https:\/\/www.villemipubid.ee\/scottish-house\/wp-content\/uploads\/sites\/3\/2024\/12\/IMG_4577-1600x1200.jpeg 1600w, https:\/\/www.villemipubid.ee\/scottish-house\/wp-content\/uploads\/sites\/3\/2024\/12\/IMG_4577-960x720.jpeg 960w, https:\/\/www.villemipubid.ee\/scottish-house\/wp-content\/uploads\/sites\/3\/2024\/12\/IMG_4577-600x450.jpeg 600w\" sizes=\"(max-width: 300px) 100vw, 300px\" \/><\/a><a href=\"http:\/\/www.villemipubid.ee\/scottish-house\/wp-content\/uploads\/sites\/3\/2024\/12\/IMG_4576-scaled.jpeg\"><img loading=\"lazy\" class=\"alignnone size-medium wp-image-2400\" src=\"http:\/\/www.villemipubid.ee\/scottish-house\/wp-content\/uploads\/sites\/3\/2024\/12\/IMG_4576-800x600.jpeg\" alt=\"\" width=\"300\" height=\"225\" srcset=\"https:\/\/www.villemipubid.ee\/scottish-house\/wp-content\/uploads\/sites\/3\/2024\/12\/IMG_4576-800x600.jpeg 800w, https:\/\/www.villemipubid.ee\/scottish-house\/wp-content\/uploads\/sites\/3\/2024\/12\/IMG_4576-1280x960.jpeg 1280w, https:\/\/www.villemipubid.ee\/scottish-house\/wp-content\/uploads\/sites\/3\/2024\/12\/IMG_4576-150x113.jpeg 150w, https:\/\/www.villemipubid.ee\/scottish-house\/wp-content\/uploads\/sites\/3\/2024\/12\/IMG_4576-768x576.jpeg 768w, https:\/\/www.villemipubid.ee\/scottish-house\/wp-content\/uploads\/sites\/3\/2024\/12\/IMG_4576-1536x1152.jpeg 1536w, https:\/\/www.villemipubid.ee\/scottish-house\/wp-content\/uploads\/sites\/3\/2024\/12\/IMG_4576-2048x1536.jpeg 2048w, https:\/\/www.villemipubid.ee\/scottish-house\/wp-content\/uploads\/sites\/3\/2024\/12\/IMG_4576-480x360.jpeg 480w, https:\/\/www.villemipubid.ee\/scottish-house\/wp-content\/uploads\/sites\/3\/2024\/12\/IMG_4576-1920x1440.jpeg 1920w, https:\/\/www.villemipubid.ee\/scottish-house\/wp-content\/uploads\/sites\/3\/2024\/12\/IMG_4576-1180x885.jpeg 1180w, https:\/\/www.villemipubid.ee\/scottish-house\/wp-content\/uploads\/sites\/3\/2024\/12\/IMG_4576-300x225.jpeg 300w, https:\/\/www.villemipubid.ee\/scottish-house\/wp-content\/uploads\/sites\/3\/2024\/12\/IMG_4576-1600x1200.jpeg 1600w, https:\/\/www.villemipubid.ee\/scottish-house\/wp-content\/uploads\/sites\/3\/2024\/12\/IMG_4576-960x720.jpeg 960w, https:\/\/www.villemipubid.ee\/scottish-house\/wp-content\/uploads\/sites\/3\/2024\/12\/IMG_4576-600x450.jpeg 600w\" sizes=\"(max-width: 300px) 100vw, 300px\" \/><\/a><a href=\"http:\/\/www.villemipubid.ee\/scottish-house\/wp-content\/uploads\/sites\/3\/2024\/12\/IMG_4586-scaled.jpeg\"><img loading=\"lazy\" class=\"alignnone size-medium wp-image-2399\" src=\"http:\/\/www.villemipubid.ee\/scottish-house\/wp-content\/uploads\/sites\/3\/2024\/12\/IMG_4586-800x600.jpeg\" alt=\"\" width=\"300\" height=\"225\" srcset=\"https:\/\/www.villemipubid.ee\/scottish-house\/wp-content\/uploads\/sites\/3\/2024\/12\/IMG_4586-800x600.jpeg 800w, https:\/\/www.villemipubid.ee\/scottish-house\/wp-content\/uploads\/sites\/3\/2024\/12\/IMG_4586-1280x960.jpeg 1280w, https:\/\/www.villemipubid.ee\/scottish-house\/wp-content\/uploads\/sites\/3\/2024\/12\/IMG_4586-150x113.jpeg 150w, https:\/\/www.villemipubid.ee\/scottish-house\/wp-content\/uploads\/sites\/3\/2024\/12\/IMG_4586-768x576.jpeg 768w, https:\/\/www.villemipubid.ee\/scottish-house\/wp-content\/uploads\/sites\/3\/2024\/12\/IMG_4586-1536x1152.jpeg 1536w, https:\/\/www.villemipubid.ee\/scottish-house\/wp-content\/uploads\/sites\/3\/2024\/12\/IMG_4586-2048x1536.jpeg 2048w, https:\/\/www.villemipubid.ee\/scottish-house\/wp-content\/uploads\/sites\/3\/2024\/12\/IMG_4586-480x360.jpeg 480w, https:\/\/www.villemipubid.ee\/scottish-house\/wp-content\/uploads\/sites\/3\/2024\/12\/IMG_4586-1920x1440.jpeg 1920w, https:\/\/www.villemipubid.ee\/scottish-house\/wp-content\/uploads\/sites\/3\/2024\/12\/IMG_4586-1180x885.jpeg 1180w, https:\/\/www.villemipubid.ee\/scottish-house\/wp-content\/uploads\/sites\/3\/2024\/12\/IMG_4586-300x225.jpeg 300w, https:\/\/www.villemipubid.ee\/scottish-house\/wp-content\/uploads\/sites\/3\/2024\/12\/IMG_4586-1600x1200.jpeg 1600w, https:\/\/www.villemipubid.ee\/scottish-house\/wp-content\/uploads\/sites\/3\/2024\/12\/IMG_4586-960x720.jpeg 960w, https:\/\/www.villemipubid.ee\/scottish-house\/wp-content\/uploads\/sites\/3\/2024\/12\/IMG_4586-600x450.jpeg 600w\" sizes=\"(max-width: 300px) 100vw, 300px\" \/><\/a><\/p>\n","protected":false},"excerpt":{"rendered":"<p>Scottish House&#8217;i 2. korrusel asub privaatne peosaal, mis on ideaalne paik eriliste s\u00fcndmuste t\u00e4histamiseks. See hubane ja elegantne ruum pakub suurep\u00e4rase v\u00f5imaluse nautida eriline hetk oma valitud seltskonnaga. Kui soovite rohkem teavet v\u00f5i saada individuaalset pakkumist, palun v\u00f5tke meiega \u00fchendust &#8230;<\/p>\n","protected":false},"author":1,"featured_media":520,"parent":33,"menu_order":1,"comment_status":"closed","ping_status":"closed","template":"","meta":[],"yoast_head":"<!-- This site is optimized with the Yoast SEO plugin v18.3 - https:\/\/yoast.com\/wordpress\/plugins\/seo\/ -->\n<title>\u00dcritused - Scottish House<\/title>\n<meta name=\"robots\" content=\"index, follow, max-snippet:-1, max-image-preview:large, max-video-preview:-1\" \/>\n<link rel=\"canonical\" href=\"https:\/\/www.villemipubid.ee\/scottish-house\/pildid\/uritused\/\" \/>\n<meta property=\"og:locale\" content=\"et_EE\" \/>\n<meta property=\"og:type\" content=\"article\" \/>\n<meta property=\"og:title\" content=\"\u00dcritused - Scottish House\" \/>\n<meta property=\"og:description\" content=\"Scottish House&#8217;i 2. korrusel asub privaatne peosaal, mis on ideaalne paik eriliste s\u00fcndmuste t\u00e4histamiseks. See hubane ja elegantne ruum pakub suurep\u00e4rase v\u00f5imaluse nautida eriline hetk oma valitud seltskonnaga. Kui soovite rohkem teavet v\u00f5i saada individuaalset pakkumist, palun v\u00f5tke meiega \u00fchendust ...\" \/>\n<meta property=\"og:url\" content=\"https:\/\/www.villemipubid.ee\/scottish-house\/pildid\/uritused\/\" \/>\n<meta property=\"og:site_name\" content=\"Scottish House\" \/>\n<meta property=\"article:modified_time\" content=\"2024-12-05T13:54:27+00:00\" \/>\n<meta property=\"og:image\" content=\"http:\/\/www.villemipubid.ee\/scottish-house\/wp-content\/uploads\/sites\/3\/2015\/05\/Scottish-House-25_preview.jpeg\" \/>\n\t<meta property=\"og:image:width\" content=\"1280\" \/>\n\t<meta property=\"og:image:height\" content=\"854\" \/>\n\t<meta property=\"og:image:type\" content=\"image\/jpeg\" \/>\n<meta name=\"twitter:card\" content=\"summary\" \/>\n<script type=\"application\/ld+json\" class=\"yoast-schema-graph\">{\"@context\":\"https:\/\/schema.org\",\"@graph\":[{\"@type\":\"WebSite\",\"@id\":\"https:\/\/www.villemipubid.ee\/scottish-house\/#website\",\"url\":\"https:\/\/www.villemipubid.ee\/scottish-house\/\",\"name\":\"Scottish House\",\"description\":\"\",\"potentialAction\":[{\"@type\":\"SearchAction\",\"target\":{\"@type\":\"EntryPoint\",\"urlTemplate\":\"https:\/\/www.villemipubid.ee\/scottish-house\/?s={search_term_string}\"},\"query-input\":\"required name=search_term_string\"}],\"inLanguage\":\"et\"},{\"@type\":\"ImageObject\",\"@id\":\"https:\/\/www.villemipubid.ee\/scottish-house\/pildid\/uritused\/#primaryimage\",\"inLanguage\":\"et\",\"url\":\"https:\/\/www.villemipubid.ee\/scottish-house\/wp-content\/uploads\/sites\/3\/2015\/05\/Scottish-House-25_preview.jpeg\",\"contentUrl\":\"https:\/\/www.villemipubid.ee\/scottish-house\/wp-content\/uploads\/sites\/3\/2015\/05\/Scottish-House-25_preview.jpeg\",\"width\":1280,\"height\":854},{\"@type\":\"WebPage\",\"@id\":\"https:\/\/www.villemipubid.ee\/scottish-house\/pildid\/uritused\/#webpage\",\"url\":\"https:\/\/www.villemipubid.ee\/scottish-house\/pildid\/uritused\/\",\"name\":\"\u00dcritused - Scottish House\",\"isPartOf\":{\"@id\":\"https:\/\/www.villemipubid.ee\/scottish-house\/#website\"},\"primaryImageOfPage\":{\"@id\":\"https:\/\/www.villemipubid.ee\/scottish-house\/pildid\/uritused\/#primaryimage\"},\"datePublished\":\"2015-05-28T07:35:42+00:00\",\"dateModified\":\"2024-12-05T13:54:27+00:00\",\"breadcrumb\":{\"@id\":\"https:\/\/www.villemipubid.ee\/scottish-house\/pildid\/uritused\/#breadcrumb\"},\"inLanguage\":\"et\",\"potentialAction\":[{\"@type\":\"ReadAction\",\"target\":[\"https:\/\/www.villemipubid.ee\/scottish-house\/pildid\/uritused\/\"]}]},{\"@type\":\"BreadcrumbList\",\"@id\":\"https:\/\/www.villemipubid.ee\/scottish-house\/pildid\/uritused\/#breadcrumb\",\"itemListElement\":[{\"@type\":\"ListItem\",\"position\":1,\"name\":\"Home\",\"item\":\"https:\/\/www.villemipubid.ee\/scottish-house\/\"},{\"@type\":\"ListItem\",\"position\":2,\"name\":\"Pildid\",\"item\":\"https:\/\/www.villemipubid.ee\/scottish-house\/pildid\/\"},{\"@type\":\"ListItem\",\"position\":3,\"name\":\"\u00dcritused\"}]}]}<\/script>\n<!-- \/ Yoast SEO plugin. -->","yoast_head_json":{"title":"\u00dcritused - Scottish House","robots":{"index":"index","follow":"follow","max-snippet":"max-snippet:-1","max-image-preview":"max-image-preview:large","max-video-preview":"max-video-preview:-1"},"canonical":"https:\/\/www.villemipubid.ee\/scottish-house\/pildid\/uritused\/","og_locale":"et_EE","og_type":"article","og_title":"\u00dcritused - Scottish House","og_description":"Scottish House&#8217;i 2. korrusel asub privaatne peosaal, mis on ideaalne paik eriliste s\u00fcndmuste t\u00e4histamiseks. See hubane ja elegantne ruum pakub suurep\u00e4rase v\u00f5imaluse nautida eriline hetk oma valitud seltskonnaga. Kui soovite rohkem teavet v\u00f5i saada individuaalset pakkumist, palun v\u00f5tke meiega \u00fchendust ...","og_url":"https:\/\/www.villemipubid.ee\/scottish-house\/pildid\/uritused\/","og_site_name":"Scottish House","article_modified_time":"2024-12-05T13:54:27+00:00","og_image":[{"width":1280,"height":854,"url":"http:\/\/www.villemipubid.ee\/scottish-house\/wp-content\/uploads\/sites\/3\/2015\/05\/Scottish-House-25_preview.jpeg","type":"image\/jpeg"}],"twitter_card":"summary","schema":{"@context":"https:\/\/schema.org","@graph":[{"@type":"WebSite","@id":"https:\/\/www.villemipubid.ee\/scottish-house\/#website","url":"https:\/\/www.villemipubid.ee\/scottish-house\/","name":"Scottish House","description":"","potentialAction":[{"@type":"SearchAction","target":{"@type":"EntryPoint","urlTemplate":"https:\/\/www.villemipubid.ee\/scottish-house\/?s={search_term_string}"},"query-input":"required name=search_term_string"}],"inLanguage":"et"},{"@type":"ImageObject","@id":"https:\/\/www.villemipubid.ee\/scottish-house\/pildid\/uritused\/#primaryimage","inLanguage":"et","url":"https:\/\/www.villemipubid.ee\/scottish-house\/wp-content\/uploads\/sites\/3\/2015\/05\/Scottish-House-25_preview.jpeg","contentUrl":"https:\/\/www.villemipubid.ee\/scottish-house\/wp-content\/uploads\/sites\/3\/2015\/05\/Scottish-House-25_preview.jpeg","width":1280,"height":854},{"@type":"WebPage","@id":"https:\/\/www.villemipubid.ee\/scottish-house\/pildid\/uritused\/#webpage","url":"https:\/\/www.villemipubid.ee\/scottish-house\/pildid\/uritused\/","name":"\u00dcritused - Scottish House","isPartOf":{"@id":"https:\/\/www.villemipubid.ee\/scottish-house\/#website"},"primaryImageOfPage":{"@id":"https:\/\/www.villemipubid.ee\/scottish-house\/pildid\/uritused\/#primaryimage"},"datePublished":"2015-05-28T07:35:42+00:00","dateModified":"2024-12-05T13:54:27+00:00","breadcrumb":{"@id":"https:\/\/www.villemipubid.ee\/scottish-house\/pildid\/uritused\/#breadcrumb"},"inLanguage":"et","potentialAction":[{"@type":"ReadAction","target":["https:\/\/www.villemipubid.ee\/scottish-house\/pildid\/uritused\/"]}]},{"@type":"BreadcrumbList","@id":"https:\/\/www.villemipubid.ee\/scottish-house\/pildid\/uritused\/#breadcrumb","itemListElement":[{"@type":"ListItem","position":1,"name":"Home","item":"https:\/\/www.villemipubid.ee\/scottish-house\/"},{"@type":"ListItem","position":2,"name":"Pildid","item":"https:\/\/www.villemipubid.ee\/scottish-house\/pildid\/"},{"@type":"ListItem","position":3,"name":"\u00dcritused"}]}]}},"_links":{"self":[{"href":"https:\/\/www.villemipubid.ee\/scottish-house\/wp-json\/wp\/v2\/pages\/37"}],"collection":[{"href":"https:\/\/www.villemipubid.ee\/scottish-house\/wp-json\/wp\/v2\/pages"}],"about":[{"href":"https:\/\/www.villemipubid.ee\/scottish-house\/wp-json\/wp\/v2\/types\/page"}],"author":[{"embeddable":true,"href":"https:\/\/www.villemipubid.ee\/scottish-house\/wp-json\/wp\/v2\/users\/1"}],"replies":[{"embeddable":true,"href":"https:\/\/www.villemipubid.ee\/scottish-house\/wp-json\/wp\/v2\/comments?post=37"}],"version-history":[{"count":8,"href":"https:\/\/www.villemipubid.ee\/scottish-house\/wp-json\/wp\/v2\/pages\/37\/revisions"}],"predecessor-version":[{"id":2404,"href":"https:\/\/www.villemipubid.ee\/scottish-house\/wp-json\/wp\/v2\/pages\/37\/revisions\/2404"}],"up":[{"embeddable":true,"href":"https:\/\/www.villemipubid.ee\/scottish-house\/wp-json\/wp\/v2\/pages\/33"}],"wp:featuredmedia":[{"embeddable":true,"href":"https:\/\/www.villemipubid.ee\/scottish-house\/wp-json\/wp\/v2\/media\/520"}],"wp:attachment":[{"href":"https:\/\/www.villemipubid.ee\/scottish-house\/wp-json\/wp\/v2\/media?parent=37"}],"curies":[{"name":"wp","href":"https:\/\/api.w.org\/{rel}","templated":true}]}}