{"id":336,"date":"2015-08-24T13:45:13","date_gmt":"2015-08-24T10:45:13","guid":{"rendered":"http:\/\/www.villemipubid.ee\/inglise-pubi\/?page_id=336"},"modified":"2026-02-02T13:04:11","modified_gmt":"2026-02-02T11:04:11","slug":"soogid","status":"publish","type":"page","link":"https:\/\/www.villemipubid.ee\/scottish-house\/soogid\/","title":{"rendered":"S\u00f6\u00f6gid"},"content":{"rendered":"<h1>Soojad suupisted<\/h1>\n<p>&nbsp;<\/p>\n<table style=\"height: 449px\" width=\"633\">\n<tbody>\n<tr>\n<td width=\"253\">\u00d5lles\u00f5prade suupistevaagen<\/td>\n<td width=\"45\">19,5<\/td>\n<\/tr>\n<tr>\n<td width=\"290\">M\u00f5nusalt mahlased grillribid<\/td>\n<td width=\"48\">7,9<\/td>\n<\/tr>\n<tr>\n<td>Grillitud tiigerkrevetid<\/td>\n<td>7,9<\/td>\n<\/tr>\n<tr>\n<td>K\u00fcpsetatud kanatiivad<\/td>\n<td>5,9<\/td>\n<\/tr>\n<tr>\n<td>Jalopenodega t\u00e4idetud juustupallid<\/td>\n<td>5,9<\/td>\n<\/tr>\n<tr>\n<td>Kr\u00f5bedad aasiap\u00e4rased juurviljaampsud<\/td>\n<td>5,30<\/td>\n<\/tr>\n<tr>\n<td>K\u00fcpsetatud pelmeenid parmesaniga<\/td>\n<td>5,90<\/td>\n<\/tr>\n<tr>\n<td>K\u00fc\u00fcslauguleivad kastmega<\/td>\n<td>4,70<\/td>\n<\/tr>\n<tr>\n<td>Tempura taignas kanaampsud magushapus kastmes<\/td>\n<td>6,90<\/td>\n<\/tr>\n<tr>\n<td>Ahjuk\u00fcpsed singi-juustu saiakesed<\/td>\n<td>5,9<\/td>\n<\/tr>\n<tr>\n<td>T\u00e4idetud jalopenod \u00f5lletaignas<\/td>\n<td>6,7<\/td>\n<\/tr>\n<tr>\n<td><\/td>\n<td><\/td>\n<\/tr>\n<tr>\n<td><\/td>\n<td><\/td>\n<\/tr>\n<tr>\n<td><\/td>\n<td><\/td>\n<\/tr>\n<tr>\n<td><\/td>\n<td><\/td>\n<\/tr>\n<\/tbody>\n<\/table>\n<h1>K\u00fclmad suupisted<\/h1>\n<table style=\"height: 214px\" width=\"635\">\n<tbody>\n<tr>\n<td width=\"253\">Valik juuste,salaamit ja Hispaania sinki<\/td>\n<td width=\"45\">14,80<\/td>\n<\/tr>\n<tr>\n<td width=\"290\">Pardirind sibulamoosiga<\/td>\n<td width=\"48\">6,90<\/td>\n<\/tr>\n<tr>\n<td>Graavil\u00f5he bruchettad<\/td>\n<td>6.90<\/td>\n<\/tr>\n<tr>\n<td>Soolakurgid hapukoore ja meega<\/td>\n<td>4,20<\/td>\n<\/tr>\n<tr>\n<td><\/td>\n<td><\/td>\n<\/tr>\n<tr>\n<td><\/td>\n<td><\/td>\n<\/tr>\n<tr>\n<td><\/td>\n<td><\/td>\n<\/tr>\n<tr>\n<td><\/td>\n<td><\/td>\n<\/tr>\n<\/tbody>\n<\/table>\n<h1>Salatid<\/h1>\n<table style=\"height: 214px\" width=\"635\">\n<tbody>\n<tr>\n<td width=\"253\">Salat pardiliha ja kr\u00f5beda serrano singiga<\/td>\n<td width=\"45\">7,90<\/td>\n<\/tr>\n<tr>\n<td width=\"290\">Caesari salat grillitud kanaga<\/td>\n<td width=\"48\">7,00<\/td>\n<\/tr>\n<tr>\n<td>Grillitud kitsejuust koheval salatipadjal<\/td>\n<td>7,70<\/td>\n<\/tr>\n<tr>\n<td>Salat ahjul\u00f5he ja krevettidega<\/td>\n<td>7,90<\/td>\n<\/tr>\n<tr>\n<td>Salat r\u00f6stitud k\u00f6\u00f6giviljadega<\/td>\n<td>6,40<\/td>\n<\/tr>\n<tr>\n<td>Soe kartulisalat veisesingi ja seenetega<\/td>\n<td>7,40<\/td>\n<\/tr>\n<\/tbody>\n<\/table>\n<h1>Supid<\/h1>\n<table width=\"636\">\n<tbody>\n<tr>\n<td width=\"253\">V\u00fcrtsikas m\u00e4gilase lihasupp<\/td>\n<td width=\"45\">5,80<\/td>\n<\/tr>\n<tr>\n<td>Kahe kala supp<\/td>\n<td>5,60<\/td>\n<\/tr>\n<tr>\n<td>Tom Kha Kai-kookospiimasupp kana ja seentega<\/td>\n<td>5,50<\/td>\n<\/tr>\n<tr>\n<td><\/td>\n<td><\/td>\n<\/tr>\n<\/tbody>\n<\/table>\n<h1>\u0160oti rahvusroad<\/h1>\n<table width=\"636\">\n<tbody>\n<tr>\n<td width=\"253\">Haggis-traditsiooniline \u0160oti rahvusroog<\/td>\n<td width=\"45\">8,70<\/td>\n<\/tr>\n<tr>\n<td>\u00a0Lordi hommikus\u00f6\u00f6k (11:00-15:00)<\/td>\n<td>8,40<\/td>\n<\/tr>\n<tr>\n<td>\u0160cottish Pie-rammus kana-seene pirukas<\/td>\n<td>8,90<\/td>\n<\/tr>\n<tr>\n<td>\u0160oti pubiroog grillitud kana ja kartuli chipsiga<\/td>\n<td>8,90<\/td>\n<\/tr>\n<tr>\n<td>Cranacahan-\u0160oti kihiline magustoit marjadega<\/td>\n<td>5,70<\/td>\n<\/tr>\n<tr>\n<td><\/td>\n<td><\/td>\n<\/tr>\n<tr>\n<td><\/td>\n<td><\/td>\n<\/tr>\n<\/tbody>\n<\/table>\n<h1>M\u00f5nusad pubiroad<\/h1>\n<table width=\"636\">\n<tbody>\n<tr>\n<td width=\"253\">Fish&amp;Chips<\/td>\n<td width=\"45\">9,50<\/td>\n<\/tr>\n<tr>\n<td>Hamburger friikartulitega<\/td>\n<td>9,20<\/td>\n<\/tr>\n<tr>\n<td>Puuraiduri praad<\/td>\n<td>9,20<\/td>\n<\/tr>\n<tr>\n<td>Kanapasta peekoni ja paprikaga<\/td>\n<td>8,20<\/td>\n<\/tr>\n<tr>\n<td>Tomatine l\u00f5hepasta tiigerkrevettidega<\/td>\n<td>9,20<\/td>\n<\/tr>\n<tr>\n<td>Praetud juustu\u0161nitsel ahjukartulitega<\/td>\n<td>8,20<\/td>\n<\/tr>\n<tr>\n<td>R\u00f6stitud kartulikotletid graavil\u00f5hega<\/td>\n<td>9,50<\/td>\n<\/tr>\n<tr>\n<td>V\u00fcrtsikas kreveti &#8211; tomati panniroog<\/td>\n<td>9,30<\/td>\n<\/tr>\n<tr>\n<td>Pitsa kodujuustup\u00f5hjal suitsukana ja ananassiga<\/td>\n<td>6,40<\/td>\n<\/tr>\n<\/tbody>\n<\/table>\n<h1>Praed<\/h1>\n<table width=\"636\">\n<tbody>\n<tr>\n<td width=\"253\">Lihaveise antrekoot punaveinikastmega<\/td>\n<td width=\"45\">16,90<\/td>\n<\/tr>\n<tr>\n<td>Rekkamehe ribi salsakastmega<\/td>\n<td>15,90<\/td>\n<\/tr>\n<tr>\n<td>Pardirind punaveinikastmega<\/td>\n<td>14,90<\/td>\n<\/tr>\n<tr>\n<td>Haugikotletid kartuli &#8211; brokoligrat\u00e4\u00e4nidega<\/td>\n<td>12,70<\/td>\n<\/tr>\n<tr>\n<td>Tomahook steik seenekastmega<\/td>\n<td>13,50<\/td>\n<\/tr>\n<\/tbody>\n<\/table>\n<h1><\/h1>\n<table style=\"height: 213px\" width=\"634\">\n<tbody>\n<tr>\n<td width=\"253\">Grillitud l\u00f5he r\u00f6stitud k\u00f6\u00f6giviljadega<\/td>\n<td width=\"45\">13,80<\/td>\n<\/tr>\n<tr>\n<td>Marineeritud seakael seenekastmega<\/td>\n<td>12,90<\/td>\n<\/tr>\n<tr>\n<td>Noore Villemi \u0161nitsel<\/td>\n<td>11,50<\/td>\n<\/tr>\n<tr>\n<td>Kanafilee juustus<\/td>\n<td>11,50<\/td>\n<\/tr>\n<tr>\n<td><\/td>\n<td><\/td>\n<\/tr>\n<tr>\n<td><\/td>\n<td><\/td>\n<\/tr>\n<\/tbody>\n<\/table>\n<h1>Lastepraed<\/h1>\n<table width=\"636\">\n<tbody>\n<tr>\n<td width=\"253\">Friikartul kastmega<\/td>\n<td width=\"45\">4,10<\/td>\n<\/tr>\n<tr>\n<td>Kanatiivad friikartuliga<\/td>\n<td>5,20<\/td>\n<\/tr>\n<tr>\n<td>Kananagitsad friikartuliga<\/td>\n<td>5,30<\/td>\n<\/tr>\n<tr>\n<td>Viinerid friikartuliga<\/td>\n<td>5,30<\/td>\n<\/tr>\n<tr>\n<td><\/td>\n<td><\/td>\n<\/tr>\n<\/tbody>\n<\/table>\n<h1>Magustoidud<\/h1>\n<table width=\"636\">\n<tbody>\n<tr>\n<td width=\"253\">Cranachan-\u0161oti kihiline magustoit<\/td>\n<td width=\"45\">5,70<\/td>\n<\/tr>\n<tr>\n<td>\u0160okolaadi fondant j\u00e4\u00e4tisepalliga<\/td>\n<td>5,70<\/td>\n<\/tr>\n<tr>\n<td>K\u00fcpsetatud toorjuustukook<\/td>\n<td>5,70<\/td>\n<\/tr>\n<tr>\n<td>Pannkoogid j\u00e4\u00e4tise ja moosiga<\/td>\n<td>5,70<\/td>\n<\/tr>\n<tr>\n<td>J\u00e4\u00e4tis kirsi &#8211; ja \u0161okolaadikastmega<\/td>\n<td>5,00<\/td>\n<\/tr>\n<tr>\n<td>J\u00e4\u00e4tisekokteil<\/td>\n<td>5,00<\/td>\n<\/tr>\n<tr>\n<td><\/td>\n<td><\/td>\n<\/tr>\n<\/tbody>\n<\/table>\n","protected":false},"excerpt":{"rendered":"<p>Soojad suupisted &nbsp; \u00d5lles\u00f5prade suupistevaagen 19,5 M\u00f5nusalt mahlased grillribid 7,9 Grillitud tiigerkrevetid 7,9 K\u00fcpsetatud kanatiivad 5,9 Jalopenodega t\u00e4idetud juustupallid 5,9 Kr\u00f5bedad aasiap\u00e4rased juurviljaampsud 5,30 K\u00fcpsetatud pelmeenid parmesaniga 5,90 K\u00fc\u00fcslauguleivad kastmega 4,70 Tempura taignas kanaampsud magushapus kastmes 6,90 Ahjuk\u00fcpsed singi-juustu saiakesed &#8230;<\/p>\n","protected":false},"author":1,"featured_media":520,"parent":0,"menu_order":0,"comment_status":"closed","ping_status":"closed","template":"soogimenuu.php","meta":[],"yoast_head":"<!-- This site is optimized with the Yoast SEO plugin v18.3 - https:\/\/yoast.com\/wordpress\/plugins\/seo\/ -->\n<title>S\u00f6\u00f6gid - Scottish House<\/title>\n<meta name=\"robots\" content=\"index, follow, max-snippet:-1, max-image-preview:large, max-video-preview:-1\" \/>\n<link rel=\"canonical\" href=\"https:\/\/www.villemipubid.ee\/scottish-house\/soogid\/\" \/>\n<meta property=\"og:locale\" content=\"et_EE\" \/>\n<meta property=\"og:type\" content=\"article\" \/>\n<meta property=\"og:title\" content=\"S\u00f6\u00f6gid - Scottish House\" \/>\n<meta property=\"og:description\" content=\"Soojad suupisted &nbsp; \u00d5lles\u00f5prade suupistevaagen 19,5 M\u00f5nusalt mahlased grillribid 7,9 Grillitud tiigerkrevetid 7,9 K\u00fcpsetatud kanatiivad 5,9 Jalopenodega t\u00e4idetud juustupallid 5,9 Kr\u00f5bedad aasiap\u00e4rased juurviljaampsud 5,30 K\u00fcpsetatud pelmeenid parmesaniga 5,90 K\u00fc\u00fcslauguleivad kastmega 4,70 Tempura taignas kanaampsud magushapus kastmes 6,90 Ahjuk\u00fcpsed singi-juustu saiakesed ...\" \/>\n<meta property=\"og:url\" content=\"https:\/\/www.villemipubid.ee\/scottish-house\/soogid\/\" \/>\n<meta property=\"og:site_name\" content=\"Scottish House\" \/>\n<meta property=\"article:modified_time\" content=\"2026-02-02T11:04:11+00:00\" \/>\n<meta property=\"og:image\" content=\"http:\/\/www.villemipubid.ee\/scottish-house\/wp-content\/uploads\/sites\/3\/2015\/05\/Scottish-House-25_preview.jpeg\" \/>\n\t<meta property=\"og:image:width\" content=\"1280\" \/>\n\t<meta property=\"og:image:height\" content=\"854\" \/>\n\t<meta property=\"og:image:type\" content=\"image\/jpeg\" \/>\n<meta name=\"twitter:card\" content=\"summary\" \/>\n<meta name=\"twitter:label1\" content=\"Est. reading time\" \/>\n\t<meta name=\"twitter:data1\" content=\"2 minutit\" \/>\n<script type=\"application\/ld+json\" class=\"yoast-schema-graph\">{\"@context\":\"https:\/\/schema.org\",\"@graph\":[{\"@type\":\"WebSite\",\"@id\":\"https:\/\/www.villemipubid.ee\/scottish-house\/#website\",\"url\":\"https:\/\/www.villemipubid.ee\/scottish-house\/\",\"name\":\"Scottish House\",\"description\":\"\",\"potentialAction\":[{\"@type\":\"SearchAction\",\"target\":{\"@type\":\"EntryPoint\",\"urlTemplate\":\"https:\/\/www.villemipubid.ee\/scottish-house\/?s={search_term_string}\"},\"query-input\":\"required name=search_term_string\"}],\"inLanguage\":\"et\"},{\"@type\":\"ImageObject\",\"@id\":\"https:\/\/www.villemipubid.ee\/scottish-house\/soogid\/#primaryimage\",\"inLanguage\":\"et\",\"url\":\"https:\/\/www.villemipubid.ee\/scottish-house\/wp-content\/uploads\/sites\/3\/2015\/05\/Scottish-House-25_preview.jpeg\",\"contentUrl\":\"https:\/\/www.villemipubid.ee\/scottish-house\/wp-content\/uploads\/sites\/3\/2015\/05\/Scottish-House-25_preview.jpeg\",\"width\":1280,\"height\":854},{\"@type\":\"WebPage\",\"@id\":\"https:\/\/www.villemipubid.ee\/scottish-house\/soogid\/#webpage\",\"url\":\"https:\/\/www.villemipubid.ee\/scottish-house\/soogid\/\",\"name\":\"S\u00f6\u00f6gid - Scottish House\",\"isPartOf\":{\"@id\":\"https:\/\/www.villemipubid.ee\/scottish-house\/#website\"},\"primaryImageOfPage\":{\"@id\":\"https:\/\/www.villemipubid.ee\/scottish-house\/soogid\/#primaryimage\"},\"datePublished\":\"2015-08-24T10:45:13+00:00\",\"dateModified\":\"2026-02-02T11:04:11+00:00\",\"breadcrumb\":{\"@id\":\"https:\/\/www.villemipubid.ee\/scottish-house\/soogid\/#breadcrumb\"},\"inLanguage\":\"et\",\"potentialAction\":[{\"@type\":\"ReadAction\",\"target\":[\"https:\/\/www.villemipubid.ee\/scottish-house\/soogid\/\"]}]},{\"@type\":\"BreadcrumbList\",\"@id\":\"https:\/\/www.villemipubid.ee\/scottish-house\/soogid\/#breadcrumb\",\"itemListElement\":[{\"@type\":\"ListItem\",\"position\":1,\"name\":\"Home\",\"item\":\"https:\/\/www.villemipubid.ee\/scottish-house\/\"},{\"@type\":\"ListItem\",\"position\":2,\"name\":\"S\u00f6\u00f6gid\"}]}]}<\/script>\n<!-- \/ Yoast SEO plugin. -->","yoast_head_json":{"title":"S\u00f6\u00f6gid - Scottish House","robots":{"index":"index","follow":"follow","max-snippet":"max-snippet:-1","max-image-preview":"max-image-preview:large","max-video-preview":"max-video-preview:-1"},"canonical":"https:\/\/www.villemipubid.ee\/scottish-house\/soogid\/","og_locale":"et_EE","og_type":"article","og_title":"S\u00f6\u00f6gid - Scottish House","og_description":"Soojad suupisted &nbsp; \u00d5lles\u00f5prade suupistevaagen 19,5 M\u00f5nusalt mahlased grillribid 7,9 Grillitud tiigerkrevetid 7,9 K\u00fcpsetatud kanatiivad 5,9 Jalopenodega t\u00e4idetud juustupallid 5,9 Kr\u00f5bedad aasiap\u00e4rased juurviljaampsud 5,30 K\u00fcpsetatud pelmeenid parmesaniga 5,90 K\u00fc\u00fcslauguleivad kastmega 4,70 Tempura taignas kanaampsud magushapus kastmes 6,90 Ahjuk\u00fcpsed singi-juustu saiakesed ...","og_url":"https:\/\/www.villemipubid.ee\/scottish-house\/soogid\/","og_site_name":"Scottish House","article_modified_time":"2026-02-02T11:04:11+00:00","og_image":[{"width":1280,"height":854,"url":"http:\/\/www.villemipubid.ee\/scottish-house\/wp-content\/uploads\/sites\/3\/2015\/05\/Scottish-House-25_preview.jpeg","type":"image\/jpeg"}],"twitter_card":"summary","twitter_misc":{"Est. reading time":"2 minutit"},"schema":{"@context":"https:\/\/schema.org","@graph":[{"@type":"WebSite","@id":"https:\/\/www.villemipubid.ee\/scottish-house\/#website","url":"https:\/\/www.villemipubid.ee\/scottish-house\/","name":"Scottish House","description":"","potentialAction":[{"@type":"SearchAction","target":{"@type":"EntryPoint","urlTemplate":"https:\/\/www.villemipubid.ee\/scottish-house\/?s={search_term_string}"},"query-input":"required name=search_term_string"}],"inLanguage":"et"},{"@type":"ImageObject","@id":"https:\/\/www.villemipubid.ee\/scottish-house\/soogid\/#primaryimage","inLanguage":"et","url":"https:\/\/www.villemipubid.ee\/scottish-house\/wp-content\/uploads\/sites\/3\/2015\/05\/Scottish-House-25_preview.jpeg","contentUrl":"https:\/\/www.villemipubid.ee\/scottish-house\/wp-content\/uploads\/sites\/3\/2015\/05\/Scottish-House-25_preview.jpeg","width":1280,"height":854},{"@type":"WebPage","@id":"https:\/\/www.villemipubid.ee\/scottish-house\/soogid\/#webpage","url":"https:\/\/www.villemipubid.ee\/scottish-house\/soogid\/","name":"S\u00f6\u00f6gid - Scottish House","isPartOf":{"@id":"https:\/\/www.villemipubid.ee\/scottish-house\/#website"},"primaryImageOfPage":{"@id":"https:\/\/www.villemipubid.ee\/scottish-house\/soogid\/#primaryimage"},"datePublished":"2015-08-24T10:45:13+00:00","dateModified":"2026-02-02T11:04:11+00:00","breadcrumb":{"@id":"https:\/\/www.villemipubid.ee\/scottish-house\/soogid\/#breadcrumb"},"inLanguage":"et","potentialAction":[{"@type":"ReadAction","target":["https:\/\/www.villemipubid.ee\/scottish-house\/soogid\/"]}]},{"@type":"BreadcrumbList","@id":"https:\/\/www.villemipubid.ee\/scottish-house\/soogid\/#breadcrumb","itemListElement":[{"@type":"ListItem","position":1,"name":"Home","item":"https:\/\/www.villemipubid.ee\/scottish-house\/"},{"@type":"ListItem","position":2,"name":"S\u00f6\u00f6gid"}]}]}},"_links":{"self":[{"href":"https:\/\/www.villemipubid.ee\/scottish-house\/wp-json\/wp\/v2\/pages\/336"}],"collection":[{"href":"https:\/\/www.villemipubid.ee\/scottish-house\/wp-json\/wp\/v2\/pages"}],"about":[{"href":"https:\/\/www.villemipubid.ee\/scottish-house\/wp-json\/wp\/v2\/types\/page"}],"author":[{"embeddable":true,"href":"https:\/\/www.villemipubid.ee\/scottish-house\/wp-json\/wp\/v2\/users\/1"}],"replies":[{"embeddable":true,"href":"https:\/\/www.villemipubid.ee\/scottish-house\/wp-json\/wp\/v2\/comments?post=336"}],"version-history":[{"count":119,"href":"https:\/\/www.villemipubid.ee\/scottish-house\/wp-json\/wp\/v2\/pages\/336\/revisions"}],"predecessor-version":[{"id":2632,"href":"https:\/\/www.villemipubid.ee\/scottish-house\/wp-json\/wp\/v2\/pages\/336\/revisions\/2632"}],"wp:featuredmedia":[{"embeddable":true,"href":"https:\/\/www.villemipubid.ee\/scottish-house\/wp-json\/wp\/v2\/media\/520"}],"wp:attachment":[{"href":"https:\/\/www.villemipubid.ee\/scottish-house\/wp-json\/wp\/v2\/media?parent=336"}],"curies":[{"name":"wp","href":"https:\/\/api.w.org\/{rel}","templated":true}]}}