{"id":33,"date":"2015-05-28T10:35:19","date_gmt":"2015-05-28T07:35:19","guid":{"rendered":"http:\/\/www.villemipubid.ee\/inglise-pubi\/?page_id=33"},"modified":"2024-03-11T15:03:33","modified_gmt":"2024-03-11T13:03:33","slug":"pildid","status":"publish","type":"page","link":"https:\/\/www.villemipubid.ee\/scottish-house\/pildid\/","title":{"rendered":"Pildid"},"content":{"rendered":"<h2 style=\"text-align: center;\"><a href=\"http:\/\/www.villemipubid.ee\/scottish-house\/pildid\/interjoor\/\">Interj\u00f6\u00f6r<\/a> | <a href=\"http:\/\/www.villemipubid.ee\/scottish-house\/pildid\/uritused\/\">\u00dcritused<\/a><\/h2>\n","protected":false},"excerpt":{"rendered":"<p>Interj\u00f6\u00f6r | \u00dcritused<\/p>\n","protected":false},"author":1,"featured_media":520,"parent":0,"menu_order":5,"comment_status":"closed","ping_status":"closed","template":"","meta":[],"yoast_head":"<!-- This site is optimized with the Yoast SEO plugin v18.3 - https:\/\/yoast.com\/wordpress\/plugins\/seo\/ -->\n<title>Pildid - Scottish House<\/title>\n<meta name=\"robots\" content=\"index, follow, max-snippet:-1, max-image-preview:large, max-video-preview:-1\" \/>\n<link rel=\"canonical\" href=\"https:\/\/www.villemipubid.ee\/scottish-house\/pildid\/\" \/>\n<meta property=\"og:locale\" content=\"et_EE\" \/>\n<meta property=\"og:type\" content=\"article\" \/>\n<meta property=\"og:title\" content=\"Pildid - Scottish House\" \/>\n<meta property=\"og:description\" content=\"Interj\u00f6\u00f6r | \u00dcritused\" \/>\n<meta property=\"og:url\" content=\"https:\/\/www.villemipubid.ee\/scottish-house\/pildid\/\" \/>\n<meta property=\"og:site_name\" content=\"Scottish House\" \/>\n<meta property=\"article:modified_time\" content=\"2024-03-11T13:03:33+00:00\" \/>\n<meta property=\"og:image\" content=\"http:\/\/www.villemipubid.ee\/scottish-house\/wp-content\/uploads\/sites\/3\/2015\/05\/Scottish-House-25_preview.jpeg\" \/>\n\t<meta property=\"og:image:width\" content=\"1280\" \/>\n\t<meta property=\"og:image:height\" content=\"854\" \/>\n\t<meta property=\"og:image:type\" content=\"image\/jpeg\" \/>\n<meta name=\"twitter:card\" content=\"summary\" \/>\n<script type=\"application\/ld+json\" class=\"yoast-schema-graph\">{\"@context\":\"https:\/\/schema.org\",\"@graph\":[{\"@type\":\"WebSite\",\"@id\":\"https:\/\/www.villemipubid.ee\/scottish-house\/#website\",\"url\":\"https:\/\/www.villemipubid.ee\/scottish-house\/\",\"name\":\"Scottish House\",\"description\":\"\",\"potentialAction\":[{\"@type\":\"SearchAction\",\"target\":{\"@type\":\"EntryPoint\",\"urlTemplate\":\"https:\/\/www.villemipubid.ee\/scottish-house\/?s={search_term_string}\"},\"query-input\":\"required name=search_term_string\"}],\"inLanguage\":\"et\"},{\"@type\":\"ImageObject\",\"@id\":\"https:\/\/www.villemipubid.ee\/scottish-house\/pildid\/#primaryimage\",\"inLanguage\":\"et\",\"url\":\"https:\/\/www.villemipubid.ee\/scottish-house\/wp-content\/uploads\/sites\/3\/2015\/05\/Scottish-House-25_preview.jpeg\",\"contentUrl\":\"https:\/\/www.villemipubid.ee\/scottish-house\/wp-content\/uploads\/sites\/3\/2015\/05\/Scottish-House-25_preview.jpeg\",\"width\":1280,\"height\":854},{\"@type\":\"WebPage\",\"@id\":\"https:\/\/www.villemipubid.ee\/scottish-house\/pildid\/#webpage\",\"url\":\"https:\/\/www.villemipubid.ee\/scottish-house\/pildid\/\",\"name\":\"Pildid - Scottish House\",\"isPartOf\":{\"@id\":\"https:\/\/www.villemipubid.ee\/scottish-house\/#website\"},\"primaryImageOfPage\":{\"@id\":\"https:\/\/www.villemipubid.ee\/scottish-house\/pildid\/#primaryimage\"},\"datePublished\":\"2015-05-28T07:35:19+00:00\",\"dateModified\":\"2024-03-11T13:03:33+00:00\",\"breadcrumb\":{\"@id\":\"https:\/\/www.villemipubid.ee\/scottish-house\/pildid\/#breadcrumb\"},\"inLanguage\":\"et\",\"potentialAction\":[{\"@type\":\"ReadAction\",\"target\":[\"https:\/\/www.villemipubid.ee\/scottish-house\/pildid\/\"]}]},{\"@type\":\"BreadcrumbList\",\"@id\":\"https:\/\/www.villemipubid.ee\/scottish-house\/pildid\/#breadcrumb\",\"itemListElement\":[{\"@type\":\"ListItem\",\"position\":1,\"name\":\"Home\",\"item\":\"https:\/\/www.villemipubid.ee\/scottish-house\/\"},{\"@type\":\"ListItem\",\"position\":2,\"name\":\"Pildid\"}]}]}<\/script>\n<!-- \/ Yoast SEO plugin. -->","yoast_head_json":{"title":"Pildid - Scottish House","robots":{"index":"index","follow":"follow","max-snippet":"max-snippet:-1","max-image-preview":"max-image-preview:large","max-video-preview":"max-video-preview:-1"},"canonical":"https:\/\/www.villemipubid.ee\/scottish-house\/pildid\/","og_locale":"et_EE","og_type":"article","og_title":"Pildid - Scottish House","og_description":"Interj\u00f6\u00f6r | \u00dcritused","og_url":"https:\/\/www.villemipubid.ee\/scottish-house\/pildid\/","og_site_name":"Scottish House","article_modified_time":"2024-03-11T13:03:33+00:00","og_image":[{"width":1280,"height":854,"url":"http:\/\/www.villemipubid.ee\/scottish-house\/wp-content\/uploads\/sites\/3\/2015\/05\/Scottish-House-25_preview.jpeg","type":"image\/jpeg"}],"twitter_card":"summary","schema":{"@context":"https:\/\/schema.org","@graph":[{"@type":"WebSite","@id":"https:\/\/www.villemipubid.ee\/scottish-house\/#website","url":"https:\/\/www.villemipubid.ee\/scottish-house\/","name":"Scottish House","description":"","potentialAction":[{"@type":"SearchAction","target":{"@type":"EntryPoint","urlTemplate":"https:\/\/www.villemipubid.ee\/scottish-house\/?s={search_term_string}"},"query-input":"required name=search_term_string"}],"inLanguage":"et"},{"@type":"ImageObject","@id":"https:\/\/www.villemipubid.ee\/scottish-house\/pildid\/#primaryimage","inLanguage":"et","url":"https:\/\/www.villemipubid.ee\/scottish-house\/wp-content\/uploads\/sites\/3\/2015\/05\/Scottish-House-25_preview.jpeg","contentUrl":"https:\/\/www.villemipubid.ee\/scottish-house\/wp-content\/uploads\/sites\/3\/2015\/05\/Scottish-House-25_preview.jpeg","width":1280,"height":854},{"@type":"WebPage","@id":"https:\/\/www.villemipubid.ee\/scottish-house\/pildid\/#webpage","url":"https:\/\/www.villemipubid.ee\/scottish-house\/pildid\/","name":"Pildid - Scottish House","isPartOf":{"@id":"https:\/\/www.villemipubid.ee\/scottish-house\/#website"},"primaryImageOfPage":{"@id":"https:\/\/www.villemipubid.ee\/scottish-house\/pildid\/#primaryimage"},"datePublished":"2015-05-28T07:35:19+00:00","dateModified":"2024-03-11T13:03:33+00:00","breadcrumb":{"@id":"https:\/\/www.villemipubid.ee\/scottish-house\/pildid\/#breadcrumb"},"inLanguage":"et","potentialAction":[{"@type":"ReadAction","target":["https:\/\/www.villemipubid.ee\/scottish-house\/pildid\/"]}]},{"@type":"BreadcrumbList","@id":"https:\/\/www.villemipubid.ee\/scottish-house\/pildid\/#breadcrumb","itemListElement":[{"@type":"ListItem","position":1,"name":"Home","item":"https:\/\/www.villemipubid.ee\/scottish-house\/"},{"@type":"ListItem","position":2,"name":"Pildid"}]}]}},"_links":{"self":[{"href":"https:\/\/www.villemipubid.ee\/scottish-house\/wp-json\/wp\/v2\/pages\/33"}],"collection":[{"href":"https:\/\/www.villemipubid.ee\/scottish-house\/wp-json\/wp\/v2\/pages"}],"about":[{"href":"https:\/\/www.villemipubid.ee\/scottish-house\/wp-json\/wp\/v2\/types\/page"}],"author":[{"embeddable":true,"href":"https:\/\/www.villemipubid.ee\/scottish-house\/wp-json\/wp\/v2\/users\/1"}],"replies":[{"embeddable":true,"href":"https:\/\/www.villemipubid.ee\/scottish-house\/wp-json\/wp\/v2\/comments?post=33"}],"version-history":[{"count":5,"href":"https:\/\/www.villemipubid.ee\/scottish-house\/wp-json\/wp\/v2\/pages\/33\/revisions"}],"predecessor-version":[{"id":540,"href":"https:\/\/www.villemipubid.ee\/scottish-house\/wp-json\/wp\/v2\/pages\/33\/revisions\/540"}],"wp:featuredmedia":[{"embeddable":true,"href":"https:\/\/www.villemipubid.ee\/scottish-house\/wp-json\/wp\/v2\/media\/520"}],"wp:attachment":[{"href":"https:\/\/www.villemipubid.ee\/scottish-house\/wp-json\/wp\/v2\/media?parent=33"}],"curies":[{"name":"wp","href":"https:\/\/api.w.org\/{rel}","templated":true}]}}