{"id":63,"date":"2015-06-02T12:30:17","date_gmt":"2015-06-02T09:30:17","guid":{"rendered":"http:\/\/www.villemipubid.ee\/monus-villem\/?page_id=63"},"modified":"2024-03-19T15:59:34","modified_gmt":"2024-03-19T13:59:34","slug":"ajalugu","status":"publish","type":"page","link":"https:\/\/www.villemipubid.ee\/monus-villem\/ajalugu\/","title":{"rendered":"Ajalugu"},"content":{"rendered":"<h2>M\u00f6nus Villem<\/h2>\n<p>M\u00f6nus Villem pubi avati 2002. aastal ja on t\u00e4naseks klientidele \u00fcks lemmik s\u00f6\u00f6gi \u2013 ja joogikohti Kuressaares. Meil on suurim ja parim \u00f5llevalik Saaremaal ja lisaks n\u00e4dalal\u00f5ppudel elav muusika.<\/p>\n<p>Pubis on 170 istekohta ja suveperioodil avatud kaks v\u00e4literrassi m\u00f5nusaks ajaveetmiseks ja keha kinnitamiseks.<\/p>\n<p><iframe loading=\"lazy\" src=\"https:\/\/www.youtube.com\/embed\/mKdsRClHMqs\" width=\"560\" height=\"315\" frameborder=\"0\" allowfullscreen=\"allowfullscreen\"><\/iframe><\/p>\n","protected":false},"excerpt":{"rendered":"<p>M\u00f6nus Villem M\u00f6nus Villem pubi avati 2002. aastal ja on t\u00e4naseks klientidele \u00fcks lemmik s\u00f6\u00f6gi \u2013 ja joogikohti Kuressaares. Meil on suurim ja parim \u00f5llevalik Saaremaal ja lisaks n\u00e4dalal\u00f5ppudel elav muusika. Pubis on 170 istekohta ja suveperioodil avatud kaks v\u00e4literrassi &#8230;<\/p>\n","protected":false},"author":1,"featured_media":1425,"parent":0,"menu_order":1,"comment_status":"closed","ping_status":"closed","template":"","meta":[],"yoast_head":"<!-- This site is optimized with the Yoast SEO plugin v18.3 - https:\/\/yoast.com\/wordpress\/plugins\/seo\/ -->\n<title>Ajalugu - M\u00f6nus Villem<\/title>\n<meta name=\"robots\" content=\"index, follow, max-snippet:-1, max-image-preview:large, max-video-preview:-1\" \/>\n<link rel=\"canonical\" href=\"https:\/\/www.villemipubid.ee\/monus-villem\/ajalugu\/\" \/>\n<meta property=\"og:locale\" content=\"et_EE\" \/>\n<meta property=\"og:type\" content=\"article\" \/>\n<meta property=\"og:title\" content=\"Ajalugu - M\u00f6nus Villem\" \/>\n<meta property=\"og:description\" content=\"M\u00f6nus Villem M\u00f6nus Villem pubi avati 2002. aastal ja on t\u00e4naseks klientidele \u00fcks lemmik s\u00f6\u00f6gi \u2013 ja joogikohti Kuressaares. Meil on suurim ja parim \u00f5llevalik Saaremaal ja lisaks n\u00e4dalal\u00f5ppudel elav muusika. Pubis on 170 istekohta ja suveperioodil avatud kaks v\u00e4literrassi ...\" \/>\n<meta property=\"og:url\" content=\"https:\/\/www.villemipubid.ee\/monus-villem\/ajalugu\/\" \/>\n<meta property=\"og:site_name\" content=\"M\u00f6nus Villem\" \/>\n<meta property=\"article:modified_time\" content=\"2024-03-19T13:59:34+00:00\" \/>\n<meta property=\"og:image\" content=\"http:\/\/www.villemipubid.ee\/monus-villem\/wp-content\/uploads\/sites\/6\/2024\/03\/monusville_.jpg\" \/>\n\t<meta property=\"og:image:width\" content=\"1600\" \/>\n\t<meta property=\"og:image:height\" content=\"936\" \/>\n\t<meta property=\"og:image:type\" content=\"image\/jpeg\" \/>\n<meta name=\"twitter:card\" content=\"summary\" \/>\n<script type=\"application\/ld+json\" class=\"yoast-schema-graph\">{\"@context\":\"https:\/\/schema.org\",\"@graph\":[{\"@type\":\"WebSite\",\"@id\":\"https:\/\/www.villemipubid.ee\/monus-villem\/#website\",\"url\":\"https:\/\/www.villemipubid.ee\/monus-villem\/\",\"name\":\"M\u00f6nus Villem\",\"description\":\"\",\"potentialAction\":[{\"@type\":\"SearchAction\",\"target\":{\"@type\":\"EntryPoint\",\"urlTemplate\":\"https:\/\/www.villemipubid.ee\/monus-villem\/?s={search_term_string}\"},\"query-input\":\"required name=search_term_string\"}],\"inLanguage\":\"et\"},{\"@type\":\"ImageObject\",\"@id\":\"https:\/\/www.villemipubid.ee\/monus-villem\/ajalugu\/#primaryimage\",\"inLanguage\":\"et\",\"url\":\"https:\/\/www.villemipubid.ee\/monus-villem\/wp-content\/uploads\/sites\/6\/2024\/03\/monusville_.jpg\",\"contentUrl\":\"https:\/\/www.villemipubid.ee\/monus-villem\/wp-content\/uploads\/sites\/6\/2024\/03\/monusville_.jpg\",\"width\":1600,\"height\":936},{\"@type\":\"WebPage\",\"@id\":\"https:\/\/www.villemipubid.ee\/monus-villem\/ajalugu\/#webpage\",\"url\":\"https:\/\/www.villemipubid.ee\/monus-villem\/ajalugu\/\",\"name\":\"Ajalugu - M\u00f6nus Villem\",\"isPartOf\":{\"@id\":\"https:\/\/www.villemipubid.ee\/monus-villem\/#website\"},\"primaryImageOfPage\":{\"@id\":\"https:\/\/www.villemipubid.ee\/monus-villem\/ajalugu\/#primaryimage\"},\"datePublished\":\"2015-06-02T09:30:17+00:00\",\"dateModified\":\"2024-03-19T13:59:34+00:00\",\"breadcrumb\":{\"@id\":\"https:\/\/www.villemipubid.ee\/monus-villem\/ajalugu\/#breadcrumb\"},\"inLanguage\":\"et\",\"potentialAction\":[{\"@type\":\"ReadAction\",\"target\":[\"https:\/\/www.villemipubid.ee\/monus-villem\/ajalugu\/\"]}]},{\"@type\":\"BreadcrumbList\",\"@id\":\"https:\/\/www.villemipubid.ee\/monus-villem\/ajalugu\/#breadcrumb\",\"itemListElement\":[{\"@type\":\"ListItem\",\"position\":1,\"name\":\"Home\",\"item\":\"https:\/\/www.villemipubid.ee\/monus-villem\/\"},{\"@type\":\"ListItem\",\"position\":2,\"name\":\"Ajalugu\"}]}]}<\/script>\n<!-- \/ Yoast SEO plugin. -->","yoast_head_json":{"title":"Ajalugu - M\u00f6nus Villem","robots":{"index":"index","follow":"follow","max-snippet":"max-snippet:-1","max-image-preview":"max-image-preview:large","max-video-preview":"max-video-preview:-1"},"canonical":"https:\/\/www.villemipubid.ee\/monus-villem\/ajalugu\/","og_locale":"et_EE","og_type":"article","og_title":"Ajalugu - M\u00f6nus Villem","og_description":"M\u00f6nus Villem M\u00f6nus Villem pubi avati 2002. aastal ja on t\u00e4naseks klientidele \u00fcks lemmik s\u00f6\u00f6gi \u2013 ja joogikohti Kuressaares. Meil on suurim ja parim \u00f5llevalik Saaremaal ja lisaks n\u00e4dalal\u00f5ppudel elav muusika. Pubis on 170 istekohta ja suveperioodil avatud kaks v\u00e4literrassi ...","og_url":"https:\/\/www.villemipubid.ee\/monus-villem\/ajalugu\/","og_site_name":"M\u00f6nus Villem","article_modified_time":"2024-03-19T13:59:34+00:00","og_image":[{"width":1600,"height":936,"url":"http:\/\/www.villemipubid.ee\/monus-villem\/wp-content\/uploads\/sites\/6\/2024\/03\/monusville_.jpg","type":"image\/jpeg"}],"twitter_card":"summary","schema":{"@context":"https:\/\/schema.org","@graph":[{"@type":"WebSite","@id":"https:\/\/www.villemipubid.ee\/monus-villem\/#website","url":"https:\/\/www.villemipubid.ee\/monus-villem\/","name":"M\u00f6nus Villem","description":"","potentialAction":[{"@type":"SearchAction","target":{"@type":"EntryPoint","urlTemplate":"https:\/\/www.villemipubid.ee\/monus-villem\/?s={search_term_string}"},"query-input":"required name=search_term_string"}],"inLanguage":"et"},{"@type":"ImageObject","@id":"https:\/\/www.villemipubid.ee\/monus-villem\/ajalugu\/#primaryimage","inLanguage":"et","url":"https:\/\/www.villemipubid.ee\/monus-villem\/wp-content\/uploads\/sites\/6\/2024\/03\/monusville_.jpg","contentUrl":"https:\/\/www.villemipubid.ee\/monus-villem\/wp-content\/uploads\/sites\/6\/2024\/03\/monusville_.jpg","width":1600,"height":936},{"@type":"WebPage","@id":"https:\/\/www.villemipubid.ee\/monus-villem\/ajalugu\/#webpage","url":"https:\/\/www.villemipubid.ee\/monus-villem\/ajalugu\/","name":"Ajalugu - M\u00f6nus Villem","isPartOf":{"@id":"https:\/\/www.villemipubid.ee\/monus-villem\/#website"},"primaryImageOfPage":{"@id":"https:\/\/www.villemipubid.ee\/monus-villem\/ajalugu\/#primaryimage"},"datePublished":"2015-06-02T09:30:17+00:00","dateModified":"2024-03-19T13:59:34+00:00","breadcrumb":{"@id":"https:\/\/www.villemipubid.ee\/monus-villem\/ajalugu\/#breadcrumb"},"inLanguage":"et","potentialAction":[{"@type":"ReadAction","target":["https:\/\/www.villemipubid.ee\/monus-villem\/ajalugu\/"]}]},{"@type":"BreadcrumbList","@id":"https:\/\/www.villemipubid.ee\/monus-villem\/ajalugu\/#breadcrumb","itemListElement":[{"@type":"ListItem","position":1,"name":"Home","item":"https:\/\/www.villemipubid.ee\/monus-villem\/"},{"@type":"ListItem","position":2,"name":"Ajalugu"}]}]}},"_links":{"self":[{"href":"https:\/\/www.villemipubid.ee\/monus-villem\/wp-json\/wp\/v2\/pages\/63"}],"collection":[{"href":"https:\/\/www.villemipubid.ee\/monus-villem\/wp-json\/wp\/v2\/pages"}],"about":[{"href":"https:\/\/www.villemipubid.ee\/monus-villem\/wp-json\/wp\/v2\/types\/page"}],"author":[{"embeddable":true,"href":"https:\/\/www.villemipubid.ee\/monus-villem\/wp-json\/wp\/v2\/users\/1"}],"replies":[{"embeddable":true,"href":"https:\/\/www.villemipubid.ee\/monus-villem\/wp-json\/wp\/v2\/comments?post=63"}],"version-history":[{"count":4,"href":"https:\/\/www.villemipubid.ee\/monus-villem\/wp-json\/wp\/v2\/pages\/63\/revisions"}],"predecessor-version":[{"id":1426,"href":"https:\/\/www.villemipubid.ee\/monus-villem\/wp-json\/wp\/v2\/pages\/63\/revisions\/1426"}],"wp:featuredmedia":[{"embeddable":true,"href":"https:\/\/www.villemipubid.ee\/monus-villem\/wp-json\/wp\/v2\/media\/1425"}],"wp:attachment":[{"href":"https:\/\/www.villemipubid.ee\/monus-villem\/wp-json\/wp\/v2\/media?parent=63"}],"curies":[{"name":"wp","href":"https:\/\/api.w.org\/{rel}","templated":true}]}}