{"id":37,"date":"2015-05-28T13:04:46","date_gmt":"2015-05-28T10:04:46","guid":{"rendered":"http:\/\/www.villemipubid.ee\/monus-villem\/?page_id=37"},"modified":"2026-03-02T15:24:25","modified_gmt":"2026-03-02T13:24:25","slug":"toopakkumised","status":"publish","type":"page","link":"https:\/\/www.villemipubid.ee\/monus-villem\/toopakkumised\/","title":{"rendered":"T\u00f6\u00f6pakkumised"},"content":{"rendered":"<h3 style=\"text-align: center\"><span style=\"color: #000000\"><strong>Pakume suveks t\u00f6\u00f6d teenindajatele ja aastaringset t\u00f6\u00f6d kokale. Kui tahad meiega liituda, siis saada ennast tutvustav kirjat\u00fckk e-mailile <span style=\"color: #ff0000\">monusvillem@gmail.com.<\/span><\/strong><\/span><\/h3>\n<h3 style=\"text-align: center\"><span style=\"color: #000000\"><strong>Meil on m\u00f5nus t\u00f6\u00f6tada\u00a0 \ud83d\ude42<\/strong><\/span><\/h3>\n","protected":false},"excerpt":{"rendered":"<p>Pakume suveks t\u00f6\u00f6d teenindajatele ja aastaringset t\u00f6\u00f6d kokale. Kui tahad meiega liituda, siis saada ennast tutvustav kirjat\u00fckk e-mailile monusvillem@gmail.com. Meil on m\u00f5nus t\u00f6\u00f6tada\u00a0 \ud83d\ude42<\/p>\n","protected":false},"author":1,"featured_media":1425,"parent":0,"menu_order":7,"comment_status":"closed","ping_status":"closed","template":"","meta":[],"yoast_head":"<!-- This site is optimized with the Yoast SEO plugin v18.3 - https:\/\/yoast.com\/wordpress\/plugins\/seo\/ -->\n<title>T\u00f6\u00f6pakkumised - M\u00f6nus Villem<\/title>\n<meta name=\"robots\" content=\"index, follow, max-snippet:-1, max-image-preview:large, max-video-preview:-1\" \/>\n<link rel=\"canonical\" href=\"https:\/\/www.villemipubid.ee\/monus-villem\/toopakkumised\/\" \/>\n<meta property=\"og:locale\" content=\"et_EE\" \/>\n<meta property=\"og:type\" content=\"article\" \/>\n<meta property=\"og:title\" content=\"T\u00f6\u00f6pakkumised - M\u00f6nus Villem\" \/>\n<meta property=\"og:description\" content=\"Pakume suveks t\u00f6\u00f6d teenindajatele ja aastaringset t\u00f6\u00f6d kokale. Kui tahad meiega liituda, siis saada ennast tutvustav kirjat\u00fckk e-mailile monusvillem@gmail.com. Meil on m\u00f5nus t\u00f6\u00f6tada\u00a0 \ud83d\ude42\" \/>\n<meta property=\"og:url\" content=\"https:\/\/www.villemipubid.ee\/monus-villem\/toopakkumised\/\" \/>\n<meta property=\"og:site_name\" content=\"M\u00f6nus Villem\" \/>\n<meta property=\"article:modified_time\" content=\"2026-03-02T13:24:25+00:00\" \/>\n<meta property=\"og:image\" content=\"http:\/\/www.villemipubid.ee\/monus-villem\/wp-content\/uploads\/sites\/6\/2024\/03\/monusville_.jpg\" \/>\n\t<meta property=\"og:image:width\" content=\"1600\" \/>\n\t<meta property=\"og:image:height\" content=\"936\" \/>\n\t<meta property=\"og:image:type\" content=\"image\/jpeg\" \/>\n<meta name=\"twitter:card\" content=\"summary\" \/>\n<script type=\"application\/ld+json\" class=\"yoast-schema-graph\">{\"@context\":\"https:\/\/schema.org\",\"@graph\":[{\"@type\":\"WebSite\",\"@id\":\"https:\/\/www.villemipubid.ee\/monus-villem\/#website\",\"url\":\"https:\/\/www.villemipubid.ee\/monus-villem\/\",\"name\":\"M\u00f6nus Villem\",\"description\":\"\",\"potentialAction\":[{\"@type\":\"SearchAction\",\"target\":{\"@type\":\"EntryPoint\",\"urlTemplate\":\"https:\/\/www.villemipubid.ee\/monus-villem\/?s={search_term_string}\"},\"query-input\":\"required name=search_term_string\"}],\"inLanguage\":\"et\"},{\"@type\":\"ImageObject\",\"@id\":\"https:\/\/www.villemipubid.ee\/monus-villem\/toopakkumised\/#primaryimage\",\"inLanguage\":\"et\",\"url\":\"https:\/\/www.villemipubid.ee\/monus-villem\/wp-content\/uploads\/sites\/6\/2024\/03\/monusville_.jpg\",\"contentUrl\":\"https:\/\/www.villemipubid.ee\/monus-villem\/wp-content\/uploads\/sites\/6\/2024\/03\/monusville_.jpg\",\"width\":1600,\"height\":936},{\"@type\":\"WebPage\",\"@id\":\"https:\/\/www.villemipubid.ee\/monus-villem\/toopakkumised\/#webpage\",\"url\":\"https:\/\/www.villemipubid.ee\/monus-villem\/toopakkumised\/\",\"name\":\"T\u00f6\u00f6pakkumised - M\u00f6nus Villem\",\"isPartOf\":{\"@id\":\"https:\/\/www.villemipubid.ee\/monus-villem\/#website\"},\"primaryImageOfPage\":{\"@id\":\"https:\/\/www.villemipubid.ee\/monus-villem\/toopakkumised\/#primaryimage\"},\"datePublished\":\"2015-05-28T10:04:46+00:00\",\"dateModified\":\"2026-03-02T13:24:25+00:00\",\"breadcrumb\":{\"@id\":\"https:\/\/www.villemipubid.ee\/monus-villem\/toopakkumised\/#breadcrumb\"},\"inLanguage\":\"et\",\"potentialAction\":[{\"@type\":\"ReadAction\",\"target\":[\"https:\/\/www.villemipubid.ee\/monus-villem\/toopakkumised\/\"]}]},{\"@type\":\"BreadcrumbList\",\"@id\":\"https:\/\/www.villemipubid.ee\/monus-villem\/toopakkumised\/#breadcrumb\",\"itemListElement\":[{\"@type\":\"ListItem\",\"position\":1,\"name\":\"Home\",\"item\":\"https:\/\/www.villemipubid.ee\/monus-villem\/\"},{\"@type\":\"ListItem\",\"position\":2,\"name\":\"T\u00f6\u00f6pakkumised\"}]}]}<\/script>\n<!-- \/ Yoast SEO plugin. -->","yoast_head_json":{"title":"T\u00f6\u00f6pakkumised - M\u00f6nus Villem","robots":{"index":"index","follow":"follow","max-snippet":"max-snippet:-1","max-image-preview":"max-image-preview:large","max-video-preview":"max-video-preview:-1"},"canonical":"https:\/\/www.villemipubid.ee\/monus-villem\/toopakkumised\/","og_locale":"et_EE","og_type":"article","og_title":"T\u00f6\u00f6pakkumised - M\u00f6nus Villem","og_description":"Pakume suveks t\u00f6\u00f6d teenindajatele ja aastaringset t\u00f6\u00f6d kokale. Kui tahad meiega liituda, siis saada ennast tutvustav kirjat\u00fckk e-mailile monusvillem@gmail.com. Meil on m\u00f5nus t\u00f6\u00f6tada\u00a0 \ud83d\ude42","og_url":"https:\/\/www.villemipubid.ee\/monus-villem\/toopakkumised\/","og_site_name":"M\u00f6nus Villem","article_modified_time":"2026-03-02T13:24:25+00:00","og_image":[{"width":1600,"height":936,"url":"http:\/\/www.villemipubid.ee\/monus-villem\/wp-content\/uploads\/sites\/6\/2024\/03\/monusville_.jpg","type":"image\/jpeg"}],"twitter_card":"summary","schema":{"@context":"https:\/\/schema.org","@graph":[{"@type":"WebSite","@id":"https:\/\/www.villemipubid.ee\/monus-villem\/#website","url":"https:\/\/www.villemipubid.ee\/monus-villem\/","name":"M\u00f6nus Villem","description":"","potentialAction":[{"@type":"SearchAction","target":{"@type":"EntryPoint","urlTemplate":"https:\/\/www.villemipubid.ee\/monus-villem\/?s={search_term_string}"},"query-input":"required name=search_term_string"}],"inLanguage":"et"},{"@type":"ImageObject","@id":"https:\/\/www.villemipubid.ee\/monus-villem\/toopakkumised\/#primaryimage","inLanguage":"et","url":"https:\/\/www.villemipubid.ee\/monus-villem\/wp-content\/uploads\/sites\/6\/2024\/03\/monusville_.jpg","contentUrl":"https:\/\/www.villemipubid.ee\/monus-villem\/wp-content\/uploads\/sites\/6\/2024\/03\/monusville_.jpg","width":1600,"height":936},{"@type":"WebPage","@id":"https:\/\/www.villemipubid.ee\/monus-villem\/toopakkumised\/#webpage","url":"https:\/\/www.villemipubid.ee\/monus-villem\/toopakkumised\/","name":"T\u00f6\u00f6pakkumised - M\u00f6nus Villem","isPartOf":{"@id":"https:\/\/www.villemipubid.ee\/monus-villem\/#website"},"primaryImageOfPage":{"@id":"https:\/\/www.villemipubid.ee\/monus-villem\/toopakkumised\/#primaryimage"},"datePublished":"2015-05-28T10:04:46+00:00","dateModified":"2026-03-02T13:24:25+00:00","breadcrumb":{"@id":"https:\/\/www.villemipubid.ee\/monus-villem\/toopakkumised\/#breadcrumb"},"inLanguage":"et","potentialAction":[{"@type":"ReadAction","target":["https:\/\/www.villemipubid.ee\/monus-villem\/toopakkumised\/"]}]},{"@type":"BreadcrumbList","@id":"https:\/\/www.villemipubid.ee\/monus-villem\/toopakkumised\/#breadcrumb","itemListElement":[{"@type":"ListItem","position":1,"name":"Home","item":"https:\/\/www.villemipubid.ee\/monus-villem\/"},{"@type":"ListItem","position":2,"name":"T\u00f6\u00f6pakkumised"}]}]}},"_links":{"self":[{"href":"https:\/\/www.villemipubid.ee\/monus-villem\/wp-json\/wp\/v2\/pages\/37"}],"collection":[{"href":"https:\/\/www.villemipubid.ee\/monus-villem\/wp-json\/wp\/v2\/pages"}],"about":[{"href":"https:\/\/www.villemipubid.ee\/monus-villem\/wp-json\/wp\/v2\/types\/page"}],"author":[{"embeddable":true,"href":"https:\/\/www.villemipubid.ee\/monus-villem\/wp-json\/wp\/v2\/users\/1"}],"replies":[{"embeddable":true,"href":"https:\/\/www.villemipubid.ee\/monus-villem\/wp-json\/wp\/v2\/comments?post=37"}],"version-history":[{"count":8,"href":"https:\/\/www.villemipubid.ee\/monus-villem\/wp-json\/wp\/v2\/pages\/37\/revisions"}],"predecessor-version":[{"id":1601,"href":"https:\/\/www.villemipubid.ee\/monus-villem\/wp-json\/wp\/v2\/pages\/37\/revisions\/1601"}],"wp:featuredmedia":[{"embeddable":true,"href":"https:\/\/www.villemipubid.ee\/monus-villem\/wp-json\/wp\/v2\/media\/1425"}],"wp:attachment":[{"href":"https:\/\/www.villemipubid.ee\/monus-villem\/wp-json\/wp\/v2\/media?parent=37"}],"curies":[{"name":"wp","href":"https:\/\/api.w.org\/{rel}","templated":true}]}}