{"id":351,"date":"2015-08-24T14:13:11","date_gmt":"2015-08-24T11:13:11","guid":{"rendered":"http:\/\/www.villemipubid.ee\/monus-villem\/?page_id=351"},"modified":"2026-04-01T09:39:37","modified_gmt":"2026-04-01T06:39:37","slug":"eripakkumised","status":"publish","type":"page","link":"https:\/\/www.villemipubid.ee\/monus-villem\/menuu\/eripakkumised\/","title":{"rendered":"Eripakkumised"},"content":{"rendered":"<h1>P\u00e4evapakkumised<\/h1>\n<table style=\"height: 190px\" width=\"496\">\n<tbody>\n<tr>\n<td width=\"499\"><strong>Supp + Praad<\/strong><\/td>\n<td width=\"48\"><strong>8.70<\/strong><\/td>\n<\/tr>\n<tr>\n<td><em>Soup + Main course<\/em><\/td>\n<td><\/td>\n<\/tr>\n<tr>\n<td><strong>P\u00e4evapraad<\/strong><\/td>\n<td><strong>5.90<\/strong><\/td>\n<\/tr>\n<tr>\n<td><em>Today&#8217;s Special<\/em><\/td>\n<td><\/td>\n<\/tr>\n<tr>\n<td><strong>P\u00e4evasupp<\/strong><\/td>\n<td><strong>3.70<\/strong><\/td>\n<\/tr>\n<tr>\n<td><em>Soup of the day<\/em><\/td>\n<td><\/td>\n<\/tr>\n<\/tbody>\n<\/table>\n<h1>Aprillis soovitame:<\/h1>\n<table class=\" alignleft\" style=\"height: 623px;width: 748px\" width=\"760\">\n<tbody>\n<tr style=\"height: 61px\">\n<td style=\"height: 61px;width: 662px\"><strong>K\u00fcpsetatud krabis\u00f5rad tillikastmega<\/strong><\/td>\n<td style=\"height: 61px;width: 66px\"><strong>5.50<\/strong><\/td>\n<\/tr>\n<tr style=\"height: 37px\">\n<td style=\"height: 37px;width: 662px\"><strong>Veiselihagulja\u0161\u0161-supp<\/strong><\/td>\n<td style=\"height: 37px;width: 66px\"><strong>5.50<\/strong><\/td>\n<\/tr>\n<tr style=\"height: 37px\">\n<td style=\"height: 37px;width: 662px\"><strong>Parmesani kattega kana\u0161nitsel v\u00f5is praetud T\u00fcrgi ubadega<\/strong><\/td>\n<td style=\"height: 37px;width: 66px\"><strong>10.90<\/strong><\/td>\n<\/tr>\n<tr style=\"height: 37px\">\n<td style=\"height: 37px;width: 662px\"><strong>Panna Cotta mangop\u00fcree, be\u0161eepuru ja mustikatega<\/strong><\/td>\n<td style=\"height: 37px;width: 66px\"><strong>5.50<\/strong><\/td>\n<\/tr>\n<tr style=\"height: 37px\">\n<td style=\"height: 37px;width: 662px\"><\/td>\n<td style=\"height: 37px;width: 66px\"><\/td>\n<\/tr>\n<tr style=\"height: 61px\">\n<td style=\"height: 61px;width: 662px\"><\/td>\n<td style=\"height: 61px;width: 66px\"><\/td>\n<\/tr>\n<tr style=\"height: 37px\">\n<td style=\"text-align: justify;height: 25px;width: 662px\"><b>Vana Villem Punane 5,3%, Eesti 2&#215;0,5l<\/b><\/td>\n<td style=\"text-align: justify;height: 25px;width: 66px\"><strong>8.50<\/strong><\/td>\n<\/tr>\n<tr style=\"height: 37px\">\n<td style=\"text-align: justify;height: 37px;width: 662px\"><strong>Aveleda Vinho Verde 9,5% (Rios Minho, Portugal) 12cl<\/strong><\/td>\n<td style=\"text-align: justify;height: 37px;width: 66px\"><strong>3.40<\/strong><\/td>\n<\/tr>\n<tr style=\"height: 37px\">\n<td style=\"text-align: justify;height: 37px;width: 662px\"><strong>Buffalo Trace (viski Ameerikast) 4cl<\/strong><\/td>\n<td style=\"text-align: justify;height: 37px;width: 66px\"><strong>4.60<\/strong><\/td>\n<\/tr>\n<tr style=\"height: 32px\">\n<td style=\"text-align: justify;width: 662px;height: 32px\"><strong>Buffalo Trace &amp; Ginger ale<\/strong><\/td>\n<td style=\"text-align: justify;width: 66px;height: 32px\"><strong>8.70<\/strong><\/td>\n<\/tr>\n<tr>\n<td style=\"text-align: justify;width: 662px\"><\/td>\n<td style=\"text-align: justify;width: 66px\"><\/td>\n<\/tr>\n<tr>\n<td style=\"width: 662px\"><\/td>\n<td style=\"text-align: justify;width: 66px\"><\/td>\n<\/tr>\n<tr>\n<td style=\"text-align: justify;width: 662px\">\n<h2><\/h2>\n<h3 style=\"text-align: center\">H\u00e4id maitseelamusi!<\/h3>\n<\/td>\n<td style=\"text-align: justify;width: 66px\"><\/td>\n<\/tr>\n<\/tbody>\n<\/table>\n<p>&nbsp;<\/p>\n","protected":false},"excerpt":{"rendered":"<p>P\u00e4evapakkumised Supp + Praad 8.70 Soup + Main course P\u00e4evapraad 5.90 Today&#8217;s Special P\u00e4evasupp 3.70 Soup of the day Aprillis soovitame: K\u00fcpsetatud krabis\u00f5rad tillikastmega 5.50 Veiselihagulja\u0161\u0161-supp 5.50 Parmesani kattega kana\u0161nitsel v\u00f5is praetud T\u00fcrgi ubadega 10.90 Panna Cotta mangop\u00fcree, be\u0161eepuru ja &#8230;<\/p>\n","protected":false},"author":1,"featured_media":1425,"parent":11,"menu_order":0,"comment_status":"closed","ping_status":"closed","template":"soogimenuu.php","meta":[],"yoast_head":"<!-- This site is optimized with the Yoast SEO plugin v18.3 - https:\/\/yoast.com\/wordpress\/plugins\/seo\/ -->\n<title>Eripakkumised - M\u00f6nus Villem<\/title>\n<meta name=\"robots\" content=\"index, follow, max-snippet:-1, max-image-preview:large, max-video-preview:-1\" \/>\n<link rel=\"canonical\" href=\"https:\/\/www.villemipubid.ee\/monus-villem\/menuu\/eripakkumised\/\" \/>\n<meta property=\"og:locale\" content=\"et_EE\" \/>\n<meta property=\"og:type\" content=\"article\" \/>\n<meta property=\"og:title\" content=\"Eripakkumised - M\u00f6nus Villem\" \/>\n<meta property=\"og:description\" content=\"P\u00e4evapakkumised Supp + Praad 8.70 Soup + Main course P\u00e4evapraad 5.90 Today&#8217;s Special P\u00e4evasupp 3.70 Soup of the day Aprillis soovitame: K\u00fcpsetatud krabis\u00f5rad tillikastmega 5.50 Veiselihagulja\u0161\u0161-supp 5.50 Parmesani kattega kana\u0161nitsel v\u00f5is praetud T\u00fcrgi ubadega 10.90 Panna Cotta mangop\u00fcree, be\u0161eepuru ja ...\" \/>\n<meta property=\"og:url\" content=\"https:\/\/www.villemipubid.ee\/monus-villem\/menuu\/eripakkumised\/\" \/>\n<meta property=\"og:site_name\" content=\"M\u00f6nus Villem\" \/>\n<meta property=\"article:modified_time\" content=\"2026-04-01T06:39:37+00:00\" \/>\n<meta property=\"og:image\" content=\"http:\/\/www.villemipubid.ee\/monus-villem\/wp-content\/uploads\/sites\/6\/2024\/03\/monusville_.jpg\" \/>\n\t<meta property=\"og:image:width\" content=\"1600\" \/>\n\t<meta property=\"og:image:height\" content=\"936\" \/>\n\t<meta property=\"og:image:type\" content=\"image\/jpeg\" \/>\n<meta name=\"twitter:card\" content=\"summary\" \/>\n<meta name=\"twitter:label1\" content=\"Est. reading time\" \/>\n\t<meta name=\"twitter:data1\" content=\"1 minut\" \/>\n<script type=\"application\/ld+json\" class=\"yoast-schema-graph\">{\"@context\":\"https:\/\/schema.org\",\"@graph\":[{\"@type\":\"WebSite\",\"@id\":\"https:\/\/www.villemipubid.ee\/monus-villem\/#website\",\"url\":\"https:\/\/www.villemipubid.ee\/monus-villem\/\",\"name\":\"M\u00f6nus Villem\",\"description\":\"\",\"potentialAction\":[{\"@type\":\"SearchAction\",\"target\":{\"@type\":\"EntryPoint\",\"urlTemplate\":\"https:\/\/www.villemipubid.ee\/monus-villem\/?s={search_term_string}\"},\"query-input\":\"required name=search_term_string\"}],\"inLanguage\":\"et\"},{\"@type\":\"ImageObject\",\"@id\":\"https:\/\/www.villemipubid.ee\/monus-villem\/menuu\/eripakkumised\/#primaryimage\",\"inLanguage\":\"et\",\"url\":\"https:\/\/www.villemipubid.ee\/monus-villem\/wp-content\/uploads\/sites\/6\/2024\/03\/monusville_.jpg\",\"contentUrl\":\"https:\/\/www.villemipubid.ee\/monus-villem\/wp-content\/uploads\/sites\/6\/2024\/03\/monusville_.jpg\",\"width\":1600,\"height\":936},{\"@type\":\"WebPage\",\"@id\":\"https:\/\/www.villemipubid.ee\/monus-villem\/menuu\/eripakkumised\/#webpage\",\"url\":\"https:\/\/www.villemipubid.ee\/monus-villem\/menuu\/eripakkumised\/\",\"name\":\"Eripakkumised - M\u00f6nus Villem\",\"isPartOf\":{\"@id\":\"https:\/\/www.villemipubid.ee\/monus-villem\/#website\"},\"primaryImageOfPage\":{\"@id\":\"https:\/\/www.villemipubid.ee\/monus-villem\/menuu\/eripakkumised\/#primaryimage\"},\"datePublished\":\"2015-08-24T11:13:11+00:00\",\"dateModified\":\"2026-04-01T06:39:37+00:00\",\"breadcrumb\":{\"@id\":\"https:\/\/www.villemipubid.ee\/monus-villem\/menuu\/eripakkumised\/#breadcrumb\"},\"inLanguage\":\"et\",\"potentialAction\":[{\"@type\":\"ReadAction\",\"target\":[\"https:\/\/www.villemipubid.ee\/monus-villem\/menuu\/eripakkumised\/\"]}]},{\"@type\":\"BreadcrumbList\",\"@id\":\"https:\/\/www.villemipubid.ee\/monus-villem\/menuu\/eripakkumised\/#breadcrumb\",\"itemListElement\":[{\"@type\":\"ListItem\",\"position\":1,\"name\":\"Home\",\"item\":\"https:\/\/www.villemipubid.ee\/monus-villem\/\"},{\"@type\":\"ListItem\",\"position\":2,\"name\":\"Men\u00fc\u00fc\",\"item\":\"https:\/\/www.villemipubid.ee\/monus-villem\/menuu\/\"},{\"@type\":\"ListItem\",\"position\":3,\"name\":\"Eripakkumised\"}]}]}<\/script>\n<!-- \/ Yoast SEO plugin. -->","yoast_head_json":{"title":"Eripakkumised - M\u00f6nus Villem","robots":{"index":"index","follow":"follow","max-snippet":"max-snippet:-1","max-image-preview":"max-image-preview:large","max-video-preview":"max-video-preview:-1"},"canonical":"https:\/\/www.villemipubid.ee\/monus-villem\/menuu\/eripakkumised\/","og_locale":"et_EE","og_type":"article","og_title":"Eripakkumised - M\u00f6nus Villem","og_description":"P\u00e4evapakkumised Supp + Praad 8.70 Soup + Main course P\u00e4evapraad 5.90 Today&#8217;s Special P\u00e4evasupp 3.70 Soup of the day Aprillis soovitame: K\u00fcpsetatud krabis\u00f5rad tillikastmega 5.50 Veiselihagulja\u0161\u0161-supp 5.50 Parmesani kattega kana\u0161nitsel v\u00f5is praetud T\u00fcrgi ubadega 10.90 Panna Cotta mangop\u00fcree, be\u0161eepuru ja ...","og_url":"https:\/\/www.villemipubid.ee\/monus-villem\/menuu\/eripakkumised\/","og_site_name":"M\u00f6nus Villem","article_modified_time":"2026-04-01T06:39:37+00:00","og_image":[{"width":1600,"height":936,"url":"http:\/\/www.villemipubid.ee\/monus-villem\/wp-content\/uploads\/sites\/6\/2024\/03\/monusville_.jpg","type":"image\/jpeg"}],"twitter_card":"summary","twitter_misc":{"Est. reading time":"1 minut"},"schema":{"@context":"https:\/\/schema.org","@graph":[{"@type":"WebSite","@id":"https:\/\/www.villemipubid.ee\/monus-villem\/#website","url":"https:\/\/www.villemipubid.ee\/monus-villem\/","name":"M\u00f6nus Villem","description":"","potentialAction":[{"@type":"SearchAction","target":{"@type":"EntryPoint","urlTemplate":"https:\/\/www.villemipubid.ee\/monus-villem\/?s={search_term_string}"},"query-input":"required name=search_term_string"}],"inLanguage":"et"},{"@type":"ImageObject","@id":"https:\/\/www.villemipubid.ee\/monus-villem\/menuu\/eripakkumised\/#primaryimage","inLanguage":"et","url":"https:\/\/www.villemipubid.ee\/monus-villem\/wp-content\/uploads\/sites\/6\/2024\/03\/monusville_.jpg","contentUrl":"https:\/\/www.villemipubid.ee\/monus-villem\/wp-content\/uploads\/sites\/6\/2024\/03\/monusville_.jpg","width":1600,"height":936},{"@type":"WebPage","@id":"https:\/\/www.villemipubid.ee\/monus-villem\/menuu\/eripakkumised\/#webpage","url":"https:\/\/www.villemipubid.ee\/monus-villem\/menuu\/eripakkumised\/","name":"Eripakkumised - M\u00f6nus Villem","isPartOf":{"@id":"https:\/\/www.villemipubid.ee\/monus-villem\/#website"},"primaryImageOfPage":{"@id":"https:\/\/www.villemipubid.ee\/monus-villem\/menuu\/eripakkumised\/#primaryimage"},"datePublished":"2015-08-24T11:13:11+00:00","dateModified":"2026-04-01T06:39:37+00:00","breadcrumb":{"@id":"https:\/\/www.villemipubid.ee\/monus-villem\/menuu\/eripakkumised\/#breadcrumb"},"inLanguage":"et","potentialAction":[{"@type":"ReadAction","target":["https:\/\/www.villemipubid.ee\/monus-villem\/menuu\/eripakkumised\/"]}]},{"@type":"BreadcrumbList","@id":"https:\/\/www.villemipubid.ee\/monus-villem\/menuu\/eripakkumised\/#breadcrumb","itemListElement":[{"@type":"ListItem","position":1,"name":"Home","item":"https:\/\/www.villemipubid.ee\/monus-villem\/"},{"@type":"ListItem","position":2,"name":"Men\u00fc\u00fc","item":"https:\/\/www.villemipubid.ee\/monus-villem\/menuu\/"},{"@type":"ListItem","position":3,"name":"Eripakkumised"}]}]}},"_links":{"self":[{"href":"https:\/\/www.villemipubid.ee\/monus-villem\/wp-json\/wp\/v2\/pages\/351"}],"collection":[{"href":"https:\/\/www.villemipubid.ee\/monus-villem\/wp-json\/wp\/v2\/pages"}],"about":[{"href":"https:\/\/www.villemipubid.ee\/monus-villem\/wp-json\/wp\/v2\/types\/page"}],"author":[{"embeddable":true,"href":"https:\/\/www.villemipubid.ee\/monus-villem\/wp-json\/wp\/v2\/users\/1"}],"replies":[{"embeddable":true,"href":"https:\/\/www.villemipubid.ee\/monus-villem\/wp-json\/wp\/v2\/comments?post=351"}],"version-history":[{"count":187,"href":"https:\/\/www.villemipubid.ee\/monus-villem\/wp-json\/wp\/v2\/pages\/351\/revisions"}],"predecessor-version":[{"id":1607,"href":"https:\/\/www.villemipubid.ee\/monus-villem\/wp-json\/wp\/v2\/pages\/351\/revisions\/1607"}],"up":[{"embeddable":true,"href":"https:\/\/www.villemipubid.ee\/monus-villem\/wp-json\/wp\/v2\/pages\/11"}],"wp:featuredmedia":[{"embeddable":true,"href":"https:\/\/www.villemipubid.ee\/monus-villem\/wp-json\/wp\/v2\/media\/1425"}],"wp:attachment":[{"href":"https:\/\/www.villemipubid.ee\/monus-villem\/wp-json\/wp\/v2\/media?parent=351"}],"curies":[{"name":"wp","href":"https:\/\/api.w.org\/{rel}","templated":true}]}}