{"id":347,"date":"2015-08-24T13:47:45","date_gmt":"2015-08-24T10:47:45","guid":{"rendered":"http:\/\/www.villemipubid.ee\/monus-villem\/?page_id=347"},"modified":"2026-03-09T13:02:46","modified_gmt":"2026-03-09T11:02:46","slug":"soogid-uus","status":"publish","type":"page","link":"https:\/\/www.villemipubid.ee\/monus-villem\/menuu\/soogid-uus\/","title":{"rendered":"S\u00f6\u00f6gid"},"content":{"rendered":"<h2>Suupisted<\/h2>\n<table style=\"height: 720px\" width=\"551\">\n<tbody>\n<tr style=\"height: 24px\">\n<td style=\"width: 488px;height: 24px\"><strong>\u00d5lles\u00f5bra suupistevalik<br \/>\n<\/strong><\/td>\n<td style=\"width: 47px;height: 24px\"><strong>19.50<\/strong><\/td>\n<\/tr>\n<tr style=\"height: 24px\">\n<td style=\"width: 488px;height: 24px\"><em>Combo platter<\/em><\/td>\n<td style=\"width: 47px;height: 24px\"><\/td>\n<\/tr>\n<tr style=\"height: 24px\">\n<td style=\"width: 488px;height: 24px\"><strong>Tiigerkrevetid k\u00fc\u00fcslauguv\u00f5i ja kr\u00f5beda lava\u0161iga<\/strong><\/td>\n<td style=\"width: 47px;height: 24px\"><strong>7.80<\/strong><\/td>\n<\/tr>\n<tr style=\"height: 24px\">\n<td style=\"height: 24px;width: 488px\"><em>King prawn tails with garlic butter and crispy lavash<\/em><\/td>\n<td style=\"height: 24px;width: 47px\"><\/td>\n<\/tr>\n<tr style=\"height: 24px\">\n<td style=\"height: 24px;width: 488px\"><strong>Suitsujuustuga t\u00e4idetud jalopenod<\/strong><\/td>\n<td style=\"height: 24px;width: 47px\"><strong>6.70<\/strong><\/td>\n<\/tr>\n<tr style=\"height: 24px\">\n<td style=\"width: 488px;height: 24px\"><em>Jalapeno peppers stuffed with smoked cheese<\/em><\/td>\n<td style=\"width: 47px;height: 24px\"><\/td>\n<\/tr>\n<tr style=\"height: 24px\">\n<td style=\"width: 488px;height: 24px\"><strong>Pipraveis kr\u00f5beda lava\u0161iga<\/strong><\/td>\n<td style=\"width: 47px;height: 24px\"><strong>6.70<\/strong><\/td>\n<\/tr>\n<tr style=\"height: 24px\">\n<td style=\"height: 24px;width: 488px\"><em>Peppered beef with crispy lavash<\/em><\/td>\n<td style=\"height: 24px;width: 47px\"><\/td>\n<\/tr>\n<tr style=\"height: 24px\">\n<td style=\"height: 24px;width: 488px\"><strong>Sibular\u00f5ngad k\u00fc\u00fcslaugukastmega<\/strong><\/td>\n<td style=\"height: 24px;width: 47px\"><strong>5.90<\/strong><\/td>\n<\/tr>\n<tr style=\"height: 24px\">\n<td style=\"height: 24px;width: 488px\"><em>Beer batter onion rings with garlic sauce<\/em><\/td>\n<td style=\"height: 24px;width: 47px\"><\/td>\n<\/tr>\n<tr style=\"height: 24px\">\n<td style=\"height: 24px;width: 488px\"><strong>K\u00fcpsetatud juustupallid<\/strong><\/td>\n<td style=\"height: 24px;width: 47px\"><strong>5.90<\/strong><\/td>\n<\/tr>\n<tr style=\"height: 24px\">\n<td style=\"height: 24px;width: 488px\"><em>Baked cheese balls<\/em><\/td>\n<td style=\"height: 24px;width: 47px\"><\/td>\n<\/tr>\n<tr style=\"height: 24px\">\n<td style=\"height: 24px;width: 488px\"><strong>K\u00fcpsetatud pelmeenid tillikastmega<\/strong><\/td>\n<td style=\"height: 24px;width: 47px\"><strong>5.90<\/strong><\/td>\n<\/tr>\n<tr style=\"height: 24px\">\n<td style=\"height: 24px;width: 488px\"><em>Baked meat-dumplings in dill sauce<\/em><\/td>\n<td style=\"height: 24px;width: 47px\"><\/td>\n<\/tr>\n<tr style=\"height: 24px\">\n<td style=\"height: 24px;width: 488px\"><strong>Villemi kanatiivad kahe kastmega<\/strong><\/td>\n<td style=\"height: 24px;width: 47px\"><strong>5.90<\/strong><\/td>\n<\/tr>\n<tr style=\"height: 24px\">\n<td style=\"height: 24px;width: 488px\"><em>Chicken wings served with two sauce<\/em><\/td>\n<td style=\"height: 24px;width: 47px\"><\/td>\n<\/tr>\n<tr style=\"height: 24px\">\n<td style=\"height: 24px;width: 488px\"><strong>Villemi k\u00fc\u00fcslauguleivad k\u00fc\u00fcslaugukastmega<\/strong><\/td>\n<td style=\"height: 24px;width: 47px\"><strong>4.40<\/strong><\/td>\n<\/tr>\n<tr style=\"height: 24px\">\n<td style=\"height: 24px;width: 488px\"><em>Fried black bread sticks in garlic served with garlic sauce<\/em><\/td>\n<td style=\"height: 24px;width: 47px\"><\/td>\n<\/tr>\n<tr style=\"height: 24px\">\n<td style=\"height: 24px;width: 488px\"><strong>Iirip\u00e4rane kr\u00f5bekartul kahe kastmega<\/strong><\/td>\n<td style=\"height: 24px;width: 47px\"><strong>4.40<\/strong><\/td>\n<\/tr>\n<tr style=\"height: 24px\">\n<td style=\"height: 24px;width: 488px\"><em>Irish crisps served with two sauce<\/em><\/td>\n<td style=\"height: 24px;width: 47px\"><\/td>\n<\/tr>\n<tr style=\"height: 24px\">\n<td style=\"height: 24px;width: 488px\"><strong>Friikartulid kahe kastmega<\/strong><\/td>\n<td style=\"height: 24px;width: 47px\"><strong>4.40<\/strong><\/td>\n<\/tr>\n<tr style=\"height: 24px\">\n<td style=\"height: 24px;width: 488px\"><em>French fries served with two sauce<\/em><\/td>\n<td style=\"height: 24px;width: 47px\"><\/td>\n<\/tr>\n<tr style=\"height: 24px\">\n<td style=\"height: 24px;width: 488px\"><\/td>\n<td style=\"height: 24px;width: 47px\"><\/td>\n<\/tr>\n<tr style=\"height: 24px\">\n<td style=\"height: 24px;width: 488px\"><\/td>\n<td style=\"height: 24px;width: 47px\"><\/td>\n<\/tr>\n<tr style=\"height: 24px\">\n<td style=\"height: 24px;width: 488px\"><\/td>\n<td style=\"height: 24px;width: 47px\"><\/td>\n<\/tr>\n<tr style=\"height: 24px\">\n<td style=\"height: 24px;width: 488px\"><\/td>\n<td style=\"height: 24px;width: 47px\"><\/td>\n<\/tr>\n<tr style=\"height: 24px\">\n<td style=\"height: 24px;width: 488px\"><\/td>\n<td style=\"height: 24px;width: 47px\"><\/td>\n<\/tr>\n<\/tbody>\n<\/table>\n<h1>\u00a0Salatid<\/h1>\n<table width=\"547\">\n<tbody>\n<tr>\n<td><strong>Caesari salat grillitud kana ja kirsstomatitega<\/strong><\/td>\n<td><strong>7.00<\/strong><\/td>\n<\/tr>\n<tr>\n<td><em>Caesar salad with grilled chicken and cherry tomatoes<\/em><\/td>\n<td><strong>\u00a0<\/strong><\/td>\n<\/tr>\n<tr>\n<td width=\"499\"><strong>Caesari salat grillitud tiigerkrevettidega<\/strong><\/td>\n<td width=\"48\"><strong>7.80<\/strong><\/td>\n<\/tr>\n<tr>\n<td><em>Caesar salad with grilled shrimps<\/em><\/td>\n<td><\/td>\n<\/tr>\n<tr>\n<td><strong>Kr\u00f5be kitsejuust salatipadjal<\/strong><\/td>\n<td><b>7.50<\/b><\/td>\n<\/tr>\n<tr>\n<td><em>Salad with crispy goat cheese<\/em><\/td>\n<td><\/td>\n<\/tr>\n<tr>\n<td><strong>V\u00e4rske salat grillitud l\u00f5hega<\/strong><\/td>\n<td><b>7.80<\/b><\/td>\n<\/tr>\n<tr>\n<td><em>Fresh salad with grilled salmon<\/em><\/td>\n<td><\/td>\n<\/tr>\n<\/tbody>\n<\/table>\n<h1>\u00a0Supid<\/h1>\n<table style=\"height: 372px\" width=\"537\">\n<tbody>\n<tr>\n<td><strong>Sealihabor\u0161 pekileivaga<\/strong><\/td>\n<td><strong>5.60<\/strong><\/td>\n<\/tr>\n<tr>\n<td>Pork borsch with lard bread<\/td>\n<td><strong>\u00a0<\/strong><\/td>\n<\/tr>\n<tr>\n<td><strong>Villemi kalasupp<\/strong><\/td>\n<td><strong>5.60<\/strong><\/td>\n<\/tr>\n<tr>\n<td>Fish soup with trout<\/td>\n<td><\/td>\n<\/tr>\n<tr>\n<td><\/td>\n<td><\/td>\n<\/tr>\n<tr>\n<td><\/td>\n<td><\/td>\n<\/tr>\n<\/tbody>\n<\/table>\n<h1>\u00a0Pubiportsud<\/h1>\n<table width=\"546\">\n<tbody>\n<tr>\n<td width=\"504\"><strong>Puuraiduri praad &#8211; seakarbonaad r\u00f6stleival seente ja sibulaga<\/strong><\/td>\n<td width=\"42\"><strong>9.20<\/strong><\/td>\n<\/tr>\n<tr>\n<td><em>Pork chop with mushrooms and onion, served on black bread toast<\/em><\/td>\n<td><\/td>\n<\/tr>\n<tr>\n<td><strong>Kooresed tagliatelled l\u00f5hega<\/strong><\/td>\n<td><strong>8.50<\/strong><\/td>\n<\/tr>\n<tr>\n<td><em>Creamy tagliatelle pasta with salmon<\/em><\/td>\n<td><\/td>\n<\/tr>\n<tr>\n<td><strong>M\u00f6nus hamburger rebitud liha ja friikartuliga<\/strong><\/td>\n<td><strong>9.20<\/strong><\/td>\n<\/tr>\n<tr>\n<td><em>Hamburger with pulled pork and French fries<\/em><\/td>\n<td><\/td>\n<\/tr>\n<tr>\n<td><strong>Laetud kartulid kr\u00f5bekanaga<\/strong><\/td>\n<td><strong>9.20<\/strong><\/td>\n<\/tr>\n<tr>\n<td><em>Loaded irish crisps with crispy chicken<\/em><\/td>\n<td><strong>\u00a0<\/strong><\/td>\n<\/tr>\n<tr>\n<td><strong>Kanapasta peekoni ja p\u00e4ikesekuivatatud tomatitega<\/strong><\/td>\n<td><strong>8.20<\/strong><\/td>\n<\/tr>\n<tr>\n<td><em>Chicken pasta with bacon and sun-dried tomatoes<\/em><\/td>\n<td><\/td>\n<\/tr>\n<tr>\n<td><strong>Kr\u00f5be juustu\u0161nitsel kartulilaastudega<\/strong><\/td>\n<td><strong>8.50<\/strong><\/td>\n<\/tr>\n<tr>\n<td><em>Crispy breaded cheese with irish crisps<\/em><\/td>\n<td><\/td>\n<\/tr>\n<tr>\n<td><strong>Kanafilee peekoni ja sinihallitusjuustukastmega<\/strong><\/td>\n<td><strong>9.20<\/strong><\/td>\n<\/tr>\n<tr>\n<td>Chicken fillet with bacon and cheese sauce<\/td>\n<td><\/td>\n<\/tr>\n<tr>\n<td><strong>M\u00f6nus hommikus\u00f6\u00f6k<\/strong><\/td>\n<td><strong>8.50<\/strong><\/td>\n<\/tr>\n<tr>\n<td>Breakfest with egg and bacon<\/td>\n<td><\/td>\n<\/tr>\n<tr>\n<td><\/td>\n<td><\/td>\n<\/tr>\n<tr>\n<td><\/td>\n<td><\/td>\n<\/tr>\n<\/tbody>\n<\/table>\n<h1>Praed<\/h1>\n<table width=\"546\">\n<tbody>\n<tr>\n<td width=\"502\"><strong>Grillitud veiselfilee piprakastmega<\/strong><\/td>\n<td width=\"44\"><strong>13.00<\/strong><\/td>\n<\/tr>\n<tr>\n<td width=\"502\">Grilled beef steak with pepper sauce<\/td>\n<td width=\"44\"><\/td>\n<\/tr>\n<tr>\n<td width=\"502\"><strong>Kuninglik koha kuldsel kartulil<\/strong><\/td>\n<td width=\"44\"><strong>13.00<\/strong><\/td>\n<\/tr>\n<tr>\n<td width=\"502\"><em>Pikeperch with irish crisps<\/em><\/td>\n<td width=\"44\"><\/td>\n<\/tr>\n<tr>\n<td width=\"502\"><strong>Rebitud BBQ liha XL ahjukartuliga<\/strong><\/td>\n<td width=\"44\"><strong>10.90<\/strong><\/td>\n<\/tr>\n<tr>\n<td width=\"502\">Pulled BBQ pork with XL baked potatoes<\/td>\n<td width=\"44\"><\/td>\n<\/tr>\n<tr>\n<td width=\"502\"><strong>Siga ja seened k\u00fcpsetatud kartuliga<\/strong><\/td>\n<td width=\"44\"><strong>11.20<\/strong><\/td>\n<\/tr>\n<tr>\n<td><i>Pork and mushrooms with cooked potatoes<\/i><\/td>\n<td><\/td>\n<\/tr>\n<tr>\n<td><strong>Noore Villemi \u0161nitsel coleslaw salati ja friikartulitega<\/strong><\/td>\n<td><strong>11.20<\/strong><\/td>\n<\/tr>\n<tr>\n<td>Pork schnitzel with coleslaw salad and French fries<\/td>\n<td><\/td>\n<\/tr>\n<tr>\n<td><strong>Kanafilee juustu-ananassi glasuuris woki ja kartulilaastudega<\/strong><\/td>\n<td><strong>11.20<\/strong><\/td>\n<\/tr>\n<tr>\n<td><em>Chicken fillet in cheese-pineapple glaze with stir-fried vegetables<\/em><\/td>\n<td><\/td>\n<\/tr>\n<tr>\n<td><strong>Kr\u00f5be lillkapsas vokitud juurviljadega (V)<\/strong><\/td>\n<td><strong>9.50<\/strong><\/td>\n<\/tr>\n<tr>\n<td><em>Crispy cauliflower with wok vegetables (V)<\/em><\/td>\n<td><\/td>\n<\/tr>\n<tr>\n<td><\/td>\n<td><\/td>\n<\/tr>\n<tr>\n<td><\/td>\n<td><\/td>\n<\/tr>\n<tr>\n<td><\/td>\n<td><\/td>\n<\/tr>\n<tr>\n<td><\/td>\n<td><\/td>\n<\/tr>\n<tr>\n<td><\/td>\n<td><\/td>\n<\/tr>\n<tr>\n<td><\/td>\n<td><\/td>\n<\/tr>\n<tr>\n<td><\/td>\n<td><\/td>\n<\/tr>\n<\/tbody>\n<\/table>\n<h1>Lastepraed<\/h1>\n<table width=\"546\">\n<tbody>\n<tr>\n<td width=\"504\"><strong>Kr\u00f5bekana kartulilaastuga<\/strong><\/td>\n<td width=\"42\"><strong>5.90<\/strong><\/td>\n<\/tr>\n<tr>\n<td><em>Crispy chicken with irish crisps<\/em><\/td>\n<td><\/td>\n<\/tr>\n<tr>\n<td><strong>Topelt juustuburger friikartulitega<\/strong><\/td>\n<td><strong>5.90<\/strong><\/td>\n<\/tr>\n<tr>\n<td><em>Double cheeseburger with fries<\/em><\/td>\n<td><\/td>\n<\/tr>\n<tr>\n<td><strong>Friikartulid viineritega<\/strong><\/td>\n<td><strong>5.90<\/strong><\/td>\n<\/tr>\n<tr>\n<td><em>French fries with sausages<\/em><\/td>\n<td><\/td>\n<\/tr>\n<\/tbody>\n<\/table>\n<h1>Magustoidud<\/h1>\n<table width=\"546\">\n<tbody>\n<tr>\n<td><strong>Kuum \u0161okolaadikook j\u00e4\u00e4tise ja kirssidega<\/strong><\/td>\n<td><strong>5.70<\/strong><\/td>\n<\/tr>\n<tr>\n<td><em>Hot chocolate cake with ice ceam and cherries<\/em><\/td>\n<td><strong>\u00a0<\/strong><\/td>\n<\/tr>\n<tr>\n<td><strong>Toorjuustukook valge \u0161okolaadi ja marjakastmega<\/strong><\/td>\n<td><strong>5.70<\/strong><\/td>\n<\/tr>\n<tr>\n<td><em>Cheesecake with white chocolate and berry sauce<\/em><\/td>\n<td><\/td>\n<\/tr>\n<tr>\n<td><strong>Pannkoogid j\u00e4\u00e4tise ja moosiga<\/strong><\/td>\n<td><strong>5.70<\/strong><\/td>\n<\/tr>\n<tr>\n<td><em>Pancakes with ice cream and jam<\/em><\/td>\n<td><\/td>\n<\/tr>\n<tr>\n<td><strong>Churrod \u0161okolaadi ja vaarikamoosiga<\/strong><\/td>\n<td><strong>5.70<\/strong><\/td>\n<\/tr>\n<tr>\n<td><em>Churros with chocolate and rasperry jam<\/em><\/td>\n<td><\/td>\n<\/tr>\n<tr>\n<td><strong>J\u00e4\u00e4tisekokteil<\/strong><\/td>\n<td><strong>5.00<\/strong><\/td>\n<\/tr>\n<tr>\n<td><em>Ice cream coctail <\/em><\/td>\n<td><\/td>\n<\/tr>\n<tr>\n<td><strong>J\u00e4\u00e4tisekokteil maasikate ja Oreo k\u00fcpsisega<\/strong><\/td>\n<td><strong>5.00<\/strong><\/td>\n<\/tr>\n<tr>\n<td><em>Ice cream coctail with strawberries and Oreo cookies<\/em><\/td>\n<td><\/td>\n<\/tr>\n<\/tbody>\n<\/table>\n<h1>Grupimen\u00fc\u00fc<\/h1>\n<table style=\"height: 100px\" width=\"600\">\n<tbody>\n<tr>\n<td style=\"text-align: left\">Miinimum grupi suurus 12 inimest!<\/td>\n<td><\/td>\n<\/tr>\n<tr>\n<td style=\"text-align: left\">Minimum group size is 12 people!<\/td>\n<td><\/td>\n<\/tr>\n<tr>\n<td><strong>Komplekt nr. 1<\/strong><\/td>\n<td><strong>16.90<\/strong><\/td>\n<\/tr>\n<tr>\n<td>Kartulisalat<\/td>\n<td><\/td>\n<\/tr>\n<tr>\n<td><em>Potato salad<\/em><\/td>\n<td><\/td>\n<\/tr>\n<tr>\n<td>Traditsiooniline seapraad<\/td>\n<td><\/td>\n<\/tr>\n<tr>\n<td><em>Traditional roast pork with sauerkraut<\/em><\/td>\n<td><\/td>\n<\/tr>\n<tr>\n<td>Kahe \u0161okolaadi laavakook + kohv\/tee valikus<\/td>\n<td><\/td>\n<\/tr>\n<tr>\n<td><em>Double chocolate cake + coffe\/ tea<\/em><\/td>\n<td><\/td>\n<\/tr>\n<tr>\n<td><strong>Komplekt nr. 2<\/strong><\/td>\n<td><strong>19.90<\/strong><\/td>\n<\/tr>\n<tr>\n<td>Caesari salat grillitud kanaga<\/td>\n<td><\/td>\n<\/tr>\n<tr>\n<td><em>Caesar salad with grilled chicken<\/em><\/td>\n<td><\/td>\n<\/tr>\n<tr>\n<td>Grillitud veisefilee piprakastmega<\/td>\n<td><\/td>\n<\/tr>\n<tr>\n<td><em>Grilled beef steak with pepper sauce<\/em><\/td>\n<td><\/td>\n<\/tr>\n<tr>\n<td>Churrod \u0161okolaadi ja vaarikamoosiga + kohv\/tee valikus<\/td>\n<td><\/td>\n<\/tr>\n<tr>\n<td><em>Churros with chocolate and rasperry jam+ coffe\/ tea<\/em><\/td>\n<td><\/td>\n<\/tr>\n<tr>\n<td><strong>Komplekt nr. 3<\/strong><\/td>\n<td><strong>19.90<\/strong><\/td>\n<\/tr>\n<tr>\n<td>Villemi kalasupp<\/td>\n<td><\/td>\n<\/tr>\n<tr>\n<td><em>Fish soup\u00a0<\/em><\/td>\n<td><\/td>\n<\/tr>\n<tr>\n<td>Kuninglik koha kuldsel kartulil<\/td>\n<td><\/td>\n<\/tr>\n<tr>\n<td><em>Pikeperch with irish crisps<\/em><\/td>\n<td><\/td>\n<\/tr>\n<tr>\n<td>Toorjuustukook+ kohv\/ tee valikus<\/td>\n<td><\/td>\n<\/tr>\n<tr>\n<td><em>Cheesecake + coffe\/ tea<\/em><\/td>\n<td><\/td>\n<\/tr>\n<tr>\n<td><em>Hind sisaldab maitsevett!<\/em><\/td>\n<td><\/td>\n<\/tr>\n<\/tbody>\n<\/table>\n<h1>Peielaud<\/h1>\n<table style=\"height: 271px\" width=\"450\">\n<tbody>\n<tr>\n<td>\n<table style=\"height: 434px\" width=\"767\">\n<tbody>\n<tr>\n<td><strong>Ettetellimisel!<\/strong><\/td>\n<td><\/td>\n<\/tr>\n<tr>\n<td><strong>Valik nr. 1<\/strong><\/td>\n<td><strong>18.40<\/strong><\/td>\n<\/tr>\n<tr>\n<td>K\u00fclmlaud<\/td>\n<td><\/td>\n<\/tr>\n<tr>\n<td>Ahjus k\u00fcpsetatud seakarbonaad ahjukartulite ja praekapsaga<\/td>\n<td><\/td>\n<\/tr>\n<tr>\n<td>Kringel + kohv \/tee<\/td>\n<td><\/td>\n<\/tr>\n<tr>\n<td>Maitsevesi\/morss<\/td>\n<td><\/td>\n<\/tr>\n<tr>\n<td><strong>Valik nr. 2<\/strong><\/td>\n<td><strong>13.40<\/strong><\/td>\n<\/tr>\n<tr>\n<td>Kanapuljong lihapirukaga<\/td>\n<td><\/td>\n<\/tr>\n<tr>\n<td>Ahjus k\u00fcpsetatud seakarbonaad ahjukartulite ja praekapsaga<\/td>\n<td><\/td>\n<\/tr>\n<tr>\n<td>Kringel + kohv\/ tee<\/td>\n<td><\/td>\n<\/tr>\n<tr>\n<td>Maitsevesi\/morss<\/td>\n<td><\/td>\n<\/tr>\n<\/tbody>\n<\/table>\n<\/td>\n<\/tr>\n<\/tbody>\n<\/table>\n","protected":false},"excerpt":{"rendered":"<p>Suupisted \u00d5lles\u00f5bra suupistevalik 19.50 Combo platter Tiigerkrevetid k\u00fc\u00fcslauguv\u00f5i ja kr\u00f5beda lava\u0161iga 7.80 King prawn tails with garlic butter and crispy lavash Suitsujuustuga t\u00e4idetud jalopenod 6.70 Jalapeno peppers stuffed with smoked cheese Pipraveis kr\u00f5beda lava\u0161iga 6.70 Peppered beef with crispy lavash &#8230;<\/p>\n","protected":false},"author":1,"featured_media":1425,"parent":11,"menu_order":0,"comment_status":"closed","ping_status":"closed","template":"soogimenuu.php","meta":[],"yoast_head":"<!-- This site is optimized with the Yoast SEO plugin v18.3 - https:\/\/yoast.com\/wordpress\/plugins\/seo\/ -->\n<title>S\u00f6\u00f6gid - M\u00f6nus Villem<\/title>\n<meta name=\"robots\" content=\"index, follow, max-snippet:-1, max-image-preview:large, max-video-preview:-1\" \/>\n<link rel=\"canonical\" href=\"https:\/\/www.villemipubid.ee\/monus-villem\/menuu\/soogid-uus\/\" \/>\n<meta property=\"og:locale\" content=\"et_EE\" \/>\n<meta property=\"og:type\" content=\"article\" \/>\n<meta property=\"og:title\" content=\"S\u00f6\u00f6gid - M\u00f6nus Villem\" \/>\n<meta property=\"og:description\" content=\"Suupisted \u00d5lles\u00f5bra suupistevalik 19.50 Combo platter Tiigerkrevetid k\u00fc\u00fcslauguv\u00f5i ja kr\u00f5beda lava\u0161iga 7.80 King prawn tails with garlic butter and crispy lavash Suitsujuustuga t\u00e4idetud jalopenod 6.70 Jalapeno peppers stuffed with smoked cheese Pipraveis kr\u00f5beda lava\u0161iga 6.70 Peppered beef with crispy lavash ...\" \/>\n<meta property=\"og:url\" content=\"https:\/\/www.villemipubid.ee\/monus-villem\/menuu\/soogid-uus\/\" \/>\n<meta property=\"og:site_name\" content=\"M\u00f6nus Villem\" \/>\n<meta property=\"article:modified_time\" content=\"2026-03-09T11:02:46+00:00\" \/>\n<meta property=\"og:image\" content=\"http:\/\/www.villemipubid.ee\/monus-villem\/wp-content\/uploads\/sites\/6\/2024\/03\/monusville_.jpg\" \/>\n\t<meta property=\"og:image:width\" content=\"1600\" \/>\n\t<meta property=\"og:image:height\" content=\"936\" \/>\n\t<meta property=\"og:image:type\" content=\"image\/jpeg\" \/>\n<meta name=\"twitter:card\" content=\"summary\" \/>\n<meta name=\"twitter:label1\" content=\"Est. reading time\" \/>\n\t<meta name=\"twitter:data1\" content=\"4 minutit\" \/>\n<script type=\"application\/ld+json\" class=\"yoast-schema-graph\">{\"@context\":\"https:\/\/schema.org\",\"@graph\":[{\"@type\":\"WebSite\",\"@id\":\"https:\/\/www.villemipubid.ee\/monus-villem\/#website\",\"url\":\"https:\/\/www.villemipubid.ee\/monus-villem\/\",\"name\":\"M\u00f6nus Villem\",\"description\":\"\",\"potentialAction\":[{\"@type\":\"SearchAction\",\"target\":{\"@type\":\"EntryPoint\",\"urlTemplate\":\"https:\/\/www.villemipubid.ee\/monus-villem\/?s={search_term_string}\"},\"query-input\":\"required name=search_term_string\"}],\"inLanguage\":\"et\"},{\"@type\":\"ImageObject\",\"@id\":\"https:\/\/www.villemipubid.ee\/monus-villem\/menuu\/soogid-uus\/#primaryimage\",\"inLanguage\":\"et\",\"url\":\"https:\/\/www.villemipubid.ee\/monus-villem\/wp-content\/uploads\/sites\/6\/2024\/03\/monusville_.jpg\",\"contentUrl\":\"https:\/\/www.villemipubid.ee\/monus-villem\/wp-content\/uploads\/sites\/6\/2024\/03\/monusville_.jpg\",\"width\":1600,\"height\":936},{\"@type\":\"WebPage\",\"@id\":\"https:\/\/www.villemipubid.ee\/monus-villem\/menuu\/soogid-uus\/#webpage\",\"url\":\"https:\/\/www.villemipubid.ee\/monus-villem\/menuu\/soogid-uus\/\",\"name\":\"S\u00f6\u00f6gid - M\u00f6nus Villem\",\"isPartOf\":{\"@id\":\"https:\/\/www.villemipubid.ee\/monus-villem\/#website\"},\"primaryImageOfPage\":{\"@id\":\"https:\/\/www.villemipubid.ee\/monus-villem\/menuu\/soogid-uus\/#primaryimage\"},\"datePublished\":\"2015-08-24T10:47:45+00:00\",\"dateModified\":\"2026-03-09T11:02:46+00:00\",\"breadcrumb\":{\"@id\":\"https:\/\/www.villemipubid.ee\/monus-villem\/menuu\/soogid-uus\/#breadcrumb\"},\"inLanguage\":\"et\",\"potentialAction\":[{\"@type\":\"ReadAction\",\"target\":[\"https:\/\/www.villemipubid.ee\/monus-villem\/menuu\/soogid-uus\/\"]}]},{\"@type\":\"BreadcrumbList\",\"@id\":\"https:\/\/www.villemipubid.ee\/monus-villem\/menuu\/soogid-uus\/#breadcrumb\",\"itemListElement\":[{\"@type\":\"ListItem\",\"position\":1,\"name\":\"Home\",\"item\":\"https:\/\/www.villemipubid.ee\/monus-villem\/\"},{\"@type\":\"ListItem\",\"position\":2,\"name\":\"Men\u00fc\u00fc\",\"item\":\"https:\/\/www.villemipubid.ee\/monus-villem\/menuu\/\"},{\"@type\":\"ListItem\",\"position\":3,\"name\":\"S\u00f6\u00f6gid\"}]}]}<\/script>\n<!-- \/ Yoast SEO plugin. -->","yoast_head_json":{"title":"S\u00f6\u00f6gid - M\u00f6nus Villem","robots":{"index":"index","follow":"follow","max-snippet":"max-snippet:-1","max-image-preview":"max-image-preview:large","max-video-preview":"max-video-preview:-1"},"canonical":"https:\/\/www.villemipubid.ee\/monus-villem\/menuu\/soogid-uus\/","og_locale":"et_EE","og_type":"article","og_title":"S\u00f6\u00f6gid - M\u00f6nus Villem","og_description":"Suupisted \u00d5lles\u00f5bra suupistevalik 19.50 Combo platter Tiigerkrevetid k\u00fc\u00fcslauguv\u00f5i ja kr\u00f5beda lava\u0161iga 7.80 King prawn tails with garlic butter and crispy lavash Suitsujuustuga t\u00e4idetud jalopenod 6.70 Jalapeno peppers stuffed with smoked cheese Pipraveis kr\u00f5beda lava\u0161iga 6.70 Peppered beef with crispy lavash ...","og_url":"https:\/\/www.villemipubid.ee\/monus-villem\/menuu\/soogid-uus\/","og_site_name":"M\u00f6nus Villem","article_modified_time":"2026-03-09T11:02:46+00:00","og_image":[{"width":1600,"height":936,"url":"http:\/\/www.villemipubid.ee\/monus-villem\/wp-content\/uploads\/sites\/6\/2024\/03\/monusville_.jpg","type":"image\/jpeg"}],"twitter_card":"summary","twitter_misc":{"Est. reading time":"4 minutit"},"schema":{"@context":"https:\/\/schema.org","@graph":[{"@type":"WebSite","@id":"https:\/\/www.villemipubid.ee\/monus-villem\/#website","url":"https:\/\/www.villemipubid.ee\/monus-villem\/","name":"M\u00f6nus Villem","description":"","potentialAction":[{"@type":"SearchAction","target":{"@type":"EntryPoint","urlTemplate":"https:\/\/www.villemipubid.ee\/monus-villem\/?s={search_term_string}"},"query-input":"required name=search_term_string"}],"inLanguage":"et"},{"@type":"ImageObject","@id":"https:\/\/www.villemipubid.ee\/monus-villem\/menuu\/soogid-uus\/#primaryimage","inLanguage":"et","url":"https:\/\/www.villemipubid.ee\/monus-villem\/wp-content\/uploads\/sites\/6\/2024\/03\/monusville_.jpg","contentUrl":"https:\/\/www.villemipubid.ee\/monus-villem\/wp-content\/uploads\/sites\/6\/2024\/03\/monusville_.jpg","width":1600,"height":936},{"@type":"WebPage","@id":"https:\/\/www.villemipubid.ee\/monus-villem\/menuu\/soogid-uus\/#webpage","url":"https:\/\/www.villemipubid.ee\/monus-villem\/menuu\/soogid-uus\/","name":"S\u00f6\u00f6gid - M\u00f6nus Villem","isPartOf":{"@id":"https:\/\/www.villemipubid.ee\/monus-villem\/#website"},"primaryImageOfPage":{"@id":"https:\/\/www.villemipubid.ee\/monus-villem\/menuu\/soogid-uus\/#primaryimage"},"datePublished":"2015-08-24T10:47:45+00:00","dateModified":"2026-03-09T11:02:46+00:00","breadcrumb":{"@id":"https:\/\/www.villemipubid.ee\/monus-villem\/menuu\/soogid-uus\/#breadcrumb"},"inLanguage":"et","potentialAction":[{"@type":"ReadAction","target":["https:\/\/www.villemipubid.ee\/monus-villem\/menuu\/soogid-uus\/"]}]},{"@type":"BreadcrumbList","@id":"https:\/\/www.villemipubid.ee\/monus-villem\/menuu\/soogid-uus\/#breadcrumb","itemListElement":[{"@type":"ListItem","position":1,"name":"Home","item":"https:\/\/www.villemipubid.ee\/monus-villem\/"},{"@type":"ListItem","position":2,"name":"Men\u00fc\u00fc","item":"https:\/\/www.villemipubid.ee\/monus-villem\/menuu\/"},{"@type":"ListItem","position":3,"name":"S\u00f6\u00f6gid"}]}]}},"_links":{"self":[{"href":"https:\/\/www.villemipubid.ee\/monus-villem\/wp-json\/wp\/v2\/pages\/347"}],"collection":[{"href":"https:\/\/www.villemipubid.ee\/monus-villem\/wp-json\/wp\/v2\/pages"}],"about":[{"href":"https:\/\/www.villemipubid.ee\/monus-villem\/wp-json\/wp\/v2\/types\/page"}],"author":[{"embeddable":true,"href":"https:\/\/www.villemipubid.ee\/monus-villem\/wp-json\/wp\/v2\/users\/1"}],"replies":[{"embeddable":true,"href":"https:\/\/www.villemipubid.ee\/monus-villem\/wp-json\/wp\/v2\/comments?post=347"}],"version-history":[{"count":133,"href":"https:\/\/www.villemipubid.ee\/monus-villem\/wp-json\/wp\/v2\/pages\/347\/revisions"}],"predecessor-version":[{"id":1602,"href":"https:\/\/www.villemipubid.ee\/monus-villem\/wp-json\/wp\/v2\/pages\/347\/revisions\/1602"}],"up":[{"embeddable":true,"href":"https:\/\/www.villemipubid.ee\/monus-villem\/wp-json\/wp\/v2\/pages\/11"}],"wp:featuredmedia":[{"embeddable":true,"href":"https:\/\/www.villemipubid.ee\/monus-villem\/wp-json\/wp\/v2\/media\/1425"}],"wp:attachment":[{"href":"https:\/\/www.villemipubid.ee\/monus-villem\/wp-json\/wp\/v2\/media?parent=347"}],"curies":[{"name":"wp","href":"https:\/\/api.w.org\/{rel}","templated":true}]}}