{"id":23,"date":"2015-05-28T13:03:08","date_gmt":"2015-05-28T10:03:08","guid":{"rendered":"http:\/\/www.villemipubid.ee\/monus-villem\/?page_id=23"},"modified":"2024-03-19T16:02:02","modified_gmt":"2024-03-19T14:02:02","slug":"kontakt","status":"publish","type":"page","link":"https:\/\/www.villemipubid.ee\/monus-villem\/kontakt\/","title":{"rendered":"Kontakt"},"content":{"rendered":"<h2>Oleme avatud:<\/h2>\n<p>P-N 11:00-23:00<br \/>\nR-L 11:00-24:00<\/p>\n<h2>O\u00dc M\u00f6nus Villem: Tallinna 63B, 93815 Kuressaare<\/h2>\n<p>Telefon: <strong>453 1901<\/strong><br \/>\nE-post: <a href=\"mailto:monusvillem@gmail.com\">monusvillem@gmail.com<\/a><br \/>\n<div class=\"su-gmap su-u-responsive-media-yes\"><iframe width=\"200\" height=\"200\" src=\"\/\/maps.google.com\/maps?q=M%C3%B6nus%20Villem&amp;output=embed&amp;z=19\" title=\"\"><\/iframe><\/div>\n","protected":false},"excerpt":{"rendered":"<p>Oleme avatud: P-N 11:00-23:00 R-L 11:00-24:00 O\u00dc M\u00f6nus Villem: Tallinna 63B, 93815 Kuressaare Telefon: 453 1901 E-post: monusvillem@gmail.com<\/p>\n","protected":false},"author":1,"featured_media":1425,"parent":0,"menu_order":4,"comment_status":"closed","ping_status":"closed","template":"","meta":[],"yoast_head":"<!-- This site is optimized with the Yoast SEO plugin v18.3 - https:\/\/yoast.com\/wordpress\/plugins\/seo\/ -->\n<title>Kontakt - M\u00f6nus Villem<\/title>\n<meta name=\"robots\" content=\"index, follow, max-snippet:-1, max-image-preview:large, max-video-preview:-1\" \/>\n<link rel=\"canonical\" href=\"https:\/\/www.villemipubid.ee\/monus-villem\/kontakt\/\" \/>\n<meta property=\"og:locale\" content=\"et_EE\" \/>\n<meta property=\"og:type\" content=\"article\" \/>\n<meta property=\"og:title\" content=\"Kontakt - M\u00f6nus Villem\" \/>\n<meta property=\"og:description\" content=\"Oleme avatud: P-N 11:00-23:00 R-L 11:00-24:00 O\u00dc M\u00f6nus Villem: Tallinna 63B, 93815 Kuressaare Telefon: 453 1901 E-post: monusvillem@gmail.com\" \/>\n<meta property=\"og:url\" content=\"https:\/\/www.villemipubid.ee\/monus-villem\/kontakt\/\" \/>\n<meta property=\"og:site_name\" content=\"M\u00f6nus Villem\" \/>\n<meta property=\"article:modified_time\" content=\"2024-03-19T14:02:02+00:00\" \/>\n<meta property=\"og:image\" content=\"http:\/\/www.villemipubid.ee\/monus-villem\/wp-content\/uploads\/sites\/6\/2024\/03\/monusville_.jpg\" \/>\n\t<meta property=\"og:image:width\" content=\"1600\" \/>\n\t<meta property=\"og:image:height\" content=\"936\" \/>\n\t<meta property=\"og:image:type\" content=\"image\/jpeg\" \/>\n<meta name=\"twitter:card\" content=\"summary\" \/>\n<meta name=\"twitter:label1\" content=\"Est. reading time\" \/>\n\t<meta name=\"twitter:data1\" content=\"1 minut\" \/>\n<script type=\"application\/ld+json\" class=\"yoast-schema-graph\">{\"@context\":\"https:\/\/schema.org\",\"@graph\":[{\"@type\":\"WebSite\",\"@id\":\"https:\/\/www.villemipubid.ee\/monus-villem\/#website\",\"url\":\"https:\/\/www.villemipubid.ee\/monus-villem\/\",\"name\":\"M\u00f6nus Villem\",\"description\":\"\",\"potentialAction\":[{\"@type\":\"SearchAction\",\"target\":{\"@type\":\"EntryPoint\",\"urlTemplate\":\"https:\/\/www.villemipubid.ee\/monus-villem\/?s={search_term_string}\"},\"query-input\":\"required name=search_term_string\"}],\"inLanguage\":\"et\"},{\"@type\":\"ImageObject\",\"@id\":\"https:\/\/www.villemipubid.ee\/monus-villem\/kontakt\/#primaryimage\",\"inLanguage\":\"et\",\"url\":\"https:\/\/www.villemipubid.ee\/monus-villem\/wp-content\/uploads\/sites\/6\/2024\/03\/monusville_.jpg\",\"contentUrl\":\"https:\/\/www.villemipubid.ee\/monus-villem\/wp-content\/uploads\/sites\/6\/2024\/03\/monusville_.jpg\",\"width\":1600,\"height\":936},{\"@type\":\"WebPage\",\"@id\":\"https:\/\/www.villemipubid.ee\/monus-villem\/kontakt\/#webpage\",\"url\":\"https:\/\/www.villemipubid.ee\/monus-villem\/kontakt\/\",\"name\":\"Kontakt - M\u00f6nus Villem\",\"isPartOf\":{\"@id\":\"https:\/\/www.villemipubid.ee\/monus-villem\/#website\"},\"primaryImageOfPage\":{\"@id\":\"https:\/\/www.villemipubid.ee\/monus-villem\/kontakt\/#primaryimage\"},\"datePublished\":\"2015-05-28T10:03:08+00:00\",\"dateModified\":\"2024-03-19T14:02:02+00:00\",\"breadcrumb\":{\"@id\":\"https:\/\/www.villemipubid.ee\/monus-villem\/kontakt\/#breadcrumb\"},\"inLanguage\":\"et\",\"potentialAction\":[{\"@type\":\"ReadAction\",\"target\":[\"https:\/\/www.villemipubid.ee\/monus-villem\/kontakt\/\"]}]},{\"@type\":\"BreadcrumbList\",\"@id\":\"https:\/\/www.villemipubid.ee\/monus-villem\/kontakt\/#breadcrumb\",\"itemListElement\":[{\"@type\":\"ListItem\",\"position\":1,\"name\":\"Home\",\"item\":\"https:\/\/www.villemipubid.ee\/monus-villem\/\"},{\"@type\":\"ListItem\",\"position\":2,\"name\":\"Kontakt\"}]}]}<\/script>\n<!-- \/ Yoast SEO plugin. -->","yoast_head_json":{"title":"Kontakt - M\u00f6nus Villem","robots":{"index":"index","follow":"follow","max-snippet":"max-snippet:-1","max-image-preview":"max-image-preview:large","max-video-preview":"max-video-preview:-1"},"canonical":"https:\/\/www.villemipubid.ee\/monus-villem\/kontakt\/","og_locale":"et_EE","og_type":"article","og_title":"Kontakt - M\u00f6nus Villem","og_description":"Oleme avatud: P-N 11:00-23:00 R-L 11:00-24:00 O\u00dc M\u00f6nus Villem: Tallinna 63B, 93815 Kuressaare Telefon: 453 1901 E-post: monusvillem@gmail.com","og_url":"https:\/\/www.villemipubid.ee\/monus-villem\/kontakt\/","og_site_name":"M\u00f6nus Villem","article_modified_time":"2024-03-19T14:02:02+00:00","og_image":[{"width":1600,"height":936,"url":"http:\/\/www.villemipubid.ee\/monus-villem\/wp-content\/uploads\/sites\/6\/2024\/03\/monusville_.jpg","type":"image\/jpeg"}],"twitter_card":"summary","twitter_misc":{"Est. reading time":"1 minut"},"schema":{"@context":"https:\/\/schema.org","@graph":[{"@type":"WebSite","@id":"https:\/\/www.villemipubid.ee\/monus-villem\/#website","url":"https:\/\/www.villemipubid.ee\/monus-villem\/","name":"M\u00f6nus Villem","description":"","potentialAction":[{"@type":"SearchAction","target":{"@type":"EntryPoint","urlTemplate":"https:\/\/www.villemipubid.ee\/monus-villem\/?s={search_term_string}"},"query-input":"required name=search_term_string"}],"inLanguage":"et"},{"@type":"ImageObject","@id":"https:\/\/www.villemipubid.ee\/monus-villem\/kontakt\/#primaryimage","inLanguage":"et","url":"https:\/\/www.villemipubid.ee\/monus-villem\/wp-content\/uploads\/sites\/6\/2024\/03\/monusville_.jpg","contentUrl":"https:\/\/www.villemipubid.ee\/monus-villem\/wp-content\/uploads\/sites\/6\/2024\/03\/monusville_.jpg","width":1600,"height":936},{"@type":"WebPage","@id":"https:\/\/www.villemipubid.ee\/monus-villem\/kontakt\/#webpage","url":"https:\/\/www.villemipubid.ee\/monus-villem\/kontakt\/","name":"Kontakt - M\u00f6nus Villem","isPartOf":{"@id":"https:\/\/www.villemipubid.ee\/monus-villem\/#website"},"primaryImageOfPage":{"@id":"https:\/\/www.villemipubid.ee\/monus-villem\/kontakt\/#primaryimage"},"datePublished":"2015-05-28T10:03:08+00:00","dateModified":"2024-03-19T14:02:02+00:00","breadcrumb":{"@id":"https:\/\/www.villemipubid.ee\/monus-villem\/kontakt\/#breadcrumb"},"inLanguage":"et","potentialAction":[{"@type":"ReadAction","target":["https:\/\/www.villemipubid.ee\/monus-villem\/kontakt\/"]}]},{"@type":"BreadcrumbList","@id":"https:\/\/www.villemipubid.ee\/monus-villem\/kontakt\/#breadcrumb","itemListElement":[{"@type":"ListItem","position":1,"name":"Home","item":"https:\/\/www.villemipubid.ee\/monus-villem\/"},{"@type":"ListItem","position":2,"name":"Kontakt"}]}]}},"_links":{"self":[{"href":"https:\/\/www.villemipubid.ee\/monus-villem\/wp-json\/wp\/v2\/pages\/23"}],"collection":[{"href":"https:\/\/www.villemipubid.ee\/monus-villem\/wp-json\/wp\/v2\/pages"}],"about":[{"href":"https:\/\/www.villemipubid.ee\/monus-villem\/wp-json\/wp\/v2\/types\/page"}],"author":[{"embeddable":true,"href":"https:\/\/www.villemipubid.ee\/monus-villem\/wp-json\/wp\/v2\/users\/1"}],"replies":[{"embeddable":true,"href":"https:\/\/www.villemipubid.ee\/monus-villem\/wp-json\/wp\/v2\/comments?post=23"}],"version-history":[{"count":16,"href":"https:\/\/www.villemipubid.ee\/monus-villem\/wp-json\/wp\/v2\/pages\/23\/revisions"}],"predecessor-version":[{"id":1369,"href":"https:\/\/www.villemipubid.ee\/monus-villem\/wp-json\/wp\/v2\/pages\/23\/revisions\/1369"}],"wp:featuredmedia":[{"embeddable":true,"href":"https:\/\/www.villemipubid.ee\/monus-villem\/wp-json\/wp\/v2\/media\/1425"}],"wp:attachment":[{"href":"https:\/\/www.villemipubid.ee\/monus-villem\/wp-json\/wp\/v2\/media?parent=23"}],"curies":[{"name":"wp","href":"https:\/\/api.w.org\/{rel}","templated":true}]}}