{"id":19,"date":"2015-05-28T13:02:44","date_gmt":"2015-05-28T10:02:44","guid":{"rendered":"http:\/\/www.villemipubid.ee\/monus-villem\/?page_id=19"},"modified":"2026-03-23T13:26:54","modified_gmt":"2026-03-23T11:26:54","slug":"uritused","status":"publish","type":"page","link":"https:\/\/www.villemipubid.ee\/monus-villem\/meelelahutus\/uritused\/","title":{"rendered":"\u00dcritused"},"content":{"rendered":"<h3><\/h3>\n<p>&nbsp;<\/p>\n<h1><span style=\"color: #000000\">Elav muusika!<\/span><\/h1>\n<h4>L. 18.04 Ans. \u00d6un\u00f6u<\/h4>\n<h5><\/h5>\n<p>&nbsp;<\/p>\n","protected":false},"excerpt":{"rendered":"<p>&nbsp; Elav muusika! L. 18.04 Ans. \u00d6un\u00f6u &nbsp;<\/p>\n","protected":false},"author":1,"featured_media":1425,"parent":17,"menu_order":0,"comment_status":"closed","ping_status":"closed","template":"","meta":[],"yoast_head":"<!-- This site is optimized with the Yoast SEO plugin v18.3 - https:\/\/yoast.com\/wordpress\/plugins\/seo\/ -->\n<title>\u00dcritused - M\u00f6nus Villem<\/title>\n<meta name=\"robots\" content=\"index, follow, max-snippet:-1, max-image-preview:large, max-video-preview:-1\" \/>\n<link rel=\"canonical\" href=\"https:\/\/www.villemipubid.ee\/monus-villem\/meelelahutus\/uritused\/\" \/>\n<meta property=\"og:locale\" content=\"et_EE\" \/>\n<meta property=\"og:type\" content=\"article\" \/>\n<meta property=\"og:title\" content=\"\u00dcritused - M\u00f6nus Villem\" \/>\n<meta property=\"og:description\" content=\"&nbsp; Elav muusika! L. 18.04 Ans. \u00d6un\u00f6u &nbsp;\" \/>\n<meta property=\"og:url\" content=\"https:\/\/www.villemipubid.ee\/monus-villem\/meelelahutus\/uritused\/\" \/>\n<meta property=\"og:site_name\" content=\"M\u00f6nus Villem\" \/>\n<meta property=\"article:modified_time\" content=\"2026-03-23T11:26:54+00:00\" \/>\n<meta property=\"og:image\" content=\"http:\/\/www.villemipubid.ee\/monus-villem\/wp-content\/uploads\/sites\/6\/2024\/03\/monusville_.jpg\" \/>\n\t<meta property=\"og:image:width\" content=\"1600\" \/>\n\t<meta property=\"og:image:height\" content=\"936\" \/>\n\t<meta property=\"og:image:type\" content=\"image\/jpeg\" \/>\n<meta name=\"twitter:card\" content=\"summary\" \/>\n<script type=\"application\/ld+json\" class=\"yoast-schema-graph\">{\"@context\":\"https:\/\/schema.org\",\"@graph\":[{\"@type\":\"WebSite\",\"@id\":\"https:\/\/www.villemipubid.ee\/monus-villem\/#website\",\"url\":\"https:\/\/www.villemipubid.ee\/monus-villem\/\",\"name\":\"M\u00f6nus Villem\",\"description\":\"\",\"potentialAction\":[{\"@type\":\"SearchAction\",\"target\":{\"@type\":\"EntryPoint\",\"urlTemplate\":\"https:\/\/www.villemipubid.ee\/monus-villem\/?s={search_term_string}\"},\"query-input\":\"required name=search_term_string\"}],\"inLanguage\":\"et\"},{\"@type\":\"ImageObject\",\"@id\":\"https:\/\/www.villemipubid.ee\/monus-villem\/meelelahutus\/uritused\/#primaryimage\",\"inLanguage\":\"et\",\"url\":\"https:\/\/www.villemipubid.ee\/monus-villem\/wp-content\/uploads\/sites\/6\/2024\/03\/monusville_.jpg\",\"contentUrl\":\"https:\/\/www.villemipubid.ee\/monus-villem\/wp-content\/uploads\/sites\/6\/2024\/03\/monusville_.jpg\",\"width\":1600,\"height\":936},{\"@type\":\"WebPage\",\"@id\":\"https:\/\/www.villemipubid.ee\/monus-villem\/meelelahutus\/uritused\/#webpage\",\"url\":\"https:\/\/www.villemipubid.ee\/monus-villem\/meelelahutus\/uritused\/\",\"name\":\"\u00dcritused - M\u00f6nus Villem\",\"isPartOf\":{\"@id\":\"https:\/\/www.villemipubid.ee\/monus-villem\/#website\"},\"primaryImageOfPage\":{\"@id\":\"https:\/\/www.villemipubid.ee\/monus-villem\/meelelahutus\/uritused\/#primaryimage\"},\"datePublished\":\"2015-05-28T10:02:44+00:00\",\"dateModified\":\"2026-03-23T11:26:54+00:00\",\"breadcrumb\":{\"@id\":\"https:\/\/www.villemipubid.ee\/monus-villem\/meelelahutus\/uritused\/#breadcrumb\"},\"inLanguage\":\"et\",\"potentialAction\":[{\"@type\":\"ReadAction\",\"target\":[\"https:\/\/www.villemipubid.ee\/monus-villem\/meelelahutus\/uritused\/\"]}]},{\"@type\":\"BreadcrumbList\",\"@id\":\"https:\/\/www.villemipubid.ee\/monus-villem\/meelelahutus\/uritused\/#breadcrumb\",\"itemListElement\":[{\"@type\":\"ListItem\",\"position\":1,\"name\":\"Home\",\"item\":\"https:\/\/www.villemipubid.ee\/monus-villem\/\"},{\"@type\":\"ListItem\",\"position\":2,\"name\":\"Meelelahutus\",\"item\":\"https:\/\/www.villemipubid.ee\/monus-villem\/meelelahutus\/\"},{\"@type\":\"ListItem\",\"position\":3,\"name\":\"\u00dcritused\"}]}]}<\/script>\n<!-- \/ Yoast SEO plugin. -->","yoast_head_json":{"title":"\u00dcritused - M\u00f6nus Villem","robots":{"index":"index","follow":"follow","max-snippet":"max-snippet:-1","max-image-preview":"max-image-preview:large","max-video-preview":"max-video-preview:-1"},"canonical":"https:\/\/www.villemipubid.ee\/monus-villem\/meelelahutus\/uritused\/","og_locale":"et_EE","og_type":"article","og_title":"\u00dcritused - M\u00f6nus Villem","og_description":"&nbsp; Elav muusika! L. 18.04 Ans. \u00d6un\u00f6u &nbsp;","og_url":"https:\/\/www.villemipubid.ee\/monus-villem\/meelelahutus\/uritused\/","og_site_name":"M\u00f6nus Villem","article_modified_time":"2026-03-23T11:26:54+00:00","og_image":[{"width":1600,"height":936,"url":"http:\/\/www.villemipubid.ee\/monus-villem\/wp-content\/uploads\/sites\/6\/2024\/03\/monusville_.jpg","type":"image\/jpeg"}],"twitter_card":"summary","schema":{"@context":"https:\/\/schema.org","@graph":[{"@type":"WebSite","@id":"https:\/\/www.villemipubid.ee\/monus-villem\/#website","url":"https:\/\/www.villemipubid.ee\/monus-villem\/","name":"M\u00f6nus Villem","description":"","potentialAction":[{"@type":"SearchAction","target":{"@type":"EntryPoint","urlTemplate":"https:\/\/www.villemipubid.ee\/monus-villem\/?s={search_term_string}"},"query-input":"required name=search_term_string"}],"inLanguage":"et"},{"@type":"ImageObject","@id":"https:\/\/www.villemipubid.ee\/monus-villem\/meelelahutus\/uritused\/#primaryimage","inLanguage":"et","url":"https:\/\/www.villemipubid.ee\/monus-villem\/wp-content\/uploads\/sites\/6\/2024\/03\/monusville_.jpg","contentUrl":"https:\/\/www.villemipubid.ee\/monus-villem\/wp-content\/uploads\/sites\/6\/2024\/03\/monusville_.jpg","width":1600,"height":936},{"@type":"WebPage","@id":"https:\/\/www.villemipubid.ee\/monus-villem\/meelelahutus\/uritused\/#webpage","url":"https:\/\/www.villemipubid.ee\/monus-villem\/meelelahutus\/uritused\/","name":"\u00dcritused - M\u00f6nus Villem","isPartOf":{"@id":"https:\/\/www.villemipubid.ee\/monus-villem\/#website"},"primaryImageOfPage":{"@id":"https:\/\/www.villemipubid.ee\/monus-villem\/meelelahutus\/uritused\/#primaryimage"},"datePublished":"2015-05-28T10:02:44+00:00","dateModified":"2026-03-23T11:26:54+00:00","breadcrumb":{"@id":"https:\/\/www.villemipubid.ee\/monus-villem\/meelelahutus\/uritused\/#breadcrumb"},"inLanguage":"et","potentialAction":[{"@type":"ReadAction","target":["https:\/\/www.villemipubid.ee\/monus-villem\/meelelahutus\/uritused\/"]}]},{"@type":"BreadcrumbList","@id":"https:\/\/www.villemipubid.ee\/monus-villem\/meelelahutus\/uritused\/#breadcrumb","itemListElement":[{"@type":"ListItem","position":1,"name":"Home","item":"https:\/\/www.villemipubid.ee\/monus-villem\/"},{"@type":"ListItem","position":2,"name":"Meelelahutus","item":"https:\/\/www.villemipubid.ee\/monus-villem\/meelelahutus\/"},{"@type":"ListItem","position":3,"name":"\u00dcritused"}]}]}},"_links":{"self":[{"href":"https:\/\/www.villemipubid.ee\/monus-villem\/wp-json\/wp\/v2\/pages\/19"}],"collection":[{"href":"https:\/\/www.villemipubid.ee\/monus-villem\/wp-json\/wp\/v2\/pages"}],"about":[{"href":"https:\/\/www.villemipubid.ee\/monus-villem\/wp-json\/wp\/v2\/types\/page"}],"author":[{"embeddable":true,"href":"https:\/\/www.villemipubid.ee\/monus-villem\/wp-json\/wp\/v2\/users\/1"}],"replies":[{"embeddable":true,"href":"https:\/\/www.villemipubid.ee\/monus-villem\/wp-json\/wp\/v2\/comments?post=19"}],"version-history":[{"count":121,"href":"https:\/\/www.villemipubid.ee\/monus-villem\/wp-json\/wp\/v2\/pages\/19\/revisions"}],"predecessor-version":[{"id":1604,"href":"https:\/\/www.villemipubid.ee\/monus-villem\/wp-json\/wp\/v2\/pages\/19\/revisions\/1604"}],"up":[{"embeddable":true,"href":"https:\/\/www.villemipubid.ee\/monus-villem\/wp-json\/wp\/v2\/pages\/17"}],"wp:featuredmedia":[{"embeddable":true,"href":"https:\/\/www.villemipubid.ee\/monus-villem\/wp-json\/wp\/v2\/media\/1425"}],"wp:attachment":[{"href":"https:\/\/www.villemipubid.ee\/monus-villem\/wp-json\/wp\/v2\/media?parent=19"}],"curies":[{"name":"wp","href":"https:\/\/api.w.org\/{rel}","templated":true}]}}