{"id":415,"date":"2015-08-24T13:46:16","date_gmt":"2015-08-24T10:46:16","guid":{"rendered":"http:\/\/www.villemipubid.ee\/hahn-pubi\/?page_id=415"},"modified":"2026-04-11T18:13:15","modified_gmt":"2026-04-11T15:13:15","slug":"soogid-uus","status":"publish","type":"page","link":"https:\/\/www.villemipubid.ee\/hahn-pubi\/menuu\/soogid-uus\/","title":{"rendered":"S\u00f6\u00f6gid"},"content":{"rendered":"<h1>Suupisted\/ Snacks\/ Alkupalat<\/h1>\n<table width=\"620\">\n<tbody>\n<tr>\n<td width=\"462\">\u00d5lles\u00f5bra suupistetaldrik<\/td>\n<td width=\"64\"><\/td>\n<td width=\"55\">18,50<\/td>\n<td width=\"39\"><\/td>\n<\/tr>\n<tr>\n<td>Beer buddy&#8217;s snack tray \/ Olutyst\u00e4v\u00e4n v\u00e4lipalalautanen<\/td>\n<td><\/td>\n<td><\/td>\n<td><\/td>\n<\/tr>\n<tr>\n<td>Marineeritud angerjas lisandiga<\/td>\n<td><\/td>\n<td>12,00<\/td>\n<td>NEW<\/td>\n<\/tr>\n<tr>\n<td>Marinated eel with a side dish \/ Marinoitu ankerias lisukkeineen<\/td>\n<td><\/td>\n<td><\/td>\n<td><\/td>\n<\/tr>\n<tr>\n<td>Marineeritud silmud lisandiga<\/td>\n<td><\/td>\n<td>12,00<\/td>\n<td>NEW<\/td>\n<\/tr>\n<tr>\n<td>Marinated lamprey with a side dish \/ Marinoitu nahkiainen lisukkeineen<\/td>\n<td><\/td>\n<td><\/td>\n<td><\/td>\n<\/tr>\n<tr>\n<td>Juustutaldrik 4 juustuga<\/td>\n<td><\/td>\n<td>11,90<\/td>\n<td><\/td>\n<\/tr>\n<tr>\n<td>Cheese platter 4 cheeses \/ Juustolautanen 4 juustolla<\/td>\n<td><\/td>\n<td><\/td>\n<td><\/td>\n<\/tr>\n<tr>\n<td>K\u00fc\u00fcslaugused tiigerkrevetid kaerase palaleivaga<\/td>\n<td><\/td>\n<td>7,80<\/td>\n<td><\/td>\n<\/tr>\n<tr>\n<td colspan=\"2\">Garlic tiger prawns with oat flatbread \/ Valkosipulitikerikatkarapuja kauraleiv\u00e4n kanssa<\/td>\n<td><\/td>\n<td><\/td>\n<\/tr>\n<tr>\n<td>Teravad t\u00e4idetud jalapenod hapukoorega<\/td>\n<td><\/td>\n<td>7,40<\/td>\n<td><\/td>\n<\/tr>\n<tr>\n<td colspan=\"2\">Spicy Cheese filled jalapenos with sour cream \/ Mausteisia t\u00e4ytetyt jalapenot smetalla<\/td>\n<td><\/td>\n<td><\/td>\n<\/tr>\n<tr>\n<td>Praetud r\u00e4imefileed kastmega<\/td>\n<td><\/td>\n<td>5,90<\/td>\n<td><\/td>\n<\/tr>\n<tr>\n<td>Fried Baltic herring with sauce \/ Paistettua silakkaa kastikkeella<\/td>\n<td><\/td>\n<td><\/td>\n<td><\/td>\n<\/tr>\n<tr>\n<td>K\u00fcpsetatud kanatiivad 2 kastmega<\/td>\n<td><\/td>\n<td>5,90<\/td>\n<td><\/td>\n<\/tr>\n<tr>\n<td>Fried chicken wings \/ Paistetut kanansiivet<\/td>\n<td><\/td>\n<td><\/td>\n<td><\/td>\n<\/tr>\n<tr>\n<td>K\u00fcpsetatud k\u00e4sit\u00f6\u00f6 juustupallid<\/td>\n<td><\/td>\n<td>5,90<\/td>\n<td><\/td>\n<\/tr>\n<tr>\n<td>Baked artisan cheese balls \/ Paistetut artesaanijuustopallot<\/td>\n<td><\/td>\n<td><\/td>\n<td><\/td>\n<\/tr>\n<tr>\n<td>Kr\u00f5bedad notsuk\u00f5rvad<\/td>\n<td><\/td>\n<td>5,90<\/td>\n<td><\/td>\n<\/tr>\n<tr>\n<td>Crispy piggy ears \/ Rapeat possunkorvat<\/td>\n<td><\/td>\n<td><\/td>\n<td><\/td>\n<\/tr>\n<tr>\n<td>K\u00fcpsetatud pelmeenid hapukoorega<\/td>\n<td><\/td>\n<td>5,90<\/td>\n<td><\/td>\n<\/tr>\n<tr>\n<td colspan=\"3\">Fried dumplings with sour cream \/ Paistetut pelmeenit \u2013 pienet lihalla t\u00e4ytetyt pastataskut ja smetanaa<\/td>\n<td><\/td>\n<\/tr>\n<tr>\n<td>Kr\u00f5bedaks k\u00fcpsetatud leib k\u00fc\u00fcslaugujuustuga<\/td>\n<td><\/td>\n<td>5,70<\/td>\n<td><\/td>\n<\/tr>\n<tr>\n<td colspan=\"3\">Crispy baked bread with garlic cheese spread \/ Rapea paahdettu leip\u00e4 valkosipulijuustoleivitteell\u00e4<\/td>\n<td><\/td>\n<\/tr>\n<tr>\n<td>Kuumad Krakovi vorstirattad k\u00fc\u00fcslaugukastmega<\/td>\n<td><\/td>\n<td>5,00<\/td>\n<td><\/td>\n<\/tr>\n<tr>\n<td colspan=\"3\">Hot Krakow sausage slices with garlic sauce \/ Kuumia Krakovan makkaraviipaleita valkosipulikastikkeella<\/td>\n<td><\/td>\n<\/tr>\n<tr>\n<td>Kartulilaastud 2 kastmega<\/td>\n<td><\/td>\n<td>5,00<\/td>\n<td><\/td>\n<\/tr>\n<tr>\n<td>Potato chips with 2 sauces \/ Perunalastut\u00a0 2 kastikkeella<\/td>\n<td><\/td>\n<td><\/td>\n<td><\/td>\n<\/tr>\n<tr>\n<td>Juustukangid sidrunipipraga<\/td>\n<td><\/td>\n<td>5,00<\/td>\n<td><\/td>\n<\/tr>\n<tr>\n<td>Cheese bars with lemon pepper \/ Juustopatukat sitruunapippurilla<\/td>\n<td><\/td>\n<td><\/td>\n<td><\/td>\n<\/tr>\n<tr>\n<td>Dipivaagen kahe kastmega<\/td>\n<td><\/td>\n<td>5,00<\/td>\n<td><\/td>\n<\/tr>\n<tr>\n<td>Dip bowl with two sauces \/ Kastokulho kahdella kastikkeella<\/td>\n<td><\/td>\n<td><\/td>\n<td><\/td>\n<\/tr>\n<tr>\n<td>Marineeritud kurk<\/td>\n<td><\/td>\n<td>4,00<\/td>\n<td><\/td>\n<\/tr>\n<tr>\n<td>Pickled cucumber\u00a0 \/ Marinoitu kurkku<\/td>\n<td><\/td>\n<td><\/td>\n<td><\/td>\n<\/tr>\n<\/tbody>\n<\/table>\n<p><span style=\"font-size: 4em\">Supid\/ Soups\/ Keitot<\/span><\/p>\n<table width=\"545\">\n<tbody>\n<tr>\n<td width=\"413\">Koorene l\u00f5hesupp<\/td>\n<td width=\"33\"><\/td>\n<td width=\"60\">5,80<\/td>\n<td width=\"39\"><\/td>\n<\/tr>\n<tr>\n<td>Creamy salmon soup \/ Kermainen lohikeitto<\/td>\n<td><\/td>\n<td><\/td>\n<td><\/td>\n<\/tr>\n<tr>\n<td>Seljanka<\/td>\n<td><\/td>\n<td>5,80<\/td>\n<td><\/td>\n<\/tr>\n<tr>\n<td>Solyanka traditional meat soup \/ Seljanka &#8211; ven\u00e4l\u00e4inen lihakeitto<\/td>\n<td><\/td>\n<td><\/td>\n<td><\/td>\n<\/tr>\n<\/tbody>\n<\/table>\n<p><span style=\"font-size: 4em\">Salatid\/ Salads\/ Salaatit<\/span><\/p>\n<table width=\"100%\">\n<tbody>\n<tr>\n<td>Suur soe salat grillitud pardi fileega<\/td>\n<td><\/td>\n<td>8,90<\/td>\n<td><span style=\"color: #ff0000\">NEW<\/span><\/td>\n<\/tr>\n<tr>\n<td colspan=\"4\">Large warm salad with grilled duck fillet \/ Iso l\u00e4mmin salaatti grillatulla ankanfileell\u00e4<\/td>\n<\/tr>\n<tr>\n<td>Suur soe salat grillitud k\u00fc\u00fcslauguste krevettidega<\/td>\n<td><\/td>\n<td>8,90<\/td>\n<td><span style=\"color: #ff0000\">NEW<\/span><\/td>\n<\/tr>\n<tr>\n<td colspan=\"4\">Large warm salad with grilled garlic shrimp\/ Iso l\u00e4mmin salaatti grillatulla valkosipulin katkaravulla<\/td>\n<\/tr>\n<tr>\n<td>Suur soe salat praetud l\u00f5hega<\/td>\n<td><\/td>\n<td>8,90<\/td>\n<td><span style=\"color: #ff0000\">NEW<\/span><\/td>\n<\/tr>\n<tr>\n<td colspan=\"4\">Large warm salad with pan-fried salmon \/ Iso l\u00e4mmin salaatti paistetulla lohella<\/td>\n<\/tr>\n<tr>\n<td>Suur soe salat praetud kohaga<\/td>\n<td><\/td>\n<td>8,80<\/td>\n<td><span style=\"color: #ff0000\">NEW<\/span><\/td>\n<\/tr>\n<tr>\n<td colspan=\"4\">Large warm salad with zander \/ Iso l\u00e4mmin salaatti kuhalla<\/td>\n<\/tr>\n<tr>\n<td>Suur soe salat grillitud kanaga<\/td>\n<td><\/td>\n<td>8,60<\/td>\n<td><span style=\"color: #ff0000\">NEW<\/span><\/td>\n<\/tr>\n<tr>\n<td colspan=\"4\">Large warm salad with chicken \/ Iso l\u00e4mmin salaatti kanan kanssa<\/td>\n<\/tr>\n<tr>\n<td>Caesari salat grillitud k\u00fc\u00fcslauguste krevettidega<\/td>\n<td><\/td>\n<td>8,60<\/td>\n<td><\/td>\n<\/tr>\n<tr>\n<td colspan=\"4\">Caesar salad with grilled garlic shrimps \/ Caesarin salaatti grillatulla katkaravuilla<\/td>\n<\/tr>\n<tr>\n<td>Caesari salat grillitud l\u00f5hega<\/td>\n<td><\/td>\n<td>8,40<\/td>\n<td><span style=\"color: #ff0000\">NEW<\/span><\/td>\n<\/tr>\n<tr>\n<td colspan=\"4\">Caesar salad with grilled salmon \/ Caesarin salaatti grillatulla lohella<\/td>\n<\/tr>\n<tr>\n<td>Caesari salat grillitud kanaga<\/td>\n<td><\/td>\n<td>6,90<\/td>\n<td><\/td>\n<\/tr>\n<tr>\n<td colspan=\"4\">Caesar salad with grilled chicken \/ Caesarin salaatti grillatun kanan kanssa<\/td>\n<\/tr>\n<tr>\n<td>Caesari salat kirsstomatitega<\/td>\n<td><\/td>\n<td>6,00<\/td>\n<td><\/td>\n<\/tr>\n<tr>\n<td colspan=\"4\">Caesar salad with cherry tomatoes \/ Caesar-salaatti kirsikkatomaattien kanssa<\/td>\n<\/tr>\n<\/tbody>\n<\/table>\n<h1>Prae asemel\/ Light meals\/P\u00e4\u00e4ruoan sijasta<\/h1>\n<table width=\"674\">\n<tbody>\n<tr>\n<td width=\"582\">Hahni hommikus\u00f6\u00f6k hilisele \u00e4rkajale &#8220;kuni kell 17:00&#8221;<\/td>\n<td width=\"10\"><\/td>\n<td width=\"50\">8,50<\/td>\n<td width=\"32\"><\/td>\n<\/tr>\n<tr>\n<td>Hahn&#8217;s breakfast\u00a0 for late risers &#8220;until 17:00&#8221; \/ Hahnin aamiainen my\u00f6h\u00e4\u00e4n nousevalle &#8220;klo 17:00 asti&#8221;<\/td>\n<td><\/td>\n<td><\/td>\n<td><\/td>\n<\/tr>\n<tr>\n<td>Ahjuomlett singi ja juustuga<\/td>\n<td><\/td>\n<td>8,80<\/td>\n<td>NEW<\/td>\n<\/tr>\n<tr>\n<td>Oven omelette with ham and cheese \/ Uunimunakas kinkulla ja juustolla<\/td>\n<td><\/td>\n<td><\/td>\n<td><\/td>\n<\/tr>\n<tr>\n<td>Ahjuomlett l\u00f5he, brokoli ja tomatiga<\/td>\n<td><\/td>\n<td>8,80<\/td>\n<td>NEW<\/td>\n<\/tr>\n<tr>\n<td>Oven omelette with salmon, broccoli, and tomato \/ Uunimunakas lohella, parsakaalilla ja tomaatilla<\/td>\n<td><\/td>\n<td><\/td>\n<td><\/td>\n<\/tr>\n<tr>\n<td>Carli hamburger friikartulitega<\/td>\n<td><\/td>\n<td>9,20<\/td>\n<td><\/td>\n<\/tr>\n<tr>\n<td>Carl\u00b4s hamburger with french fries \/ Carlin burgeri ja ranskalaiset<\/td>\n<td><\/td>\n<td><\/td>\n<td><\/td>\n<\/tr>\n<tr>\n<td>L\u00f5hepasta krevettidega<\/td>\n<td><\/td>\n<td>8,60<\/td>\n<td><\/td>\n<\/tr>\n<tr>\n<td>Salmon and shrimp pasta \/ Lohipasta katkarapuilla<\/td>\n<td><\/td>\n<td><\/td>\n<td><\/td>\n<\/tr>\n<tr>\n<td>Kukeseene &#8211; peekonipasta juustuga<\/td>\n<td><\/td>\n<td>8,40<\/td>\n<td>NEW<\/td>\n<\/tr>\n<tr>\n<td>Chanterelle mushroom &#8211; bacon paste with cheese \/ Kantarelli &#8211; pekonitahna juustolla<\/td>\n<td><\/td>\n<td><\/td>\n<td><\/td>\n<\/tr>\n<tr>\n<td>Kanapasta peekoni, spinati ja parmesaniga<\/td>\n<td><\/td>\n<td>8,40<\/td>\n<td><\/td>\n<\/tr>\n<tr>\n<td>Chicken pasta with bacon, spinach and parmesan cheese \/ Kanapasta pekonilla, pinaatilla ja parmesaanilla<\/td>\n<td><\/td>\n<td><\/td>\n<td><\/td>\n<\/tr>\n<tr>\n<td>Praetud juustu\u0161nitsel v\u00e4rske salati ja friikartulitega<\/td>\n<td><\/td>\n<td>8,40<\/td>\n<td><\/td>\n<\/tr>\n<tr>\n<td colspan=\"2\">Fried cheese schnitzel with fresh salad and french fries \/ Paistettu juustopihvi, raikas salaatti ja ranskalaiset<\/td>\n<td><\/td>\n<td><\/td>\n<\/tr>\n<\/tbody>\n<\/table>\n<h1>Praed\/Main Courses\/ P\u00e4\u00e4ruoat<\/h1>\n<table width=\"674\">\n<tbody>\n<tr>\n<td width=\"582\">Sea sisefilee viie piprakastme, juustuse l\u00f6mmis kartuli<\/td>\n<td width=\"10\"><\/td>\n<td width=\"50\">11,90<\/td>\n<td width=\"32\">NEW<\/td>\n<\/tr>\n<tr>\n<td>\u00a0\u00a0\u00a0\u00a0\u00a0\u00a0\u00a0\u00a0\u00a0\u00a0\u00a0\u00a0\u00a0\u00a0\u00a0\u00a0\u00a0\u00a0\u00a0\u00a0\u00a0\u00a0\u00a0\u00a0\u00a0\u00a0\u00a0\u00a0\u00a0\u00a0\u00a0\u00a0\u00a0\u00a0\u00a0\u00a0\u00a0\u00a0\u00a0\u00a0\u00a0\u00a0\u00a0\u00a0\u00a0\u00a0\u00a0\u00a0\u00a0\u00a0\u00a0\u00a0\u00a0\u00a0\u00a0\u00a0\u00a0\u00a0\u00a0\u00a0\u00a0\u00a0\u00a0\u00a0\u00a0\u00a0\u00a0\u00a0 ja ahju k\u00f6\u00f6giviljadega<\/td>\n<td width=\"10\"><\/td>\n<td><\/td>\n<td><\/td>\n<\/tr>\n<tr>\n<td>Pork tenderloin with five-pepper sauce, cheesy smashed potatoes, and roasted vegetables<\/td>\n<td width=\"10\"><\/td>\n<td><\/td>\n<td><\/td>\n<\/tr>\n<tr>\n<td>Porsaan sis\u00e4filee viiden pippurin kastikkeella, juustoiset lytistetyt perunat ja uunivihannekset<\/td>\n<td width=\"10\"><\/td>\n<td><\/td>\n<td><\/td>\n<\/tr>\n<tr>\n<td width=\"582\">Mooritud veisep\u00f5sk punaveinikastme ja kartulip\u00fcreega<\/td>\n<td width=\"10\"><\/td>\n<td>15,90<\/td>\n<td>NEW<\/td>\n<\/tr>\n<tr>\n<td colspan=\"2\">Beef cheek with red wine sauce and mashed potatoes \/ Naudan poski punaviinikastikkeella ja perunamuusilla<\/td>\n<td><\/td>\n<td><\/td>\n<\/tr>\n<tr>\n<td>Grillitud pardifilee veinikastme, laastukartuli ja ahju k\u00f6\u00f6giviljadega<\/td>\n<td><\/td>\n<td>13,40<\/td>\n<td><\/td>\n<\/tr>\n<tr>\n<td colspan=\"3\">Duck breast with wine sauce, potato chips and oven vegetables\/Ankan filee, viinikastikkeessa, perunalastut ja uunivihanneksia kanssa<\/td>\n<td><\/td>\n<\/tr>\n<tr>\n<td>V\u00e4rskelt praetud koha riisi ja ahju k\u00f6\u00f6giviljadega<\/td>\n<td><\/td>\n<td>13,40<\/td>\n<td><\/td>\n<\/tr>\n<tr>\n<td>Freshly fried zander with rice and oven vegetables \/Paistettua kuha riisin ja uunivihanneksia kanssa<\/td>\n<td><\/td>\n<td><\/td>\n<td><\/td>\n<\/tr>\n<tr>\n<td width=\"582\">Noore Villemi \u0161nitsel koorese kastme, friikartuli ja seene-sibula salsaga<\/td>\n<td width=\"10\"><\/td>\n<td>11,20<\/td>\n<td><\/td>\n<\/tr>\n<tr>\n<td>Pork schintzel with cream sauce, french fries and mushroom-onion salsa<\/td>\n<td><\/td>\n<td><\/td>\n<td><\/td>\n<\/tr>\n<tr>\n<td>Nuoren Villemin leike, kermakastikkeella, ranskalaisia \u200b\u200bperunoita ja sieni-sipuli salsa<\/td>\n<td><\/td>\n<td><\/td>\n<td><\/td>\n<\/tr>\n<tr>\n<td width=\"582\">Grillitud sinepine kaelakarbonaad juustuse l\u00f6mmis kartuli ja salatiga<\/td>\n<td width=\"10\"><\/td>\n<td>11,20<\/td>\n<td><\/td>\n<\/tr>\n<tr>\n<td>Grilled mustard-glazed pork neck with cheesy smashed potatoes and salad<\/td>\n<td><\/td>\n<td><\/td>\n<td><\/td>\n<\/tr>\n<tr>\n<td>Grillattu sinappinen porsaan niskakyljys (kassler), juustoiset lytistetyt perunat ja salaatti<\/td>\n<td><\/td>\n<td><\/td>\n<td><\/td>\n<\/tr>\n<tr>\n<td width=\"582\">Kr\u00f5bekana panco paneeringus koorese kastmega, riisi ja salatiga<\/td>\n<td width=\"10\"><\/td>\n<td>11,20<\/td>\n<td><\/td>\n<\/tr>\n<tr>\n<td>Crispy panko-breaded chicken with creamy sauce, rice, and salad<\/td>\n<td><\/td>\n<td><\/td>\n<td><\/td>\n<\/tr>\n<tr>\n<td>Rapeaa panko-paneroitua kanaa kermaviilikastikkeella, riisi\u00e4 ja salaattia<\/td>\n<td><\/td>\n<td><\/td>\n<td><\/td>\n<\/tr>\n<tr>\n<td><\/td>\n<td><\/td>\n<td><\/td>\n<td><\/td>\n<\/tr>\n<tr>\n<td>LISANDIT SAAB VAHETADA KA: JUUSTUNE L\u00d6MMIS KARTUL,\u00a0 LAASTUKARTUL,<\/td>\n<td><\/td>\n<td><\/td>\n<td><\/td>\n<\/tr>\n<tr>\n<td colspan=\"3\">\u00a0\u00a0\u00a0\u00a0\u00a0\u00a0\u00a0\u00a0\u00a0\u00a0\u00a0\u00a0\u00a0\u00a0\u00a0\u00a0\u00a0\u00a0\u00a0\u00a0\u00a0\u00a0\u00a0\u00a0\u00a0\u00a0\u00a0\u00a0\u00a0\u00a0\u00a0\u00a0\u00a0\u00a0\u00a0\u00a0\u00a0\u00a0\u00a0\u00a0\u00a0\u00a0\u00a0\u00a0\u00a0\u00a0\u00a0\u00a0\u00a0\u00a0\u00a0\u00a0\u00a0\u00a0\u00a0\u00a0\u00a0\u00a0\u00a0\u00a0\u00a0\u00a0\u00a0\u00a0\u00a0\u00a0\u00a0\u00a0\u00a0\u00a0\u00a0\u00a0\u00a0\u00a0\u00a0\u00a0\u00a0\u00a0\u00a0\u00a0\u00a0\u00a0\u00a0\u00a0\u00a0\u00a0\u00a0\u00a0\u00a0\u00a0\u00a0\u00a0\u00a0\u00a0\u00a0\u00a0\u00a0\u00a0\u00a0\u00a0\u00a0\u00a0\u00a0\u00a0\u00a0\u00a0\u00a0\u00a0\u00a0\u00a0\u00a0\u00a0\u00a0\u00a0\u00a0\u00a0\u00a0\u00a0\u00a0\u00a0\u00a0 FRIIKARTUL, KARTULIP\u00dcREE, RIIS<\/td>\n<td><\/td>\n<\/tr>\n<tr>\n<td colspan=\"3\">\u00a0\u00a0\u00a0\u00a0\u00a0\u00a0\u00a0\u00a0\u00a0\u00a0\u00a0\u00a0 ADDITIVES CAN ALSO BE REPLACED WITH: BUCKWHEAT, FRIED POTATO SLICES,\u00a0 FRIES, COWBOY POTATOES, MASHED POTATOES, RICE<\/td>\n<td><\/td>\n<\/tr>\n<tr>\n<td colspan=\"3\">\u00a0\u00a0\u00a0\u00a0\u00a0\u00a0\u00a0\u00a0\u00a0\u00a0\u00a0\u00a0\u00a0\u00a0\u00a0\u00a0\u00a0\u00a0\u00a0\u00a0\u00a0\u00a0\u00a0\u00a0\u00a0\u00a0\u00a0\u00a0\u00a0\u00a0\u00a0\u00a0\u00a0\u00a0\u00a0\u00a0\u00a0\u00a0\u00a0\u00a0\u00a0\u00a0\u00a0\u00a0\u00a0\u00a0\u00a0\u00a0\u00a0\u00a0\u00a0\u00a0\u00a0\u00a0 LISUKKEEN VOI VAIHTAA MY\u00d6S: TATTAARI, PERUNALASTUT, RANSKALAISET, COWBOYPERUNAT, PERUNAMUUSI, RIISI<\/td>\n<td><\/td>\n<\/tr>\n<\/tbody>\n<\/table>\n<h1>Lastemen\u00fc\u00fc\/Children&#8217;s menu\/Lasten menu<\/h1>\n<table width=\"621\">\n<tbody>\n<tr>\n<td width=\"514\">Grillitud v\u00e4ike kohafilee kartulip\u00fcreega v\u00f5i friikartuliga<\/td>\n<td width=\"22\"><\/td>\n<td width=\"46\">6,80<\/td>\n<td width=\"39\">NEW<\/td>\n<\/tr>\n<tr>\n<td>Grilled little zander fillet with mashed potatoes or french fries<\/td>\n<td><\/td>\n<td><\/td>\n<td><\/td>\n<\/tr>\n<tr>\n<td>Grillattua pient\u00e4 kuhafileet\u00e4 perunamuusilla tai ranskalaisia \u200b\u200bperunoita<\/td>\n<td><\/td>\n<td><\/td>\n<td><\/td>\n<\/tr>\n<tr>\n<td colspan=\"2\">Kananagitsad tempura paneeringus friikartulite v\u00f5i kartulip\u00fcreega<\/td>\n<td>5,60<\/td>\n<td><\/td>\n<\/tr>\n<tr>\n<td colspan=\"4\">Chicken nuggets with french fries or mashed potatoes \/ Kananuggetit perunoiden kanssa tai perunamuusilla<\/td>\n<\/tr>\n<tr>\n<td>Viinerid friikartulitega v\u00f5i kartulip\u00fcreega<\/td>\n<td><\/td>\n<td>5,40<\/td>\n<td><\/td>\n<\/tr>\n<tr>\n<td>Wieners with french fries or mashed potatoes \/\u00a0 Viinerit perunoiden kanssa tai perunamuusia<\/td>\n<td><\/td>\n<td><\/td>\n<td><\/td>\n<\/tr>\n<tr>\n<td>Friikartulid kahe kastmega<\/td>\n<td><\/td>\n<td>4,40<\/td>\n<td><\/td>\n<\/tr>\n<tr>\n<td>French fries with 2 sauces \/ Ranskalaisia \u200b\u200bperunoita 2 kastikkeella<\/td>\n<td><\/td>\n<td><\/td>\n<td><\/td>\n<\/tr>\n<\/tbody>\n<\/table>\n<h1>Magustoidud\/Desserts\/J\u00e4lkiruoat<\/h1>\n<table width=\"621\">\n<tbody>\n<tr>\n<td width=\"514\">Toorjuustukook &#8211; milline k\u00fcsi teenindajalt<\/td>\n<td width=\"22\"><\/td>\n<td width=\"46\">5,70<\/td>\n<td width=\"39\">NEW<\/td>\n<\/tr>\n<tr>\n<td colspan=\"3\">Cream cheesecake &#8211; ask the server which one you like \/ Kermajuustokakku &#8211; kysy tarjoilijalta, mist\u00e4 pid\u00e4t<\/td>\n<td><\/td>\n<\/tr>\n<tr>\n<td>\u0160okolaadi laavakoogike j\u00e4\u00e4tise ja j\u00f5hvikamoosiga<\/td>\n<td><\/td>\n<td>5,70<\/td>\n<td><\/td>\n<\/tr>\n<tr>\n<td colspan=\"3\">Chocolate lava cake with ice cream and cranberry jam\/Suklaalaavakakku j\u00e4\u00e4tel\u00f6n ja karpalohillon kera<\/td>\n<td><\/td>\n<\/tr>\n<tr>\n<td>Creme Brule<\/td>\n<td><\/td>\n<td>5,70<\/td>\n<td><\/td>\n<\/tr>\n<tr>\n<td>Creme Brule<\/td>\n<td><\/td>\n<td><\/td>\n<td><\/td>\n<\/tr>\n<tr>\n<td>Pannkoogid j\u00e4\u00e4tise ja moosiga<\/td>\n<td><\/td>\n<td>5,70<\/td>\n<td><\/td>\n<\/tr>\n<tr>\n<td>Pancakes with jam and ice cream \/ Lettu j\u00e4\u00e4tel\u00f6n ja hillon kera<\/td>\n<td><\/td>\n<td><\/td>\n<td><\/td>\n<\/tr>\n<tr>\n<td>J\u00e4\u00e4tisekokteil<\/td>\n<td><\/td>\n<td>5,00<\/td>\n<td><\/td>\n<\/tr>\n<tr>\n<td>Ice cream shake \/ Pirtel\u00f6<\/td>\n<td><\/td>\n<td><\/td>\n<td><\/td>\n<\/tr>\n<tr>\n<td>J\u00e4\u00e4tisevalik<\/td>\n<td><\/td>\n<td>5,00<\/td>\n<td><\/td>\n<\/tr>\n<tr>\n<td>Selection of\u00a0 ice-cream \/ J\u00e4\u00e4tel\u00f6valikoima<\/td>\n<td><\/td>\n<td><\/td>\n<td><\/td>\n<\/tr>\n<\/tbody>\n<\/table>\n","protected":false},"excerpt":{"rendered":"<p>Suupisted\/ Snacks\/ Alkupalat \u00d5lles\u00f5bra suupistetaldrik 18,50 Beer buddy&#8217;s snack tray \/ Olutyst\u00e4v\u00e4n v\u00e4lipalalautanen Marineeritud angerjas lisandiga 12,00 NEW Marinated eel with a side dish \/ Marinoitu ankerias lisukkeineen Marineeritud silmud lisandiga 12,00 NEW Marinated lamprey with a side dish \/ &#8230;<\/p>\n","protected":false},"author":1,"featured_media":1322,"parent":11,"menu_order":0,"comment_status":"closed","ping_status":"closed","template":"soogimenuu.php","meta":[],"yoast_head":"<!-- This site is optimized with the Yoast SEO plugin v18.3 - https:\/\/yoast.com\/wordpress\/plugins\/seo\/ -->\n<title>S\u00f6\u00f6gid - Hahn Pub<\/title>\n<meta name=\"robots\" content=\"index, follow, max-snippet:-1, max-image-preview:large, max-video-preview:-1\" \/>\n<link rel=\"canonical\" href=\"https:\/\/www.villemipubid.ee\/hahn-pubi\/menuu\/soogid-uus\/\" \/>\n<meta property=\"og:locale\" content=\"et_EE\" \/>\n<meta property=\"og:type\" content=\"article\" \/>\n<meta property=\"og:title\" content=\"S\u00f6\u00f6gid - Hahn Pub\" \/>\n<meta property=\"og:description\" content=\"Suupisted\/ Snacks\/ Alkupalat \u00d5lles\u00f5bra suupistetaldrik 18,50 Beer buddy&#8217;s snack tray \/ Olutyst\u00e4v\u00e4n v\u00e4lipalalautanen Marineeritud angerjas lisandiga 12,00 NEW Marinated eel with a side dish \/ Marinoitu ankerias lisukkeineen Marineeritud silmud lisandiga 12,00 NEW Marinated lamprey with a side dish \/ ...\" \/>\n<meta property=\"og:url\" content=\"https:\/\/www.villemipubid.ee\/hahn-pubi\/menuu\/soogid-uus\/\" \/>\n<meta property=\"og:site_name\" content=\"Hahn Pub\" \/>\n<meta property=\"article:modified_time\" content=\"2026-04-11T15:13:15+00:00\" \/>\n<meta property=\"og:image\" content=\"http:\/\/www.villemipubid.ee\/hahn-pubi\/wp-content\/uploads\/sites\/4\/2015\/05\/hahn_.jpg\" \/>\n\t<meta property=\"og:image:width\" content=\"1600\" \/>\n\t<meta property=\"og:image:height\" content=\"936\" \/>\n\t<meta property=\"og:image:type\" content=\"image\/jpeg\" \/>\n<meta name=\"twitter:card\" content=\"summary\" \/>\n<meta name=\"twitter:label1\" content=\"Est. reading time\" \/>\n\t<meta name=\"twitter:data1\" content=\"5 minutit\" \/>\n<script type=\"application\/ld+json\" class=\"yoast-schema-graph\">{\"@context\":\"https:\/\/schema.org\",\"@graph\":[{\"@type\":\"WebSite\",\"@id\":\"https:\/\/www.villemipubid.ee\/hahn-pubi\/#website\",\"url\":\"https:\/\/www.villemipubid.ee\/hahn-pubi\/\",\"name\":\"Hahn Pub\",\"description\":\"\",\"potentialAction\":[{\"@type\":\"SearchAction\",\"target\":{\"@type\":\"EntryPoint\",\"urlTemplate\":\"https:\/\/www.villemipubid.ee\/hahn-pubi\/?s={search_term_string}\"},\"query-input\":\"required name=search_term_string\"}],\"inLanguage\":\"et\"},{\"@type\":\"ImageObject\",\"@id\":\"https:\/\/www.villemipubid.ee\/hahn-pubi\/menuu\/soogid-uus\/#primaryimage\",\"inLanguage\":\"et\",\"url\":\"https:\/\/www.villemipubid.ee\/hahn-pubi\/wp-content\/uploads\/sites\/4\/2015\/05\/hahn_.jpg\",\"contentUrl\":\"https:\/\/www.villemipubid.ee\/hahn-pubi\/wp-content\/uploads\/sites\/4\/2015\/05\/hahn_.jpg\",\"width\":1600,\"height\":936},{\"@type\":\"WebPage\",\"@id\":\"https:\/\/www.villemipubid.ee\/hahn-pubi\/menuu\/soogid-uus\/#webpage\",\"url\":\"https:\/\/www.villemipubid.ee\/hahn-pubi\/menuu\/soogid-uus\/\",\"name\":\"S\u00f6\u00f6gid - Hahn Pub\",\"isPartOf\":{\"@id\":\"https:\/\/www.villemipubid.ee\/hahn-pubi\/#website\"},\"primaryImageOfPage\":{\"@id\":\"https:\/\/www.villemipubid.ee\/hahn-pubi\/menuu\/soogid-uus\/#primaryimage\"},\"datePublished\":\"2015-08-24T10:46:16+00:00\",\"dateModified\":\"2026-04-11T15:13:15+00:00\",\"breadcrumb\":{\"@id\":\"https:\/\/www.villemipubid.ee\/hahn-pubi\/menuu\/soogid-uus\/#breadcrumb\"},\"inLanguage\":\"et\",\"potentialAction\":[{\"@type\":\"ReadAction\",\"target\":[\"https:\/\/www.villemipubid.ee\/hahn-pubi\/menuu\/soogid-uus\/\"]}]},{\"@type\":\"BreadcrumbList\",\"@id\":\"https:\/\/www.villemipubid.ee\/hahn-pubi\/menuu\/soogid-uus\/#breadcrumb\",\"itemListElement\":[{\"@type\":\"ListItem\",\"position\":1,\"name\":\"Home\",\"item\":\"https:\/\/www.villemipubid.ee\/hahn-pubi\/\"},{\"@type\":\"ListItem\",\"position\":2,\"name\":\"Men\u00fc\u00fc\",\"item\":\"https:\/\/www.villemipubid.ee\/hahn-pubi\/menuu\/\"},{\"@type\":\"ListItem\",\"position\":3,\"name\":\"S\u00f6\u00f6gid\"}]}]}<\/script>\n<!-- \/ Yoast SEO plugin. -->","yoast_head_json":{"title":"S\u00f6\u00f6gid - Hahn Pub","robots":{"index":"index","follow":"follow","max-snippet":"max-snippet:-1","max-image-preview":"max-image-preview:large","max-video-preview":"max-video-preview:-1"},"canonical":"https:\/\/www.villemipubid.ee\/hahn-pubi\/menuu\/soogid-uus\/","og_locale":"et_EE","og_type":"article","og_title":"S\u00f6\u00f6gid - Hahn Pub","og_description":"Suupisted\/ Snacks\/ Alkupalat \u00d5lles\u00f5bra suupistetaldrik 18,50 Beer buddy&#8217;s snack tray \/ Olutyst\u00e4v\u00e4n v\u00e4lipalalautanen Marineeritud angerjas lisandiga 12,00 NEW Marinated eel with a side dish \/ Marinoitu ankerias lisukkeineen Marineeritud silmud lisandiga 12,00 NEW Marinated lamprey with a side dish \/ ...","og_url":"https:\/\/www.villemipubid.ee\/hahn-pubi\/menuu\/soogid-uus\/","og_site_name":"Hahn Pub","article_modified_time":"2026-04-11T15:13:15+00:00","og_image":[{"width":1600,"height":936,"url":"http:\/\/www.villemipubid.ee\/hahn-pubi\/wp-content\/uploads\/sites\/4\/2015\/05\/hahn_.jpg","type":"image\/jpeg"}],"twitter_card":"summary","twitter_misc":{"Est. reading time":"5 minutit"},"schema":{"@context":"https:\/\/schema.org","@graph":[{"@type":"WebSite","@id":"https:\/\/www.villemipubid.ee\/hahn-pubi\/#website","url":"https:\/\/www.villemipubid.ee\/hahn-pubi\/","name":"Hahn Pub","description":"","potentialAction":[{"@type":"SearchAction","target":{"@type":"EntryPoint","urlTemplate":"https:\/\/www.villemipubid.ee\/hahn-pubi\/?s={search_term_string}"},"query-input":"required name=search_term_string"}],"inLanguage":"et"},{"@type":"ImageObject","@id":"https:\/\/www.villemipubid.ee\/hahn-pubi\/menuu\/soogid-uus\/#primaryimage","inLanguage":"et","url":"https:\/\/www.villemipubid.ee\/hahn-pubi\/wp-content\/uploads\/sites\/4\/2015\/05\/hahn_.jpg","contentUrl":"https:\/\/www.villemipubid.ee\/hahn-pubi\/wp-content\/uploads\/sites\/4\/2015\/05\/hahn_.jpg","width":1600,"height":936},{"@type":"WebPage","@id":"https:\/\/www.villemipubid.ee\/hahn-pubi\/menuu\/soogid-uus\/#webpage","url":"https:\/\/www.villemipubid.ee\/hahn-pubi\/menuu\/soogid-uus\/","name":"S\u00f6\u00f6gid - Hahn Pub","isPartOf":{"@id":"https:\/\/www.villemipubid.ee\/hahn-pubi\/#website"},"primaryImageOfPage":{"@id":"https:\/\/www.villemipubid.ee\/hahn-pubi\/menuu\/soogid-uus\/#primaryimage"},"datePublished":"2015-08-24T10:46:16+00:00","dateModified":"2026-04-11T15:13:15+00:00","breadcrumb":{"@id":"https:\/\/www.villemipubid.ee\/hahn-pubi\/menuu\/soogid-uus\/#breadcrumb"},"inLanguage":"et","potentialAction":[{"@type":"ReadAction","target":["https:\/\/www.villemipubid.ee\/hahn-pubi\/menuu\/soogid-uus\/"]}]},{"@type":"BreadcrumbList","@id":"https:\/\/www.villemipubid.ee\/hahn-pubi\/menuu\/soogid-uus\/#breadcrumb","itemListElement":[{"@type":"ListItem","position":1,"name":"Home","item":"https:\/\/www.villemipubid.ee\/hahn-pubi\/"},{"@type":"ListItem","position":2,"name":"Men\u00fc\u00fc","item":"https:\/\/www.villemipubid.ee\/hahn-pubi\/menuu\/"},{"@type":"ListItem","position":3,"name":"S\u00f6\u00f6gid"}]}]}},"_links":{"self":[{"href":"https:\/\/www.villemipubid.ee\/hahn-pubi\/wp-json\/wp\/v2\/pages\/415"}],"collection":[{"href":"https:\/\/www.villemipubid.ee\/hahn-pubi\/wp-json\/wp\/v2\/pages"}],"about":[{"href":"https:\/\/www.villemipubid.ee\/hahn-pubi\/wp-json\/wp\/v2\/types\/page"}],"author":[{"embeddable":true,"href":"https:\/\/www.villemipubid.ee\/hahn-pubi\/wp-json\/wp\/v2\/users\/1"}],"replies":[{"embeddable":true,"href":"https:\/\/www.villemipubid.ee\/hahn-pubi\/wp-json\/wp\/v2\/comments?post=415"}],"version-history":[{"count":211,"href":"https:\/\/www.villemipubid.ee\/hahn-pubi\/wp-json\/wp\/v2\/pages\/415\/revisions"}],"predecessor-version":[{"id":1646,"href":"https:\/\/www.villemipubid.ee\/hahn-pubi\/wp-json\/wp\/v2\/pages\/415\/revisions\/1646"}],"up":[{"embeddable":true,"href":"https:\/\/www.villemipubid.ee\/hahn-pubi\/wp-json\/wp\/v2\/pages\/11"}],"wp:featuredmedia":[{"embeddable":true,"href":"https:\/\/www.villemipubid.ee\/hahn-pubi\/wp-json\/wp\/v2\/media\/1322"}],"wp:attachment":[{"href":"https:\/\/www.villemipubid.ee\/hahn-pubi\/wp-json\/wp\/v2\/media?parent=415"}],"curies":[{"name":"wp","href":"https:\/\/api.w.org\/{rel}","templated":true}]}}