{"id":31,"date":"2015-05-28T11:23:39","date_gmt":"2015-05-28T08:23:39","guid":{"rendered":"http:\/\/www.villemipubid.ee\/hahn-pubi\/?page_id=31"},"modified":"2024-03-18T15:47:23","modified_gmt":"2024-03-18T13:47:23","slug":"interjoor","status":"publish","type":"page","link":"https:\/\/www.villemipubid.ee\/hahn-pubi\/pildid\/interjoor\/","title":{"rendered":"Interj\u00f6\u00f6r"},"content":{"rendered":"<h2>Interj\u00f6\u00f6r<\/h2>\n\n\t\t<style type=\"text\/css\">\n\t\t\t#gallery-1 {\n\t\t\t\tmargin: auto;\n\t\t\t}\n\t\t\t#gallery-1 .gallery-item {\n\t\t\t\tfloat: left;\n\t\t\t\tmargin-top: 10px;\n\t\t\t\ttext-align: center;\n\t\t\t\twidth: 33%;\n\t\t\t}\n\t\t\t#gallery-1 img {\n\t\t\t\tborder: 2px solid #cfcfcf;\n\t\t\t}\n\t\t\t#gallery-1 .gallery-caption {\n\t\t\t\tmargin-left: 0;\n\t\t\t}\n\t\t\t\/* see gallery_shortcode() in wp-includes\/media.php *\/\n\t\t<\/style>\n\t\t<div id='gallery-1' class='gallery galleryid-31 gallery-columns-3 gallery-size-new_gallery_thumbnail'><dl class='gallery-item'>\n\t\t\t<dt class='gallery-icon landscape'>\n\t\t\t\t<a href='https:\/\/www.villemipubid.ee\/hahn-pubi\/wp-content\/uploads\/sites\/4\/2015\/05\/DSC_0011.jpg'><img width=\"370\" height=\"240\" src=\"https:\/\/www.villemipubid.ee\/hahn-pubi\/wp-content\/uploads\/sites\/4\/2015\/05\/DSC_0011-370x240.jpg\" class=\"attachment-new_gallery_thumbnail size-new_gallery_thumbnail\" alt=\"\" loading=\"lazy\" \/><\/a>\n\t\t\t<\/dt><\/dl><dl class='gallery-item'>\n\t\t\t<dt class='gallery-icon landscape'>\n\t\t\t\t<a href='https:\/\/www.villemipubid.ee\/hahn-pubi\/wp-content\/uploads\/sites\/4\/2015\/05\/DSC_0023.jpg'><img width=\"370\" height=\"240\" src=\"https:\/\/www.villemipubid.ee\/hahn-pubi\/wp-content\/uploads\/sites\/4\/2015\/05\/DSC_0023-370x240.jpg\" class=\"attachment-new_gallery_thumbnail size-new_gallery_thumbnail\" alt=\"\" loading=\"lazy\" \/><\/a>\n\t\t\t<\/dt><\/dl><dl class='gallery-item'>\n\t\t\t<dt class='gallery-icon landscape'>\n\t\t\t\t<a href='https:\/\/www.villemipubid.ee\/hahn-pubi\/wp-content\/uploads\/sites\/4\/2015\/05\/DSC_0035.jpg'><img width=\"370\" height=\"240\" src=\"https:\/\/www.villemipubid.ee\/hahn-pubi\/wp-content\/uploads\/sites\/4\/2015\/05\/DSC_0035-370x240.jpg\" class=\"attachment-new_gallery_thumbnail size-new_gallery_thumbnail\" alt=\"\" loading=\"lazy\" \/><\/a>\n\t\t\t<\/dt><\/dl><br style=\"clear: both\" \/><dl class='gallery-item'>\n\t\t\t<dt class='gallery-icon landscape'>\n\t\t\t\t<a href='https:\/\/www.villemipubid.ee\/hahn-pubi\/wp-content\/uploads\/sites\/4\/2015\/05\/DSC_0033.jpg'><img width=\"370\" height=\"240\" src=\"https:\/\/www.villemipubid.ee\/hahn-pubi\/wp-content\/uploads\/sites\/4\/2015\/05\/DSC_0033-370x240.jpg\" class=\"attachment-new_gallery_thumbnail size-new_gallery_thumbnail\" alt=\"\" loading=\"lazy\" \/><\/a>\n\t\t\t<\/dt><\/dl><dl class='gallery-item'>\n\t\t\t<dt class='gallery-icon portrait'>\n\t\t\t\t<a href='https:\/\/www.villemipubid.ee\/hahn-pubi\/wp-content\/uploads\/sites\/4\/2015\/05\/DSC_0028.jpg'><img width=\"370\" height=\"240\" src=\"https:\/\/www.villemipubid.ee\/hahn-pubi\/wp-content\/uploads\/sites\/4\/2015\/05\/DSC_0028-370x240.jpg\" class=\"attachment-new_gallery_thumbnail size-new_gallery_thumbnail\" alt=\"\" loading=\"lazy\" \/><\/a>\n\t\t\t<\/dt><\/dl><dl class='gallery-item'>\n\t\t\t<dt class='gallery-icon landscape'>\n\t\t\t\t<a href='https:\/\/www.villemipubid.ee\/hahn-pubi\/wp-content\/uploads\/sites\/4\/2015\/05\/DSC_0038.jpg'><img width=\"370\" height=\"240\" src=\"https:\/\/www.villemipubid.ee\/hahn-pubi\/wp-content\/uploads\/sites\/4\/2015\/05\/DSC_0038-370x240.jpg\" class=\"attachment-new_gallery_thumbnail size-new_gallery_thumbnail\" alt=\"\" loading=\"lazy\" srcset=\"https:\/\/www.villemipubid.ee\/hahn-pubi\/wp-content\/uploads\/sites\/4\/2015\/05\/DSC_0038-370x240.jpg 370w, https:\/\/www.villemipubid.ee\/hahn-pubi\/wp-content\/uploads\/sites\/4\/2015\/05\/DSC_0038-150x96.jpg 150w\" sizes=\"(max-width: 370px) 100vw, 370px\" \/><\/a>\n\t\t\t<\/dt><\/dl><br style=\"clear: both\" \/><dl class='gallery-item'>\n\t\t\t<dt class='gallery-icon landscape'>\n\t\t\t\t<a href='https:\/\/www.villemipubid.ee\/hahn-pubi\/wp-content\/uploads\/sites\/4\/2015\/05\/DSC_0042.jpg'><img width=\"370\" height=\"240\" src=\"https:\/\/www.villemipubid.ee\/hahn-pubi\/wp-content\/uploads\/sites\/4\/2015\/05\/DSC_0042-370x240.jpg\" class=\"attachment-new_gallery_thumbnail size-new_gallery_thumbnail\" alt=\"\" loading=\"lazy\" \/><\/a>\n\t\t\t<\/dt><\/dl><dl class='gallery-item'>\n\t\t\t<dt class='gallery-icon landscape'>\n\t\t\t\t<a href='https:\/\/www.villemipubid.ee\/hahn-pubi\/wp-content\/uploads\/sites\/4\/2015\/05\/DSC_0046.jpg'><img width=\"370\" height=\"240\" src=\"https:\/\/www.villemipubid.ee\/hahn-pubi\/wp-content\/uploads\/sites\/4\/2015\/05\/DSC_0046-370x240.jpg\" class=\"attachment-new_gallery_thumbnail size-new_gallery_thumbnail\" alt=\"\" loading=\"lazy\" \/><\/a>\n\t\t\t<\/dt><\/dl><dl class='gallery-item'>\n\t\t\t<dt class='gallery-icon landscape'>\n\t\t\t\t<a href='https:\/\/www.villemipubid.ee\/hahn-pubi\/wp-content\/uploads\/sites\/4\/2015\/05\/DSC_0039.jpg'><img width=\"370\" height=\"240\" src=\"https:\/\/www.villemipubid.ee\/hahn-pubi\/wp-content\/uploads\/sites\/4\/2015\/05\/DSC_0039-370x240.jpg\" class=\"attachment-new_gallery_thumbnail size-new_gallery_thumbnail\" alt=\"\" loading=\"lazy\" \/><\/a>\n\t\t\t<\/dt><\/dl><br style=\"clear: both\" \/><dl class='gallery-item'>\n\t\t\t<dt class='gallery-icon landscape'>\n\t\t\t\t<a href='https:\/\/www.villemipubid.ee\/hahn-pubi\/wp-content\/uploads\/sites\/4\/2015\/05\/DSC_0014.jpg'><img width=\"370\" height=\"240\" src=\"https:\/\/www.villemipubid.ee\/hahn-pubi\/wp-content\/uploads\/sites\/4\/2015\/05\/DSC_0014-370x240.jpg\" class=\"attachment-new_gallery_thumbnail size-new_gallery_thumbnail\" alt=\"\" loading=\"lazy\" \/><\/a>\n\t\t\t<\/dt><\/dl><dl class='gallery-item'>\n\t\t\t<dt class='gallery-icon landscape'>\n\t\t\t\t<a href='https:\/\/www.villemipubid.ee\/hahn-pubi\/wp-content\/uploads\/sites\/4\/2015\/05\/DSC_0016.jpg'><img width=\"370\" height=\"240\" src=\"https:\/\/www.villemipubid.ee\/hahn-pubi\/wp-content\/uploads\/sites\/4\/2015\/05\/DSC_0016-370x240.jpg\" class=\"attachment-new_gallery_thumbnail size-new_gallery_thumbnail\" alt=\"\" loading=\"lazy\" \/><\/a>\n\t\t\t<\/dt><\/dl>\n\t\t\t<br style='clear: both' \/>\n\t\t<\/div>\n\n<h2>Terrass<\/h2>\n\n\t\t<style type=\"text\/css\">\n\t\t\t#gallery-2 {\n\t\t\t\tmargin: auto;\n\t\t\t}\n\t\t\t#gallery-2 .gallery-item {\n\t\t\t\tfloat: left;\n\t\t\t\tmargin-top: 10px;\n\t\t\t\ttext-align: center;\n\t\t\t\twidth: 33%;\n\t\t\t}\n\t\t\t#gallery-2 img {\n\t\t\t\tborder: 2px solid #cfcfcf;\n\t\t\t}\n\t\t\t#gallery-2 .gallery-caption {\n\t\t\t\tmargin-left: 0;\n\t\t\t}\n\t\t\t\/* see gallery_shortcode() in wp-includes\/media.php *\/\n\t\t<\/style>\n\t\t<div id='gallery-2' class='gallery galleryid-31 gallery-columns-3 gallery-size-new_gallery_thumbnail'><dl class='gallery-item'>\n\t\t\t<dt class='gallery-icon landscape'>\n\t\t\t\t<a href='https:\/\/www.villemipubid.ee\/hahn-pubi\/wp-content\/uploads\/sites\/4\/2015\/05\/Hahn-Pubi-pildid-002.jpg'><img width=\"370\" height=\"240\" src=\"https:\/\/www.villemipubid.ee\/hahn-pubi\/wp-content\/uploads\/sites\/4\/2015\/05\/Hahn-Pubi-pildid-002-370x240.jpg\" class=\"attachment-new_gallery_thumbnail size-new_gallery_thumbnail\" alt=\"\" loading=\"lazy\" srcset=\"https:\/\/www.villemipubid.ee\/hahn-pubi\/wp-content\/uploads\/sites\/4\/2015\/05\/Hahn-Pubi-pildid-002-370x240.jpg 370w, https:\/\/www.villemipubid.ee\/hahn-pubi\/wp-content\/uploads\/sites\/4\/2015\/05\/Hahn-Pubi-pildid-002-740x480.jpg 740w\" sizes=\"(max-width: 370px) 100vw, 370px\" \/><\/a>\n\t\t\t<\/dt><\/dl><dl class='gallery-item'>\n\t\t\t<dt class='gallery-icon landscape'>\n\t\t\t\t<a href='https:\/\/www.villemipubid.ee\/hahn-pubi\/wp-content\/uploads\/sites\/4\/2015\/05\/Hahn-Pubi-pildid-004.jpg'><img width=\"370\" height=\"240\" src=\"https:\/\/www.villemipubid.ee\/hahn-pubi\/wp-content\/uploads\/sites\/4\/2015\/05\/Hahn-Pubi-pildid-004-370x240.jpg\" class=\"attachment-new_gallery_thumbnail size-new_gallery_thumbnail\" alt=\"\" loading=\"lazy\" srcset=\"https:\/\/www.villemipubid.ee\/hahn-pubi\/wp-content\/uploads\/sites\/4\/2015\/05\/Hahn-Pubi-pildid-004-370x240.jpg 370w, https:\/\/www.villemipubid.ee\/hahn-pubi\/wp-content\/uploads\/sites\/4\/2015\/05\/Hahn-Pubi-pildid-004-740x480.jpg 740w\" sizes=\"(max-width: 370px) 100vw, 370px\" \/><\/a>\n\t\t\t<\/dt><\/dl><dl class='gallery-item'>\n\t\t\t<dt class='gallery-icon landscape'>\n\t\t\t\t<a href='https:\/\/www.villemipubid.ee\/hahn-pubi\/wp-content\/uploads\/sites\/4\/2015\/05\/Hahn-Pubi-pildid-003.jpg'><img width=\"370\" height=\"240\" src=\"https:\/\/www.villemipubid.ee\/hahn-pubi\/wp-content\/uploads\/sites\/4\/2015\/05\/Hahn-Pubi-pildid-003-370x240.jpg\" class=\"attachment-new_gallery_thumbnail size-new_gallery_thumbnail\" alt=\"\" loading=\"lazy\" srcset=\"https:\/\/www.villemipubid.ee\/hahn-pubi\/wp-content\/uploads\/sites\/4\/2015\/05\/Hahn-Pubi-pildid-003-370x240.jpg 370w, https:\/\/www.villemipubid.ee\/hahn-pubi\/wp-content\/uploads\/sites\/4\/2015\/05\/Hahn-Pubi-pildid-003-740x480.jpg 740w\" sizes=\"(max-width: 370px) 100vw, 370px\" \/><\/a>\n\t\t\t<\/dt><\/dl><br style=\"clear: both\" \/><dl class='gallery-item'>\n\t\t\t<dt class='gallery-icon landscape'>\n\t\t\t\t<a href='https:\/\/www.villemipubid.ee\/hahn-pubi\/wp-content\/uploads\/sites\/4\/2015\/05\/Hahn-Pubi-pildid-006.jpg'><img width=\"370\" height=\"240\" src=\"https:\/\/www.villemipubid.ee\/hahn-pubi\/wp-content\/uploads\/sites\/4\/2015\/05\/Hahn-Pubi-pildid-006-370x240.jpg\" class=\"attachment-new_gallery_thumbnail size-new_gallery_thumbnail\" alt=\"\" loading=\"lazy\" srcset=\"https:\/\/www.villemipubid.ee\/hahn-pubi\/wp-content\/uploads\/sites\/4\/2015\/05\/Hahn-Pubi-pildid-006-370x240.jpg 370w, https:\/\/www.villemipubid.ee\/hahn-pubi\/wp-content\/uploads\/sites\/4\/2015\/05\/Hahn-Pubi-pildid-006-740x480.jpg 740w\" sizes=\"(max-width: 370px) 100vw, 370px\" \/><\/a>\n\t\t\t<\/dt><\/dl><dl class='gallery-item'>\n\t\t\t<dt class='gallery-icon landscape'>\n\t\t\t\t<a href='https:\/\/www.villemipubid.ee\/hahn-pubi\/wp-content\/uploads\/sites\/4\/2015\/05\/Hahn-Pubi-pildid-007.jpg'><img width=\"370\" height=\"240\" src=\"https:\/\/www.villemipubid.ee\/hahn-pubi\/wp-content\/uploads\/sites\/4\/2015\/05\/Hahn-Pubi-pildid-007-370x240.jpg\" class=\"attachment-new_gallery_thumbnail size-new_gallery_thumbnail\" alt=\"\" loading=\"lazy\" srcset=\"https:\/\/www.villemipubid.ee\/hahn-pubi\/wp-content\/uploads\/sites\/4\/2015\/05\/Hahn-Pubi-pildid-007-370x240.jpg 370w, https:\/\/www.villemipubid.ee\/hahn-pubi\/wp-content\/uploads\/sites\/4\/2015\/05\/Hahn-Pubi-pildid-007-740x480.jpg 740w\" sizes=\"(max-width: 370px) 100vw, 370px\" \/><\/a>\n\t\t\t<\/dt><\/dl><dl class='gallery-item'>\n\t\t\t<dt class='gallery-icon landscape'>\n\t\t\t\t<a href='https:\/\/www.villemipubid.ee\/hahn-pubi\/wp-content\/uploads\/sites\/4\/2015\/05\/Hahn-Pubi-pildid-008.jpg'><img width=\"370\" height=\"240\" src=\"https:\/\/www.villemipubid.ee\/hahn-pubi\/wp-content\/uploads\/sites\/4\/2015\/05\/Hahn-Pubi-pildid-008-370x240.jpg\" class=\"attachment-new_gallery_thumbnail size-new_gallery_thumbnail\" alt=\"\" loading=\"lazy\" srcset=\"https:\/\/www.villemipubid.ee\/hahn-pubi\/wp-content\/uploads\/sites\/4\/2015\/05\/Hahn-Pubi-pildid-008-370x240.jpg 370w, https:\/\/www.villemipubid.ee\/hahn-pubi\/wp-content\/uploads\/sites\/4\/2015\/05\/Hahn-Pubi-pildid-008-150x96.jpg 150w, https:\/\/www.villemipubid.ee\/hahn-pubi\/wp-content\/uploads\/sites\/4\/2015\/05\/Hahn-Pubi-pildid-008-740x480.jpg 740w\" sizes=\"(max-width: 370px) 100vw, 370px\" \/><\/a>\n\t\t\t<\/dt><\/dl><br style=\"clear: both\" \/><dl class='gallery-item'>\n\t\t\t<dt class='gallery-icon portrait'>\n\t\t\t\t<a href='https:\/\/www.villemipubid.ee\/hahn-pubi\/wp-content\/uploads\/sites\/4\/2015\/05\/Hahn-Pubi-pildid-009.jpg'><img width=\"370\" height=\"240\" src=\"https:\/\/www.villemipubid.ee\/hahn-pubi\/wp-content\/uploads\/sites\/4\/2015\/05\/Hahn-Pubi-pildid-009-370x240.jpg\" class=\"attachment-new_gallery_thumbnail size-new_gallery_thumbnail\" alt=\"\" loading=\"lazy\" srcset=\"https:\/\/www.villemipubid.ee\/hahn-pubi\/wp-content\/uploads\/sites\/4\/2015\/05\/Hahn-Pubi-pildid-009-370x240.jpg 370w, https:\/\/www.villemipubid.ee\/hahn-pubi\/wp-content\/uploads\/sites\/4\/2015\/05\/Hahn-Pubi-pildid-009-740x480.jpg 740w\" sizes=\"(max-width: 370px) 100vw, 370px\" \/><\/a>\n\t\t\t<\/dt><\/dl>\n\t\t\t<br style='clear: both' \/>\n\t\t<\/div>\n\n","protected":false},"excerpt":{"rendered":"<p>Interj\u00f6\u00f6r Terrass<\/p>\n","protected":false},"author":1,"featured_media":1322,"parent":29,"menu_order":0,"comment_status":"closed","ping_status":"closed","template":"","meta":[],"yoast_head":"<!-- This site is optimized with the Yoast SEO plugin v18.3 - https:\/\/yoast.com\/wordpress\/plugins\/seo\/ -->\n<title>Interj\u00f6\u00f6r - Hahn Pub<\/title>\n<meta name=\"robots\" content=\"index, follow, max-snippet:-1, max-image-preview:large, max-video-preview:-1\" \/>\n<link rel=\"canonical\" href=\"https:\/\/www.villemipubid.ee\/hahn-pubi\/pildid\/interjoor\/\" \/>\n<meta property=\"og:locale\" content=\"et_EE\" \/>\n<meta property=\"og:type\" content=\"article\" \/>\n<meta property=\"og:title\" content=\"Interj\u00f6\u00f6r - Hahn Pub\" \/>\n<meta property=\"og:description\" content=\"Interj\u00f6\u00f6r Terrass\" \/>\n<meta property=\"og:url\" content=\"https:\/\/www.villemipubid.ee\/hahn-pubi\/pildid\/interjoor\/\" \/>\n<meta property=\"og:site_name\" content=\"Hahn Pub\" \/>\n<meta property=\"article:modified_time\" content=\"2024-03-18T13:47:23+00:00\" \/>\n<meta property=\"og:image\" content=\"http:\/\/www.villemipubid.ee\/hahn-pubi\/wp-content\/uploads\/sites\/4\/2015\/05\/hahn_.jpg\" \/>\n\t<meta property=\"og:image:width\" content=\"1600\" \/>\n\t<meta property=\"og:image:height\" content=\"936\" \/>\n\t<meta property=\"og:image:type\" content=\"image\/jpeg\" \/>\n<meta name=\"twitter:card\" content=\"summary\" \/>\n<script type=\"application\/ld+json\" class=\"yoast-schema-graph\">{\"@context\":\"https:\/\/schema.org\",\"@graph\":[{\"@type\":\"WebSite\",\"@id\":\"https:\/\/www.villemipubid.ee\/hahn-pubi\/#website\",\"url\":\"https:\/\/www.villemipubid.ee\/hahn-pubi\/\",\"name\":\"Hahn Pub\",\"description\":\"\",\"potentialAction\":[{\"@type\":\"SearchAction\",\"target\":{\"@type\":\"EntryPoint\",\"urlTemplate\":\"https:\/\/www.villemipubid.ee\/hahn-pubi\/?s={search_term_string}\"},\"query-input\":\"required name=search_term_string\"}],\"inLanguage\":\"et\"},{\"@type\":\"ImageObject\",\"@id\":\"https:\/\/www.villemipubid.ee\/hahn-pubi\/pildid\/interjoor\/#primaryimage\",\"inLanguage\":\"et\",\"url\":\"https:\/\/www.villemipubid.ee\/hahn-pubi\/wp-content\/uploads\/sites\/4\/2015\/05\/hahn_.jpg\",\"contentUrl\":\"https:\/\/www.villemipubid.ee\/hahn-pubi\/wp-content\/uploads\/sites\/4\/2015\/05\/hahn_.jpg\",\"width\":1600,\"height\":936},{\"@type\":\"WebPage\",\"@id\":\"https:\/\/www.villemipubid.ee\/hahn-pubi\/pildid\/interjoor\/#webpage\",\"url\":\"https:\/\/www.villemipubid.ee\/hahn-pubi\/pildid\/interjoor\/\",\"name\":\"Interj\u00f6\u00f6r - Hahn Pub\",\"isPartOf\":{\"@id\":\"https:\/\/www.villemipubid.ee\/hahn-pubi\/#website\"},\"primaryImageOfPage\":{\"@id\":\"https:\/\/www.villemipubid.ee\/hahn-pubi\/pildid\/interjoor\/#primaryimage\"},\"datePublished\":\"2015-05-28T08:23:39+00:00\",\"dateModified\":\"2024-03-18T13:47:23+00:00\",\"breadcrumb\":{\"@id\":\"https:\/\/www.villemipubid.ee\/hahn-pubi\/pildid\/interjoor\/#breadcrumb\"},\"inLanguage\":\"et\",\"potentialAction\":[{\"@type\":\"ReadAction\",\"target\":[\"https:\/\/www.villemipubid.ee\/hahn-pubi\/pildid\/interjoor\/\"]}]},{\"@type\":\"BreadcrumbList\",\"@id\":\"https:\/\/www.villemipubid.ee\/hahn-pubi\/pildid\/interjoor\/#breadcrumb\",\"itemListElement\":[{\"@type\":\"ListItem\",\"position\":1,\"name\":\"Home\",\"item\":\"https:\/\/www.villemipubid.ee\/hahn-pubi\/\"},{\"@type\":\"ListItem\",\"position\":2,\"name\":\"Pildid\",\"item\":\"https:\/\/www.villemipubid.ee\/hahn-pubi\/pildid\/\"},{\"@type\":\"ListItem\",\"position\":3,\"name\":\"Interj\u00f6\u00f6r\"}]}]}<\/script>\n<!-- \/ Yoast SEO plugin. -->","yoast_head_json":{"title":"Interj\u00f6\u00f6r - Hahn Pub","robots":{"index":"index","follow":"follow","max-snippet":"max-snippet:-1","max-image-preview":"max-image-preview:large","max-video-preview":"max-video-preview:-1"},"canonical":"https:\/\/www.villemipubid.ee\/hahn-pubi\/pildid\/interjoor\/","og_locale":"et_EE","og_type":"article","og_title":"Interj\u00f6\u00f6r - Hahn Pub","og_description":"Interj\u00f6\u00f6r Terrass","og_url":"https:\/\/www.villemipubid.ee\/hahn-pubi\/pildid\/interjoor\/","og_site_name":"Hahn Pub","article_modified_time":"2024-03-18T13:47:23+00:00","og_image":[{"width":1600,"height":936,"url":"http:\/\/www.villemipubid.ee\/hahn-pubi\/wp-content\/uploads\/sites\/4\/2015\/05\/hahn_.jpg","type":"image\/jpeg"}],"twitter_card":"summary","schema":{"@context":"https:\/\/schema.org","@graph":[{"@type":"WebSite","@id":"https:\/\/www.villemipubid.ee\/hahn-pubi\/#website","url":"https:\/\/www.villemipubid.ee\/hahn-pubi\/","name":"Hahn Pub","description":"","potentialAction":[{"@type":"SearchAction","target":{"@type":"EntryPoint","urlTemplate":"https:\/\/www.villemipubid.ee\/hahn-pubi\/?s={search_term_string}"},"query-input":"required name=search_term_string"}],"inLanguage":"et"},{"@type":"ImageObject","@id":"https:\/\/www.villemipubid.ee\/hahn-pubi\/pildid\/interjoor\/#primaryimage","inLanguage":"et","url":"https:\/\/www.villemipubid.ee\/hahn-pubi\/wp-content\/uploads\/sites\/4\/2015\/05\/hahn_.jpg","contentUrl":"https:\/\/www.villemipubid.ee\/hahn-pubi\/wp-content\/uploads\/sites\/4\/2015\/05\/hahn_.jpg","width":1600,"height":936},{"@type":"WebPage","@id":"https:\/\/www.villemipubid.ee\/hahn-pubi\/pildid\/interjoor\/#webpage","url":"https:\/\/www.villemipubid.ee\/hahn-pubi\/pildid\/interjoor\/","name":"Interj\u00f6\u00f6r - Hahn Pub","isPartOf":{"@id":"https:\/\/www.villemipubid.ee\/hahn-pubi\/#website"},"primaryImageOfPage":{"@id":"https:\/\/www.villemipubid.ee\/hahn-pubi\/pildid\/interjoor\/#primaryimage"},"datePublished":"2015-05-28T08:23:39+00:00","dateModified":"2024-03-18T13:47:23+00:00","breadcrumb":{"@id":"https:\/\/www.villemipubid.ee\/hahn-pubi\/pildid\/interjoor\/#breadcrumb"},"inLanguage":"et","potentialAction":[{"@type":"ReadAction","target":["https:\/\/www.villemipubid.ee\/hahn-pubi\/pildid\/interjoor\/"]}]},{"@type":"BreadcrumbList","@id":"https:\/\/www.villemipubid.ee\/hahn-pubi\/pildid\/interjoor\/#breadcrumb","itemListElement":[{"@type":"ListItem","position":1,"name":"Home","item":"https:\/\/www.villemipubid.ee\/hahn-pubi\/"},{"@type":"ListItem","position":2,"name":"Pildid","item":"https:\/\/www.villemipubid.ee\/hahn-pubi\/pildid\/"},{"@type":"ListItem","position":3,"name":"Interj\u00f6\u00f6r"}]}]}},"_links":{"self":[{"href":"https:\/\/www.villemipubid.ee\/hahn-pubi\/wp-json\/wp\/v2\/pages\/31"}],"collection":[{"href":"https:\/\/www.villemipubid.ee\/hahn-pubi\/wp-json\/wp\/v2\/pages"}],"about":[{"href":"https:\/\/www.villemipubid.ee\/hahn-pubi\/wp-json\/wp\/v2\/types\/page"}],"author":[{"embeddable":true,"href":"https:\/\/www.villemipubid.ee\/hahn-pubi\/wp-json\/wp\/v2\/users\/1"}],"replies":[{"embeddable":true,"href":"https:\/\/www.villemipubid.ee\/hahn-pubi\/wp-json\/wp\/v2\/comments?post=31"}],"version-history":[{"count":7,"href":"https:\/\/www.villemipubid.ee\/hahn-pubi\/wp-json\/wp\/v2\/pages\/31\/revisions"}],"predecessor-version":[{"id":1280,"href":"https:\/\/www.villemipubid.ee\/hahn-pubi\/wp-json\/wp\/v2\/pages\/31\/revisions\/1280"}],"up":[{"embeddable":true,"href":"https:\/\/www.villemipubid.ee\/hahn-pubi\/wp-json\/wp\/v2\/pages\/29"}],"wp:featuredmedia":[{"embeddable":true,"href":"https:\/\/www.villemipubid.ee\/hahn-pubi\/wp-json\/wp\/v2\/media\/1322"}],"wp:attachment":[{"href":"https:\/\/www.villemipubid.ee\/hahn-pubi\/wp-json\/wp\/v2\/media?parent=31"}],"curies":[{"name":"wp","href":"https:\/\/api.w.org\/{rel}","templated":true}]}}