{"id":21,"date":"2015-05-28T11:21:57","date_gmt":"2015-05-28T08:21:57","guid":{"rendered":"http:\/\/www.villemipubid.ee\/hahn-pubi\/?page_id=21"},"modified":"2026-02-12T09:36:43","modified_gmt":"2026-02-12T07:36:43","slug":"sport","status":"publish","type":"page","link":"https:\/\/www.villemipubid.ee\/hahn-pubi\/meelelahutus\/sport\/","title":{"rendered":"Sport"},"content":{"rendered":"<h3>Aktuaalsed \u00fclekanded TV-s &#8211; K\u00dcSI TEENINDAJALT<\/h3>\n<h3><\/h3>\n<h3><span style=\"color: #ff0000\">2026 DETSEMBRIS T\u00c4PNE AEG T\u00c4PSUSTAMISEL<\/span><br \/>\nP\u00c4RNU LINNA <span style=\"color: #ff0000\">LAHTISED<\/span> MEISTRIV\u00d5ISTLUSED KORVPALLI VABAVISETES<br \/>\nP\u00c4RNU SPORDIHALLIS<\/h3>\n<h3>Eelregistreerimine: hahnpub@gmail.com<br \/>\nLisainfo 4442000 Siim<\/h3>\n","protected":false},"excerpt":{"rendered":"<p>Aktuaalsed \u00fclekanded TV-s &#8211; K\u00dcSI TEENINDAJALT 2026 DETSEMBRIS T\u00c4PNE AEG T\u00c4PSUSTAMISEL P\u00c4RNU LINNA LAHTISED MEISTRIV\u00d5ISTLUSED KORVPALLI VABAVISETES P\u00c4RNU SPORDIHALLIS Eelregistreerimine: hahnpub@gmail.com Lisainfo 4442000 Siim<\/p>\n","protected":false},"author":1,"featured_media":1322,"parent":17,"menu_order":1,"comment_status":"closed","ping_status":"closed","template":"","meta":[],"yoast_head":"<!-- This site is optimized with the Yoast SEO plugin v18.3 - https:\/\/yoast.com\/wordpress\/plugins\/seo\/ -->\n<title>Sport - Hahn Pub<\/title>\n<meta name=\"robots\" content=\"index, follow, max-snippet:-1, max-image-preview:large, max-video-preview:-1\" \/>\n<link rel=\"canonical\" href=\"https:\/\/www.villemipubid.ee\/hahn-pubi\/meelelahutus\/sport\/\" \/>\n<meta property=\"og:locale\" content=\"et_EE\" \/>\n<meta property=\"og:type\" content=\"article\" \/>\n<meta property=\"og:title\" content=\"Sport - Hahn Pub\" \/>\n<meta property=\"og:description\" content=\"Aktuaalsed \u00fclekanded TV-s &#8211; K\u00dcSI TEENINDAJALT 2026 DETSEMBRIS T\u00c4PNE AEG T\u00c4PSUSTAMISEL P\u00c4RNU LINNA LAHTISED MEISTRIV\u00d5ISTLUSED KORVPALLI VABAVISETES P\u00c4RNU SPORDIHALLIS Eelregistreerimine: hahnpub@gmail.com Lisainfo 4442000 Siim\" \/>\n<meta property=\"og:url\" content=\"https:\/\/www.villemipubid.ee\/hahn-pubi\/meelelahutus\/sport\/\" \/>\n<meta property=\"og:site_name\" content=\"Hahn Pub\" \/>\n<meta property=\"article:modified_time\" content=\"2026-02-12T07:36:43+00:00\" \/>\n<meta property=\"og:image\" content=\"http:\/\/www.villemipubid.ee\/hahn-pubi\/wp-content\/uploads\/sites\/4\/2015\/05\/hahn_.jpg\" \/>\n\t<meta property=\"og:image:width\" content=\"1600\" \/>\n\t<meta property=\"og:image:height\" content=\"936\" \/>\n\t<meta property=\"og:image:type\" content=\"image\/jpeg\" \/>\n<meta name=\"twitter:card\" content=\"summary\" \/>\n<script type=\"application\/ld+json\" class=\"yoast-schema-graph\">{\"@context\":\"https:\/\/schema.org\",\"@graph\":[{\"@type\":\"WebSite\",\"@id\":\"https:\/\/www.villemipubid.ee\/hahn-pubi\/#website\",\"url\":\"https:\/\/www.villemipubid.ee\/hahn-pubi\/\",\"name\":\"Hahn Pub\",\"description\":\"\",\"potentialAction\":[{\"@type\":\"SearchAction\",\"target\":{\"@type\":\"EntryPoint\",\"urlTemplate\":\"https:\/\/www.villemipubid.ee\/hahn-pubi\/?s={search_term_string}\"},\"query-input\":\"required name=search_term_string\"}],\"inLanguage\":\"et\"},{\"@type\":\"ImageObject\",\"@id\":\"https:\/\/www.villemipubid.ee\/hahn-pubi\/meelelahutus\/sport\/#primaryimage\",\"inLanguage\":\"et\",\"url\":\"https:\/\/www.villemipubid.ee\/hahn-pubi\/wp-content\/uploads\/sites\/4\/2015\/05\/hahn_.jpg\",\"contentUrl\":\"https:\/\/www.villemipubid.ee\/hahn-pubi\/wp-content\/uploads\/sites\/4\/2015\/05\/hahn_.jpg\",\"width\":1600,\"height\":936},{\"@type\":\"WebPage\",\"@id\":\"https:\/\/www.villemipubid.ee\/hahn-pubi\/meelelahutus\/sport\/#webpage\",\"url\":\"https:\/\/www.villemipubid.ee\/hahn-pubi\/meelelahutus\/sport\/\",\"name\":\"Sport - Hahn Pub\",\"isPartOf\":{\"@id\":\"https:\/\/www.villemipubid.ee\/hahn-pubi\/#website\"},\"primaryImageOfPage\":{\"@id\":\"https:\/\/www.villemipubid.ee\/hahn-pubi\/meelelahutus\/sport\/#primaryimage\"},\"datePublished\":\"2015-05-28T08:21:57+00:00\",\"dateModified\":\"2026-02-12T07:36:43+00:00\",\"breadcrumb\":{\"@id\":\"https:\/\/www.villemipubid.ee\/hahn-pubi\/meelelahutus\/sport\/#breadcrumb\"},\"inLanguage\":\"et\",\"potentialAction\":[{\"@type\":\"ReadAction\",\"target\":[\"https:\/\/www.villemipubid.ee\/hahn-pubi\/meelelahutus\/sport\/\"]}]},{\"@type\":\"BreadcrumbList\",\"@id\":\"https:\/\/www.villemipubid.ee\/hahn-pubi\/meelelahutus\/sport\/#breadcrumb\",\"itemListElement\":[{\"@type\":\"ListItem\",\"position\":1,\"name\":\"Home\",\"item\":\"https:\/\/www.villemipubid.ee\/hahn-pubi\/\"},{\"@type\":\"ListItem\",\"position\":2,\"name\":\"Meelelahutus\",\"item\":\"https:\/\/www.villemipubid.ee\/hahn-pubi\/meelelahutus\/\"},{\"@type\":\"ListItem\",\"position\":3,\"name\":\"Sport\"}]}]}<\/script>\n<!-- \/ Yoast SEO plugin. -->","yoast_head_json":{"title":"Sport - Hahn Pub","robots":{"index":"index","follow":"follow","max-snippet":"max-snippet:-1","max-image-preview":"max-image-preview:large","max-video-preview":"max-video-preview:-1"},"canonical":"https:\/\/www.villemipubid.ee\/hahn-pubi\/meelelahutus\/sport\/","og_locale":"et_EE","og_type":"article","og_title":"Sport - Hahn Pub","og_description":"Aktuaalsed \u00fclekanded TV-s &#8211; K\u00dcSI TEENINDAJALT 2026 DETSEMBRIS T\u00c4PNE AEG T\u00c4PSUSTAMISEL P\u00c4RNU LINNA LAHTISED MEISTRIV\u00d5ISTLUSED KORVPALLI VABAVISETES P\u00c4RNU SPORDIHALLIS Eelregistreerimine: hahnpub@gmail.com Lisainfo 4442000 Siim","og_url":"https:\/\/www.villemipubid.ee\/hahn-pubi\/meelelahutus\/sport\/","og_site_name":"Hahn Pub","article_modified_time":"2026-02-12T07:36:43+00:00","og_image":[{"width":1600,"height":936,"url":"http:\/\/www.villemipubid.ee\/hahn-pubi\/wp-content\/uploads\/sites\/4\/2015\/05\/hahn_.jpg","type":"image\/jpeg"}],"twitter_card":"summary","schema":{"@context":"https:\/\/schema.org","@graph":[{"@type":"WebSite","@id":"https:\/\/www.villemipubid.ee\/hahn-pubi\/#website","url":"https:\/\/www.villemipubid.ee\/hahn-pubi\/","name":"Hahn Pub","description":"","potentialAction":[{"@type":"SearchAction","target":{"@type":"EntryPoint","urlTemplate":"https:\/\/www.villemipubid.ee\/hahn-pubi\/?s={search_term_string}"},"query-input":"required name=search_term_string"}],"inLanguage":"et"},{"@type":"ImageObject","@id":"https:\/\/www.villemipubid.ee\/hahn-pubi\/meelelahutus\/sport\/#primaryimage","inLanguage":"et","url":"https:\/\/www.villemipubid.ee\/hahn-pubi\/wp-content\/uploads\/sites\/4\/2015\/05\/hahn_.jpg","contentUrl":"https:\/\/www.villemipubid.ee\/hahn-pubi\/wp-content\/uploads\/sites\/4\/2015\/05\/hahn_.jpg","width":1600,"height":936},{"@type":"WebPage","@id":"https:\/\/www.villemipubid.ee\/hahn-pubi\/meelelahutus\/sport\/#webpage","url":"https:\/\/www.villemipubid.ee\/hahn-pubi\/meelelahutus\/sport\/","name":"Sport - Hahn Pub","isPartOf":{"@id":"https:\/\/www.villemipubid.ee\/hahn-pubi\/#website"},"primaryImageOfPage":{"@id":"https:\/\/www.villemipubid.ee\/hahn-pubi\/meelelahutus\/sport\/#primaryimage"},"datePublished":"2015-05-28T08:21:57+00:00","dateModified":"2026-02-12T07:36:43+00:00","breadcrumb":{"@id":"https:\/\/www.villemipubid.ee\/hahn-pubi\/meelelahutus\/sport\/#breadcrumb"},"inLanguage":"et","potentialAction":[{"@type":"ReadAction","target":["https:\/\/www.villemipubid.ee\/hahn-pubi\/meelelahutus\/sport\/"]}]},{"@type":"BreadcrumbList","@id":"https:\/\/www.villemipubid.ee\/hahn-pubi\/meelelahutus\/sport\/#breadcrumb","itemListElement":[{"@type":"ListItem","position":1,"name":"Home","item":"https:\/\/www.villemipubid.ee\/hahn-pubi\/"},{"@type":"ListItem","position":2,"name":"Meelelahutus","item":"https:\/\/www.villemipubid.ee\/hahn-pubi\/meelelahutus\/"},{"@type":"ListItem","position":3,"name":"Sport"}]}]}},"_links":{"self":[{"href":"https:\/\/www.villemipubid.ee\/hahn-pubi\/wp-json\/wp\/v2\/pages\/21"}],"collection":[{"href":"https:\/\/www.villemipubid.ee\/hahn-pubi\/wp-json\/wp\/v2\/pages"}],"about":[{"href":"https:\/\/www.villemipubid.ee\/hahn-pubi\/wp-json\/wp\/v2\/types\/page"}],"author":[{"embeddable":true,"href":"https:\/\/www.villemipubid.ee\/hahn-pubi\/wp-json\/wp\/v2\/users\/1"}],"replies":[{"embeddable":true,"href":"https:\/\/www.villemipubid.ee\/hahn-pubi\/wp-json\/wp\/v2\/comments?post=21"}],"version-history":[{"count":15,"href":"https:\/\/www.villemipubid.ee\/hahn-pubi\/wp-json\/wp\/v2\/pages\/21\/revisions"}],"predecessor-version":[{"id":1636,"href":"https:\/\/www.villemipubid.ee\/hahn-pubi\/wp-json\/wp\/v2\/pages\/21\/revisions\/1636"}],"up":[{"embeddable":true,"href":"https:\/\/www.villemipubid.ee\/hahn-pubi\/wp-json\/wp\/v2\/pages\/17"}],"wp:featuredmedia":[{"embeddable":true,"href":"https:\/\/www.villemipubid.ee\/hahn-pubi\/wp-json\/wp\/v2\/media\/1322"}],"wp:attachment":[{"href":"https:\/\/www.villemipubid.ee\/hahn-pubi\/wp-json\/wp\/v2\/media?parent=21"}],"curies":[{"name":"wp","href":"https:\/\/api.w.org\/{rel}","templated":true}]}}