{"id":62,"date":"2015-06-03T16:42:53","date_gmt":"2015-06-03T13:42:53","guid":{"rendered":"http:\/\/www.villemipubid.ee\/dubliner\/?page_id=62"},"modified":"2024-03-21T16:01:13","modified_gmt":"2024-03-21T14:01:13","slug":"ajalugu","status":"publish","type":"page","link":"https:\/\/www.villemipubid.ee\/dubliner\/ajalugu\/","title":{"rendered":"Ajalugu"},"content":{"rendered":"<h2>The Dublineri lugu<\/h2>\n<p>Sa v\u00f5id s\u00f5ita laevaga Soome v\u00f5i Rootsi, autoga L\u00e4tti v\u00f5i Itaaliasse, lennata lennukiga Ameerikasse v\u00f5i Austraaliasse. Igal pool v\u00f5id avastada midagi uut ja huvitavat nii looduses, kaupluses kui s\u00f6\u00f6gitoas, kuid v\u00e4ga tihti kohtad ka seda mis on olnud ja mis kordub taas. Peaaegu igas maailma riigis on t\u00e4navatel sarnased autod, Hiina restoran ja Hiltoni hotell, kuid veel on \u00fcks n\u00e4htus, mida v\u00f5ib kohata pea igas maailma riigis, see on IIRI PUBI ehk Irish Pub. Nendesse kohtadesse sisse astudes leiad juba ukselt Guinnessi ja Jamesoni suured ja v\u00e4ljakutsuvad logod ning saalis v\u00f5tab Sind vastu l\u00f5bus ja tujuk\u00fcllane meeleolu.<\/p>\n<p>T\u00f5elises Iiri pubis valitseb alati vaba ja \u00fcksmeelne \u00f5hkkond, kus valge pluusi ja pintskuga pankur ja pisut r\u00e4baldunud teksastes hauakaevaja vahetavad muljeid kui v\u00f5rdne v\u00f5rdsega, kus p\u00e4evast p\u00e4eva meedias klohmida saanud minister jagab ajakirjanikuga \u00fchte k\u00fc\u00fcslauguleiva kausikest ja kuhu on tulnud \u00fclirikas \u00e4rimees maani sooblinahast kasukasse riietunud kaasaga peale j\u00e4rjekordset heategevustsseremooniat klaasikest l\u00f5\u00f5gastavat m\u00e4rjukest maitsma. Iiri pubis on alati l\u00f5bus, sellep\u00e4rast sinna tullaksegi vahest \u00fcksi, vahest kaksi ja vahest s\u00f5prade v\u00f5i t\u00f6\u00f6kaaslaste pundiga.<\/p>\n<p>Kui Hemingway kunagi \u00fctles, et igas sadamas on v\u00e4hemalt \u00fcks eestlane, kas siis iirlasi on pea igas maailma nurgas palju rohkem? V\u00f5i on hoopis iirlased suutnud inimkonnale v\u00e4lja t\u00f6\u00f6tada \u00fche geniaalse l\u00f5\u00f5gastumisvormi, mis sobib s\u00f5ltumata rahvusest, vanusest ja nahav\u00e4rvist? Igatahes leiab Iiri Pubisid k\u00f5ikjalt maailmast ja sarnaselt on nii m\u00f5nelgi nendest nimeks The Dubliner \u2013 Dublinlane ja see ei ole \u00fcks suur kett nagu McDonalds vaid selline nimi on pandud selleks, et nii kohalikule elanikule kui ka sisses\u00f5itnud turistile asi lihtsaks muuta \u2013 see on Irish Pub.<\/p>\n<p>Tallinna The Dubliner Pubi loomisel on p\u00fc\u00fctud\u00a0 just neid traditsioone ja elamusi k\u00fclalistele ja elanikele l\u00e4hemale tuua, mida audentne Iiri Pubi mujal maailmas pakub.\u00a0\u00a0 Iiri Pubile kohase \u00f5lle- ja napsivaliku k\u00f5rvale pakume ka suupisteid ja kehakinnitust Vana Villemi K\u00f5rtside kohaselt laias valikus ja s\u00f5bralike hindadega.<\/p>\n<p>Peatse kohtumiseni,<\/p>\n<p>Vana Villem<\/p>\n<p><iframe loading=\"lazy\" src=\"https:\/\/www.youtube.com\/embed\/jK3vPyj2ZFU\" width=\"560\" height=\"315\" frameborder=\"0\" allowfullscreen=\"allowfullscreen\"><\/iframe><\/p>\n","protected":false},"excerpt":{"rendered":"<p>The Dublineri lugu Sa v\u00f5id s\u00f5ita laevaga Soome v\u00f5i Rootsi, autoga L\u00e4tti v\u00f5i Itaaliasse, lennata lennukiga Ameerikasse v\u00f5i Austraaliasse. Igal pool v\u00f5id avastada midagi uut ja huvitavat nii looduses, kaupluses kui s\u00f6\u00f6gitoas, kuid v\u00e4ga tihti kohtad ka seda mis on &#8230;<\/p>\n","protected":false},"author":1,"featured_media":3994,"parent":0,"menu_order":1,"comment_status":"closed","ping_status":"closed","template":"","meta":[],"yoast_head":"<!-- This site is optimized with the Yoast SEO plugin v18.3 - https:\/\/yoast.com\/wordpress\/plugins\/seo\/ -->\n<title>Ajalugu - The Dubliner<\/title>\n<meta name=\"robots\" content=\"index, follow, max-snippet:-1, max-image-preview:large, max-video-preview:-1\" \/>\n<link rel=\"canonical\" href=\"https:\/\/www.villemipubid.ee\/dubliner\/ajalugu\/\" \/>\n<meta property=\"og:locale\" content=\"et_EE\" \/>\n<meta property=\"og:type\" content=\"article\" \/>\n<meta property=\"og:title\" content=\"Ajalugu - The Dubliner\" \/>\n<meta property=\"og:description\" content=\"The Dublineri lugu Sa v\u00f5id s\u00f5ita laevaga Soome v\u00f5i Rootsi, autoga L\u00e4tti v\u00f5i Itaaliasse, lennata lennukiga Ameerikasse v\u00f5i Austraaliasse. Igal pool v\u00f5id avastada midagi uut ja huvitavat nii looduses, kaupluses kui s\u00f6\u00f6gitoas, kuid v\u00e4ga tihti kohtad ka seda mis on ...\" \/>\n<meta property=\"og:url\" content=\"https:\/\/www.villemipubid.ee\/dubliner\/ajalugu\/\" \/>\n<meta property=\"og:site_name\" content=\"The Dubliner\" \/>\n<meta property=\"article:modified_time\" content=\"2024-03-21T14:01:13+00:00\" \/>\n<meta property=\"og:image\" content=\"http:\/\/www.villemipubid.ee\/dubliner\/wp-content\/uploads\/sites\/8\/2015\/05\/dubliner_.jpg\" \/>\n\t<meta property=\"og:image:width\" content=\"1600\" \/>\n\t<meta property=\"og:image:height\" content=\"936\" \/>\n\t<meta property=\"og:image:type\" content=\"image\/jpeg\" \/>\n<meta name=\"twitter:card\" content=\"summary\" \/>\n<meta name=\"twitter:label1\" content=\"Est. reading time\" \/>\n\t<meta name=\"twitter:data1\" content=\"2 minutit\" \/>\n<script type=\"application\/ld+json\" class=\"yoast-schema-graph\">{\"@context\":\"https:\/\/schema.org\",\"@graph\":[{\"@type\":\"WebSite\",\"@id\":\"https:\/\/www.villemipubid.ee\/dubliner\/#website\",\"url\":\"https:\/\/www.villemipubid.ee\/dubliner\/\",\"name\":\"The Dubliner\",\"description\":\"\",\"potentialAction\":[{\"@type\":\"SearchAction\",\"target\":{\"@type\":\"EntryPoint\",\"urlTemplate\":\"https:\/\/www.villemipubid.ee\/dubliner\/?s={search_term_string}\"},\"query-input\":\"required name=search_term_string\"}],\"inLanguage\":\"et\"},{\"@type\":\"ImageObject\",\"@id\":\"https:\/\/www.villemipubid.ee\/dubliner\/ajalugu\/#primaryimage\",\"inLanguage\":\"et\",\"url\":\"https:\/\/www.villemipubid.ee\/dubliner\/wp-content\/uploads\/sites\/8\/2015\/05\/dubliner_.jpg\",\"contentUrl\":\"https:\/\/www.villemipubid.ee\/dubliner\/wp-content\/uploads\/sites\/8\/2015\/05\/dubliner_.jpg\",\"width\":1600,\"height\":936},{\"@type\":\"WebPage\",\"@id\":\"https:\/\/www.villemipubid.ee\/dubliner\/ajalugu\/#webpage\",\"url\":\"https:\/\/www.villemipubid.ee\/dubliner\/ajalugu\/\",\"name\":\"Ajalugu - The Dubliner\",\"isPartOf\":{\"@id\":\"https:\/\/www.villemipubid.ee\/dubliner\/#website\"},\"primaryImageOfPage\":{\"@id\":\"https:\/\/www.villemipubid.ee\/dubliner\/ajalugu\/#primaryimage\"},\"datePublished\":\"2015-06-03T13:42:53+00:00\",\"dateModified\":\"2024-03-21T14:01:13+00:00\",\"breadcrumb\":{\"@id\":\"https:\/\/www.villemipubid.ee\/dubliner\/ajalugu\/#breadcrumb\"},\"inLanguage\":\"et\",\"potentialAction\":[{\"@type\":\"ReadAction\",\"target\":[\"https:\/\/www.villemipubid.ee\/dubliner\/ajalugu\/\"]}]},{\"@type\":\"BreadcrumbList\",\"@id\":\"https:\/\/www.villemipubid.ee\/dubliner\/ajalugu\/#breadcrumb\",\"itemListElement\":[{\"@type\":\"ListItem\",\"position\":1,\"name\":\"Home\",\"item\":\"https:\/\/www.villemipubid.ee\/dubliner\/\"},{\"@type\":\"ListItem\",\"position\":2,\"name\":\"Ajalugu\"}]}]}<\/script>\n<!-- \/ Yoast SEO plugin. -->","yoast_head_json":{"title":"Ajalugu - The Dubliner","robots":{"index":"index","follow":"follow","max-snippet":"max-snippet:-1","max-image-preview":"max-image-preview:large","max-video-preview":"max-video-preview:-1"},"canonical":"https:\/\/www.villemipubid.ee\/dubliner\/ajalugu\/","og_locale":"et_EE","og_type":"article","og_title":"Ajalugu - The Dubliner","og_description":"The Dublineri lugu Sa v\u00f5id s\u00f5ita laevaga Soome v\u00f5i Rootsi, autoga L\u00e4tti v\u00f5i Itaaliasse, lennata lennukiga Ameerikasse v\u00f5i Austraaliasse. Igal pool v\u00f5id avastada midagi uut ja huvitavat nii looduses, kaupluses kui s\u00f6\u00f6gitoas, kuid v\u00e4ga tihti kohtad ka seda mis on ...","og_url":"https:\/\/www.villemipubid.ee\/dubliner\/ajalugu\/","og_site_name":"The Dubliner","article_modified_time":"2024-03-21T14:01:13+00:00","og_image":[{"width":1600,"height":936,"url":"http:\/\/www.villemipubid.ee\/dubliner\/wp-content\/uploads\/sites\/8\/2015\/05\/dubliner_.jpg","type":"image\/jpeg"}],"twitter_card":"summary","twitter_misc":{"Est. reading time":"2 minutit"},"schema":{"@context":"https:\/\/schema.org","@graph":[{"@type":"WebSite","@id":"https:\/\/www.villemipubid.ee\/dubliner\/#website","url":"https:\/\/www.villemipubid.ee\/dubliner\/","name":"The Dubliner","description":"","potentialAction":[{"@type":"SearchAction","target":{"@type":"EntryPoint","urlTemplate":"https:\/\/www.villemipubid.ee\/dubliner\/?s={search_term_string}"},"query-input":"required name=search_term_string"}],"inLanguage":"et"},{"@type":"ImageObject","@id":"https:\/\/www.villemipubid.ee\/dubliner\/ajalugu\/#primaryimage","inLanguage":"et","url":"https:\/\/www.villemipubid.ee\/dubliner\/wp-content\/uploads\/sites\/8\/2015\/05\/dubliner_.jpg","contentUrl":"https:\/\/www.villemipubid.ee\/dubliner\/wp-content\/uploads\/sites\/8\/2015\/05\/dubliner_.jpg","width":1600,"height":936},{"@type":"WebPage","@id":"https:\/\/www.villemipubid.ee\/dubliner\/ajalugu\/#webpage","url":"https:\/\/www.villemipubid.ee\/dubliner\/ajalugu\/","name":"Ajalugu - The Dubliner","isPartOf":{"@id":"https:\/\/www.villemipubid.ee\/dubliner\/#website"},"primaryImageOfPage":{"@id":"https:\/\/www.villemipubid.ee\/dubliner\/ajalugu\/#primaryimage"},"datePublished":"2015-06-03T13:42:53+00:00","dateModified":"2024-03-21T14:01:13+00:00","breadcrumb":{"@id":"https:\/\/www.villemipubid.ee\/dubliner\/ajalugu\/#breadcrumb"},"inLanguage":"et","potentialAction":[{"@type":"ReadAction","target":["https:\/\/www.villemipubid.ee\/dubliner\/ajalugu\/"]}]},{"@type":"BreadcrumbList","@id":"https:\/\/www.villemipubid.ee\/dubliner\/ajalugu\/#breadcrumb","itemListElement":[{"@type":"ListItem","position":1,"name":"Home","item":"https:\/\/www.villemipubid.ee\/dubliner\/"},{"@type":"ListItem","position":2,"name":"Ajalugu"}]}]}},"_links":{"self":[{"href":"https:\/\/www.villemipubid.ee\/dubliner\/wp-json\/wp\/v2\/pages\/62"}],"collection":[{"href":"https:\/\/www.villemipubid.ee\/dubliner\/wp-json\/wp\/v2\/pages"}],"about":[{"href":"https:\/\/www.villemipubid.ee\/dubliner\/wp-json\/wp\/v2\/types\/page"}],"author":[{"embeddable":true,"href":"https:\/\/www.villemipubid.ee\/dubliner\/wp-json\/wp\/v2\/users\/1"}],"replies":[{"embeddable":true,"href":"https:\/\/www.villemipubid.ee\/dubliner\/wp-json\/wp\/v2\/comments?post=62"}],"version-history":[{"count":3,"href":"https:\/\/www.villemipubid.ee\/dubliner\/wp-json\/wp\/v2\/pages\/62\/revisions"}],"predecessor-version":[{"id":66,"href":"https:\/\/www.villemipubid.ee\/dubliner\/wp-json\/wp\/v2\/pages\/62\/revisions\/66"}],"wp:featuredmedia":[{"embeddable":true,"href":"https:\/\/www.villemipubid.ee\/dubliner\/wp-json\/wp\/v2\/media\/3994"}],"wp:attachment":[{"href":"https:\/\/www.villemipubid.ee\/dubliner\/wp-json\/wp\/v2\/media?parent=62"}],"curies":[{"name":"wp","href":"https:\/\/api.w.org\/{rel}","templated":true}]}}