{"id":21,"date":"2015-05-28T13:43:32","date_gmt":"2015-05-28T10:43:32","guid":{"rendered":"http:\/\/www.villemipubid.ee\/dubliner\/?page_id=21"},"modified":"2024-03-21T16:00:36","modified_gmt":"2024-03-21T14:00:36","slug":"sport","status":"publish","type":"page","link":"https:\/\/www.villemipubid.ee\/dubliner\/meelelahutus\/sport\/","title":{"rendered":"Sport"},"content":{"rendered":"<h3 style=\"text-align: center;\">K\u00f5ik t\u00e4htsamad spordis\u00fcndmused suurelt ekraanilt<\/h3>\n<p style=\"text-align: center;\"><strong>NB! \u00dclekandeid kanname \u00fcle ilma h\u00e4\u00e4leta v.a. Eesti osalusega-, finaal-, MM-,OM-,\u00a0jne.m\u00e4ngud.<\/strong><\/p>\n","protected":false},"excerpt":{"rendered":"<p>K\u00f5ik t\u00e4htsamad spordis\u00fcndmused suurelt ekraanilt NB! \u00dclekandeid kanname \u00fcle ilma h\u00e4\u00e4leta v.a. Eesti osalusega-, finaal-, MM-,OM-,\u00a0jne.m\u00e4ngud.<\/p>\n","protected":false},"author":1,"featured_media":3994,"parent":13,"menu_order":1,"comment_status":"closed","ping_status":"closed","template":"","meta":[],"yoast_head":"<!-- This site is optimized with the Yoast SEO plugin v18.3 - https:\/\/yoast.com\/wordpress\/plugins\/seo\/ -->\n<title>Sport - The Dubliner<\/title>\n<meta name=\"robots\" content=\"index, follow, max-snippet:-1, max-image-preview:large, max-video-preview:-1\" \/>\n<link rel=\"canonical\" href=\"https:\/\/www.villemipubid.ee\/dubliner\/meelelahutus\/sport\/\" \/>\n<meta property=\"og:locale\" content=\"et_EE\" \/>\n<meta property=\"og:type\" content=\"article\" \/>\n<meta property=\"og:title\" content=\"Sport - The Dubliner\" \/>\n<meta property=\"og:description\" content=\"K\u00f5ik t\u00e4htsamad spordis\u00fcndmused suurelt ekraanilt NB! \u00dclekandeid kanname \u00fcle ilma h\u00e4\u00e4leta v.a. Eesti osalusega-, finaal-, MM-,OM-,\u00a0jne.m\u00e4ngud.\" \/>\n<meta property=\"og:url\" content=\"https:\/\/www.villemipubid.ee\/dubliner\/meelelahutus\/sport\/\" \/>\n<meta property=\"og:site_name\" content=\"The Dubliner\" \/>\n<meta property=\"article:modified_time\" content=\"2024-03-21T14:00:36+00:00\" \/>\n<meta property=\"og:image\" content=\"http:\/\/www.villemipubid.ee\/dubliner\/wp-content\/uploads\/sites\/8\/2015\/05\/dubliner_.jpg\" \/>\n\t<meta property=\"og:image:width\" content=\"1600\" \/>\n\t<meta property=\"og:image:height\" content=\"936\" \/>\n\t<meta property=\"og:image:type\" content=\"image\/jpeg\" \/>\n<meta name=\"twitter:card\" content=\"summary\" \/>\n<script type=\"application\/ld+json\" class=\"yoast-schema-graph\">{\"@context\":\"https:\/\/schema.org\",\"@graph\":[{\"@type\":\"WebSite\",\"@id\":\"https:\/\/www.villemipubid.ee\/dubliner\/#website\",\"url\":\"https:\/\/www.villemipubid.ee\/dubliner\/\",\"name\":\"The Dubliner\",\"description\":\"\",\"potentialAction\":[{\"@type\":\"SearchAction\",\"target\":{\"@type\":\"EntryPoint\",\"urlTemplate\":\"https:\/\/www.villemipubid.ee\/dubliner\/?s={search_term_string}\"},\"query-input\":\"required name=search_term_string\"}],\"inLanguage\":\"et\"},{\"@type\":\"ImageObject\",\"@id\":\"https:\/\/www.villemipubid.ee\/dubliner\/meelelahutus\/sport\/#primaryimage\",\"inLanguage\":\"et\",\"url\":\"https:\/\/www.villemipubid.ee\/dubliner\/wp-content\/uploads\/sites\/8\/2015\/05\/dubliner_.jpg\",\"contentUrl\":\"https:\/\/www.villemipubid.ee\/dubliner\/wp-content\/uploads\/sites\/8\/2015\/05\/dubliner_.jpg\",\"width\":1600,\"height\":936},{\"@type\":\"WebPage\",\"@id\":\"https:\/\/www.villemipubid.ee\/dubliner\/meelelahutus\/sport\/#webpage\",\"url\":\"https:\/\/www.villemipubid.ee\/dubliner\/meelelahutus\/sport\/\",\"name\":\"Sport - The Dubliner\",\"isPartOf\":{\"@id\":\"https:\/\/www.villemipubid.ee\/dubliner\/#website\"},\"primaryImageOfPage\":{\"@id\":\"https:\/\/www.villemipubid.ee\/dubliner\/meelelahutus\/sport\/#primaryimage\"},\"datePublished\":\"2015-05-28T10:43:32+00:00\",\"dateModified\":\"2024-03-21T14:00:36+00:00\",\"breadcrumb\":{\"@id\":\"https:\/\/www.villemipubid.ee\/dubliner\/meelelahutus\/sport\/#breadcrumb\"},\"inLanguage\":\"et\",\"potentialAction\":[{\"@type\":\"ReadAction\",\"target\":[\"https:\/\/www.villemipubid.ee\/dubliner\/meelelahutus\/sport\/\"]}]},{\"@type\":\"BreadcrumbList\",\"@id\":\"https:\/\/www.villemipubid.ee\/dubliner\/meelelahutus\/sport\/#breadcrumb\",\"itemListElement\":[{\"@type\":\"ListItem\",\"position\":1,\"name\":\"Home\",\"item\":\"https:\/\/www.villemipubid.ee\/dubliner\/\"},{\"@type\":\"ListItem\",\"position\":2,\"name\":\"Meelelahutus\",\"item\":\"https:\/\/www.villemipubid.ee\/dubliner\/meelelahutus\/\"},{\"@type\":\"ListItem\",\"position\":3,\"name\":\"Sport\"}]}]}<\/script>\n<!-- \/ Yoast SEO plugin. -->","yoast_head_json":{"title":"Sport - The Dubliner","robots":{"index":"index","follow":"follow","max-snippet":"max-snippet:-1","max-image-preview":"max-image-preview:large","max-video-preview":"max-video-preview:-1"},"canonical":"https:\/\/www.villemipubid.ee\/dubliner\/meelelahutus\/sport\/","og_locale":"et_EE","og_type":"article","og_title":"Sport - The Dubliner","og_description":"K\u00f5ik t\u00e4htsamad spordis\u00fcndmused suurelt ekraanilt NB! \u00dclekandeid kanname \u00fcle ilma h\u00e4\u00e4leta v.a. Eesti osalusega-, finaal-, MM-,OM-,\u00a0jne.m\u00e4ngud.","og_url":"https:\/\/www.villemipubid.ee\/dubliner\/meelelahutus\/sport\/","og_site_name":"The Dubliner","article_modified_time":"2024-03-21T14:00:36+00:00","og_image":[{"width":1600,"height":936,"url":"http:\/\/www.villemipubid.ee\/dubliner\/wp-content\/uploads\/sites\/8\/2015\/05\/dubliner_.jpg","type":"image\/jpeg"}],"twitter_card":"summary","schema":{"@context":"https:\/\/schema.org","@graph":[{"@type":"WebSite","@id":"https:\/\/www.villemipubid.ee\/dubliner\/#website","url":"https:\/\/www.villemipubid.ee\/dubliner\/","name":"The Dubliner","description":"","potentialAction":[{"@type":"SearchAction","target":{"@type":"EntryPoint","urlTemplate":"https:\/\/www.villemipubid.ee\/dubliner\/?s={search_term_string}"},"query-input":"required name=search_term_string"}],"inLanguage":"et"},{"@type":"ImageObject","@id":"https:\/\/www.villemipubid.ee\/dubliner\/meelelahutus\/sport\/#primaryimage","inLanguage":"et","url":"https:\/\/www.villemipubid.ee\/dubliner\/wp-content\/uploads\/sites\/8\/2015\/05\/dubliner_.jpg","contentUrl":"https:\/\/www.villemipubid.ee\/dubliner\/wp-content\/uploads\/sites\/8\/2015\/05\/dubliner_.jpg","width":1600,"height":936},{"@type":"WebPage","@id":"https:\/\/www.villemipubid.ee\/dubliner\/meelelahutus\/sport\/#webpage","url":"https:\/\/www.villemipubid.ee\/dubliner\/meelelahutus\/sport\/","name":"Sport - The Dubliner","isPartOf":{"@id":"https:\/\/www.villemipubid.ee\/dubliner\/#website"},"primaryImageOfPage":{"@id":"https:\/\/www.villemipubid.ee\/dubliner\/meelelahutus\/sport\/#primaryimage"},"datePublished":"2015-05-28T10:43:32+00:00","dateModified":"2024-03-21T14:00:36+00:00","breadcrumb":{"@id":"https:\/\/www.villemipubid.ee\/dubliner\/meelelahutus\/sport\/#breadcrumb"},"inLanguage":"et","potentialAction":[{"@type":"ReadAction","target":["https:\/\/www.villemipubid.ee\/dubliner\/meelelahutus\/sport\/"]}]},{"@type":"BreadcrumbList","@id":"https:\/\/www.villemipubid.ee\/dubliner\/meelelahutus\/sport\/#breadcrumb","itemListElement":[{"@type":"ListItem","position":1,"name":"Home","item":"https:\/\/www.villemipubid.ee\/dubliner\/"},{"@type":"ListItem","position":2,"name":"Meelelahutus","item":"https:\/\/www.villemipubid.ee\/dubliner\/meelelahutus\/"},{"@type":"ListItem","position":3,"name":"Sport"}]}]}},"_links":{"self":[{"href":"https:\/\/www.villemipubid.ee\/dubliner\/wp-json\/wp\/v2\/pages\/21"}],"collection":[{"href":"https:\/\/www.villemipubid.ee\/dubliner\/wp-json\/wp\/v2\/pages"}],"about":[{"href":"https:\/\/www.villemipubid.ee\/dubliner\/wp-json\/wp\/v2\/types\/page"}],"author":[{"embeddable":true,"href":"https:\/\/www.villemipubid.ee\/dubliner\/wp-json\/wp\/v2\/users\/1"}],"replies":[{"embeddable":true,"href":"https:\/\/www.villemipubid.ee\/dubliner\/wp-json\/wp\/v2\/comments?post=21"}],"version-history":[{"count":5,"href":"https:\/\/www.villemipubid.ee\/dubliner\/wp-json\/wp\/v2\/pages\/21\/revisions"}],"predecessor-version":[{"id":4000,"href":"https:\/\/www.villemipubid.ee\/dubliner\/wp-json\/wp\/v2\/pages\/21\/revisions\/4000"}],"up":[{"embeddable":true,"href":"https:\/\/www.villemipubid.ee\/dubliner\/wp-json\/wp\/v2\/pages\/13"}],"wp:featuredmedia":[{"embeddable":true,"href":"https:\/\/www.villemipubid.ee\/dubliner\/wp-json\/wp\/v2\/media\/3994"}],"wp:attachment":[{"href":"https:\/\/www.villemipubid.ee\/dubliner\/wp-json\/wp\/v2\/media?parent=21"}],"curies":[{"name":"wp","href":"https:\/\/api.w.org\/{rel}","templated":true}]}}