{"id":321,"date":"2015-08-24T13:47:06","date_gmt":"2015-08-24T10:47:06","guid":{"rendered":"http:\/\/www.villemipubid.ee\/bayern\/?page_id=321"},"modified":"2026-04-01T13:34:13","modified_gmt":"2026-04-01T10:34:13","slug":"soogid-uus","status":"publish","type":"page","link":"https:\/\/www.villemipubid.ee\/bayern\/menuu\/soogid-uus\/","title":{"rendered":"S\u00f6\u00f6gid"},"content":{"rendered":"<h1><strong>Suupisted<\/strong><\/h1>\n<table>\n<tbody>\n<tr>\n<td style=\"width: 230.27px\"><strong>M\u00fcnchneri suupistevaagen<\/strong><\/td>\n<td style=\"width: 41.75px\"><strong>19.50<br \/>\n<\/strong><\/td>\n<td style=\"width: 247.3px\"><strong>K\u00fcpsetatud juustupallid k\u00fc\u00fcslaugukastmega<\/strong><\/td>\n<td style=\"width: 36.68px\"><strong>5.90<\/strong><\/td>\n<\/tr>\n<tr>\n<td style=\"width: 230.27px\"><strong>Kuningas Ludwig II \u00f5llejuust<\/strong><\/td>\n<td style=\"width: 41.75px\"><strong>13.90<\/strong><\/td>\n<td style=\"width: 247.3px\"><strong>K\u00fcpsetatud kanatiivad<\/strong><\/td>\n<td style=\"width: 36.68px\"><strong>5.90<\/strong><\/td>\n<\/tr>\n<tr>\n<td style=\"width: 230.27px\"><strong>Obatzda Bayeri soolakringliga<\/strong><\/td>\n<td style=\"width: 41.75px\"><strong>5.90<\/strong><\/td>\n<td style=\"width: 247.3px\"><strong>K\u00fcpsetatud pelmeenid r\u00f6stitud sibula ja parmesaniga<\/strong><\/td>\n<td style=\"width: 36.68px\"><strong>5.90<\/strong><\/td>\n<\/tr>\n<tr>\n<td style=\"width: 230.27px\"><strong>Ahju\u0161ampinjonid peekoni ja juustuga<\/strong><\/td>\n<td style=\"width: 41.75px\"><strong>6.50<\/strong><\/td>\n<td style=\"width: 247.3px\"><strong>K\u00fc\u00fcslauguleivad Obatzdaga<\/strong><\/td>\n<td style=\"width: 36.68px\"><strong>4.70<\/strong><\/td>\n<\/tr>\n<tr>\n<td style=\"width: 230.27px\"><strong>K\u00fcpsetatud sibular\u00f5ngad \u00f5lletaignas v\u00fcrtsika tar-tar kastmega<\/strong><\/td>\n<td style=\"width: 41.75px\"><strong>5.90<\/strong><\/td>\n<td style=\"width: 247.3px\"><strong>Kr\u00f5bedad kartulilaastud kastmega<\/strong><\/td>\n<td style=\"width: 36.68px\"><strong>4.40<\/strong><\/td>\n<\/tr>\n<tr>\n<td style=\"width: 230.27px\"><strong>K\u00fcpsetatud sealihak\u00f5rned sibula ja kurgiga<\/strong><\/td>\n<td style=\"width: 41.75px\"><strong>5.90<\/strong><\/td>\n<td style=\"width: 247.3px\"><\/td>\n<td style=\"width: 36.68px\"><\/td>\n<\/tr>\n<\/tbody>\n<\/table>\n<h1><strong>Salatid<\/strong><\/h1>\n<table>\n<tbody>\n<tr>\n<td><strong>M\u00fcnchneri kartulisalat T\u00fc\u00fcringeri praevorstiga<\/strong><\/td>\n<td><strong>7.50\u00a0<\/strong><\/td>\n<td><\/td>\n<td><strong>\u00a0<\/strong><\/td>\n<\/tr>\n<tr>\n<td><strong>Caesari salat koha ja krevettidega<\/strong><\/td>\n<td><strong>8.00<\/strong><\/td>\n<td><\/td>\n<td><strong>\u00a0<\/strong><\/td>\n<\/tr>\n<tr>\n<td><strong>Caesari salat grillitud kanaga<\/strong><\/td>\n<td><strong>7.00<\/strong><\/td>\n<td><\/td>\n<td><strong>\u00a0<\/strong><\/td>\n<\/tr>\n<\/tbody>\n<\/table>\n<h1><strong>Supid\u00a0<\/strong><\/h1>\n<table>\n<tbody>\n<tr>\n<td style=\"width: 137px\"><strong>M\u00fcnchneri punane lihasupp<\/strong><\/td>\n<td style=\"width: 40px\"><strong>5.60<\/strong><\/td>\n<td style=\"width: 407px\"><\/td>\n<td style=\"width: 40px\"><\/td>\n<\/tr>\n<tr>\n<td style=\"width: 137px\"><strong>Juustusupp kr\u00f5beda peekoni ja ciabattaga<\/strong><\/td>\n<td style=\"width: 40px\"><strong>5.60\u00a0<\/strong><\/td>\n<td style=\"width: 407px\"><\/td>\n<td style=\"width: 40px\"><\/td>\n<\/tr>\n<\/tbody>\n<\/table>\n<h1><strong>Traditsioonilised pubiportsud<\/strong><\/h1>\n<table style=\"width: 711px\">\n<tbody>\n<tr>\n<td style=\"width: 345.51px\"><strong>T\u00fc\u00fcringeri praevorstid Dublineri praekartuliga<\/strong><\/td>\n<td style=\"width: 33.05px\"><strong>9.50<\/strong><\/td>\n<td style=\"width: 271.39px\"><strong>Baierip\u00e4rane juustupasta kanaga<\/strong><\/td>\n<td style=\"width: 33.05px\"><strong>8.00<\/strong><\/td>\n<\/tr>\n<tr>\n<td style=\"width: 345.51px\"><strong>M\u00fcnchneri hamburger kartulilaastudega<\/strong><\/td>\n<td style=\"width: 33.05px\"><strong>9.20<\/strong><\/td>\n<td style=\"width: 271.39px\"><strong>Baierip\u00e4rane juustupasta kohaga<\/strong><\/td>\n<td style=\"width: 33.05px\"><strong>8.50<\/strong><\/td>\n<\/tr>\n<tr>\n<td style=\"width: 345.51px\"><strong>Puuraiduripraad<\/strong><\/td>\n<td style=\"width: 33.05px\"><strong>9.20<\/strong><\/td>\n<td style=\"width: 271.39px\"><\/td>\n<td style=\"width: 33.05px\"><\/td>\n<\/tr>\n<tr>\n<td style=\"width: 345.51px\"><strong>M\u00fcnchneri brunch<\/strong><\/td>\n<td style=\"width: 33.05px\"><strong>8.50<\/strong><\/td>\n<td style=\"width: 271.39px\"><\/td>\n<td style=\"width: 33.05px\"><\/td>\n<\/tr>\n<tr>\n<td style=\"width: 345.51px\"><strong>Praetud juustu\u0161nitslid<\/strong><\/td>\n<td style=\"width: 33.05px\"><strong>8.50<\/strong><\/td>\n<td style=\"width: 271.39px\"><strong>\u00a0<\/strong><\/td>\n<td style=\"width: 33.05px\"><strong>\u00a0<\/strong><\/td>\n<\/tr>\n<\/tbody>\n<\/table>\n<h1><strong>P\u00f5hiroad<\/strong><\/h1>\n<table>\n<tbody>\n<tr>\n<td style=\"width: 429px\"><strong>K\u00fcpsetatud veisep\u00f5sk kartulip\u00fcreega<\/strong><\/td>\n<td style=\"width: 49px\"><strong>13.00<\/strong><\/td>\n<td style=\"width: 338px\"><strong>\u00a0Bayeri kana\u0161nitsel juustuga<\/strong><\/td>\n<td style=\"width: 40px\"><strong>11.20\u00a0<\/strong><\/td>\n<\/tr>\n<tr>\n<td style=\"width: 429px\"><strong>Grillitud koha parmesanis wokitud juurviljadega<\/strong><\/td>\n<td style=\"width: 49px\"><strong>12.90<\/strong><\/td>\n<td style=\"width: 338px\"><\/td>\n<td style=\"width: 40px\"><\/td>\n<\/tr>\n<tr>\n<td style=\"width: 429px\"><strong>Noore Villemi \u0161nitsel kartulilaastude ja seenekastmega<\/strong><\/td>\n<td style=\"width: 49px\"><strong>11.20<\/strong><\/td>\n<td style=\"width: 338px\"><\/td>\n<td style=\"width: 40px\"><\/td>\n<\/tr>\n<tr>\n<td style=\"width: 429px\"><strong>K\u00fcpsetatud seakoot tr\u00fchvlikastmes<\/strong><\/td>\n<td style=\"width: 49px\"><strong>15.90<\/strong><\/td>\n<td style=\"width: 338px\"><strong>\u00a0<\/strong><\/td>\n<td style=\"width: 40px\"><\/td>\n<\/tr>\n<tr>\n<td style=\"width: 429px\"><strong>Vanakooli praeliha r\u00f6stsibula ja Dublineri praekartuliga<\/strong><\/td>\n<td style=\"width: 49px\"><strong>11.20<\/strong><\/td>\n<td style=\"width: 338px\"><\/td>\n<td style=\"width: 40px\"><\/td>\n<\/tr>\n<\/tbody>\n<\/table>\n<h1><strong>Lastepraed<\/strong><\/h1>\n<table>\n<tbody>\n<tr>\n<td><strong>Viinerid friikartuliga<\/strong><\/td>\n<td><strong>5.90<\/strong><\/td>\n<td><strong>Kanavarras kartulilaastudega<\/strong><\/td>\n<td><strong>5.90<\/strong><\/td>\n<\/tr>\n<tr>\n<td><strong>Makaronid juustu ja kanaga<\/strong><\/td>\n<td><strong>5.90<\/strong><\/td>\n<td><strong>\u00a0<\/strong><\/td>\n<td><strong>\u00a0<\/strong><\/td>\n<\/tr>\n<\/tbody>\n<\/table>\n<h1><strong>Magustoidud<\/strong><\/h1>\n<table>\n<tbody>\n<tr>\n<td><strong>Laimi-toorjuustukook vaarikakastmega<\/strong><\/td>\n<td><strong>5.70\u00a0<\/strong><\/td>\n<td><strong>Brownie \u0161okolaadikook j\u00e4\u00e4tise ja kirsimoosiga\u00a0<\/strong><\/td>\n<td><strong>5.70\u00a0<\/strong><\/td>\n<\/tr>\n<tr>\n<td><strong>&#8220;Kaiserschmarrn&#8221; vaniljekastme ja kirsimoosiga<\/strong><\/td>\n<td><strong>5.70<\/strong><\/td>\n<td><strong>J\u00e4\u00e4tiseassortii<\/strong><\/td>\n<td><strong>5.70\u00a0<\/strong><\/td>\n<\/tr>\n<tr>\n<td><strong>Pannkoogid j\u00e4\u00e4tise ja vaarika toormoosiga<\/strong><\/td>\n<td><strong>5.70<\/strong><\/td>\n<td><\/td>\n<td><\/td>\n<\/tr>\n<tr>\n<td><\/td>\n<td><strong>\u00a0<\/strong><\/td>\n<td><strong>\u00a0<\/strong><\/td>\n<td><strong>\u00a0<\/strong><\/td>\n<\/tr>\n<\/tbody>\n<\/table>\n<p>&nbsp;<\/p>\n","protected":false},"excerpt":{"rendered":"<p>Suupisted M\u00fcnchneri suupistevaagen 19.50 K\u00fcpsetatud juustupallid k\u00fc\u00fcslaugukastmega 5.90 Kuningas Ludwig II \u00f5llejuust 13.90 K\u00fcpsetatud kanatiivad 5.90 Obatzda Bayeri soolakringliga 5.90 K\u00fcpsetatud pelmeenid r\u00f6stitud sibula ja parmesaniga 5.90 Ahju\u0161ampinjonid peekoni ja juustuga 6.50 K\u00fc\u00fcslauguleivad Obatzdaga 4.70 K\u00fcpsetatud sibular\u00f5ngad \u00f5lletaignas v\u00fcrtsika tar-tar &#8230;<\/p>\n","protected":false},"author":1,"featured_media":1254,"parent":11,"menu_order":0,"comment_status":"closed","ping_status":"closed","template":"soogimenuu.php","meta":[],"yoast_head":"<!-- This site is optimized with the Yoast SEO plugin v18.3 - https:\/\/yoast.com\/wordpress\/plugins\/seo\/ -->\n<title>S\u00f6\u00f6gid - M\u00fcnchner<\/title>\n<meta name=\"robots\" content=\"index, follow, max-snippet:-1, max-image-preview:large, max-video-preview:-1\" \/>\n<link rel=\"canonical\" href=\"https:\/\/www.villemipubid.ee\/bayern\/menuu\/soogid-uus\/\" \/>\n<meta property=\"og:locale\" content=\"et_EE\" \/>\n<meta property=\"og:type\" content=\"article\" \/>\n<meta property=\"og:title\" content=\"S\u00f6\u00f6gid - M\u00fcnchner\" \/>\n<meta property=\"og:description\" content=\"Suupisted M\u00fcnchneri suupistevaagen 19.50 K\u00fcpsetatud juustupallid k\u00fc\u00fcslaugukastmega 5.90 Kuningas Ludwig II \u00f5llejuust 13.90 K\u00fcpsetatud kanatiivad 5.90 Obatzda Bayeri soolakringliga 5.90 K\u00fcpsetatud pelmeenid r\u00f6stitud sibula ja parmesaniga 5.90 Ahju\u0161ampinjonid peekoni ja juustuga 6.50 K\u00fc\u00fcslauguleivad Obatzdaga 4.70 K\u00fcpsetatud sibular\u00f5ngad \u00f5lletaignas v\u00fcrtsika tar-tar ...\" \/>\n<meta property=\"og:url\" content=\"https:\/\/www.villemipubid.ee\/bayern\/menuu\/soogid-uus\/\" \/>\n<meta property=\"og:site_name\" content=\"M\u00fcnchner\" \/>\n<meta property=\"article:modified_time\" content=\"2026-04-01T10:34:13+00:00\" \/>\n<meta property=\"og:image\" content=\"http:\/\/www.villemipubid.ee\/bayern\/wp-content\/uploads\/sites\/5\/2024\/03\/bayren_.jpg\" \/>\n\t<meta property=\"og:image:width\" content=\"1600\" \/>\n\t<meta property=\"og:image:height\" content=\"936\" \/>\n\t<meta property=\"og:image:type\" content=\"image\/jpeg\" \/>\n<meta name=\"twitter:card\" content=\"summary\" \/>\n<meta name=\"twitter:label1\" content=\"Est. reading time\" \/>\n\t<meta name=\"twitter:data1\" content=\"1 minut\" \/>\n<script type=\"application\/ld+json\" class=\"yoast-schema-graph\">{\"@context\":\"https:\/\/schema.org\",\"@graph\":[{\"@type\":\"WebSite\",\"@id\":\"https:\/\/www.villemipubid.ee\/bayern\/#website\",\"url\":\"https:\/\/www.villemipubid.ee\/bayern\/\",\"name\":\"M\u00fcnchner\",\"description\":\"J\u00e4rjekordne Vana Villem veebileht\",\"potentialAction\":[{\"@type\":\"SearchAction\",\"target\":{\"@type\":\"EntryPoint\",\"urlTemplate\":\"https:\/\/www.villemipubid.ee\/bayern\/?s={search_term_string}\"},\"query-input\":\"required name=search_term_string\"}],\"inLanguage\":\"et\"},{\"@type\":\"ImageObject\",\"@id\":\"https:\/\/www.villemipubid.ee\/bayern\/menuu\/soogid-uus\/#primaryimage\",\"inLanguage\":\"et\",\"url\":\"https:\/\/www.villemipubid.ee\/bayern\/wp-content\/uploads\/sites\/5\/2024\/03\/bayren_.jpg\",\"contentUrl\":\"https:\/\/www.villemipubid.ee\/bayern\/wp-content\/uploads\/sites\/5\/2024\/03\/bayren_.jpg\",\"width\":1600,\"height\":936},{\"@type\":\"WebPage\",\"@id\":\"https:\/\/www.villemipubid.ee\/bayern\/menuu\/soogid-uus\/#webpage\",\"url\":\"https:\/\/www.villemipubid.ee\/bayern\/menuu\/soogid-uus\/\",\"name\":\"S\u00f6\u00f6gid - M\u00fcnchner\",\"isPartOf\":{\"@id\":\"https:\/\/www.villemipubid.ee\/bayern\/#website\"},\"primaryImageOfPage\":{\"@id\":\"https:\/\/www.villemipubid.ee\/bayern\/menuu\/soogid-uus\/#primaryimage\"},\"datePublished\":\"2015-08-24T10:47:06+00:00\",\"dateModified\":\"2026-04-01T10:34:13+00:00\",\"breadcrumb\":{\"@id\":\"https:\/\/www.villemipubid.ee\/bayern\/menuu\/soogid-uus\/#breadcrumb\"},\"inLanguage\":\"et\",\"potentialAction\":[{\"@type\":\"ReadAction\",\"target\":[\"https:\/\/www.villemipubid.ee\/bayern\/menuu\/soogid-uus\/\"]}]},{\"@type\":\"BreadcrumbList\",\"@id\":\"https:\/\/www.villemipubid.ee\/bayern\/menuu\/soogid-uus\/#breadcrumb\",\"itemListElement\":[{\"@type\":\"ListItem\",\"position\":1,\"name\":\"Home\",\"item\":\"https:\/\/www.villemipubid.ee\/bayern\/\"},{\"@type\":\"ListItem\",\"position\":2,\"name\":\"Men\u00fc\u00fc\",\"item\":\"https:\/\/www.villemipubid.ee\/bayern\/menuu\/\"},{\"@type\":\"ListItem\",\"position\":3,\"name\":\"S\u00f6\u00f6gid\"}]}]}<\/script>\n<!-- \/ Yoast SEO plugin. -->","yoast_head_json":{"title":"S\u00f6\u00f6gid - M\u00fcnchner","robots":{"index":"index","follow":"follow","max-snippet":"max-snippet:-1","max-image-preview":"max-image-preview:large","max-video-preview":"max-video-preview:-1"},"canonical":"https:\/\/www.villemipubid.ee\/bayern\/menuu\/soogid-uus\/","og_locale":"et_EE","og_type":"article","og_title":"S\u00f6\u00f6gid - M\u00fcnchner","og_description":"Suupisted M\u00fcnchneri suupistevaagen 19.50 K\u00fcpsetatud juustupallid k\u00fc\u00fcslaugukastmega 5.90 Kuningas Ludwig II \u00f5llejuust 13.90 K\u00fcpsetatud kanatiivad 5.90 Obatzda Bayeri soolakringliga 5.90 K\u00fcpsetatud pelmeenid r\u00f6stitud sibula ja parmesaniga 5.90 Ahju\u0161ampinjonid peekoni ja juustuga 6.50 K\u00fc\u00fcslauguleivad Obatzdaga 4.70 K\u00fcpsetatud sibular\u00f5ngad \u00f5lletaignas v\u00fcrtsika tar-tar ...","og_url":"https:\/\/www.villemipubid.ee\/bayern\/menuu\/soogid-uus\/","og_site_name":"M\u00fcnchner","article_modified_time":"2026-04-01T10:34:13+00:00","og_image":[{"width":1600,"height":936,"url":"http:\/\/www.villemipubid.ee\/bayern\/wp-content\/uploads\/sites\/5\/2024\/03\/bayren_.jpg","type":"image\/jpeg"}],"twitter_card":"summary","twitter_misc":{"Est. reading time":"1 minut"},"schema":{"@context":"https:\/\/schema.org","@graph":[{"@type":"WebSite","@id":"https:\/\/www.villemipubid.ee\/bayern\/#website","url":"https:\/\/www.villemipubid.ee\/bayern\/","name":"M\u00fcnchner","description":"J\u00e4rjekordne Vana Villem veebileht","potentialAction":[{"@type":"SearchAction","target":{"@type":"EntryPoint","urlTemplate":"https:\/\/www.villemipubid.ee\/bayern\/?s={search_term_string}"},"query-input":"required name=search_term_string"}],"inLanguage":"et"},{"@type":"ImageObject","@id":"https:\/\/www.villemipubid.ee\/bayern\/menuu\/soogid-uus\/#primaryimage","inLanguage":"et","url":"https:\/\/www.villemipubid.ee\/bayern\/wp-content\/uploads\/sites\/5\/2024\/03\/bayren_.jpg","contentUrl":"https:\/\/www.villemipubid.ee\/bayern\/wp-content\/uploads\/sites\/5\/2024\/03\/bayren_.jpg","width":1600,"height":936},{"@type":"WebPage","@id":"https:\/\/www.villemipubid.ee\/bayern\/menuu\/soogid-uus\/#webpage","url":"https:\/\/www.villemipubid.ee\/bayern\/menuu\/soogid-uus\/","name":"S\u00f6\u00f6gid - M\u00fcnchner","isPartOf":{"@id":"https:\/\/www.villemipubid.ee\/bayern\/#website"},"primaryImageOfPage":{"@id":"https:\/\/www.villemipubid.ee\/bayern\/menuu\/soogid-uus\/#primaryimage"},"datePublished":"2015-08-24T10:47:06+00:00","dateModified":"2026-04-01T10:34:13+00:00","breadcrumb":{"@id":"https:\/\/www.villemipubid.ee\/bayern\/menuu\/soogid-uus\/#breadcrumb"},"inLanguage":"et","potentialAction":[{"@type":"ReadAction","target":["https:\/\/www.villemipubid.ee\/bayern\/menuu\/soogid-uus\/"]}]},{"@type":"BreadcrumbList","@id":"https:\/\/www.villemipubid.ee\/bayern\/menuu\/soogid-uus\/#breadcrumb","itemListElement":[{"@type":"ListItem","position":1,"name":"Home","item":"https:\/\/www.villemipubid.ee\/bayern\/"},{"@type":"ListItem","position":2,"name":"Men\u00fc\u00fc","item":"https:\/\/www.villemipubid.ee\/bayern\/menuu\/"},{"@type":"ListItem","position":3,"name":"S\u00f6\u00f6gid"}]}]}},"_links":{"self":[{"href":"https:\/\/www.villemipubid.ee\/bayern\/wp-json\/wp\/v2\/pages\/321"}],"collection":[{"href":"https:\/\/www.villemipubid.ee\/bayern\/wp-json\/wp\/v2\/pages"}],"about":[{"href":"https:\/\/www.villemipubid.ee\/bayern\/wp-json\/wp\/v2\/types\/page"}],"author":[{"embeddable":true,"href":"https:\/\/www.villemipubid.ee\/bayern\/wp-json\/wp\/v2\/users\/1"}],"replies":[{"embeddable":true,"href":"https:\/\/www.villemipubid.ee\/bayern\/wp-json\/wp\/v2\/comments?post=321"}],"version-history":[{"count":82,"href":"https:\/\/www.villemipubid.ee\/bayern\/wp-json\/wp\/v2\/pages\/321\/revisions"}],"predecessor-version":[{"id":1487,"href":"https:\/\/www.villemipubid.ee\/bayern\/wp-json\/wp\/v2\/pages\/321\/revisions\/1487"}],"up":[{"embeddable":true,"href":"https:\/\/www.villemipubid.ee\/bayern\/wp-json\/wp\/v2\/pages\/11"}],"wp:featuredmedia":[{"embeddable":true,"href":"https:\/\/www.villemipubid.ee\/bayern\/wp-json\/wp\/v2\/media\/1254"}],"wp:attachment":[{"href":"https:\/\/www.villemipubid.ee\/bayern\/wp-json\/wp\/v2\/media?parent=321"}],"curies":[{"name":"wp","href":"https:\/\/api.w.org\/{rel}","templated":true}]}}