{"id":31,"date":"2015-05-28T11:59:02","date_gmt":"2015-05-28T08:59:02","guid":{"rendered":"http:\/\/www.villemipubid.ee\/bayern\/?page_id=31"},"modified":"2025-03-09T12:38:43","modified_gmt":"2025-03-09T10:38:43","slug":"interjoor","status":"publish","type":"page","link":"https:\/\/www.villemipubid.ee\/bayern\/pildid\/interjoor\/","title":{"rendered":"Interj\u00f6\u00f6r"},"content":{"rendered":"<h2>M\u00fcnchner Bierstube Pub<\/h2>\n\n\t\t<style type=\"text\/css\">\n\t\t\t#gallery-1 {\n\t\t\t\tmargin: auto;\n\t\t\t}\n\t\t\t#gallery-1 .gallery-item {\n\t\t\t\tfloat: left;\n\t\t\t\tmargin-top: 10px;\n\t\t\t\ttext-align: center;\n\t\t\t\twidth: 33%;\n\t\t\t}\n\t\t\t#gallery-1 img {\n\t\t\t\tborder: 2px solid #cfcfcf;\n\t\t\t}\n\t\t\t#gallery-1 .gallery-caption {\n\t\t\t\tmargin-left: 0;\n\t\t\t}\n\t\t\t\/* see gallery_shortcode() in wp-includes\/media.php *\/\n\t\t<\/style>\n\t\t<div id='gallery-1' class='gallery galleryid-31 gallery-columns-3 gallery-size-new_gallery_thumbnail'><dl class='gallery-item'>\n\t\t\t<dt class='gallery-icon landscape'>\n\t\t\t\t<a href='https:\/\/www.villemipubid.ee\/bayern\/wp-content\/uploads\/sites\/5\/2015\/05\/IMG_5802.jpg'><img width=\"370\" height=\"240\" src=\"https:\/\/www.villemipubid.ee\/bayern\/wp-content\/uploads\/sites\/5\/2015\/05\/IMG_5802-370x240.jpg\" class=\"attachment-new_gallery_thumbnail size-new_gallery_thumbnail\" alt=\"\" loading=\"lazy\" srcset=\"https:\/\/www.villemipubid.ee\/bayern\/wp-content\/uploads\/sites\/5\/2015\/05\/IMG_5802-370x240.jpg 370w, https:\/\/www.villemipubid.ee\/bayern\/wp-content\/uploads\/sites\/5\/2015\/05\/IMG_5802-740x480.jpg 740w\" sizes=\"(max-width: 370px) 100vw, 370px\" \/><\/a>\n\t\t\t<\/dt><\/dl><dl class='gallery-item'>\n\t\t\t<dt class='gallery-icon landscape'>\n\t\t\t\t<a href='https:\/\/www.villemipubid.ee\/bayern\/wp-content\/uploads\/sites\/5\/2015\/05\/IMG_5801.jpg'><img width=\"370\" height=\"240\" src=\"https:\/\/www.villemipubid.ee\/bayern\/wp-content\/uploads\/sites\/5\/2015\/05\/IMG_5801-370x240.jpg\" class=\"attachment-new_gallery_thumbnail size-new_gallery_thumbnail\" alt=\"\" loading=\"lazy\" srcset=\"https:\/\/www.villemipubid.ee\/bayern\/wp-content\/uploads\/sites\/5\/2015\/05\/IMG_5801-370x240.jpg 370w, https:\/\/www.villemipubid.ee\/bayern\/wp-content\/uploads\/sites\/5\/2015\/05\/IMG_5801-740x479.jpg 740w\" sizes=\"(max-width: 370px) 100vw, 370px\" \/><\/a>\n\t\t\t<\/dt><\/dl><dl class='gallery-item'>\n\t\t\t<dt class='gallery-icon landscape'>\n\t\t\t\t<a href='https:\/\/www.villemipubid.ee\/bayern\/wp-content\/uploads\/sites\/5\/2015\/05\/IMG_5803.jpg'><img width=\"370\" height=\"240\" src=\"https:\/\/www.villemipubid.ee\/bayern\/wp-content\/uploads\/sites\/5\/2015\/05\/IMG_5803-370x240.jpg\" class=\"attachment-new_gallery_thumbnail size-new_gallery_thumbnail\" alt=\"\" loading=\"lazy\" srcset=\"https:\/\/www.villemipubid.ee\/bayern\/wp-content\/uploads\/sites\/5\/2015\/05\/IMG_5803-370x240.jpg 370w, https:\/\/www.villemipubid.ee\/bayern\/wp-content\/uploads\/sites\/5\/2015\/05\/IMG_5803-150x98.jpg 150w, https:\/\/www.villemipubid.ee\/bayern\/wp-content\/uploads\/sites\/5\/2015\/05\/IMG_5803-300x196.jpg 300w, https:\/\/www.villemipubid.ee\/bayern\/wp-content\/uploads\/sites\/5\/2015\/05\/IMG_5803-740x480.jpg 740w\" sizes=\"(max-width: 370px) 100vw, 370px\" \/><\/a>\n\t\t\t<\/dt><\/dl><br style=\"clear: both\" \/><dl class='gallery-item'>\n\t\t\t<dt class='gallery-icon landscape'>\n\t\t\t\t<a href='https:\/\/www.villemipubid.ee\/bayern\/wp-content\/uploads\/sites\/5\/2015\/05\/IMG_5821.jpg'><img width=\"370\" height=\"240\" src=\"https:\/\/www.villemipubid.ee\/bayern\/wp-content\/uploads\/sites\/5\/2015\/05\/IMG_5821-370x240.jpg\" class=\"attachment-new_gallery_thumbnail size-new_gallery_thumbnail\" alt=\"\" loading=\"lazy\" srcset=\"https:\/\/www.villemipubid.ee\/bayern\/wp-content\/uploads\/sites\/5\/2015\/05\/IMG_5821-370x240.jpg 370w, https:\/\/www.villemipubid.ee\/bayern\/wp-content\/uploads\/sites\/5\/2015\/05\/IMG_5821-740x478.jpg 740w\" sizes=\"(max-width: 370px) 100vw, 370px\" \/><\/a>\n\t\t\t<\/dt><\/dl><dl class='gallery-item'>\n\t\t\t<dt class='gallery-icon landscape'>\n\t\t\t\t<a href='https:\/\/www.villemipubid.ee\/bayern\/wp-content\/uploads\/sites\/5\/2015\/05\/IMG_5822.jpg'><img width=\"370\" height=\"240\" src=\"https:\/\/www.villemipubid.ee\/bayern\/wp-content\/uploads\/sites\/5\/2015\/05\/IMG_5822-370x240.jpg\" class=\"attachment-new_gallery_thumbnail size-new_gallery_thumbnail\" alt=\"\" loading=\"lazy\" srcset=\"https:\/\/www.villemipubid.ee\/bayern\/wp-content\/uploads\/sites\/5\/2015\/05\/IMG_5822-370x240.jpg 370w, https:\/\/www.villemipubid.ee\/bayern\/wp-content\/uploads\/sites\/5\/2015\/05\/IMG_5822-740x480.jpg 740w\" sizes=\"(max-width: 370px) 100vw, 370px\" \/><\/a>\n\t\t\t<\/dt><\/dl><dl class='gallery-item'>\n\t\t\t<dt class='gallery-icon landscape'>\n\t\t\t\t<a href='https:\/\/www.villemipubid.ee\/bayern\/wp-content\/uploads\/sites\/5\/2015\/05\/IMG_5781.jpg'><img width=\"370\" height=\"240\" src=\"https:\/\/www.villemipubid.ee\/bayern\/wp-content\/uploads\/sites\/5\/2015\/05\/IMG_5781-370x240.jpg\" class=\"attachment-new_gallery_thumbnail size-new_gallery_thumbnail\" alt=\"\" loading=\"lazy\" srcset=\"https:\/\/www.villemipubid.ee\/bayern\/wp-content\/uploads\/sites\/5\/2015\/05\/IMG_5781-370x240.jpg 370w, https:\/\/www.villemipubid.ee\/bayern\/wp-content\/uploads\/sites\/5\/2015\/05\/IMG_5781-150x97.jpg 150w, https:\/\/www.villemipubid.ee\/bayern\/wp-content\/uploads\/sites\/5\/2015\/05\/IMG_5781-740x480.jpg 740w\" sizes=\"(max-width: 370px) 100vw, 370px\" \/><\/a>\n\t\t\t<\/dt><\/dl><br style=\"clear: both\" \/><dl class='gallery-item'>\n\t\t\t<dt class='gallery-icon landscape'>\n\t\t\t\t<a href='https:\/\/www.villemipubid.ee\/bayern\/wp-content\/uploads\/sites\/5\/2015\/05\/IMG_5783.jpg'><img width=\"370\" height=\"240\" src=\"https:\/\/www.villemipubid.ee\/bayern\/wp-content\/uploads\/sites\/5\/2015\/05\/IMG_5783-370x240.jpg\" class=\"attachment-new_gallery_thumbnail size-new_gallery_thumbnail\" alt=\"\" loading=\"lazy\" srcset=\"https:\/\/www.villemipubid.ee\/bayern\/wp-content\/uploads\/sites\/5\/2015\/05\/IMG_5783-370x240.jpg 370w, https:\/\/www.villemipubid.ee\/bayern\/wp-content\/uploads\/sites\/5\/2015\/05\/IMG_5783-150x98.jpg 150w, https:\/\/www.villemipubid.ee\/bayern\/wp-content\/uploads\/sites\/5\/2015\/05\/IMG_5783-480x313.jpg 480w, https:\/\/www.villemipubid.ee\/bayern\/wp-content\/uploads\/sites\/5\/2015\/05\/IMG_5783-300x196.jpg 300w, https:\/\/www.villemipubid.ee\/bayern\/wp-content\/uploads\/sites\/5\/2015\/05\/IMG_5783-740x480.jpg 740w\" sizes=\"(max-width: 370px) 100vw, 370px\" \/><\/a>\n\t\t\t<\/dt><\/dl><dl class='gallery-item'>\n\t\t\t<dt class='gallery-icon landscape'>\n\t\t\t\t<a href='https:\/\/www.villemipubid.ee\/bayern\/wp-content\/uploads\/sites\/5\/2015\/05\/IMG_5784.jpg'><img width=\"370\" height=\"240\" src=\"https:\/\/www.villemipubid.ee\/bayern\/wp-content\/uploads\/sites\/5\/2015\/05\/IMG_5784-370x240.jpg\" class=\"attachment-new_gallery_thumbnail size-new_gallery_thumbnail\" alt=\"\" loading=\"lazy\" srcset=\"https:\/\/www.villemipubid.ee\/bayern\/wp-content\/uploads\/sites\/5\/2015\/05\/IMG_5784-370x240.jpg 370w, https:\/\/www.villemipubid.ee\/bayern\/wp-content\/uploads\/sites\/5\/2015\/05\/IMG_5784-740x480.jpg 740w\" sizes=\"(max-width: 370px) 100vw, 370px\" \/><\/a>\n\t\t\t<\/dt><\/dl><dl class='gallery-item'>\n\t\t\t<dt class='gallery-icon landscape'>\n\t\t\t\t<a href='https:\/\/www.villemipubid.ee\/bayern\/wp-content\/uploads\/sites\/5\/2015\/05\/IMG_5792.jpg'><img width=\"370\" height=\"240\" src=\"https:\/\/www.villemipubid.ee\/bayern\/wp-content\/uploads\/sites\/5\/2015\/05\/IMG_5792-370x240.jpg\" class=\"attachment-new_gallery_thumbnail size-new_gallery_thumbnail\" alt=\"\" loading=\"lazy\" \/><\/a>\n\t\t\t<\/dt><\/dl><br style=\"clear: both\" \/><dl class='gallery-item'>\n\t\t\t<dt class='gallery-icon landscape'>\n\t\t\t\t<a href='https:\/\/www.villemipubid.ee\/bayern\/wp-content\/uploads\/sites\/5\/2015\/05\/IMG_5793.jpg'><img width=\"370\" height=\"240\" src=\"https:\/\/www.villemipubid.ee\/bayern\/wp-content\/uploads\/sites\/5\/2015\/05\/IMG_5793-370x240.jpg\" class=\"attachment-new_gallery_thumbnail size-new_gallery_thumbnail\" alt=\"\" loading=\"lazy\" srcset=\"https:\/\/www.villemipubid.ee\/bayern\/wp-content\/uploads\/sites\/5\/2015\/05\/IMG_5793-370x240.jpg 370w, https:\/\/www.villemipubid.ee\/bayern\/wp-content\/uploads\/sites\/5\/2015\/05\/IMG_5793-740x480.jpg 740w\" sizes=\"(max-width: 370px) 100vw, 370px\" \/><\/a>\n\t\t\t<\/dt><\/dl><dl class='gallery-item'>\n\t\t\t<dt class='gallery-icon landscape'>\n\t\t\t\t<a href='https:\/\/www.villemipubid.ee\/bayern\/wp-content\/uploads\/sites\/5\/2015\/05\/IMG_5794.jpg'><img width=\"370\" height=\"240\" src=\"https:\/\/www.villemipubid.ee\/bayern\/wp-content\/uploads\/sites\/5\/2015\/05\/IMG_5794-370x240.jpg\" class=\"attachment-new_gallery_thumbnail size-new_gallery_thumbnail\" alt=\"\" loading=\"lazy\" srcset=\"https:\/\/www.villemipubid.ee\/bayern\/wp-content\/uploads\/sites\/5\/2015\/05\/IMG_5794-370x240.jpg 370w, https:\/\/www.villemipubid.ee\/bayern\/wp-content\/uploads\/sites\/5\/2015\/05\/IMG_5794-150x97.jpg 150w, https:\/\/www.villemipubid.ee\/bayern\/wp-content\/uploads\/sites\/5\/2015\/05\/IMG_5794-480x310.jpg 480w, https:\/\/www.villemipubid.ee\/bayern\/wp-content\/uploads\/sites\/5\/2015\/05\/IMG_5794-300x194.jpg 300w, https:\/\/www.villemipubid.ee\/bayern\/wp-content\/uploads\/sites\/5\/2015\/05\/IMG_5794-740x480.jpg 740w, https:\/\/www.villemipubid.ee\/bayern\/wp-content\/uploads\/sites\/5\/2015\/05\/IMG_5794.jpg 764w\" sizes=\"(max-width: 370px) 100vw, 370px\" \/><\/a>\n\t\t\t<\/dt><\/dl><dl class='gallery-item'>\n\t\t\t<dt class='gallery-icon landscape'>\n\t\t\t\t<a href='https:\/\/www.villemipubid.ee\/bayern\/wp-content\/uploads\/sites\/5\/2015\/05\/IMG_5795.jpg'><img width=\"370\" height=\"240\" src=\"https:\/\/www.villemipubid.ee\/bayern\/wp-content\/uploads\/sites\/5\/2015\/05\/IMG_5795-370x240.jpg\" class=\"attachment-new_gallery_thumbnail size-new_gallery_thumbnail\" alt=\"\" loading=\"lazy\" srcset=\"https:\/\/www.villemipubid.ee\/bayern\/wp-content\/uploads\/sites\/5\/2015\/05\/IMG_5795-370x240.jpg 370w, https:\/\/www.villemipubid.ee\/bayern\/wp-content\/uploads\/sites\/5\/2015\/05\/IMG_5795-740x480.jpg 740w\" sizes=\"(max-width: 370px) 100vw, 370px\" \/><\/a>\n\t\t\t<\/dt><\/dl><br style=\"clear: both\" \/><dl class='gallery-item'>\n\t\t\t<dt class='gallery-icon landscape'>\n\t\t\t\t<a href='https:\/\/www.villemipubid.ee\/bayern\/wp-content\/uploads\/sites\/5\/2015\/05\/IMG_5796.jpg'><img width=\"370\" height=\"240\" src=\"https:\/\/www.villemipubid.ee\/bayern\/wp-content\/uploads\/sites\/5\/2015\/05\/IMG_5796-370x240.jpg\" class=\"attachment-new_gallery_thumbnail size-new_gallery_thumbnail\" alt=\"\" loading=\"lazy\" srcset=\"https:\/\/www.villemipubid.ee\/bayern\/wp-content\/uploads\/sites\/5\/2015\/05\/IMG_5796-370x240.jpg 370w, https:\/\/www.villemipubid.ee\/bayern\/wp-content\/uploads\/sites\/5\/2015\/05\/IMG_5796-740x480.jpg 740w\" sizes=\"(max-width: 370px) 100vw, 370px\" \/><\/a>\n\t\t\t<\/dt><\/dl><dl class='gallery-item'>\n\t\t\t<dt class='gallery-icon landscape'>\n\t\t\t\t<a href='https:\/\/www.villemipubid.ee\/bayern\/wp-content\/uploads\/sites\/5\/2015\/05\/IMG_5799.jpg'><img width=\"370\" height=\"240\" src=\"https:\/\/www.villemipubid.ee\/bayern\/wp-content\/uploads\/sites\/5\/2015\/05\/IMG_5799-370x240.jpg\" class=\"attachment-new_gallery_thumbnail size-new_gallery_thumbnail\" alt=\"\" loading=\"lazy\" srcset=\"https:\/\/www.villemipubid.ee\/bayern\/wp-content\/uploads\/sites\/5\/2015\/05\/IMG_5799-370x240.jpg 370w, https:\/\/www.villemipubid.ee\/bayern\/wp-content\/uploads\/sites\/5\/2015\/05\/IMG_5799-740x480.jpg 740w\" sizes=\"(max-width: 370px) 100vw, 370px\" \/><\/a>\n\t\t\t<\/dt><\/dl><dl class='gallery-item'>\n\t\t\t<dt class='gallery-icon landscape'>\n\t\t\t\t<a href='https:\/\/www.villemipubid.ee\/bayern\/wp-content\/uploads\/sites\/5\/2015\/05\/IMG_5800.jpg'><img width=\"370\" height=\"240\" src=\"https:\/\/www.villemipubid.ee\/bayern\/wp-content\/uploads\/sites\/5\/2015\/05\/IMG_5800-370x240.jpg\" class=\"attachment-new_gallery_thumbnail size-new_gallery_thumbnail\" alt=\"\" loading=\"lazy\" srcset=\"https:\/\/www.villemipubid.ee\/bayern\/wp-content\/uploads\/sites\/5\/2015\/05\/IMG_5800-370x240.jpg 370w, https:\/\/www.villemipubid.ee\/bayern\/wp-content\/uploads\/sites\/5\/2015\/05\/IMG_5800-740x480.jpg 740w\" sizes=\"(max-width: 370px) 100vw, 370px\" \/><\/a>\n\t\t\t<\/dt><\/dl><br style=\"clear: both\" \/><dl class='gallery-item'>\n\t\t\t<dt class='gallery-icon landscape'>\n\t\t\t\t<a href='https:\/\/www.villemipubid.ee\/bayern\/wp-content\/uploads\/sites\/5\/2015\/05\/IMG_5804.jpg'><img width=\"370\" height=\"240\" src=\"https:\/\/www.villemipubid.ee\/bayern\/wp-content\/uploads\/sites\/5\/2015\/05\/IMG_5804-370x240.jpg\" class=\"attachment-new_gallery_thumbnail size-new_gallery_thumbnail\" alt=\"\" loading=\"lazy\" srcset=\"https:\/\/www.villemipubid.ee\/bayern\/wp-content\/uploads\/sites\/5\/2015\/05\/IMG_5804-370x240.jpg 370w, https:\/\/www.villemipubid.ee\/bayern\/wp-content\/uploads\/sites\/5\/2015\/05\/IMG_5804-150x98.jpg 150w, https:\/\/www.villemipubid.ee\/bayern\/wp-content\/uploads\/sites\/5\/2015\/05\/IMG_5804-740x480.jpg 740w\" sizes=\"(max-width: 370px) 100vw, 370px\" \/><\/a>\n\t\t\t<\/dt><\/dl><dl class='gallery-item'>\n\t\t\t<dt class='gallery-icon landscape'>\n\t\t\t\t<a href='https:\/\/www.villemipubid.ee\/bayern\/wp-content\/uploads\/sites\/5\/2015\/05\/IMG_5805.jpg'><img width=\"370\" height=\"240\" src=\"https:\/\/www.villemipubid.ee\/bayern\/wp-content\/uploads\/sites\/5\/2015\/05\/IMG_5805-370x240.jpg\" class=\"attachment-new_gallery_thumbnail size-new_gallery_thumbnail\" alt=\"\" loading=\"lazy\" srcset=\"https:\/\/www.villemipubid.ee\/bayern\/wp-content\/uploads\/sites\/5\/2015\/05\/IMG_5805-370x240.jpg 370w, https:\/\/www.villemipubid.ee\/bayern\/wp-content\/uploads\/sites\/5\/2015\/05\/IMG_5805-150x98.jpg 150w, https:\/\/www.villemipubid.ee\/bayern\/wp-content\/uploads\/sites\/5\/2015\/05\/IMG_5805-740x480.jpg 740w\" sizes=\"(max-width: 370px) 100vw, 370px\" \/><\/a>\n\t\t\t<\/dt><\/dl><dl class='gallery-item'>\n\t\t\t<dt class='gallery-icon landscape'>\n\t\t\t\t<a href='https:\/\/www.villemipubid.ee\/bayern\/wp-content\/uploads\/sites\/5\/2015\/05\/IMG_5806.jpg'><img width=\"370\" height=\"240\" src=\"https:\/\/www.villemipubid.ee\/bayern\/wp-content\/uploads\/sites\/5\/2015\/05\/IMG_5806-370x240.jpg\" class=\"attachment-new_gallery_thumbnail size-new_gallery_thumbnail\" alt=\"\" loading=\"lazy\" srcset=\"https:\/\/www.villemipubid.ee\/bayern\/wp-content\/uploads\/sites\/5\/2015\/05\/IMG_5806-370x240.jpg 370w, https:\/\/www.villemipubid.ee\/bayern\/wp-content\/uploads\/sites\/5\/2015\/05\/IMG_5806-740x480.jpg 740w\" sizes=\"(max-width: 370px) 100vw, 370px\" \/><\/a>\n\t\t\t<\/dt><\/dl><br style=\"clear: both\" \/><dl class='gallery-item'>\n\t\t\t<dt class='gallery-icon landscape'>\n\t\t\t\t<a href='https:\/\/www.villemipubid.ee\/bayern\/wp-content\/uploads\/sites\/5\/2015\/05\/IMG_5809.jpg'><img width=\"370\" height=\"240\" src=\"https:\/\/www.villemipubid.ee\/bayern\/wp-content\/uploads\/sites\/5\/2015\/05\/IMG_5809-370x240.jpg\" class=\"attachment-new_gallery_thumbnail size-new_gallery_thumbnail\" alt=\"\" loading=\"lazy\" srcset=\"https:\/\/www.villemipubid.ee\/bayern\/wp-content\/uploads\/sites\/5\/2015\/05\/IMG_5809-370x240.jpg 370w, https:\/\/www.villemipubid.ee\/bayern\/wp-content\/uploads\/sites\/5\/2015\/05\/IMG_5809-150x98.jpg 150w, https:\/\/www.villemipubid.ee\/bayern\/wp-content\/uploads\/sites\/5\/2015\/05\/IMG_5809-480x312.jpg 480w, https:\/\/www.villemipubid.ee\/bayern\/wp-content\/uploads\/sites\/5\/2015\/05\/IMG_5809-300x195.jpg 300w, https:\/\/www.villemipubid.ee\/bayern\/wp-content\/uploads\/sites\/5\/2015\/05\/IMG_5809-740x480.jpg 740w, https:\/\/www.villemipubid.ee\/bayern\/wp-content\/uploads\/sites\/5\/2015\/05\/IMG_5809.jpg 766w\" sizes=\"(max-width: 370px) 100vw, 370px\" \/><\/a>\n\t\t\t<\/dt><\/dl><dl class='gallery-item'>\n\t\t\t<dt class='gallery-icon landscape'>\n\t\t\t\t<a href='https:\/\/www.villemipubid.ee\/bayern\/wp-content\/uploads\/sites\/5\/2015\/05\/IMG_5812.jpg'><img width=\"370\" height=\"240\" src=\"https:\/\/www.villemipubid.ee\/bayern\/wp-content\/uploads\/sites\/5\/2015\/05\/IMG_5812-370x240.jpg\" class=\"attachment-new_gallery_thumbnail size-new_gallery_thumbnail\" alt=\"\" loading=\"lazy\" srcset=\"https:\/\/www.villemipubid.ee\/bayern\/wp-content\/uploads\/sites\/5\/2015\/05\/IMG_5812-370x240.jpg 370w, https:\/\/www.villemipubid.ee\/bayern\/wp-content\/uploads\/sites\/5\/2015\/05\/IMG_5812-740x480.jpg 740w\" sizes=\"(max-width: 370px) 100vw, 370px\" \/><\/a>\n\t\t\t<\/dt><\/dl><dl class='gallery-item'>\n\t\t\t<dt class='gallery-icon landscape'>\n\t\t\t\t<a href='https:\/\/www.villemipubid.ee\/bayern\/wp-content\/uploads\/sites\/5\/2015\/05\/IMG_5815.jpg'><img width=\"370\" height=\"240\" src=\"https:\/\/www.villemipubid.ee\/bayern\/wp-content\/uploads\/sites\/5\/2015\/05\/IMG_5815-370x240.jpg\" class=\"attachment-new_gallery_thumbnail size-new_gallery_thumbnail\" alt=\"\" loading=\"lazy\" srcset=\"https:\/\/www.villemipubid.ee\/bayern\/wp-content\/uploads\/sites\/5\/2015\/05\/IMG_5815-370x240.jpg 370w, https:\/\/www.villemipubid.ee\/bayern\/wp-content\/uploads\/sites\/5\/2015\/05\/IMG_5815-740x480.jpg 740w\" sizes=\"(max-width: 370px) 100vw, 370px\" \/><\/a>\n\t\t\t<\/dt><\/dl><br style=\"clear: both\" \/><dl class='gallery-item'>\n\t\t\t<dt class='gallery-icon landscape'>\n\t\t\t\t<a href='https:\/\/www.villemipubid.ee\/bayern\/wp-content\/uploads\/sites\/5\/2015\/05\/IMG_5817.jpg'><img width=\"370\" height=\"240\" src=\"https:\/\/www.villemipubid.ee\/bayern\/wp-content\/uploads\/sites\/5\/2015\/05\/IMG_5817-370x240.jpg\" class=\"attachment-new_gallery_thumbnail size-new_gallery_thumbnail\" alt=\"\" loading=\"lazy\" srcset=\"https:\/\/www.villemipubid.ee\/bayern\/wp-content\/uploads\/sites\/5\/2015\/05\/IMG_5817-370x240.jpg 370w, https:\/\/www.villemipubid.ee\/bayern\/wp-content\/uploads\/sites\/5\/2015\/05\/IMG_5817-740x480.jpg 740w\" sizes=\"(max-width: 370px) 100vw, 370px\" \/><\/a>\n\t\t\t<\/dt><\/dl>\n\t\t\t<br style='clear: both' \/>\n\t\t<\/div>\n\n","protected":false},"excerpt":{"rendered":"<p>M\u00fcnchner Bierstube Pub<\/p>\n","protected":false},"author":1,"featured_media":1254,"parent":29,"menu_order":0,"comment_status":"closed","ping_status":"closed","template":"","meta":[],"yoast_head":"<!-- This site is optimized with the Yoast SEO plugin v18.3 - https:\/\/yoast.com\/wordpress\/plugins\/seo\/ -->\n<title>Interj\u00f6\u00f6r - M\u00fcnchner<\/title>\n<meta name=\"robots\" content=\"index, follow, max-snippet:-1, max-image-preview:large, max-video-preview:-1\" \/>\n<link rel=\"canonical\" href=\"https:\/\/www.villemipubid.ee\/bayern\/pildid\/interjoor\/\" \/>\n<meta property=\"og:locale\" content=\"et_EE\" \/>\n<meta property=\"og:type\" content=\"article\" \/>\n<meta property=\"og:title\" content=\"Interj\u00f6\u00f6r - M\u00fcnchner\" \/>\n<meta property=\"og:description\" content=\"M\u00fcnchner Bierstube Pub\" \/>\n<meta property=\"og:url\" content=\"https:\/\/www.villemipubid.ee\/bayern\/pildid\/interjoor\/\" \/>\n<meta property=\"og:site_name\" content=\"M\u00fcnchner\" \/>\n<meta property=\"article:modified_time\" content=\"2025-03-09T10:38:43+00:00\" \/>\n<meta property=\"og:image\" content=\"http:\/\/www.villemipubid.ee\/bayern\/wp-content\/uploads\/sites\/5\/2024\/03\/bayren_.jpg\" \/>\n\t<meta property=\"og:image:width\" content=\"1600\" \/>\n\t<meta property=\"og:image:height\" content=\"936\" \/>\n\t<meta property=\"og:image:type\" content=\"image\/jpeg\" \/>\n<meta name=\"twitter:card\" content=\"summary\" \/>\n<script type=\"application\/ld+json\" class=\"yoast-schema-graph\">{\"@context\":\"https:\/\/schema.org\",\"@graph\":[{\"@type\":\"WebSite\",\"@id\":\"https:\/\/www.villemipubid.ee\/bayern\/#website\",\"url\":\"https:\/\/www.villemipubid.ee\/bayern\/\",\"name\":\"M\u00fcnchner\",\"description\":\"J\u00e4rjekordne Vana Villem veebileht\",\"potentialAction\":[{\"@type\":\"SearchAction\",\"target\":{\"@type\":\"EntryPoint\",\"urlTemplate\":\"https:\/\/www.villemipubid.ee\/bayern\/?s={search_term_string}\"},\"query-input\":\"required name=search_term_string\"}],\"inLanguage\":\"et\"},{\"@type\":\"ImageObject\",\"@id\":\"https:\/\/www.villemipubid.ee\/bayern\/pildid\/interjoor\/#primaryimage\",\"inLanguage\":\"et\",\"url\":\"https:\/\/www.villemipubid.ee\/bayern\/wp-content\/uploads\/sites\/5\/2024\/03\/bayren_.jpg\",\"contentUrl\":\"https:\/\/www.villemipubid.ee\/bayern\/wp-content\/uploads\/sites\/5\/2024\/03\/bayren_.jpg\",\"width\":1600,\"height\":936},{\"@type\":\"WebPage\",\"@id\":\"https:\/\/www.villemipubid.ee\/bayern\/pildid\/interjoor\/#webpage\",\"url\":\"https:\/\/www.villemipubid.ee\/bayern\/pildid\/interjoor\/\",\"name\":\"Interj\u00f6\u00f6r - M\u00fcnchner\",\"isPartOf\":{\"@id\":\"https:\/\/www.villemipubid.ee\/bayern\/#website\"},\"primaryImageOfPage\":{\"@id\":\"https:\/\/www.villemipubid.ee\/bayern\/pildid\/interjoor\/#primaryimage\"},\"datePublished\":\"2015-05-28T08:59:02+00:00\",\"dateModified\":\"2025-03-09T10:38:43+00:00\",\"breadcrumb\":{\"@id\":\"https:\/\/www.villemipubid.ee\/bayern\/pildid\/interjoor\/#breadcrumb\"},\"inLanguage\":\"et\",\"potentialAction\":[{\"@type\":\"ReadAction\",\"target\":[\"https:\/\/www.villemipubid.ee\/bayern\/pildid\/interjoor\/\"]}]},{\"@type\":\"BreadcrumbList\",\"@id\":\"https:\/\/www.villemipubid.ee\/bayern\/pildid\/interjoor\/#breadcrumb\",\"itemListElement\":[{\"@type\":\"ListItem\",\"position\":1,\"name\":\"Home\",\"item\":\"https:\/\/www.villemipubid.ee\/bayern\/\"},{\"@type\":\"ListItem\",\"position\":2,\"name\":\"Pildid\",\"item\":\"https:\/\/www.villemipubid.ee\/bayern\/pildid\/\"},{\"@type\":\"ListItem\",\"position\":3,\"name\":\"Interj\u00f6\u00f6r\"}]}]}<\/script>\n<!-- \/ Yoast SEO plugin. -->","yoast_head_json":{"title":"Interj\u00f6\u00f6r - M\u00fcnchner","robots":{"index":"index","follow":"follow","max-snippet":"max-snippet:-1","max-image-preview":"max-image-preview:large","max-video-preview":"max-video-preview:-1"},"canonical":"https:\/\/www.villemipubid.ee\/bayern\/pildid\/interjoor\/","og_locale":"et_EE","og_type":"article","og_title":"Interj\u00f6\u00f6r - M\u00fcnchner","og_description":"M\u00fcnchner Bierstube Pub","og_url":"https:\/\/www.villemipubid.ee\/bayern\/pildid\/interjoor\/","og_site_name":"M\u00fcnchner","article_modified_time":"2025-03-09T10:38:43+00:00","og_image":[{"width":1600,"height":936,"url":"http:\/\/www.villemipubid.ee\/bayern\/wp-content\/uploads\/sites\/5\/2024\/03\/bayren_.jpg","type":"image\/jpeg"}],"twitter_card":"summary","schema":{"@context":"https:\/\/schema.org","@graph":[{"@type":"WebSite","@id":"https:\/\/www.villemipubid.ee\/bayern\/#website","url":"https:\/\/www.villemipubid.ee\/bayern\/","name":"M\u00fcnchner","description":"J\u00e4rjekordne Vana Villem veebileht","potentialAction":[{"@type":"SearchAction","target":{"@type":"EntryPoint","urlTemplate":"https:\/\/www.villemipubid.ee\/bayern\/?s={search_term_string}"},"query-input":"required name=search_term_string"}],"inLanguage":"et"},{"@type":"ImageObject","@id":"https:\/\/www.villemipubid.ee\/bayern\/pildid\/interjoor\/#primaryimage","inLanguage":"et","url":"https:\/\/www.villemipubid.ee\/bayern\/wp-content\/uploads\/sites\/5\/2024\/03\/bayren_.jpg","contentUrl":"https:\/\/www.villemipubid.ee\/bayern\/wp-content\/uploads\/sites\/5\/2024\/03\/bayren_.jpg","width":1600,"height":936},{"@type":"WebPage","@id":"https:\/\/www.villemipubid.ee\/bayern\/pildid\/interjoor\/#webpage","url":"https:\/\/www.villemipubid.ee\/bayern\/pildid\/interjoor\/","name":"Interj\u00f6\u00f6r - M\u00fcnchner","isPartOf":{"@id":"https:\/\/www.villemipubid.ee\/bayern\/#website"},"primaryImageOfPage":{"@id":"https:\/\/www.villemipubid.ee\/bayern\/pildid\/interjoor\/#primaryimage"},"datePublished":"2015-05-28T08:59:02+00:00","dateModified":"2025-03-09T10:38:43+00:00","breadcrumb":{"@id":"https:\/\/www.villemipubid.ee\/bayern\/pildid\/interjoor\/#breadcrumb"},"inLanguage":"et","potentialAction":[{"@type":"ReadAction","target":["https:\/\/www.villemipubid.ee\/bayern\/pildid\/interjoor\/"]}]},{"@type":"BreadcrumbList","@id":"https:\/\/www.villemipubid.ee\/bayern\/pildid\/interjoor\/#breadcrumb","itemListElement":[{"@type":"ListItem","position":1,"name":"Home","item":"https:\/\/www.villemipubid.ee\/bayern\/"},{"@type":"ListItem","position":2,"name":"Pildid","item":"https:\/\/www.villemipubid.ee\/bayern\/pildid\/"},{"@type":"ListItem","position":3,"name":"Interj\u00f6\u00f6r"}]}]}},"_links":{"self":[{"href":"https:\/\/www.villemipubid.ee\/bayern\/wp-json\/wp\/v2\/pages\/31"}],"collection":[{"href":"https:\/\/www.villemipubid.ee\/bayern\/wp-json\/wp\/v2\/pages"}],"about":[{"href":"https:\/\/www.villemipubid.ee\/bayern\/wp-json\/wp\/v2\/types\/page"}],"author":[{"embeddable":true,"href":"https:\/\/www.villemipubid.ee\/bayern\/wp-json\/wp\/v2\/users\/1"}],"replies":[{"embeddable":true,"href":"https:\/\/www.villemipubid.ee\/bayern\/wp-json\/wp\/v2\/comments?post=31"}],"version-history":[{"count":5,"href":"https:\/\/www.villemipubid.ee\/bayern\/wp-json\/wp\/v2\/pages\/31\/revisions"}],"predecessor-version":[{"id":1347,"href":"https:\/\/www.villemipubid.ee\/bayern\/wp-json\/wp\/v2\/pages\/31\/revisions\/1347"}],"up":[{"embeddable":true,"href":"https:\/\/www.villemipubid.ee\/bayern\/wp-json\/wp\/v2\/pages\/29"}],"wp:featuredmedia":[{"embeddable":true,"href":"https:\/\/www.villemipubid.ee\/bayern\/wp-json\/wp\/v2\/media\/1254"}],"wp:attachment":[{"href":"https:\/\/www.villemipubid.ee\/bayern\/wp-json\/wp\/v2\/media?parent=31"}],"curies":[{"name":"wp","href":"https:\/\/api.w.org\/{rel}","templated":true}]}}