{"id":11,"date":"2015-05-28T11:52:17","date_gmt":"2015-05-28T08:52:17","guid":{"rendered":"http:\/\/www.villemipubid.ee\/bayern\/?page_id=11"},"modified":"2024-03-18T16:05:06","modified_gmt":"2024-03-18T14:05:06","slug":"menuu","status":"publish","type":"page","link":"https:\/\/www.villemipubid.ee\/bayern\/menuu\/","title":{"rendered":"Men\u00fc\u00fc"},"content":{"rendered":"<h2 style=\"text-align: center;\"><a href=\"http:\/\/www.villemipubid.ee\/bayern\/menuu\/soogid-uus\/\">S\u00f6\u00f6gid<\/a> | <a href=\"http:\/\/www.villemipubid.ee\/bayern\/menuu\/joogid-uus\/\">Joogid<\/a> | <a href=\"http:\/\/www.villemipubid.ee\/bayern\/menuu\/eripakkumised\/\">Eripakkumised<\/a><\/h2>\n","protected":false},"excerpt":{"rendered":"<p>S\u00f6\u00f6gid | Joogid | Eripakkumised<\/p>\n","protected":false},"author":1,"featured_media":1254,"parent":0,"menu_order":2,"comment_status":"closed","ping_status":"closed","template":"","meta":[],"yoast_head":"<!-- This site is optimized with the Yoast SEO plugin v18.3 - https:\/\/yoast.com\/wordpress\/plugins\/seo\/ -->\n<title>Men\u00fc\u00fc - M\u00fcnchner<\/title>\n<meta name=\"robots\" content=\"index, follow, max-snippet:-1, max-image-preview:large, max-video-preview:-1\" \/>\n<link rel=\"canonical\" href=\"https:\/\/www.villemipubid.ee\/bayern\/menuu\/\" \/>\n<meta property=\"og:locale\" content=\"et_EE\" \/>\n<meta property=\"og:type\" content=\"article\" \/>\n<meta property=\"og:title\" content=\"Men\u00fc\u00fc - M\u00fcnchner\" \/>\n<meta property=\"og:description\" content=\"S\u00f6\u00f6gid | Joogid | Eripakkumised\" \/>\n<meta property=\"og:url\" content=\"https:\/\/www.villemipubid.ee\/bayern\/menuu\/\" \/>\n<meta property=\"og:site_name\" content=\"M\u00fcnchner\" \/>\n<meta property=\"article:modified_time\" content=\"2024-03-18T14:05:06+00:00\" \/>\n<meta property=\"og:image\" content=\"http:\/\/www.villemipubid.ee\/bayern\/wp-content\/uploads\/sites\/5\/2024\/03\/bayren_.jpg\" \/>\n\t<meta property=\"og:image:width\" content=\"1600\" \/>\n\t<meta property=\"og:image:height\" content=\"936\" \/>\n\t<meta property=\"og:image:type\" content=\"image\/jpeg\" \/>\n<meta name=\"twitter:card\" content=\"summary\" \/>\n<script type=\"application\/ld+json\" class=\"yoast-schema-graph\">{\"@context\":\"https:\/\/schema.org\",\"@graph\":[{\"@type\":\"WebSite\",\"@id\":\"https:\/\/www.villemipubid.ee\/bayern\/#website\",\"url\":\"https:\/\/www.villemipubid.ee\/bayern\/\",\"name\":\"M\u00fcnchner\",\"description\":\"J\u00e4rjekordne Vana Villem veebileht\",\"potentialAction\":[{\"@type\":\"SearchAction\",\"target\":{\"@type\":\"EntryPoint\",\"urlTemplate\":\"https:\/\/www.villemipubid.ee\/bayern\/?s={search_term_string}\"},\"query-input\":\"required name=search_term_string\"}],\"inLanguage\":\"et\"},{\"@type\":\"ImageObject\",\"@id\":\"https:\/\/www.villemipubid.ee\/bayern\/menuu\/#primaryimage\",\"inLanguage\":\"et\",\"url\":\"https:\/\/www.villemipubid.ee\/bayern\/wp-content\/uploads\/sites\/5\/2024\/03\/bayren_.jpg\",\"contentUrl\":\"https:\/\/www.villemipubid.ee\/bayern\/wp-content\/uploads\/sites\/5\/2024\/03\/bayren_.jpg\",\"width\":1600,\"height\":936},{\"@type\":\"WebPage\",\"@id\":\"https:\/\/www.villemipubid.ee\/bayern\/menuu\/#webpage\",\"url\":\"https:\/\/www.villemipubid.ee\/bayern\/menuu\/\",\"name\":\"Men\u00fc\u00fc - M\u00fcnchner\",\"isPartOf\":{\"@id\":\"https:\/\/www.villemipubid.ee\/bayern\/#website\"},\"primaryImageOfPage\":{\"@id\":\"https:\/\/www.villemipubid.ee\/bayern\/menuu\/#primaryimage\"},\"datePublished\":\"2015-05-28T08:52:17+00:00\",\"dateModified\":\"2024-03-18T14:05:06+00:00\",\"breadcrumb\":{\"@id\":\"https:\/\/www.villemipubid.ee\/bayern\/menuu\/#breadcrumb\"},\"inLanguage\":\"et\",\"potentialAction\":[{\"@type\":\"ReadAction\",\"target\":[\"https:\/\/www.villemipubid.ee\/bayern\/menuu\/\"]}]},{\"@type\":\"BreadcrumbList\",\"@id\":\"https:\/\/www.villemipubid.ee\/bayern\/menuu\/#breadcrumb\",\"itemListElement\":[{\"@type\":\"ListItem\",\"position\":1,\"name\":\"Home\",\"item\":\"https:\/\/www.villemipubid.ee\/bayern\/\"},{\"@type\":\"ListItem\",\"position\":2,\"name\":\"Men\u00fc\u00fc\"}]}]}<\/script>\n<!-- \/ Yoast SEO plugin. -->","yoast_head_json":{"title":"Men\u00fc\u00fc - M\u00fcnchner","robots":{"index":"index","follow":"follow","max-snippet":"max-snippet:-1","max-image-preview":"max-image-preview:large","max-video-preview":"max-video-preview:-1"},"canonical":"https:\/\/www.villemipubid.ee\/bayern\/menuu\/","og_locale":"et_EE","og_type":"article","og_title":"Men\u00fc\u00fc - M\u00fcnchner","og_description":"S\u00f6\u00f6gid | Joogid | Eripakkumised","og_url":"https:\/\/www.villemipubid.ee\/bayern\/menuu\/","og_site_name":"M\u00fcnchner","article_modified_time":"2024-03-18T14:05:06+00:00","og_image":[{"width":1600,"height":936,"url":"http:\/\/www.villemipubid.ee\/bayern\/wp-content\/uploads\/sites\/5\/2024\/03\/bayren_.jpg","type":"image\/jpeg"}],"twitter_card":"summary","schema":{"@context":"https:\/\/schema.org","@graph":[{"@type":"WebSite","@id":"https:\/\/www.villemipubid.ee\/bayern\/#website","url":"https:\/\/www.villemipubid.ee\/bayern\/","name":"M\u00fcnchner","description":"J\u00e4rjekordne Vana Villem veebileht","potentialAction":[{"@type":"SearchAction","target":{"@type":"EntryPoint","urlTemplate":"https:\/\/www.villemipubid.ee\/bayern\/?s={search_term_string}"},"query-input":"required name=search_term_string"}],"inLanguage":"et"},{"@type":"ImageObject","@id":"https:\/\/www.villemipubid.ee\/bayern\/menuu\/#primaryimage","inLanguage":"et","url":"https:\/\/www.villemipubid.ee\/bayern\/wp-content\/uploads\/sites\/5\/2024\/03\/bayren_.jpg","contentUrl":"https:\/\/www.villemipubid.ee\/bayern\/wp-content\/uploads\/sites\/5\/2024\/03\/bayren_.jpg","width":1600,"height":936},{"@type":"WebPage","@id":"https:\/\/www.villemipubid.ee\/bayern\/menuu\/#webpage","url":"https:\/\/www.villemipubid.ee\/bayern\/menuu\/","name":"Men\u00fc\u00fc - M\u00fcnchner","isPartOf":{"@id":"https:\/\/www.villemipubid.ee\/bayern\/#website"},"primaryImageOfPage":{"@id":"https:\/\/www.villemipubid.ee\/bayern\/menuu\/#primaryimage"},"datePublished":"2015-05-28T08:52:17+00:00","dateModified":"2024-03-18T14:05:06+00:00","breadcrumb":{"@id":"https:\/\/www.villemipubid.ee\/bayern\/menuu\/#breadcrumb"},"inLanguage":"et","potentialAction":[{"@type":"ReadAction","target":["https:\/\/www.villemipubid.ee\/bayern\/menuu\/"]}]},{"@type":"BreadcrumbList","@id":"https:\/\/www.villemipubid.ee\/bayern\/menuu\/#breadcrumb","itemListElement":[{"@type":"ListItem","position":1,"name":"Home","item":"https:\/\/www.villemipubid.ee\/bayern\/"},{"@type":"ListItem","position":2,"name":"Men\u00fc\u00fc"}]}]}},"_links":{"self":[{"href":"https:\/\/www.villemipubid.ee\/bayern\/wp-json\/wp\/v2\/pages\/11"}],"collection":[{"href":"https:\/\/www.villemipubid.ee\/bayern\/wp-json\/wp\/v2\/pages"}],"about":[{"href":"https:\/\/www.villemipubid.ee\/bayern\/wp-json\/wp\/v2\/types\/page"}],"author":[{"embeddable":true,"href":"https:\/\/www.villemipubid.ee\/bayern\/wp-json\/wp\/v2\/users\/1"}],"replies":[{"embeddable":true,"href":"https:\/\/www.villemipubid.ee\/bayern\/wp-json\/wp\/v2\/comments?post=11"}],"version-history":[{"count":4,"href":"https:\/\/www.villemipubid.ee\/bayern\/wp-json\/wp\/v2\/pages\/11\/revisions"}],"predecessor-version":[{"id":331,"href":"https:\/\/www.villemipubid.ee\/bayern\/wp-json\/wp\/v2\/pages\/11\/revisions\/331"}],"wp:featuredmedia":[{"embeddable":true,"href":"https:\/\/www.villemipubid.ee\/bayern\/wp-json\/wp\/v2\/media\/1254"}],"wp:attachment":[{"href":"https:\/\/www.villemipubid.ee\/bayern\/wp-json\/wp\/v2\/media?parent=11"}],"curies":[{"name":"wp","href":"https:\/\/api.w.org\/{rel}","templated":true}]}}